{"id":15390,"date":"2017-11-15T05:50:42","date_gmt":"2017-11-15T04:50:42","guid":{"rendered":"https:\/\/praxisschaefer.designwerk-kussmaul.de\/contact-us\/"},"modified":"2024-03-27T10:11:59","modified_gmt":"2024-03-27T09:11:59","slug":"contact-us","status":"publish","type":"page","link":"https:\/\/praxisschaefer.de\/en\/contact-us\/","title":{"rendered":"Contact us"},"content":{"rendered":"<div class=\"wpb-content-wrapper\"><p>[vc_row css=&#8221;.vc_custom_1694383198960{margin-bottom: 50px !important;}&#8221;][vc_column width=&#8221;1\/2&#8243;][vc_hoverbox image=&#8221;13704&#8243; primary_title=&#8221;Contact | Existing patients&#8221; primary_title_font_container=&#8221;color:%23ffffff&#8221; primary_title_use_theme_fonts=&#8221;yes&#8221; hover_title=&#8221;Contact | Existing patients&#8221; hover_title_font_container=&#8221;color:%238da6d6&#8243; hover_title_use_theme_fonts=&#8221;yes&#8221; shape=&#8221;square&#8221; hover_background_color=&#8221;white&#8221; hover_btn_title=&#8221;To the contact form&#8221; hover_btn_style=&#8221;outline-custom&#8221; hover_btn_outline_custom_color=&#8221;#8da6d6&#8243; hover_btn_outline_custom_hover_background=&#8221;#444444&#8243; hover_btn_outline_custom_hover_text=&#8221;#ffffff&#8221; hover_btn_shape=&#8221;square&#8221; hover_btn_align=&#8221;center&#8221; hover_btn_i_align=&#8221;right&#8221; hover_btn_i_type=&#8221;typicons&#8221; hover_btn_i_icon_typicons=&#8221;typcn typcn-chevron-right&#8221; css_animation=&#8221;fadeIn&#8221; use_custom_fonts_primary_title=&#8221;true&#8221; use_custom_fonts_hover_title=&#8221;true&#8221; hover_add_button=&#8221;true&#8221; hover_btn_add_icon=&#8221;true&#8221; primary_title_link=&#8221;url:https%3A%2F%2Fshare.praxisschaefer.de%2Findex.php%2Fapps%2Fforms%2Fs%2FmpiMykMqq99kxTqZRnNCRDrB|title:To%20the%20contact%20form|target:%20_blank|&#8221; hover_title_link=&#8221;url:https%3A%2F%2Fshare.praxisschaefer.de%2Findex.php%2Fapps%2Fforms%2Fs%2FmpiMykMqq99kxTqZRnNCRDrB|title:To%20the%20contact%20form|target:%20_blank|&#8221; hover_btn_link=&#8221;url:https%3A%2F%2Fshare.praxisschaefer.de%2Findex.php%2Fapps%2Fforms%2Fs%2FmpiMykMqq99kxTqZRnNCRDrB|title:To%20the%20contact%20form|target:%20_blank|&#8221;]You are already a patient in our practice and would like to send us a secure message[\/vc_hoverbox][\/vc_column][vc_column width=&#8221;1\/2&#8243;][vc_hoverbox image=&#8221;13380&#8243; primary_title=&#8221;Contact | New patients&#8221; primary_title_font_container=&#8221;color:%23ffffff&#8221; primary_title_use_theme_fonts=&#8221;yes&#8221; hover_title=&#8221;Contact | New patients&#8221; hover_title_font_container=&#8221;color:%238da6d6&#8243; hover_title_use_theme_fonts=&#8221;yes&#8221; shape=&#8221;square&#8221; hover_background_color=&#8221;white&#8221; hover_btn_title=&#8221;To the contact form&#8221; hover_btn_style=&#8221;outline-custom&#8221; hover_btn_outline_custom_color=&#8221;#8da6d6&#8243; hover_btn_outline_custom_hover_background=&#8221;#444444&#8243; hover_btn_outline_custom_hover_text=&#8221;#ffffff&#8221; hover_btn_shape=&#8221;square&#8221; hover_btn_align=&#8221;center&#8221; hover_btn_i_align=&#8221;right&#8221; hover_btn_i_type=&#8221;typicons&#8221; hover_btn_i_icon_typicons=&#8221;typcn typcn-chevron-right&#8221; css_animation=&#8221;fadeIn&#8221; use_custom_fonts_primary_title=&#8221;true&#8221; use_custom_fonts_hover_title=&#8221;true&#8221; hover_add_button=&#8221;true&#8221; hover_btn_add_icon=&#8221;true&#8221; primary_title_link=&#8221;url:https%3A%2F%2Fshare.praxisschaefer.de%2Findex.php%2Fapps%2Fforms%2Fs%2FYjEgorS7ZgnxKdxitmX6qcLr|title:To%20the%20contact%20form|target:%20_blank|&#8221; hover_title_link=&#8221;url:https%3A%2F%2Fshare.praxisschaefer.de%2Findex.php%2Fapps%2Fforms%2Fs%2FYjEgorS7ZgnxKdxitmX6qcLr|title:To%20the%20contact%20form|target:%20_blank|&#8221; hover_btn_link=&#8221;url:https%3A%2F%2Fshare.praxisschaefer.de%2Findex.php%2Fapps%2Fforms%2Fs%2FYjEgorS7ZgnxKdxitmX6qcLr|title:To%20the%20contact%20form|target:%20_blank|&#8221;]You are not yet a patient in our practice and would like to send us a secure message[\/vc_hoverbox][\/vc_column][\/vc_row][vc_row][vc_column width=&#8221;2\/3&#8243;]<div id=\"1516442820953-82372c7b-90aa\" class=\"dt-sc-empty-space\"><\/div><div class='dt-sc-title script-with-sub-title aligncenter'><h5><\/h5><h3>Contact us<\/h3><\/div>[vc_column_text]You would like to send us an unprotected message by e-mail. Please make sure that no personal data is transmitted here.[\/vc_column_text]<div id=\"1694383226091-13542d0d-24a6\" class=\"dt-sc-empty-space\"><\/div>\n<div class=\"wpcf7 no-js\" id=\"wpcf7-f15348-o1\" lang=\"en-US\" dir=\"ltr\">\n<div class=\"screen-reader-response\"><p role=\"status\" aria-live=\"polite\" aria-atomic=\"true\"><\/p> <ul><\/ul><\/div>\n<form action=\"\/en\/wp-json\/wp\/v2\/pages\/15390#wpcf7-f15348-o1\" method=\"post\" class=\"wpcf7-form init attorney-contact-form\" aria-label=\"Contact form\" novalidate=\"novalidate\" data-status=\"init\">\n<div style=\"display: none;\">\n<input type=\"hidden\" name=\"_wpcf7\" value=\"15348\" \/>\n<input type=\"hidden\" name=\"_wpcf7_version\" value=\"5.9.3\" \/>\n<input type=\"hidden\" name=\"_wpcf7_locale\" value=\"en_US\" \/>\n<input type=\"hidden\" name=\"_wpcf7_unit_tag\" value=\"wpcf7-f15348-o1\" \/>\n<input type=\"hidden\" name=\"_wpcf7_container_post\" value=\"0\" \/>\n<input type=\"hidden\" name=\"_wpcf7_posted_data_hash\" value=\"\" \/>\n<\/div>\n<p>[vc_row][vc_column width=\"1\/3\"]<span class=\"wpcf7-form-control-wrap\" data-name=\"anrede\"><select class=\"wpcf7-form-control wpcf7-select wpcf7-validates-as-required\" aria-required=\"true\" aria-invalid=\"false\" name=\"anrede\"><option value=\"\">&#8212;Please choose an option&#8212;<\/option><option value=\"Divers\">Divers<\/option><option value=\"Mister\">Mister<\/option><option value=\"Misses\">Misses<\/option><\/select><\/span>[\/vc_column][vc_column width=\"1\/3\"]<span class=\"wpcf7-form-control-wrap\" data-name=\"vorname\"><input size=\"40\" class=\"wpcf7-form-control wpcf7-text wpcf7-validates-as-required\" aria-required=\"true\" aria-invalid=\"false\" placeholder=\"First name *\" value=\"\" type=\"text\" name=\"vorname\" \/><\/span>[\/vc_column][vc_column width=\"1\/3\"]<span class=\"wpcf7-form-control-wrap\" data-name=\"nachname\"><input size=\"40\" class=\"wpcf7-form-control wpcf7-text wpcf7-validates-as-required\" aria-required=\"true\" aria-invalid=\"false\" placeholder=\"Surname *\" value=\"\" type=\"text\" name=\"nachname\" \/><\/span>[\/vc_column]\n<\/p>\n<div class='dt-sc-clear '> <\/div><div class='dt-sc-hr-invisible-xsmall '> <\/div><div class='dt-sc-clear '> <\/div>[vc_column width=\"1\/2\"]<span class=\"wpcf7-form-control-wrap\" data-name=\"email\"><input size=\"40\" class=\"wpcf7-form-control wpcf7-email wpcf7-validates-as-required wpcf7-text wpcf7-validates-as-email\" aria-required=\"true\" aria-invalid=\"false\" placeholder=\"E-Mail *\" value=\"\" type=\"email\" name=\"email\" \/><\/span>[\/vc_column][vc_column width=\"1\/2\"]<span class=\"wpcf7-form-control-wrap\" data-name=\"telefon\"><input size=\"40\" class=\"wpcf7-form-control wpcf7-text wpcf7-validates-as-required\" aria-required=\"true\" aria-invalid=\"false\" placeholder=\"Telephone number *\" value=\"\" type=\"text\" name=\"telefon\" \/><\/span>[\/vc_column]\n<\/p>\n<div class='dt-sc-clear '> <\/div><div class='dt-sc-hr-invisible-xsmall '> <\/div><div class='dt-sc-clear '> <\/div>[vc_column width=\"2\/2\"]<span class=\"wpcf7-form-control-wrap\" data-name=\"betreff\"><input size=\"40\" class=\"wpcf7-form-control wpcf7-text wpcf7-validates-as-required\" aria-required=\"true\" aria-invalid=\"false\" placeholder=\"I am contacting you because: *\" value=\"\" type=\"text\" name=\"betreff\" \/><\/span>[\/vc_column]<div class='dt-sc-clear '> <\/div><div class='dt-sc-hr-invisible-xsmall '> <\/div><div class='dt-sc-clear '> <\/div>[vc_column]<span class=\"wpcf7-form-control-wrap\" data-name=\"textarea-220\"><textarea cols=\"40\" rows=\"10\" class=\"wpcf7-form-control wpcf7-textarea wpcf7-validates-as-required\" aria-required=\"true\" aria-invalid=\"false\" placeholder=\"Message*\" name=\"textarea-220\"><\/textarea><\/span>[\/vc_column]<div class='dt-sc-hr-invisible-xsmall '> <\/div>[vc_column]<input class=\"wpcf7-form-control wpcf7-submit has-spinner\" type=\"submit\" value=\"Transmit\" \/>[\/vc_column]<br \/>\n<div class='dt-sc-clear '> <\/div><div class='dt-sc-hr-invisible-xsmall '> <\/div><div class='dt-sc-clear '> <\/div><br \/>\n<span class=\"wpcf7-form-control-wrap\" data-name=\"acceptance-661\"><span class=\"wpcf7-form-control wpcf7-acceptance\"><span class=\"wpcf7-list-item\"><label><input type=\"checkbox\" name=\"acceptance-661\" value=\"1\" aria-invalid=\"false\" \/><span class=\"wpcf7-list-item-label\"><font size=\"2\">Yes, I have read the <a href=\"\/data-protection\" target=\"_blank\">privacy policy<\/a> and agree that the data I have provided may be collected and stored electronically. My data will only be used strictly for the purpose of processing and answering my request. By submitting the contact form, I agree to the processing of my data.<\/font><\/span><\/label><\/span><\/span><\/span>\n<\/p>\n<p>Fields marked with * are mandatory.\n<\/p>\n<p>[\/vc_row]\n<\/p><input type=\"hidden\" id=\"ct_checkjs_cf7_b7b16ecf8ca53723593894116071700c\" name=\"ct_checkjs_cf7\" value=\"0\" \/><script >setTimeout(function(){var ct_input_name = \"ct_checkjs_cf7_b7b16ecf8ca53723593894116071700c\";if (document.getElementById(ct_input_name) !== null) {var ct_input_value = document.getElementById(ct_input_name).value;document.getElementById(ct_input_name).value = document.getElementById(ct_input_name).value.replace(ct_input_value, '16ef087e77e9cde79b3648be765ed9730122c12b9a9ea61c282f057856ac3639');}}, 1000);<\/script><label class=\"apbct_special_field\" id=\"apbct_label_id81324\" for=\"apbct__email_id__wp_contact_form_7_81324\">81324<\/label><input \n        id=\"apbct__email_id__wp_contact_form_7_81324\" \n        class=\"apbct_special_field apbct__email_id__wp_contact_form_7\"\n        autocomplete=\"off\" \n        name=\"apbct__email_id__wp_contact_form_7_81324\"  \n        type=\"text\" \n        value=\"81324\" \n        size=\"30\" \n        apbct_event_id=\"81324\"\n        maxlength=\"200\" \n    \/><input \n        id=\"apbct_event_id\"\n        class=\"apbct_special_field\"\n        name=\"apbct_event_id\"\n        type=\"hidden\" \n        value=\"81324\" \n            \/><div class=\"wpcf7-response-output\" aria-hidden=\"true\"><\/div>\n<\/form>\n<\/div>\n[\/vc_column][vc_column width=&#8221;1\/3&#8243;]<div class='dt-sc-contact-info type8 '><p style=\"text-align: center;\"><strong>Dipl.-Psych. Sabine Sch\u00e4fer<\/strong><\/p>\n<p style=\"text-align: center;\">Tobelwasenweg 10<\/p>\n<p style=\"text-align: center;\">73235 Weilheim<\/p>\n<p style=\"text-align: center;\"><strong>Phone:<\/strong> +49 7023 950313<\/p>\n<p style=\"text-align: center;\"><strong>Fax:<\/strong> +49 7023 950360<\/p>\n<p style=\"text-align: center;\"><a href=\"mailto:sekretariat@praxisschaefer.de\">sekretariat@praxisschaefer.de<\/a><\/p>\n<p>&nbsp;<\/p>\n<p style=\"text-align: center;\"><strong>Availability by telephone:<\/strong><\/p>\n<p style=\"text-align: center;\">Tuesday 11:00 am &#8211; 01:00 pm<\/p>\n<p style=\"text-align: center;\">Friday\u00a0 08:00 am &#8211; 10:00 am<\/p><\/div>[\/vc_column][\/vc_row][vc_row full_width=&#8221;stretch_row_content&#8221; disable_element=&#8221;yes&#8221;][vc_column el_class=&#8221;rs_col-sm-12&#8243;]<div id=\"1516768511020-8638c485-7b66\" class=\"dt-sc-empty-space\"><\/div><div id=\"responsive_map-2098356482\" class=\"responsive-map\" style=\"height:475px;width:100%;\"><\/div>\t\t<script type=\"text\/javascript\">\r\n\t\t\tjQuery(document).ready(function($){\r\n\r\n\t\t\t\tvar mapdiv = jQuery(\"#responsive_map-2098356482\");\r\n\t\t\t\tmapdiv.gMap({\r\n\t\t\t\t\tmaptype: google.maps.MapTypeId.ROADMAP,\r\n\t\t\t\t\tzoom: 12,\r\n\t\t\t\t\tlatitude: null,\r\n\t\t\t\t\tlongitude: null,\r\n\t\t\t\t\tstreetViewControl:true,\r\n\t\t\t\t\tmapTypeControl:true,\r\n\t\t\t\t\tzoomControl:true,\r\n\t\t\t\t\tscaleControl:true,\r\n\t\t\t\t\tscrollwheel:true,\r\n\t\t\t\t\tdraggable:true,\r\n\t\t\t\t\tstyles:[{\"stylers\":[{\"featureType\":\"all\"}]}],\r\n\t\t\t\t\tmarkers: [{flat: true,key:\"1\",latitude:\"48.62151919999999\",longitude:\"9.547178799999983\",popup:true,html:\"Praxis f\u00fcr Psychotherapie <br>Dipl.-Psych. Sabine Sch\u00e4fer\",icon: { image:\"\" }}],\r\n\t\t\t\t\tpanControl: true,\r\n\t\t\t\t\toverviewMapControl:true,\r\n\t\t\t\t});\r\n\t\t\t});\r\n\t\t<\/script>[vc_gmaps link=&#8221;#E-8_JTNDaWZyYW1lJTIwc3JjJTNEJTIyaHR0cHMlM0ElMkYlMkZ3d3cuZ29vZ2xlLmNvbSUyRm1hcHMlMkZlbWJlZCUzRnBiJTNEJTIxMW0xOCUyMTFtMTIlMjExbTMlMjExZDYzMDQuODI5OTg2MTMxMjcxJTIxMmQtMTIyLjQ3NDY5NjgwMzMwOTIlMjEzZDM3LjgwMzc0NzUyMTYwNDQzJTIxMm0zJTIxMWYwJTIxMmYwJTIxM2YwJTIxM20yJTIxMWkxMDI0JTIxMmk3NjglMjE0ZjEzLjElMjEzbTMlMjExbTIlMjExczB4ODA4NTg2ZTYzMDI2MTVhMSUyNTNBMHg4NmJkMTMwMjUxNzU3YzAwJTIxMnNTdG9yZXklMkJBdmUlMjUyQyUyQlNhbiUyQkZyYW5jaXNjbyUyNTJDJTJCQ0ElMkI5NDEyOSUyMTVlMCUyMTNtMiUyMTFzZW4lMjEyc3VzJTIxNHYxNDM1ODI2NDMyMDUxJTIyJTIwd2lkdGglM0QlMjI2MDAlMjIlMjBoZWlnaHQlM0QlMjI0NTAlMjIlMjBmcmFtZWJvcmRlciUzRCUyMjAlMjIlMjBzdHlsZSUzRCUyMmJvcmRlciUzQTAlMjIlMjBhbGxvd2Z1bGxzY3JlZW4lM0QlMjIlMjIlM0UlM0MlMkZpZnJhbWUlM0U=&#8221;][\/vc_column][\/vc_row][vc_row full_width=&#8221;stretch_row_content&#8221;][vc_column el_class=&#8221;rs_col-sm-12&#8243;]<div id=\"1695582577867-7596f2c5-2c1f\" class=\"dt-sc-empty-space\"><\/div>[vc_gmaps link=&#8221;#E-8_JTNDaWZyYW1lJTIwc3JjJTNEJTIyaHR0cHMlM0ElMkYlMkZ3d3cuZ29vZ2xlLmNvbSUyRm1hcHMlMkZlbWJlZCUzRnBiJTNEJTIxMW0xOCUyMTFtMTIlMjExbTMlMjExZDI2MzcuMzg1MDQ0MjA1NzE2NCUyMTJkOS41NDIyODkwOTI0OTYzOTMlMjEzZDQ4LjYyMTYxMzQ0MzM0OTg1JTIxMm0zJTIxMWYwJTIxMmYwJTIxM2YwJTIxM20yJTIxMWkxMDI0JTIxMmk3NjglMjE0ZjEzLjElMjEzbTMlMjExbTIlMjExczB4NDc5OTk4MjExNGEyN2ZiNSUyNTNBMHhjMzYwZDMzOWRlYjkyZjVkJTIxMnNQcmF4aXMlMjUyMGYlMjVDMyUyNUJDciUyNTIwUHN5Y2hvdGhlcmFwaWUlMjUyMERpcGwuLVBzeWNoLiUyNTIwU2FiaW5lJTI1MjBTY2glMjVDMyUyNUE0ZmVyJTIxNWUwJTIxM20yJTIxMXNkZSUyMTJzZGUlMjE0djE2OTU1ODI2MzQ5MzclMjE1bTIlMjExc2RlJTIxMnNkZSUyMiUyMHdpZHRoJTNEJTIyMzAwMCUyMiUyMGhlaWdodCUzRCUyMjYwMCUyMiUyMHN0eWxlJTNEJTIyYm9yZGVyJTNBMCUzQiUyMiUyMGFsbG93ZnVsbHNjcmVlbiUzRCUyMiUyMiUyMGxvYWRpbmclM0QlMjJsYXp5JTIyJTIwcmVmZXJyZXJwb2xpY3klM0QlMjJuby1yZWZlcnJlci13aGVuLWRvd25ncmFkZSUyMiUzRSUzQyUyRmlmcmFtZSUzRQ==&#8221;][\/vc_column][\/vc_row]<\/p>\n<\/div>","protected":false},"excerpt":{"rendered":"<p>[vc_row css=&#8221;.vc_custom_1694383198960{margin-bottom: 50px !important;}&#8221;][vc_column width=&#8221;1\/2&#8243;][vc_hoverbox image=&#8221;13704&#8243; primary_title=&#8221;Contact | Existing patients&#8221; primary_title_font_container=&#8221;color:%23ffffff&#8221; primary_title_use_theme_fonts=&#8221;yes&#8221; hover_title=&#8221;Contact | Existing patients&#8221; hover_title_font_container=&#8221;color:%238da6d6&#8243; hover_title_use_theme_fonts=&#8221;yes&#8221; shape=&#8221;square&#8221; hover_background_color=&#8221;white&#8221; hover_btn_title=&#8221;To the contact form&#8221; hover_btn_style=&#8221;outline-custom&#8221; hover_btn_outline_custom_color=&#8221;#8da6d6&#8243; hover_btn_outline_custom_hover_background=&#8221;#444444&#8243; hover_btn_outline_custom_hover_text=&#8221;#ffffff&#8221; hover_btn_shape=&#8221;square&#8221; hover_btn_align=&#8221;center&#8221; hover_btn_i_align=&#8221;right&#8221; hover_btn_i_type=&#8221;typicons&#8221; hover_btn_i_icon_typicons=&#8221;typcn typcn-chevron-right&#8221; css_animation=&#8221;fadeIn&#8221; use_custom_fonts_primary_title=&#8221;true&#8221; use_custom_fonts_hover_title=&#8221;true&#8221; hover_add_button=&#8221;true&#8221; hover_btn_add_icon=&#8221;true&#8221; primary_title_link=&#8221;url:https%3A%2F%2Fshare.praxisschaefer.de%2Findex.php%2Fapps%2Fforms%2Fs%2FmpiMykMqq99kxTqZRnNCRDrB|title:To%20the%20contact%20form|target:%20_blank|&#8221; hover_title_link=&#8221;url:https%3A%2F%2Fshare.praxisschaefer.de%2Findex.php%2Fapps%2Fforms%2Fs%2FmpiMykMqq99kxTqZRnNCRDrB|title:To%20the%20contact%20form|target:%20_blank|&#8221; hover_btn_link=&#8221;url:https%3A%2F%2Fshare.praxisschaefer.de%2Findex.php%2Fapps%2Fforms%2Fs%2FmpiMykMqq99kxTqZRnNCRDrB|title:To%20the%20contact%20form|target:%20_blank|&#8221;]You are already a patient in our practice and would like to send us [&hellip;]<\/p>\n","protected":false},"author":1,"featured_media":0,"parent":0,"menu_order":73,"comment_status":"closed","ping_status":"closed","template":"","meta":{"_acf_changed":false,"footnotes":""},"class_list":["post-15390","page","type-page","status-publish","hentry"],"acf":[],"yoast_head":"<!-- This site is optimized with the Yoast SEO Premium plugin v22.4 (Yoast SEO v22.4) - https:\/\/yoast.com\/wordpress\/plugins\/seo\/ -->\n<title>Contact us - Sabine Sch\u00e4fer<\/title>\n<meta name=\"robots\" content=\"index, follow, max-snippet:-1, max-image-preview:large, max-video-preview:-1\" \/>\n<link rel=\"canonical\" href=\"https:\/\/praxisschaefer.de\/en\/contact-us\/\" \/>\n<meta property=\"og:locale\" content=\"en_US\" \/>\n<meta property=\"og:type\" content=\"article\" \/>\n<meta property=\"og:title\" content=\"Contact us\" \/>\n<meta property=\"og:description\" content=\"[vc_row css=&#8221;.vc_custom_1694383198960{margin-bottom: 50px !important;}&#8221;][vc_column width=&#8221;1\/2&#8243;][vc_hoverbox image=&#8221;13704&#8243; primary_title=&#8221;Contact | Existing patients&#8221; primary_title_font_container=&#8221;color:%23ffffff&#8221; primary_title_use_theme_fonts=&#8221;yes&#8221; hover_title=&#8221;Contact | Existing patients&#8221; hover_title_font_container=&#8221;color:%238da6d6&#8243; hover_title_use_theme_fonts=&#8221;yes&#8221; shape=&#8221;square&#8221; hover_background_color=&#8221;white&#8221; hover_btn_title=&#8221;To the contact form&#8221; hover_btn_style=&#8221;outline-custom&#8221; hover_btn_outline_custom_color=&#8221;#8da6d6&#8243; hover_btn_outline_custom_hover_background=&#8221;#444444&#8243; hover_btn_outline_custom_hover_text=&#8221;#ffffff&#8221; hover_btn_shape=&#8221;square&#8221; hover_btn_align=&#8221;center&#8221; hover_btn_i_align=&#8221;right&#8221; hover_btn_i_type=&#8221;typicons&#8221; hover_btn_i_icon_typicons=&#8221;typcn typcn-chevron-right&#8221; css_animation=&#8221;fadeIn&#8221; use_custom_fonts_primary_title=&#8221;true&#8221; use_custom_fonts_hover_title=&#8221;true&#8221; hover_add_button=&#8221;true&#8221; hover_btn_add_icon=&#8221;true&#8221; primary_title_link=&#8221;url:https%3A%2F%2Fshare.praxisschaefer.de%2Findex.php%2Fapps%2Fforms%2Fs%2FmpiMykMqq99kxTqZRnNCRDrB|title:To%20the%20contact%20form|target:%20_blank|&#8221; hover_title_link=&#8221;url:https%3A%2F%2Fshare.praxisschaefer.de%2Findex.php%2Fapps%2Fforms%2Fs%2FmpiMykMqq99kxTqZRnNCRDrB|title:To%20the%20contact%20form|target:%20_blank|&#8221; hover_btn_link=&#8221;url:https%3A%2F%2Fshare.praxisschaefer.de%2Findex.php%2Fapps%2Fforms%2Fs%2FmpiMykMqq99kxTqZRnNCRDrB|title:To%20the%20contact%20form|target:%20_blank|&#8221;]You are already a patient in our practice and would like to send us [&hellip;]\" \/>\n<meta property=\"og:url\" content=\"https:\/\/praxisschaefer.de\/en\/contact-us\/\" \/>\n<meta property=\"og:site_name\" content=\"Sabine Sch\u00e4fer\" \/>\n<meta property=\"article:modified_time\" content=\"2024-03-27T09:11:59+00:00\" \/>\n<meta name=\"twitter:card\" content=\"summary_large_image\" \/>\n<meta name=\"twitter:label1\" content=\"Est. reading time\" \/>\n\t<meta name=\"twitter:data1\" content=\"4 minutes\" \/>\n<script type=\"application\/ld+json\" class=\"yoast-schema-graph\">{\"@context\":\"https:\/\/schema.org\",\"@graph\":[{\"@type\":\"WebPage\",\"@id\":\"https:\/\/praxisschaefer.de\/en\/contact-us\/\",\"url\":\"https:\/\/praxisschaefer.de\/en\/contact-us\/\",\"name\":\"Contact us - Sabine Sch\u00e4fer\",\"isPartOf\":{\"@id\":\"https:\/\/praxisschaefer.de\/#website\"},\"datePublished\":\"2017-11-15T04:50:42+00:00\",\"dateModified\":\"2024-03-27T09:11:59+00:00\",\"breadcrumb\":{\"@id\":\"https:\/\/praxisschaefer.de\/en\/contact-us\/#breadcrumb\"},\"inLanguage\":\"en-US\",\"potentialAction\":[{\"@type\":\"ReadAction\",\"target\":[\"https:\/\/praxisschaefer.de\/en\/contact-us\/\"]}]},{\"@type\":\"BreadcrumbList\",\"@id\":\"https:\/\/praxisschaefer.de\/en\/contact-us\/#breadcrumb\",\"itemListElement\":[{\"@type\":\"ListItem\",\"position\":1,\"name\":\"Startseite\",\"item\":\"https:\/\/praxisschaefer.de\/en\/\"},{\"@type\":\"ListItem\",\"position\":2,\"name\":\"Contact us\"}]},{\"@type\":\"WebSite\",\"@id\":\"https:\/\/praxisschaefer.de\/#website\",\"url\":\"https:\/\/praxisschaefer.de\/\",\"name\":\"Praxis f\u00fcr Psychotherapie Dipl.-Psych. Sabine Sch\u00e4fer\",\"description\":\"Praxis f\u00fcr Psychotherapie\",\"publisher\":{\"@id\":\"https:\/\/praxisschaefer.de\/#organization\"},\"potentialAction\":[{\"@type\":\"SearchAction\",\"target\":{\"@type\":\"EntryPoint\",\"urlTemplate\":\"https:\/\/praxisschaefer.de\/?s={search_term_string}\"},\"query-input\":\"required name=search_term_string\"}],\"inLanguage\":\"en-US\"},{\"@type\":\"Organization\",\"@id\":\"https:\/\/praxisschaefer.de\/#organization\",\"name\":\"Praxis f\u00fcr Psychotherapie Dipl.-Psych. Sabine Sch\u00e4fer\",\"url\":\"https:\/\/praxisschaefer.de\/\",\"logo\":{\"@type\":\"ImageObject\",\"inLanguage\":\"en-US\",\"@id\":\"https:\/\/praxisschaefer.de\/#\/schema\/logo\/image\/\",\"url\":\"https:\/\/praxisschaefer.de\/wp-content\/uploads\/2024\/01\/praxis-schaefer-team-sabine-schaefer-neu.jpg\",\"contentUrl\":\"https:\/\/praxisschaefer.de\/wp-content\/uploads\/2024\/01\/praxis-schaefer-team-sabine-schaefer-neu.jpg\",\"width\":1000,\"height\":1000,\"caption\":\"Praxis f\u00fcr Psychotherapie Dipl.-Psych. Sabine Sch\u00e4fer\"},\"image\":{\"@id\":\"https:\/\/praxisschaefer.de\/#\/schema\/logo\/image\/\"}}]}<\/script>\n<!-- \/ Yoast SEO Premium plugin. -->","yoast_head_json":{"title":"Contact us - Sabine Sch\u00e4fer","robots":{"index":"index","follow":"follow","max-snippet":"max-snippet:-1","max-image-preview":"max-image-preview:large","max-video-preview":"max-video-preview:-1"},"canonical":"https:\/\/praxisschaefer.de\/en\/contact-us\/","og_locale":"en_US","og_type":"article","og_title":"Contact us","og_description":"[vc_row css=&#8221;.vc_custom_1694383198960{margin-bottom: 50px !important;}&#8221;][vc_column width=&#8221;1\/2&#8243;][vc_hoverbox image=&#8221;13704&#8243; primary_title=&#8221;Contact | Existing patients&#8221; primary_title_font_container=&#8221;color:%23ffffff&#8221; primary_title_use_theme_fonts=&#8221;yes&#8221; hover_title=&#8221;Contact | Existing patients&#8221; hover_title_font_container=&#8221;color:%238da6d6&#8243; hover_title_use_theme_fonts=&#8221;yes&#8221; shape=&#8221;square&#8221; hover_background_color=&#8221;white&#8221; hover_btn_title=&#8221;To the contact form&#8221; hover_btn_style=&#8221;outline-custom&#8221; hover_btn_outline_custom_color=&#8221;#8da6d6&#8243; hover_btn_outline_custom_hover_background=&#8221;#444444&#8243; hover_btn_outline_custom_hover_text=&#8221;#ffffff&#8221; hover_btn_shape=&#8221;square&#8221; hover_btn_align=&#8221;center&#8221; hover_btn_i_align=&#8221;right&#8221; hover_btn_i_type=&#8221;typicons&#8221; hover_btn_i_icon_typicons=&#8221;typcn typcn-chevron-right&#8221; css_animation=&#8221;fadeIn&#8221; use_custom_fonts_primary_title=&#8221;true&#8221; use_custom_fonts_hover_title=&#8221;true&#8221; hover_add_button=&#8221;true&#8221; hover_btn_add_icon=&#8221;true&#8221; primary_title_link=&#8221;url:https%3A%2F%2Fshare.praxisschaefer.de%2Findex.php%2Fapps%2Fforms%2Fs%2FmpiMykMqq99kxTqZRnNCRDrB|title:To%20the%20contact%20form|target:%20_blank|&#8221; hover_title_link=&#8221;url:https%3A%2F%2Fshare.praxisschaefer.de%2Findex.php%2Fapps%2Fforms%2Fs%2FmpiMykMqq99kxTqZRnNCRDrB|title:To%20the%20contact%20form|target:%20_blank|&#8221; hover_btn_link=&#8221;url:https%3A%2F%2Fshare.praxisschaefer.de%2Findex.php%2Fapps%2Fforms%2Fs%2FmpiMykMqq99kxTqZRnNCRDrB|title:To%20the%20contact%20form|target:%20_blank|&#8221;]You are already a patient in our practice and would like to send us [&hellip;]","og_url":"https:\/\/praxisschaefer.de\/en\/contact-us\/","og_site_name":"Sabine Sch\u00e4fer","article_modified_time":"2024-03-27T09:11:59+00:00","twitter_card":"summary_large_image","twitter_misc":{"Est. reading time":"4 minutes"},"schema":{"@context":"https:\/\/schema.org","@graph":[{"@type":"WebPage","@id":"https:\/\/praxisschaefer.de\/en\/contact-us\/","url":"https:\/\/praxisschaefer.de\/en\/contact-us\/","name":"Contact us - Sabine Sch\u00e4fer","isPartOf":{"@id":"https:\/\/praxisschaefer.de\/#website"},"datePublished":"2017-11-15T04:50:42+00:00","dateModified":"2024-03-27T09:11:59+00:00","breadcrumb":{"@id":"https:\/\/praxisschaefer.de\/en\/contact-us\/#breadcrumb"},"inLanguage":"en-US","potentialAction":[{"@type":"ReadAction","target":["https:\/\/praxisschaefer.de\/en\/contact-us\/"]}]},{"@type":"BreadcrumbList","@id":"https:\/\/praxisschaefer.de\/en\/contact-us\/#breadcrumb","itemListElement":[{"@type":"ListItem","position":1,"name":"Startseite","item":"https:\/\/praxisschaefer.de\/en\/"},{"@type":"ListItem","position":2,"name":"Contact us"}]},{"@type":"WebSite","@id":"https:\/\/praxisschaefer.de\/#website","url":"https:\/\/praxisschaefer.de\/","name":"Praxis f\u00fcr Psychotherapie Dipl.-Psych. Sabine Sch\u00e4fer","description":"Praxis f\u00fcr Psychotherapie","publisher":{"@id":"https:\/\/praxisschaefer.de\/#organization"},"potentialAction":[{"@type":"SearchAction","target":{"@type":"EntryPoint","urlTemplate":"https:\/\/praxisschaefer.de\/?s={search_term_string}"},"query-input":"required name=search_term_string"}],"inLanguage":"en-US"},{"@type":"Organization","@id":"https:\/\/praxisschaefer.de\/#organization","name":"Praxis f\u00fcr Psychotherapie Dipl.-Psych. Sabine Sch\u00e4fer","url":"https:\/\/praxisschaefer.de\/","logo":{"@type":"ImageObject","inLanguage":"en-US","@id":"https:\/\/praxisschaefer.de\/#\/schema\/logo\/image\/","url":"https:\/\/praxisschaefer.de\/wp-content\/uploads\/2024\/01\/praxis-schaefer-team-sabine-schaefer-neu.jpg","contentUrl":"https:\/\/praxisschaefer.de\/wp-content\/uploads\/2024\/01\/praxis-schaefer-team-sabine-schaefer-neu.jpg","width":1000,"height":1000,"caption":"Praxis f\u00fcr Psychotherapie Dipl.-Psych. Sabine Sch\u00e4fer"},"image":{"@id":"https:\/\/praxisschaefer.de\/#\/schema\/logo\/image\/"}}]}},"_links":{"self":[{"href":"https:\/\/praxisschaefer.de\/en\/wp-json\/wp\/v2\/pages\/15390","targetHints":{"allow":["GET"]}}],"collection":[{"href":"https:\/\/praxisschaefer.de\/en\/wp-json\/wp\/v2\/pages"}],"about":[{"href":"https:\/\/praxisschaefer.de\/en\/wp-json\/wp\/v2\/types\/page"}],"author":[{"embeddable":true,"href":"https:\/\/praxisschaefer.de\/en\/wp-json\/wp\/v2\/users\/1"}],"replies":[{"embeddable":true,"href":"https:\/\/praxisschaefer.de\/en\/wp-json\/wp\/v2\/comments?post=15390"}],"version-history":[{"count":11,"href":"https:\/\/praxisschaefer.de\/en\/wp-json\/wp\/v2\/pages\/15390\/revisions"}],"predecessor-version":[{"id":15774,"href":"https:\/\/praxisschaefer.de\/en\/wp-json\/wp\/v2\/pages\/15390\/revisions\/15774"}],"wp:attachment":[{"href":"https:\/\/praxisschaefer.de\/en\/wp-json\/wp\/v2\/media?parent=15390"}],"curies":[{"name":"wp","href":"https:\/\/api.w.org\/{rel}","templated":true}]}}