{"id":15388,"date":"2018-11-27T11:32:10","date_gmt":"2018-11-27T10:32:10","guid":{"rendered":"https:\/\/praxisschaefer.designwerk-kussmaul.de\/practice-flyer\/"},"modified":"2024-04-03T18:20:29","modified_gmt":"2024-04-03T16:20:29","slug":"practice-flyer","status":"publish","type":"page","link":"https:\/\/praxisschaefer.de\/en\/practice-flyer\/","title":{"rendered":"Practice flyer"},"content":{"rendered":"<div class=\"wpb-content-wrapper\"><p>[vc_row][vc_column el_align=&#8221;center&#8221;]<div id=\"1543322517669-839f426c-b8f2\" class=\"dt-sc-empty-space\"><\/div><div class='dt-sc-title script-with-sub-title '><h2><\/h2><h3>Practice flyer<\/h3><\/div>[vc_column_text]Here you can view and download flyers (german language) on the various services offered by our practice:[\/vc_column_text]<div id=\"1543322648260-e79ac58e-6352\" class=\"dt-sc-empty-space\"><\/div>[\/vc_column][\/vc_row][vc_row][vc_column el_align=&#8221;center&#8221; width=&#8221;1\/3&#8243;][vc_column_text]<\/p>\n<h6><span style=\"color: #8da6d6; text-transform: uppercase;\">Practice flyer for psychotherapy<\/span><\/h6>\n<p>[\/vc_column_text][vc_single_image image=&#8221;15823&#8243; img_size=&#8221;full&#8221; alignment=&#8221;center&#8221; onclick=&#8221;custom_link&#8221; img_link_target=&#8221;_blank&#8221; link=&#8221;https:\/\/praxisschaefer.de\/wp-content\/uploads\/2024\/04\/RZ_Praxisflyer-0124-Psychotherapie-EN.pdf&#8221;][\/vc_column][vc_column el_align=&#8221;center&#8221; width=&#8221;1\/3&#8243;][vc_column_text]<\/p>\n<h6><span style=\"color: #8da6d6; text-transform: uppercase;\">Practice flyer on supervision<\/span><\/h6>\n<p>[\/vc_column_text][vc_single_image image=&#8221;15821&#8243; img_size=&#8221;full&#8221; alignment=&#8221;center&#8221; onclick=&#8221;custom_link&#8221; img_link_target=&#8221;_blank&#8221; link=&#8221;https:\/\/praxisschaefer.de\/wp-content\/uploads\/2024\/04\/RZ_Praxisflyer-0124-Supervision-EN.pdf&#8221;][\/vc_column][vc_column el_align=&#8221;center&#8221; width=&#8221;1\/3&#8243;][vc_column_text]<\/p>\n<h6><span style=\"color: #8da6d6; text-transform: uppercase;\">Practice flyer on traffic therapy<\/span><\/h6>\n<p>[\/vc_column_text][vc_single_image image=&#8221;15825&#8243; img_size=&#8221;full&#8221; alignment=&#8221;center&#8221; onclick=&#8221;custom_link&#8221; img_link_target=&#8221;_blank&#8221; link=&#8221;https:\/\/praxisschaefer.de\/wp-content\/uploads\/2024\/04\/RZ_Praxisflyer-0124-Verkehrspsychotherapie-EN.pdf&#8221;][\/vc_column][\/vc_row][vc_row][vc_column]<div id=\"1543391703330-b8a9b0fb-da75\" class=\"dt-sc-empty-space\"><\/div>[\/vc_column][\/vc_row]<\/p>\n<\/div>","protected":false},"excerpt":{"rendered":"<p>[vc_row][vc_column el_align=&#8221;center&#8221;][vc_column_text]Here you can view and download flyers (german language) on the various services offered by our practice:[\/vc_column_text][\/vc_column][\/vc_row][vc_row][vc_column el_align=&#8221;center&#8221; width=&#8221;1\/3&#8243;][vc_column_text] Practice flyer for psychotherapy [\/vc_column_text][vc_single_image image=&#8221;15823&#8243; img_size=&#8221;full&#8221; alignment=&#8221;center&#8221; onclick=&#8221;custom_link&#8221; img_link_target=&#8221;_blank&#8221; link=&#8221;https:\/\/praxisschaefer.de\/wp-content\/uploads\/2024\/04\/RZ_Praxisflyer-0124-Psychotherapie-EN.pdf&#8221;][\/vc_column][vc_column el_align=&#8221;center&#8221; width=&#8221;1\/3&#8243;][vc_column_text] Practice flyer on supervision [\/vc_column_text][vc_single_image image=&#8221;15821&#8243; img_size=&#8221;full&#8221; alignment=&#8221;center&#8221; onclick=&#8221;custom_link&#8221; img_link_target=&#8221;_blank&#8221; link=&#8221;https:\/\/praxisschaefer.de\/wp-content\/uploads\/2024\/04\/RZ_Praxisflyer-0124-Supervision-EN.pdf&#8221;][\/vc_column][vc_column el_align=&#8221;center&#8221; width=&#8221;1\/3&#8243;][vc_column_text] Practice flyer on traffic therapy [\/vc_column_text][vc_single_image image=&#8221;15825&#8243; img_size=&#8221;full&#8221; alignment=&#8221;center&#8221; [&hellip;]<\/p>\n","protected":false},"author":1,"featured_media":0,"parent":0,"menu_order":94,"comment_status":"closed","ping_status":"closed","template":"","meta":{"_acf_changed":false,"footnotes":""},"class_list":["post-15388","page","type-page","status-publish","hentry"],"acf":[],"yoast_head":"<!-- This site is optimized with the Yoast SEO Premium plugin v22.4 (Yoast SEO v22.4) - https:\/\/yoast.com\/wordpress\/plugins\/seo\/ -->\n<title>Practice flyer - Sabine Sch\u00e4fer<\/title>\n<meta name=\"robots\" content=\"index, follow, max-snippet:-1, max-image-preview:large, max-video-preview:-1\" \/>\n<link rel=\"canonical\" href=\"https:\/\/praxisschaefer.de\/en\/practice-flyer\/\" \/>\n<meta property=\"og:locale\" content=\"en_US\" \/>\n<meta property=\"og:type\" content=\"article\" \/>\n<meta property=\"og:title\" content=\"Practice flyer\" \/>\n<meta property=\"og:description\" content=\"[vc_row][vc_column el_align=&#8221;center&#8221;][vc_column_text]Here you can view and download flyers (german language) on the various services offered by our practice:[\/vc_column_text][\/vc_column][\/vc_row][vc_row][vc_column el_align=&#8221;center&#8221; width=&#8221;1\/3&#8243;][vc_column_text] Practice flyer for psychotherapy [\/vc_column_text][vc_single_image image=&#8221;15823&#8243; img_size=&#8221;full&#8221; alignment=&#8221;center&#8221; onclick=&#8221;custom_link&#8221; img_link_target=&#8221;_blank&#8221; link=&#8221;https:\/\/praxisschaefer.de\/wp-content\/uploads\/2024\/04\/RZ_Praxisflyer-0124-Psychotherapie-EN.pdf&#8221;][\/vc_column][vc_column el_align=&#8221;center&#8221; width=&#8221;1\/3&#8243;][vc_column_text] Practice flyer on supervision [\/vc_column_text][vc_single_image image=&#8221;15821&#8243; img_size=&#8221;full&#8221; alignment=&#8221;center&#8221; onclick=&#8221;custom_link&#8221; img_link_target=&#8221;_blank&#8221; link=&#8221;https:\/\/praxisschaefer.de\/wp-content\/uploads\/2024\/04\/RZ_Praxisflyer-0124-Supervision-EN.pdf&#8221;][\/vc_column][vc_column el_align=&#8221;center&#8221; width=&#8221;1\/3&#8243;][vc_column_text] Practice flyer on traffic therapy [\/vc_column_text][vc_single_image image=&#8221;15825&#8243; img_size=&#8221;full&#8221; alignment=&#8221;center&#8221; [&hellip;]\" \/>\n<meta property=\"og:url\" content=\"https:\/\/praxisschaefer.de\/en\/practice-flyer\/\" \/>\n<meta property=\"og:site_name\" content=\"Sabine Sch\u00e4fer\" \/>\n<meta property=\"article:modified_time\" content=\"2024-04-03T16:20:29+00:00\" \/>\n<meta name=\"twitter:card\" content=\"summary_large_image\" \/>\n<meta name=\"twitter:label1\" content=\"Est. reading time\" \/>\n\t<meta name=\"twitter:data1\" content=\"1 minute\" \/>\n<script type=\"application\/ld+json\" class=\"yoast-schema-graph\">{\"@context\":\"https:\/\/schema.org\",\"@graph\":[{\"@type\":\"WebPage\",\"@id\":\"https:\/\/praxisschaefer.de\/en\/practice-flyer\/\",\"url\":\"https:\/\/praxisschaefer.de\/en\/practice-flyer\/\",\"name\":\"Practice flyer - Sabine Sch\u00e4fer\",\"isPartOf\":{\"@id\":\"https:\/\/praxisschaefer.de\/#website\"},\"datePublished\":\"2018-11-27T10:32:10+00:00\",\"dateModified\":\"2024-04-03T16:20:29+00:00\",\"breadcrumb\":{\"@id\":\"https:\/\/praxisschaefer.de\/en\/practice-flyer\/#breadcrumb\"},\"inLanguage\":\"en-US\",\"potentialAction\":[{\"@type\":\"ReadAction\",\"target\":[\"https:\/\/praxisschaefer.de\/en\/practice-flyer\/\"]}]},{\"@type\":\"BreadcrumbList\",\"@id\":\"https:\/\/praxisschaefer.de\/en\/practice-flyer\/#breadcrumb\",\"itemListElement\":[{\"@type\":\"ListItem\",\"position\":1,\"name\":\"Startseite\",\"item\":\"https:\/\/praxisschaefer.de\/en\/\"},{\"@type\":\"ListItem\",\"position\":2,\"name\":\"Practice flyer\"}]},{\"@type\":\"WebSite\",\"@id\":\"https:\/\/praxisschaefer.de\/#website\",\"url\":\"https:\/\/praxisschaefer.de\/\",\"name\":\"Praxis f\u00fcr Psychotherapie Dipl.-Psych. Sabine Sch\u00e4fer\",\"description\":\"Praxis f\u00fcr Psychotherapie\",\"publisher\":{\"@id\":\"https:\/\/praxisschaefer.de\/#organization\"},\"potentialAction\":[{\"@type\":\"SearchAction\",\"target\":{\"@type\":\"EntryPoint\",\"urlTemplate\":\"https:\/\/praxisschaefer.de\/?s={search_term_string}\"},\"query-input\":\"required name=search_term_string\"}],\"inLanguage\":\"en-US\"},{\"@type\":\"Organization\",\"@id\":\"https:\/\/praxisschaefer.de\/#organization\",\"name\":\"Praxis f\u00fcr Psychotherapie Dipl.-Psych. Sabine Sch\u00e4fer\",\"url\":\"https:\/\/praxisschaefer.de\/\",\"logo\":{\"@type\":\"ImageObject\",\"inLanguage\":\"en-US\",\"@id\":\"https:\/\/praxisschaefer.de\/#\/schema\/logo\/image\/\",\"url\":\"https:\/\/praxisschaefer.de\/wp-content\/uploads\/2024\/01\/praxis-schaefer-team-sabine-schaefer-neu.jpg\",\"contentUrl\":\"https:\/\/praxisschaefer.de\/wp-content\/uploads\/2024\/01\/praxis-schaefer-team-sabine-schaefer-neu.jpg\",\"width\":1000,\"height\":1000,\"caption\":\"Praxis f\u00fcr Psychotherapie Dipl.-Psych. Sabine Sch\u00e4fer\"},\"image\":{\"@id\":\"https:\/\/praxisschaefer.de\/#\/schema\/logo\/image\/\"}}]}<\/script>\n<!-- \/ Yoast SEO Premium plugin. -->","yoast_head_json":{"title":"Practice flyer - Sabine Sch\u00e4fer","robots":{"index":"index","follow":"follow","max-snippet":"max-snippet:-1","max-image-preview":"max-image-preview:large","max-video-preview":"max-video-preview:-1"},"canonical":"https:\/\/praxisschaefer.de\/en\/practice-flyer\/","og_locale":"en_US","og_type":"article","og_title":"Practice flyer","og_description":"[vc_row][vc_column el_align=&#8221;center&#8221;][vc_column_text]Here you can view and download flyers (german language) on the various services offered by our practice:[\/vc_column_text][\/vc_column][\/vc_row][vc_row][vc_column el_align=&#8221;center&#8221; width=&#8221;1\/3&#8243;][vc_column_text] Practice flyer for psychotherapy [\/vc_column_text][vc_single_image image=&#8221;15823&#8243; img_size=&#8221;full&#8221; alignment=&#8221;center&#8221; onclick=&#8221;custom_link&#8221; img_link_target=&#8221;_blank&#8221; link=&#8221;https:\/\/praxisschaefer.de\/wp-content\/uploads\/2024\/04\/RZ_Praxisflyer-0124-Psychotherapie-EN.pdf&#8221;][\/vc_column][vc_column el_align=&#8221;center&#8221; width=&#8221;1\/3&#8243;][vc_column_text] Practice flyer on supervision [\/vc_column_text][vc_single_image image=&#8221;15821&#8243; img_size=&#8221;full&#8221; alignment=&#8221;center&#8221; onclick=&#8221;custom_link&#8221; img_link_target=&#8221;_blank&#8221; link=&#8221;https:\/\/praxisschaefer.de\/wp-content\/uploads\/2024\/04\/RZ_Praxisflyer-0124-Supervision-EN.pdf&#8221;][\/vc_column][vc_column el_align=&#8221;center&#8221; width=&#8221;1\/3&#8243;][vc_column_text] Practice flyer on traffic therapy [\/vc_column_text][vc_single_image image=&#8221;15825&#8243; img_size=&#8221;full&#8221; alignment=&#8221;center&#8221; [&hellip;]","og_url":"https:\/\/praxisschaefer.de\/en\/practice-flyer\/","og_site_name":"Sabine Sch\u00e4fer","article_modified_time":"2024-04-03T16:20:29+00:00","twitter_card":"summary_large_image","twitter_misc":{"Est. reading time":"1 minute"},"schema":{"@context":"https:\/\/schema.org","@graph":[{"@type":"WebPage","@id":"https:\/\/praxisschaefer.de\/en\/practice-flyer\/","url":"https:\/\/praxisschaefer.de\/en\/practice-flyer\/","name":"Practice flyer - Sabine Sch\u00e4fer","isPartOf":{"@id":"https:\/\/praxisschaefer.de\/#website"},"datePublished":"2018-11-27T10:32:10+00:00","dateModified":"2024-04-03T16:20:29+00:00","breadcrumb":{"@id":"https:\/\/praxisschaefer.de\/en\/practice-flyer\/#breadcrumb"},"inLanguage":"en-US","potentialAction":[{"@type":"ReadAction","target":["https:\/\/praxisschaefer.de\/en\/practice-flyer\/"]}]},{"@type":"BreadcrumbList","@id":"https:\/\/praxisschaefer.de\/en\/practice-flyer\/#breadcrumb","itemListElement":[{"@type":"ListItem","position":1,"name":"Startseite","item":"https:\/\/praxisschaefer.de\/en\/"},{"@type":"ListItem","position":2,"name":"Practice flyer"}]},{"@type":"WebSite","@id":"https:\/\/praxisschaefer.de\/#website","url":"https:\/\/praxisschaefer.de\/","name":"Praxis f\u00fcr Psychotherapie Dipl.-Psych. Sabine Sch\u00e4fer","description":"Praxis f\u00fcr Psychotherapie","publisher":{"@id":"https:\/\/praxisschaefer.de\/#organization"},"potentialAction":[{"@type":"SearchAction","target":{"@type":"EntryPoint","urlTemplate":"https:\/\/praxisschaefer.de\/?s={search_term_string}"},"query-input":"required name=search_term_string"}],"inLanguage":"en-US"},{"@type":"Organization","@id":"https:\/\/praxisschaefer.de\/#organization","name":"Praxis f\u00fcr Psychotherapie Dipl.-Psych. Sabine Sch\u00e4fer","url":"https:\/\/praxisschaefer.de\/","logo":{"@type":"ImageObject","inLanguage":"en-US","@id":"https:\/\/praxisschaefer.de\/#\/schema\/logo\/image\/","url":"https:\/\/praxisschaefer.de\/wp-content\/uploads\/2024\/01\/praxis-schaefer-team-sabine-schaefer-neu.jpg","contentUrl":"https:\/\/praxisschaefer.de\/wp-content\/uploads\/2024\/01\/praxis-schaefer-team-sabine-schaefer-neu.jpg","width":1000,"height":1000,"caption":"Praxis f\u00fcr Psychotherapie Dipl.-Psych. Sabine Sch\u00e4fer"},"image":{"@id":"https:\/\/praxisschaefer.de\/#\/schema\/logo\/image\/"}}]}},"_links":{"self":[{"href":"https:\/\/praxisschaefer.de\/en\/wp-json\/wp\/v2\/pages\/15388","targetHints":{"allow":["GET"]}}],"collection":[{"href":"https:\/\/praxisschaefer.de\/en\/wp-json\/wp\/v2\/pages"}],"about":[{"href":"https:\/\/praxisschaefer.de\/en\/wp-json\/wp\/v2\/types\/page"}],"author":[{"embeddable":true,"href":"https:\/\/praxisschaefer.de\/en\/wp-json\/wp\/v2\/users\/1"}],"replies":[{"embeddable":true,"href":"https:\/\/praxisschaefer.de\/en\/wp-json\/wp\/v2\/comments?post=15388"}],"version-history":[{"count":4,"href":"https:\/\/praxisschaefer.de\/en\/wp-json\/wp\/v2\/pages\/15388\/revisions"}],"predecessor-version":[{"id":15833,"href":"https:\/\/praxisschaefer.de\/en\/wp-json\/wp\/v2\/pages\/15388\/revisions\/15833"}],"wp:attachment":[{"href":"https:\/\/praxisschaefer.de\/en\/wp-json\/wp\/v2\/media?parent=15388"}],"curies":[{"name":"wp","href":"https:\/\/api.w.org\/{rel}","templated":true}]}}