{"id":15379,"date":"2018-11-28T08:37:29","date_gmt":"2018-11-28T07:37:29","guid":{"rendered":"https:\/\/praxisschaefer.designwerk-kussmaul.de\/imprint\/"},"modified":"2024-01-08T14:29:51","modified_gmt":"2024-01-08T13:29:51","slug":"imprint","status":"publish","type":"page","link":"https:\/\/praxisschaefer.de\/en\/imprint\/","title":{"rendered":"Imprint"},"content":{"rendered":"<div class=\"wpb-content-wrapper\"><p>[vc_row][vc_column][vc_column_text]<strong>Publisher\/V.i.S.d.P.:<\/strong><\/p>\n<p>Dipl.-Psych Sabine Sch\u00e4fer<\/p>\n<p>Tobelwasenweg 10; 73235 Weilheim\/Teck<\/p>\n<p>Phone: +497023950313; Fax: +497023950360<\/p>\n<p>Email: <a href=\"mailto:sekretariat@praxisschaefer.de\">sekretariat@praxisschaefer.de<\/a><\/p>\n<p>Internet: <a href=\"http:\/\/www.praxisschaefer.de\">www.praxisschaefer.de<\/a><\/p>\n<p>&nbsp;<\/p>\n<p><strong>Copyright \u00a9 Sabine Sch\u00e4fer, Weilheim September 2023<\/strong><\/p>\n<p>This homepage is protected by copyright. Reprints and other reproductions &#8211; including excerpts &#8211; are only permitted with the prior written consent of Sabine Sch\u00e4fer.<\/p>\n<p><strong> <\/strong><\/p>\n<p><strong>Legal job title:<\/strong><\/p>\n<p><em>Psychological psychotherapist<\/em>, awarded in the Federal Republic of Germany by the Baden-W\u00fcrttemberg Ministry of Social Affairs<\/p>\n<p>&nbsp;<\/p>\n<p><strong>Associated supervisory authorities:<\/strong><\/p>\n<p>State Chamber of Psychotherapists<\/p>\n<p>J\u00e4gerstr. 40, 70174 Stuttgart<\/p>\n<p>Tel: +49 711 674470-0<\/p>\n<p>E-mail: <a href=\"mailto:info@lpk-bw.de\">info@lpk-bw.de<\/a><\/p>\n<p>Internet: <a href=\"http:\/\/www.lpk-bw.de\">www.lpk-bw.de<\/a><\/p>\n<p>&nbsp;<\/p>\n<p>Baden-W\u00fcrttemberg Association of Statutory Health Insurance Physicians<\/p>\n<p>Albstadtweg 11<\/p>\n<p>70567 Stuttgart<\/p>\n<p>Phone: +49 711 7875-0<\/p>\n<p>Fax: +49 711 7875-3274<\/p>\n<p>E-mail: <a href=\"mailto:info@kvbawue.de\">info@kvbawue.de<\/a><\/p>\n<p>Internet: <a href=\"http:\/\/www.kvbawue.de\">www.kvbawue.de<\/a><\/p>\n<p>&nbsp;<\/p>\n<p>&nbsp;<\/p>\n<p><strong>Professional regulations:<\/strong><\/p>\n<ol>\n<li>Professional code of conduct of the Baden-W\u00fcrttemberg Chamber of Psychotherapists: <a href=\"https:\/\/www.lpk-bw.de\/sites\/default\/files\/kammer\/satzungen\/berufsordnung-lpk-bw.pdf\">https:\/\/www.lpk-bw.de\/sites\/default\/files\/kammer\/satzungen\/berufsordnung-lpk-bw.pdf<\/a><\/li>\n<li>Psychotherapists Act: <a href=\"https:\/\/www.lpk-bw.de\/kammer\/die-gesetzlichen-grundlagen-der-landespsychotherapeutenkammer\">https:\/\/www.lpk-bw.de\/kammer\/die-gesetzlichen-grundlagen-der-landespsychotherapeutenkammer<\/a><\/li>\n<\/ol>\n<p>&nbsp;<\/p>\n<p>We endeavor to provide correct and complete information on this website, but accept no liability or guarantee for the topicality, correctness and completeness of the information provided on this website. This also applies in particular to all links to which this website refers directly or indirectly. No responsibility is assumed for the content of a page reached via such a link. We reserve the right to make changes or additions to the information provided at any time and without prior notice.[\/vc_column_text][\/vc_column][\/vc_row]<\/p>\n<\/div>","protected":false},"excerpt":{"rendered":"<p>[vc_row][vc_column][vc_column_text]Publisher\/V.i.S.d.P.: Dipl.-Psych Sabine Sch\u00e4fer Tobelwasenweg 10; 73235 Weilheim\/Teck Phone: +497023950313; Fax: +497023950360 Email: sekretariat@praxisschaefer.de Internet: www.praxisschaefer.de &nbsp; Copyright \u00a9 Sabine Sch\u00e4fer, Weilheim September 2023 This homepage is protected by copyright. Reprints and other reproductions &#8211; including excerpts &#8211; are only permitted with the prior written consent of Sabine Sch\u00e4fer. Legal job title: Psychological psychotherapist, awarded [&hellip;]<\/p>\n","protected":false},"author":1,"featured_media":0,"parent":0,"menu_order":70,"comment_status":"closed","ping_status":"closed","template":"","meta":{"_acf_changed":false,"footnotes":""},"class_list":["post-15379","page","type-page","status-publish","hentry"],"acf":[],"yoast_head":"<!-- This site is optimized with the Yoast SEO Premium plugin v22.4 (Yoast SEO v22.4) - https:\/\/yoast.com\/wordpress\/plugins\/seo\/ -->\n<title>Imprint - Sabine Sch\u00e4fer<\/title>\n<meta name=\"robots\" content=\"index, follow, max-snippet:-1, max-image-preview:large, max-video-preview:-1\" \/>\n<link rel=\"canonical\" href=\"https:\/\/praxisschaefer.de\/impressum\/\" \/>\n<meta property=\"og:locale\" content=\"en_US\" \/>\n<meta property=\"og:type\" content=\"article\" \/>\n<meta property=\"og:title\" content=\"Imprint\" \/>\n<meta property=\"og:description\" content=\"[vc_row][vc_column][vc_column_text]Publisher\/V.i.S.d.P.: Dipl.-Psych Sabine Sch\u00e4fer Tobelwasenweg 10; 73235 Weilheim\/Teck Phone: +497023950313; Fax: +497023950360 Email: sekretariat@praxisschaefer.de Internet: www.praxisschaefer.de &nbsp; Copyright \u00a9 Sabine Sch\u00e4fer, Weilheim September 2023 This homepage is protected by copyright. Reprints and other reproductions &#8211; including excerpts &#8211; are only permitted with the prior written consent of Sabine Sch\u00e4fer. Legal job title: Psychological psychotherapist, awarded [&hellip;]\" \/>\n<meta property=\"og:url\" content=\"https:\/\/praxisschaefer.de\/impressum\/\" \/>\n<meta property=\"og:site_name\" content=\"Sabine Sch\u00e4fer\" \/>\n<meta property=\"article:modified_time\" content=\"2024-01-08T13:29:51+00:00\" \/>\n<meta name=\"twitter:card\" content=\"summary_large_image\" \/>\n<meta name=\"twitter:label1\" content=\"Est. reading time\" \/>\n\t<meta name=\"twitter:data1\" content=\"1 minute\" \/>\n<script type=\"application\/ld+json\" class=\"yoast-schema-graph\">{\"@context\":\"https:\/\/schema.org\",\"@graph\":[{\"@type\":\"WebPage\",\"@id\":\"https:\/\/praxisschaefer.de\/impressum\/\",\"url\":\"https:\/\/praxisschaefer.de\/impressum\/\",\"name\":\"Imprint - Sabine Sch\u00e4fer\",\"isPartOf\":{\"@id\":\"https:\/\/praxisschaefer.de\/#website\"},\"datePublished\":\"2018-11-28T07:37:29+00:00\",\"dateModified\":\"2024-01-08T13:29:51+00:00\",\"breadcrumb\":{\"@id\":\"https:\/\/praxisschaefer.de\/impressum\/#breadcrumb\"},\"inLanguage\":\"en-US\",\"potentialAction\":[{\"@type\":\"ReadAction\",\"target\":[\"https:\/\/praxisschaefer.de\/impressum\/\"]}]},{\"@type\":\"BreadcrumbList\",\"@id\":\"https:\/\/praxisschaefer.de\/impressum\/#breadcrumb\",\"itemListElement\":[{\"@type\":\"ListItem\",\"position\":1,\"name\":\"Startseite\",\"item\":\"https:\/\/praxisschaefer.de\/en\/\"},{\"@type\":\"ListItem\",\"position\":2,\"name\":\"Imprint\"}]},{\"@type\":\"WebSite\",\"@id\":\"https:\/\/praxisschaefer.de\/#website\",\"url\":\"https:\/\/praxisschaefer.de\/\",\"name\":\"Praxis f\u00fcr Psychotherapie Dipl.-Psych. Sabine Sch\u00e4fer\",\"description\":\"Praxis f\u00fcr Psychotherapie\",\"publisher\":{\"@id\":\"https:\/\/praxisschaefer.de\/#organization\"},\"potentialAction\":[{\"@type\":\"SearchAction\",\"target\":{\"@type\":\"EntryPoint\",\"urlTemplate\":\"https:\/\/praxisschaefer.de\/?s={search_term_string}\"},\"query-input\":\"required name=search_term_string\"}],\"inLanguage\":\"en-US\"},{\"@type\":\"Organization\",\"@id\":\"https:\/\/praxisschaefer.de\/#organization\",\"name\":\"Praxis f\u00fcr Psychotherapie Dipl.-Psych. Sabine Sch\u00e4fer\",\"url\":\"https:\/\/praxisschaefer.de\/\",\"logo\":{\"@type\":\"ImageObject\",\"inLanguage\":\"en-US\",\"@id\":\"https:\/\/praxisschaefer.de\/#\/schema\/logo\/image\/\",\"url\":\"https:\/\/praxisschaefer.de\/wp-content\/uploads\/2024\/01\/praxis-schaefer-team-sabine-schaefer-neu.jpg\",\"contentUrl\":\"https:\/\/praxisschaefer.de\/wp-content\/uploads\/2024\/01\/praxis-schaefer-team-sabine-schaefer-neu.jpg\",\"width\":1000,\"height\":1000,\"caption\":\"Praxis f\u00fcr Psychotherapie Dipl.-Psych. Sabine Sch\u00e4fer\"},\"image\":{\"@id\":\"https:\/\/praxisschaefer.de\/#\/schema\/logo\/image\/\"}}]}<\/script>\n<!-- \/ Yoast SEO Premium plugin. -->","yoast_head_json":{"title":"Imprint - Sabine Sch\u00e4fer","robots":{"index":"index","follow":"follow","max-snippet":"max-snippet:-1","max-image-preview":"max-image-preview:large","max-video-preview":"max-video-preview:-1"},"canonical":"https:\/\/praxisschaefer.de\/impressum\/","og_locale":"en_US","og_type":"article","og_title":"Imprint","og_description":"[vc_row][vc_column][vc_column_text]Publisher\/V.i.S.d.P.: Dipl.-Psych Sabine Sch\u00e4fer Tobelwasenweg 10; 73235 Weilheim\/Teck Phone: +497023950313; Fax: +497023950360 Email: sekretariat@praxisschaefer.de Internet: www.praxisschaefer.de &nbsp; Copyright \u00a9 Sabine Sch\u00e4fer, Weilheim September 2023 This homepage is protected by copyright. Reprints and other reproductions &#8211; including excerpts &#8211; are only permitted with the prior written consent of Sabine Sch\u00e4fer. Legal job title: Psychological psychotherapist, awarded [&hellip;]","og_url":"https:\/\/praxisschaefer.de\/impressum\/","og_site_name":"Sabine Sch\u00e4fer","article_modified_time":"2024-01-08T13:29:51+00:00","twitter_card":"summary_large_image","twitter_misc":{"Est. reading time":"1 minute"},"schema":{"@context":"https:\/\/schema.org","@graph":[{"@type":"WebPage","@id":"https:\/\/praxisschaefer.de\/impressum\/","url":"https:\/\/praxisschaefer.de\/impressum\/","name":"Imprint - Sabine Sch\u00e4fer","isPartOf":{"@id":"https:\/\/praxisschaefer.de\/#website"},"datePublished":"2018-11-28T07:37:29+00:00","dateModified":"2024-01-08T13:29:51+00:00","breadcrumb":{"@id":"https:\/\/praxisschaefer.de\/impressum\/#breadcrumb"},"inLanguage":"en-US","potentialAction":[{"@type":"ReadAction","target":["https:\/\/praxisschaefer.de\/impressum\/"]}]},{"@type":"BreadcrumbList","@id":"https:\/\/praxisschaefer.de\/impressum\/#breadcrumb","itemListElement":[{"@type":"ListItem","position":1,"name":"Startseite","item":"https:\/\/praxisschaefer.de\/en\/"},{"@type":"ListItem","position":2,"name":"Imprint"}]},{"@type":"WebSite","@id":"https:\/\/praxisschaefer.de\/#website","url":"https:\/\/praxisschaefer.de\/","name":"Praxis f\u00fcr Psychotherapie Dipl.-Psych. Sabine Sch\u00e4fer","description":"Praxis f\u00fcr Psychotherapie","publisher":{"@id":"https:\/\/praxisschaefer.de\/#organization"},"potentialAction":[{"@type":"SearchAction","target":{"@type":"EntryPoint","urlTemplate":"https:\/\/praxisschaefer.de\/?s={search_term_string}"},"query-input":"required name=search_term_string"}],"inLanguage":"en-US"},{"@type":"Organization","@id":"https:\/\/praxisschaefer.de\/#organization","name":"Praxis f\u00fcr Psychotherapie Dipl.-Psych. Sabine Sch\u00e4fer","url":"https:\/\/praxisschaefer.de\/","logo":{"@type":"ImageObject","inLanguage":"en-US","@id":"https:\/\/praxisschaefer.de\/#\/schema\/logo\/image\/","url":"https:\/\/praxisschaefer.de\/wp-content\/uploads\/2024\/01\/praxis-schaefer-team-sabine-schaefer-neu.jpg","contentUrl":"https:\/\/praxisschaefer.de\/wp-content\/uploads\/2024\/01\/praxis-schaefer-team-sabine-schaefer-neu.jpg","width":1000,"height":1000,"caption":"Praxis f\u00fcr Psychotherapie Dipl.-Psych. Sabine Sch\u00e4fer"},"image":{"@id":"https:\/\/praxisschaefer.de\/#\/schema\/logo\/image\/"}}]}},"_links":{"self":[{"href":"https:\/\/praxisschaefer.de\/en\/wp-json\/wp\/v2\/pages\/15379","targetHints":{"allow":["GET"]}}],"collection":[{"href":"https:\/\/praxisschaefer.de\/en\/wp-json\/wp\/v2\/pages"}],"about":[{"href":"https:\/\/praxisschaefer.de\/en\/wp-json\/wp\/v2\/types\/page"}],"author":[{"embeddable":true,"href":"https:\/\/praxisschaefer.de\/en\/wp-json\/wp\/v2\/users\/1"}],"replies":[{"embeddable":true,"href":"https:\/\/praxisschaefer.de\/en\/wp-json\/wp\/v2\/comments?post=15379"}],"version-history":[{"count":1,"href":"https:\/\/praxisschaefer.de\/en\/wp-json\/wp\/v2\/pages\/15379\/revisions"}],"predecessor-version":[{"id":15383,"href":"https:\/\/praxisschaefer.de\/en\/wp-json\/wp\/v2\/pages\/15379\/revisions\/15383"}],"wp:attachment":[{"href":"https:\/\/praxisschaefer.de\/en\/wp-json\/wp\/v2\/media?parent=15379"}],"curies":[{"name":"wp","href":"https:\/\/api.w.org\/{rel}","templated":true}]}}