{"id":15355,"date":"2020-02-21T15:12:40","date_gmt":"2020-02-21T14:12:40","guid":{"rendered":"https:\/\/praxisschaefer.designwerk-kussmaul.de\/psychotherapy-for-adults\/diagnoses\/"},"modified":"2024-01-28T14:48:11","modified_gmt":"2024-01-28T13:48:11","slug":"diagnoses","status":"publish","type":"page","link":"https:\/\/praxisschaefer.de\/en\/psychotherapy-for-adults\/diagnoses\/","title":{"rendered":"Diagnoses"},"content":{"rendered":"<div class=\"wpb-content-wrapper\"><p>[vc_row][vc_column el_align=&#8221;center&#8221;]<div id=\"1582292861772-e00ba7a9-d555\" class=\"dt-sc-empty-space\"><\/div><div class='dt-sc-title script-with-sub-title '><h2><\/h2><h3>Diagnoses<\/h3><\/div>[\/vc_column][\/vc_row][vc_row][vc_column][vc_column_text]In our practice we treat &#8211; among others &#8211; the following diseases:<\/p>\n<ul>\n<li>depressive developments (e.g. symptoms such as lack of interest, social withdrawal, mood swings, constant sadness)<\/li>\n<li>Fears (e.g. panic attacks, social anxiety, phobias, performance and failure anxiety, separation anxiety)<\/li>\n<li>Constraints<\/li>\n<li>Acute crisis situations in the private or professional sphere (e.g. meaning and life crises, separation, relationship problems)<\/li>\n<li>Overload and stress reactions, burn-out syndrome, professional problems (e.g. bullying)<\/li>\n<li>Physical illnesses with their biopsychosocial aspects or chronic pain (e.g. cancer, tinnitus, migraines)<\/li>\n<li>Conversion disorders: physical symptoms that can be traced back to unconscious conflicts<\/li>\n<li>Hypochondria: The conviction of suffering from an illness and a morbid interest in health and complaints<\/li>\n<li>Grief reactions<\/li>\n<li>Post-traumatic stress reactions after traumatic experiences<\/li>\n<li>Coping with psychotic illnesses<\/li>\n<li>Addictive disorders<\/li>\n<li>Eating disorders (anorexia, bulimia, obesity)<\/li>\n<li>Self-esteem problems<\/li>\n<li>Sleep disorders<\/li>\n<\/ul>\n<p>[\/vc_column_text][\/vc_column][\/vc_row]<\/p>\n<\/div>","protected":false},"excerpt":{"rendered":"<p>[vc_row][vc_column el_align=&#8221;center&#8221;][\/vc_column][\/vc_row][vc_row][vc_column][vc_column_text]In our practice we treat &#8211; among others &#8211; the following diseases: depressive developments (e.g. symptoms such as lack of interest, social withdrawal, mood swings, constant sadness) Fears (e.g. panic attacks, social anxiety, phobias, performance and failure anxiety, separation anxiety) Constraints Acute crisis situations in the private or professional sphere (e.g. meaning and life [&hellip;]<\/p>\n","protected":false},"author":1,"featured_media":0,"parent":15299,"menu_order":101,"comment_status":"closed","ping_status":"closed","template":"","meta":{"_acf_changed":false,"footnotes":""},"class_list":["post-15355","page","type-page","status-publish","hentry"],"acf":[],"yoast_head":"<!-- This site is optimized with the Yoast SEO Premium plugin v22.4 (Yoast SEO v22.4) - https:\/\/yoast.com\/wordpress\/plugins\/seo\/ -->\n<title>Diagnoses - Sabine Sch\u00e4fer<\/title>\n<meta name=\"robots\" content=\"index, follow, max-snippet:-1, max-image-preview:large, max-video-preview:-1\" \/>\n<link rel=\"canonical\" href=\"https:\/\/praxisschaefer.de\/psychotherapie\/diagnosen\/\" \/>\n<meta property=\"og:locale\" content=\"en_US\" \/>\n<meta property=\"og:type\" content=\"article\" \/>\n<meta property=\"og:title\" content=\"Diagnoses\" \/>\n<meta property=\"og:description\" content=\"[vc_row][vc_column el_align=&#8221;center&#8221;][\/vc_column][\/vc_row][vc_row][vc_column][vc_column_text]In our practice we treat &#8211; among others &#8211; the following diseases: depressive developments (e.g. symptoms such as lack of interest, social withdrawal, mood swings, constant sadness) Fears (e.g. panic attacks, social anxiety, phobias, performance and failure anxiety, separation anxiety) Constraints Acute crisis situations in the private or professional sphere (e.g. meaning and life [&hellip;]\" \/>\n<meta property=\"og:url\" content=\"https:\/\/praxisschaefer.de\/psychotherapie\/diagnosen\/\" \/>\n<meta property=\"og:site_name\" content=\"Sabine Sch\u00e4fer\" \/>\n<meta property=\"article:modified_time\" content=\"2024-01-28T13:48:11+00:00\" \/>\n<meta name=\"twitter:card\" content=\"summary_large_image\" \/>\n<meta name=\"twitter:label1\" content=\"Est. reading time\" \/>\n\t<meta name=\"twitter:data1\" content=\"1 minute\" \/>\n<script type=\"application\/ld+json\" class=\"yoast-schema-graph\">{\"@context\":\"https:\/\/schema.org\",\"@graph\":[{\"@type\":\"WebPage\",\"@id\":\"https:\/\/praxisschaefer.de\/psychotherapie\/diagnosen\/\",\"url\":\"https:\/\/praxisschaefer.de\/psychotherapie\/diagnosen\/\",\"name\":\"Diagnoses - Sabine Sch\u00e4fer\",\"isPartOf\":{\"@id\":\"https:\/\/praxisschaefer.de\/#website\"},\"datePublished\":\"2020-02-21T14:12:40+00:00\",\"dateModified\":\"2024-01-28T13:48:11+00:00\",\"breadcrumb\":{\"@id\":\"https:\/\/praxisschaefer.de\/psychotherapie\/diagnosen\/#breadcrumb\"},\"inLanguage\":\"en-US\",\"potentialAction\":[{\"@type\":\"ReadAction\",\"target\":[\"https:\/\/praxisschaefer.de\/psychotherapie\/diagnosen\/\"]}]},{\"@type\":\"BreadcrumbList\",\"@id\":\"https:\/\/praxisschaefer.de\/psychotherapie\/diagnosen\/#breadcrumb\",\"itemListElement\":[{\"@type\":\"ListItem\",\"position\":1,\"name\":\"Startseite\",\"item\":\"https:\/\/praxisschaefer.de\/en\/\"},{\"@type\":\"ListItem\",\"position\":2,\"name\":\"Psychotherapy for adults\",\"item\":\"https:\/\/praxisschaefer.de\/psychotherapie\/\"},{\"@type\":\"ListItem\",\"position\":3,\"name\":\"Diagnoses\"}]},{\"@type\":\"WebSite\",\"@id\":\"https:\/\/praxisschaefer.de\/#website\",\"url\":\"https:\/\/praxisschaefer.de\/\",\"name\":\"Praxis f\u00fcr Psychotherapie Dipl.-Psych. Sabine Sch\u00e4fer\",\"description\":\"Praxis f\u00fcr Psychotherapie\",\"publisher\":{\"@id\":\"https:\/\/praxisschaefer.de\/#organization\"},\"potentialAction\":[{\"@type\":\"SearchAction\",\"target\":{\"@type\":\"EntryPoint\",\"urlTemplate\":\"https:\/\/praxisschaefer.de\/?s={search_term_string}\"},\"query-input\":\"required name=search_term_string\"}],\"inLanguage\":\"en-US\"},{\"@type\":\"Organization\",\"@id\":\"https:\/\/praxisschaefer.de\/#organization\",\"name\":\"Praxis f\u00fcr Psychotherapie Dipl.-Psych. Sabine Sch\u00e4fer\",\"url\":\"https:\/\/praxisschaefer.de\/\",\"logo\":{\"@type\":\"ImageObject\",\"inLanguage\":\"en-US\",\"@id\":\"https:\/\/praxisschaefer.de\/#\/schema\/logo\/image\/\",\"url\":\"https:\/\/praxisschaefer.de\/wp-content\/uploads\/2024\/01\/praxis-schaefer-team-sabine-schaefer-neu.jpg\",\"contentUrl\":\"https:\/\/praxisschaefer.de\/wp-content\/uploads\/2024\/01\/praxis-schaefer-team-sabine-schaefer-neu.jpg\",\"width\":1000,\"height\":1000,\"caption\":\"Praxis f\u00fcr Psychotherapie Dipl.-Psych. Sabine Sch\u00e4fer\"},\"image\":{\"@id\":\"https:\/\/praxisschaefer.de\/#\/schema\/logo\/image\/\"}}]}<\/script>\n<!-- \/ Yoast SEO Premium plugin. -->","yoast_head_json":{"title":"Diagnoses - Sabine Sch\u00e4fer","robots":{"index":"index","follow":"follow","max-snippet":"max-snippet:-1","max-image-preview":"max-image-preview:large","max-video-preview":"max-video-preview:-1"},"canonical":"https:\/\/praxisschaefer.de\/psychotherapie\/diagnosen\/","og_locale":"en_US","og_type":"article","og_title":"Diagnoses","og_description":"[vc_row][vc_column el_align=&#8221;center&#8221;][\/vc_column][\/vc_row][vc_row][vc_column][vc_column_text]In our practice we treat &#8211; among others &#8211; the following diseases: depressive developments (e.g. symptoms such as lack of interest, social withdrawal, mood swings, constant sadness) Fears (e.g. panic attacks, social anxiety, phobias, performance and failure anxiety, separation anxiety) Constraints Acute crisis situations in the private or professional sphere (e.g. meaning and life [&hellip;]","og_url":"https:\/\/praxisschaefer.de\/psychotherapie\/diagnosen\/","og_site_name":"Sabine Sch\u00e4fer","article_modified_time":"2024-01-28T13:48:11+00:00","twitter_card":"summary_large_image","twitter_misc":{"Est. reading time":"1 minute"},"schema":{"@context":"https:\/\/schema.org","@graph":[{"@type":"WebPage","@id":"https:\/\/praxisschaefer.de\/psychotherapie\/diagnosen\/","url":"https:\/\/praxisschaefer.de\/psychotherapie\/diagnosen\/","name":"Diagnoses - Sabine Sch\u00e4fer","isPartOf":{"@id":"https:\/\/praxisschaefer.de\/#website"},"datePublished":"2020-02-21T14:12:40+00:00","dateModified":"2024-01-28T13:48:11+00:00","breadcrumb":{"@id":"https:\/\/praxisschaefer.de\/psychotherapie\/diagnosen\/#breadcrumb"},"inLanguage":"en-US","potentialAction":[{"@type":"ReadAction","target":["https:\/\/praxisschaefer.de\/psychotherapie\/diagnosen\/"]}]},{"@type":"BreadcrumbList","@id":"https:\/\/praxisschaefer.de\/psychotherapie\/diagnosen\/#breadcrumb","itemListElement":[{"@type":"ListItem","position":1,"name":"Startseite","item":"https:\/\/praxisschaefer.de\/en\/"},{"@type":"ListItem","position":2,"name":"Psychotherapy for adults","item":"https:\/\/praxisschaefer.de\/psychotherapie\/"},{"@type":"ListItem","position":3,"name":"Diagnoses"}]},{"@type":"WebSite","@id":"https:\/\/praxisschaefer.de\/#website","url":"https:\/\/praxisschaefer.de\/","name":"Praxis f\u00fcr Psychotherapie Dipl.-Psych. Sabine Sch\u00e4fer","description":"Praxis f\u00fcr Psychotherapie","publisher":{"@id":"https:\/\/praxisschaefer.de\/#organization"},"potentialAction":[{"@type":"SearchAction","target":{"@type":"EntryPoint","urlTemplate":"https:\/\/praxisschaefer.de\/?s={search_term_string}"},"query-input":"required name=search_term_string"}],"inLanguage":"en-US"},{"@type":"Organization","@id":"https:\/\/praxisschaefer.de\/#organization","name":"Praxis f\u00fcr Psychotherapie Dipl.-Psych. Sabine Sch\u00e4fer","url":"https:\/\/praxisschaefer.de\/","logo":{"@type":"ImageObject","inLanguage":"en-US","@id":"https:\/\/praxisschaefer.de\/#\/schema\/logo\/image\/","url":"https:\/\/praxisschaefer.de\/wp-content\/uploads\/2024\/01\/praxis-schaefer-team-sabine-schaefer-neu.jpg","contentUrl":"https:\/\/praxisschaefer.de\/wp-content\/uploads\/2024\/01\/praxis-schaefer-team-sabine-schaefer-neu.jpg","width":1000,"height":1000,"caption":"Praxis f\u00fcr Psychotherapie Dipl.-Psych. Sabine Sch\u00e4fer"},"image":{"@id":"https:\/\/praxisschaefer.de\/#\/schema\/logo\/image\/"}}]}},"_links":{"self":[{"href":"https:\/\/praxisschaefer.de\/en\/wp-json\/wp\/v2\/pages\/15355","targetHints":{"allow":["GET"]}}],"collection":[{"href":"https:\/\/praxisschaefer.de\/en\/wp-json\/wp\/v2\/pages"}],"about":[{"href":"https:\/\/praxisschaefer.de\/en\/wp-json\/wp\/v2\/types\/page"}],"author":[{"embeddable":true,"href":"https:\/\/praxisschaefer.de\/en\/wp-json\/wp\/v2\/users\/1"}],"replies":[{"embeddable":true,"href":"https:\/\/praxisschaefer.de\/en\/wp-json\/wp\/v2\/comments?post=15355"}],"version-history":[{"count":2,"href":"https:\/\/praxisschaefer.de\/en\/wp-json\/wp\/v2\/pages\/15355\/revisions"}],"predecessor-version":[{"id":15603,"href":"https:\/\/praxisschaefer.de\/en\/wp-json\/wp\/v2\/pages\/15355\/revisions\/15603"}],"up":[{"embeddable":true,"href":"https:\/\/praxisschaefer.de\/en\/wp-json\/wp\/v2\/pages\/15299"}],"wp:attachment":[{"href":"https:\/\/praxisschaefer.de\/en\/wp-json\/wp\/v2\/media?parent=15355"}],"curies":[{"name":"wp","href":"https:\/\/api.w.org\/{rel}","templated":true}]}}