{"id":15349,"date":"2020-02-21T15:42:13","date_gmt":"2020-02-21T14:42:13","guid":{"rendered":"https:\/\/praxisschaefer.designwerk-kussmaul.de\/psychotherapy-for-adults\/psychotherapy-in-old-age\/"},"modified":"2024-02-07T22:07:29","modified_gmt":"2024-02-07T21:07:29","slug":"psychotherapy-in-old-age","status":"publish","type":"page","link":"https:\/\/praxisschaefer.de\/en\/psychotherapy-for-adults\/psychotherapy-in-old-age\/","title":{"rendered":"Psychotherapy for the elderly"},"content":{"rendered":"<div class=\"wpb-content-wrapper\"><p>[vc_row][vc_column el_align=&#8221;center&#8221;]<div id=\"1582292861772-e00ba7a9-d555\" class=\"dt-sc-empty-space\"><\/div><div class='dt-sc-title script-with-sub-title '><h2><\/h2><h3>Psychotherapy for the elderly<\/h3><\/div>[\/vc_column][\/vc_row][vc_row][vc_column][vc_column_text]<strong>It&#8217;s never too late &#8211; no one is &#8220;too old&#8221;<\/strong><\/p>\n<p>The loss of a partner, but also memories of very difficult life events, can lead to psychological stress that lasts a lifetime. Elderly people often think that there is &#8220;nothing left to save at their age anyway&#8221;. However, it is never too late to reorganize your life or to address existing complaints through psychotherapy. Nobody is &#8220;too old&#8221; to change and learn something new for themselves. We would like to encourage you to take care of the health of your soul, even at an advanced age.<\/p>\n<p>You can find more information on &#8220;Psychotherapy for elderly people&#8221; <a href=\"https:\/\/praxisschaefer.de\/wp-content\/uploads\/2018\/02\/Flyer_Psychth.i.Alter_fertig14.08.2012-1.pdf\" target=\"_blank\" rel=\"noopener\">here<\/a> (only in German).<\/p>\n<p>Relatives can find information <a href=\"https:\/\/praxisschaefer.de\/wp-content\/uploads\/2018\/02\/Flyer_fertig-1.pdf\" target=\"_blank\" rel=\"noopener\">here <\/a>(only in German).[\/vc_column_text][\/vc_column][\/vc_row]<\/p>\n<\/div>","protected":false},"excerpt":{"rendered":"<p>[vc_row][vc_column el_align=&#8221;center&#8221;][\/vc_column][\/vc_row][vc_row][vc_column][vc_column_text]It&#8217;s never too late &#8211; no one is &#8220;too old&#8221; The loss of a partner, but also memories of very difficult life events, can lead to psychological stress that lasts a lifetime. Elderly people often think that there is &#8220;nothing left to save at their age anyway&#8221;. However, it is never too late to [&hellip;]<\/p>\n","protected":false},"author":1,"featured_media":0,"parent":15299,"menu_order":102,"comment_status":"closed","ping_status":"closed","template":"","meta":{"_acf_changed":false,"footnotes":""},"class_list":["post-15349","page","type-page","status-publish","hentry"],"acf":[],"yoast_head":"<!-- This site is optimized with the Yoast SEO Premium plugin v22.4 (Yoast SEO v22.4) - https:\/\/yoast.com\/wordpress\/plugins\/seo\/ -->\n<title>Psychotherapy for the elderly - Sabine Sch\u00e4fer<\/title>\n<meta name=\"robots\" content=\"index, follow, max-snippet:-1, max-image-preview:large, max-video-preview:-1\" \/>\n<link rel=\"canonical\" href=\"https:\/\/praxisschaefer.de\/psychotherapie\/psychotherapie-im-hoeheren-lebensalter\/\" \/>\n<meta property=\"og:locale\" content=\"en_US\" \/>\n<meta property=\"og:type\" content=\"article\" \/>\n<meta property=\"og:title\" content=\"Psychotherapy for the elderly\" \/>\n<meta property=\"og:description\" content=\"[vc_row][vc_column el_align=&#8221;center&#8221;][\/vc_column][\/vc_row][vc_row][vc_column][vc_column_text]It&#8217;s never too late &#8211; no one is &#8220;too old&#8221; The loss of a partner, but also memories of very difficult life events, can lead to psychological stress that lasts a lifetime. Elderly people often think that there is &#8220;nothing left to save at their age anyway&#8221;. However, it is never too late to [&hellip;]\" \/>\n<meta property=\"og:url\" content=\"https:\/\/praxisschaefer.de\/psychotherapie\/psychotherapie-im-hoeheren-lebensalter\/\" \/>\n<meta property=\"og:site_name\" content=\"Sabine Sch\u00e4fer\" \/>\n<meta property=\"article:modified_time\" content=\"2024-02-07T21:07:29+00:00\" \/>\n<meta name=\"twitter:card\" content=\"summary_large_image\" \/>\n<meta name=\"twitter:label1\" content=\"Est. reading time\" \/>\n\t<meta name=\"twitter:data1\" content=\"1 minute\" \/>\n<script type=\"application\/ld+json\" class=\"yoast-schema-graph\">{\"@context\":\"https:\/\/schema.org\",\"@graph\":[{\"@type\":\"WebPage\",\"@id\":\"https:\/\/praxisschaefer.de\/psychotherapie\/psychotherapie-im-hoeheren-lebensalter\/\",\"url\":\"https:\/\/praxisschaefer.de\/psychotherapie\/psychotherapie-im-hoeheren-lebensalter\/\",\"name\":\"Psychotherapy for the elderly - Sabine Sch\u00e4fer\",\"isPartOf\":{\"@id\":\"https:\/\/praxisschaefer.de\/#website\"},\"datePublished\":\"2020-02-21T14:42:13+00:00\",\"dateModified\":\"2024-02-07T21:07:29+00:00\",\"breadcrumb\":{\"@id\":\"https:\/\/praxisschaefer.de\/psychotherapie\/psychotherapie-im-hoeheren-lebensalter\/#breadcrumb\"},\"inLanguage\":\"en-US\",\"potentialAction\":[{\"@type\":\"ReadAction\",\"target\":[\"https:\/\/praxisschaefer.de\/psychotherapie\/psychotherapie-im-hoeheren-lebensalter\/\"]}]},{\"@type\":\"BreadcrumbList\",\"@id\":\"https:\/\/praxisschaefer.de\/psychotherapie\/psychotherapie-im-hoeheren-lebensalter\/#breadcrumb\",\"itemListElement\":[{\"@type\":\"ListItem\",\"position\":1,\"name\":\"Startseite\",\"item\":\"https:\/\/praxisschaefer.de\/en\/\"},{\"@type\":\"ListItem\",\"position\":2,\"name\":\"Psychotherapy for adults\",\"item\":\"https:\/\/praxisschaefer.de\/psychotherapie\/\"},{\"@type\":\"ListItem\",\"position\":3,\"name\":\"Psychotherapy for the elderly\"}]},{\"@type\":\"WebSite\",\"@id\":\"https:\/\/praxisschaefer.de\/#website\",\"url\":\"https:\/\/praxisschaefer.de\/\",\"name\":\"Praxis f\u00fcr Psychotherapie Dipl.-Psych. Sabine Sch\u00e4fer\",\"description\":\"Praxis f\u00fcr Psychotherapie\",\"publisher\":{\"@id\":\"https:\/\/praxisschaefer.de\/#organization\"},\"potentialAction\":[{\"@type\":\"SearchAction\",\"target\":{\"@type\":\"EntryPoint\",\"urlTemplate\":\"https:\/\/praxisschaefer.de\/?s={search_term_string}\"},\"query-input\":\"required name=search_term_string\"}],\"inLanguage\":\"en-US\"},{\"@type\":\"Organization\",\"@id\":\"https:\/\/praxisschaefer.de\/#organization\",\"name\":\"Praxis f\u00fcr Psychotherapie Dipl.-Psych. Sabine Sch\u00e4fer\",\"url\":\"https:\/\/praxisschaefer.de\/\",\"logo\":{\"@type\":\"ImageObject\",\"inLanguage\":\"en-US\",\"@id\":\"https:\/\/praxisschaefer.de\/#\/schema\/logo\/image\/\",\"url\":\"https:\/\/praxisschaefer.de\/wp-content\/uploads\/2024\/01\/praxis-schaefer-team-sabine-schaefer-neu.jpg\",\"contentUrl\":\"https:\/\/praxisschaefer.de\/wp-content\/uploads\/2024\/01\/praxis-schaefer-team-sabine-schaefer-neu.jpg\",\"width\":1000,\"height\":1000,\"caption\":\"Praxis f\u00fcr Psychotherapie Dipl.-Psych. Sabine Sch\u00e4fer\"},\"image\":{\"@id\":\"https:\/\/praxisschaefer.de\/#\/schema\/logo\/image\/\"}}]}<\/script>\n<!-- \/ Yoast SEO Premium plugin. -->","yoast_head_json":{"title":"Psychotherapy for the elderly - Sabine Sch\u00e4fer","robots":{"index":"index","follow":"follow","max-snippet":"max-snippet:-1","max-image-preview":"max-image-preview:large","max-video-preview":"max-video-preview:-1"},"canonical":"https:\/\/praxisschaefer.de\/psychotherapie\/psychotherapie-im-hoeheren-lebensalter\/","og_locale":"en_US","og_type":"article","og_title":"Psychotherapy for the elderly","og_description":"[vc_row][vc_column el_align=&#8221;center&#8221;][\/vc_column][\/vc_row][vc_row][vc_column][vc_column_text]It&#8217;s never too late &#8211; no one is &#8220;too old&#8221; The loss of a partner, but also memories of very difficult life events, can lead to psychological stress that lasts a lifetime. Elderly people often think that there is &#8220;nothing left to save at their age anyway&#8221;. However, it is never too late to [&hellip;]","og_url":"https:\/\/praxisschaefer.de\/psychotherapie\/psychotherapie-im-hoeheren-lebensalter\/","og_site_name":"Sabine Sch\u00e4fer","article_modified_time":"2024-02-07T21:07:29+00:00","twitter_card":"summary_large_image","twitter_misc":{"Est. reading time":"1 minute"},"schema":{"@context":"https:\/\/schema.org","@graph":[{"@type":"WebPage","@id":"https:\/\/praxisschaefer.de\/psychotherapie\/psychotherapie-im-hoeheren-lebensalter\/","url":"https:\/\/praxisschaefer.de\/psychotherapie\/psychotherapie-im-hoeheren-lebensalter\/","name":"Psychotherapy for the elderly - Sabine Sch\u00e4fer","isPartOf":{"@id":"https:\/\/praxisschaefer.de\/#website"},"datePublished":"2020-02-21T14:42:13+00:00","dateModified":"2024-02-07T21:07:29+00:00","breadcrumb":{"@id":"https:\/\/praxisschaefer.de\/psychotherapie\/psychotherapie-im-hoeheren-lebensalter\/#breadcrumb"},"inLanguage":"en-US","potentialAction":[{"@type":"ReadAction","target":["https:\/\/praxisschaefer.de\/psychotherapie\/psychotherapie-im-hoeheren-lebensalter\/"]}]},{"@type":"BreadcrumbList","@id":"https:\/\/praxisschaefer.de\/psychotherapie\/psychotherapie-im-hoeheren-lebensalter\/#breadcrumb","itemListElement":[{"@type":"ListItem","position":1,"name":"Startseite","item":"https:\/\/praxisschaefer.de\/en\/"},{"@type":"ListItem","position":2,"name":"Psychotherapy for adults","item":"https:\/\/praxisschaefer.de\/psychotherapie\/"},{"@type":"ListItem","position":3,"name":"Psychotherapy for the elderly"}]},{"@type":"WebSite","@id":"https:\/\/praxisschaefer.de\/#website","url":"https:\/\/praxisschaefer.de\/","name":"Praxis f\u00fcr Psychotherapie Dipl.-Psych. Sabine Sch\u00e4fer","description":"Praxis f\u00fcr Psychotherapie","publisher":{"@id":"https:\/\/praxisschaefer.de\/#organization"},"potentialAction":[{"@type":"SearchAction","target":{"@type":"EntryPoint","urlTemplate":"https:\/\/praxisschaefer.de\/?s={search_term_string}"},"query-input":"required name=search_term_string"}],"inLanguage":"en-US"},{"@type":"Organization","@id":"https:\/\/praxisschaefer.de\/#organization","name":"Praxis f\u00fcr Psychotherapie Dipl.-Psych. Sabine Sch\u00e4fer","url":"https:\/\/praxisschaefer.de\/","logo":{"@type":"ImageObject","inLanguage":"en-US","@id":"https:\/\/praxisschaefer.de\/#\/schema\/logo\/image\/","url":"https:\/\/praxisschaefer.de\/wp-content\/uploads\/2024\/01\/praxis-schaefer-team-sabine-schaefer-neu.jpg","contentUrl":"https:\/\/praxisschaefer.de\/wp-content\/uploads\/2024\/01\/praxis-schaefer-team-sabine-schaefer-neu.jpg","width":1000,"height":1000,"caption":"Praxis f\u00fcr Psychotherapie Dipl.-Psych. Sabine Sch\u00e4fer"},"image":{"@id":"https:\/\/praxisschaefer.de\/#\/schema\/logo\/image\/"}}]}},"_links":{"self":[{"href":"https:\/\/praxisschaefer.de\/en\/wp-json\/wp\/v2\/pages\/15349","targetHints":{"allow":["GET"]}}],"collection":[{"href":"https:\/\/praxisschaefer.de\/en\/wp-json\/wp\/v2\/pages"}],"about":[{"href":"https:\/\/praxisschaefer.de\/en\/wp-json\/wp\/v2\/types\/page"}],"author":[{"embeddable":true,"href":"https:\/\/praxisschaefer.de\/en\/wp-json\/wp\/v2\/users\/1"}],"replies":[{"embeddable":true,"href":"https:\/\/praxisschaefer.de\/en\/wp-json\/wp\/v2\/comments?post=15349"}],"version-history":[{"count":5,"href":"https:\/\/praxisschaefer.de\/en\/wp-json\/wp\/v2\/pages\/15349\/revisions"}],"predecessor-version":[{"id":15746,"href":"https:\/\/praxisschaefer.de\/en\/wp-json\/wp\/v2\/pages\/15349\/revisions\/15746"}],"up":[{"embeddable":true,"href":"https:\/\/praxisschaefer.de\/en\/wp-json\/wp\/v2\/pages\/15299"}],"wp:attachment":[{"href":"https:\/\/praxisschaefer.de\/en\/wp-json\/wp\/v2\/media?parent=15349"}],"curies":[{"name":"wp","href":"https:\/\/api.w.org\/{rel}","templated":true}]}}