{"id":15338,"date":"2020-02-21T16:07:11","date_gmt":"2020-02-21T15:07:11","guid":{"rendered":"https:\/\/praxisschaefer.designwerk-kussmaul.de\/psychotherapy-for-adults\/couples-therapy\/"},"modified":"2024-02-07T22:11:31","modified_gmt":"2024-02-07T21:11:31","slug":"couples-therapy","status":"publish","type":"page","link":"https:\/\/praxisschaefer.de\/en\/psychotherapy-for-adults\/couples-therapy\/","title":{"rendered":"Couple therapy"},"content":{"rendered":"<div class=\"wpb-content-wrapper\"><p>[vc_row][vc_column el_align=&#8221;center&#8221;]<div id=\"1582292861772-e00ba7a9-d555\" class=\"dt-sc-empty-space\"><\/div><div class='dt-sc-title script-with-sub-title '><h2><\/h2><h3>Couple therapy<\/h3><\/div>[\/vc_column][\/vc_row][vc_row][vc_column][vc_column_text]<span style=\"font-family: 'Arial',sans-serif;\">Are you in a crisis in your partnership and feel that you can no longer overcome it alone? Are you living side by side, have you forgotten how to talk to each other, have you experienced a serious breach of trust (e.g. an infidelity)? Couples therapy can be helpful here.<\/span><\/p>\n<p><span style=\"font-family: 'Arial',sans-serif;\">A prerequisite for the success of couples therapy is the willingness of both partners to talk openly about themselves and the situation and to have the will to implement changes that are indicated in the course of couples therapy.<\/span><\/p>\n<p><span style=\"font-family: 'Arial',sans-serif;\">Couple therapy can initially aim to find out whether the relationship should be &#8220;improved&#8221; or &#8220;saved&#8221;, or whether a separation is the better option in the interests of both partners. For both goals, therapeutic help can have a very relieving effect on both partners.<\/span><\/p>\n<p><span style=\"font-family: 'Arial',sans-serif;\">If the decision is in <em>favor of<\/em> the relationship, psychotherapists can<\/span><span style=\"font-family: 'Arial',sans-serif;\"> help to identify and name the problems underlying the crisis. If the decision is <i>against<\/i> the relationship, a good way into and through the separation is sought here, depending on the goal of the therapy.<\/span><\/p>\n<p><span style=\"font-family: 'Arial',sans-serif;\">In general, couple therapy is about promoting understanding for the other person. To this end, (secret) wishes, fears or disappointments are made the subject of discussion. The expectations &#8211; whether irrational or not &#8211; that the respective partners have of the relationship are examined. Finally, an attempt is also made to understand the behavior of the other against the background of the respective personal life story and, if necessary, to learn to accept this behavior.<\/span>[\/vc_column_text][\/vc_column][\/vc_row]<\/p>\n<\/div>","protected":false},"excerpt":{"rendered":"<p>[vc_row][vc_column el_align=&#8221;center&#8221;][\/vc_column][\/vc_row][vc_row][vc_column][vc_column_text]Are you in a crisis in your partnership and feel that you can no longer overcome it alone? Are you living side by side, have you forgotten how to talk to each other, have you experienced a serious breach of trust (e.g. an infidelity)? Couples therapy can be helpful here. A prerequisite for the [&hellip;]<\/p>\n","protected":false},"author":1,"featured_media":0,"parent":15299,"menu_order":105,"comment_status":"closed","ping_status":"closed","template":"","meta":{"_acf_changed":false,"footnotes":""},"class_list":["post-15338","page","type-page","status-publish","hentry"],"acf":[],"yoast_head":"<!-- This site is optimized with the Yoast SEO Premium plugin v22.4 (Yoast SEO v22.4) - https:\/\/yoast.com\/wordpress\/plugins\/seo\/ -->\n<title>Couple therapy - Sabine Sch\u00e4fer<\/title>\n<meta name=\"robots\" content=\"index, follow, max-snippet:-1, max-image-preview:large, max-video-preview:-1\" \/>\n<link rel=\"canonical\" href=\"https:\/\/praxisschaefer.de\/psychotherapie\/paartherapie\/\" \/>\n<meta property=\"og:locale\" content=\"en_US\" \/>\n<meta property=\"og:type\" content=\"article\" \/>\n<meta property=\"og:title\" content=\"Couple therapy\" \/>\n<meta property=\"og:description\" content=\"[vc_row][vc_column el_align=&#8221;center&#8221;][\/vc_column][\/vc_row][vc_row][vc_column][vc_column_text]Are you in a crisis in your partnership and feel that you can no longer overcome it alone? Are you living side by side, have you forgotten how to talk to each other, have you experienced a serious breach of trust (e.g. an infidelity)? Couples therapy can be helpful here. A prerequisite for the [&hellip;]\" \/>\n<meta property=\"og:url\" content=\"https:\/\/praxisschaefer.de\/psychotherapie\/paartherapie\/\" \/>\n<meta property=\"og:site_name\" content=\"Sabine Sch\u00e4fer\" \/>\n<meta property=\"article:modified_time\" content=\"2024-02-07T21:11:31+00:00\" \/>\n<meta name=\"twitter:card\" content=\"summary_large_image\" \/>\n<meta name=\"twitter:label1\" content=\"Est. reading time\" \/>\n\t<meta name=\"twitter:data1\" content=\"2 minutes\" \/>\n<script type=\"application\/ld+json\" class=\"yoast-schema-graph\">{\"@context\":\"https:\/\/schema.org\",\"@graph\":[{\"@type\":\"WebPage\",\"@id\":\"https:\/\/praxisschaefer.de\/psychotherapie\/paartherapie\/\",\"url\":\"https:\/\/praxisschaefer.de\/psychotherapie\/paartherapie\/\",\"name\":\"Couple therapy - Sabine Sch\u00e4fer\",\"isPartOf\":{\"@id\":\"https:\/\/praxisschaefer.de\/#website\"},\"datePublished\":\"2020-02-21T15:07:11+00:00\",\"dateModified\":\"2024-02-07T21:11:31+00:00\",\"breadcrumb\":{\"@id\":\"https:\/\/praxisschaefer.de\/psychotherapie\/paartherapie\/#breadcrumb\"},\"inLanguage\":\"en-US\",\"potentialAction\":[{\"@type\":\"ReadAction\",\"target\":[\"https:\/\/praxisschaefer.de\/psychotherapie\/paartherapie\/\"]}]},{\"@type\":\"BreadcrumbList\",\"@id\":\"https:\/\/praxisschaefer.de\/psychotherapie\/paartherapie\/#breadcrumb\",\"itemListElement\":[{\"@type\":\"ListItem\",\"position\":1,\"name\":\"Startseite\",\"item\":\"https:\/\/praxisschaefer.de\/en\/\"},{\"@type\":\"ListItem\",\"position\":2,\"name\":\"Psychotherapy for adults\",\"item\":\"https:\/\/praxisschaefer.de\/psychotherapie\/\"},{\"@type\":\"ListItem\",\"position\":3,\"name\":\"Couple therapy\"}]},{\"@type\":\"WebSite\",\"@id\":\"https:\/\/praxisschaefer.de\/#website\",\"url\":\"https:\/\/praxisschaefer.de\/\",\"name\":\"Praxis f\u00fcr Psychotherapie Dipl.-Psych. Sabine Sch\u00e4fer\",\"description\":\"Praxis f\u00fcr Psychotherapie\",\"publisher\":{\"@id\":\"https:\/\/praxisschaefer.de\/#organization\"},\"potentialAction\":[{\"@type\":\"SearchAction\",\"target\":{\"@type\":\"EntryPoint\",\"urlTemplate\":\"https:\/\/praxisschaefer.de\/?s={search_term_string}\"},\"query-input\":\"required name=search_term_string\"}],\"inLanguage\":\"en-US\"},{\"@type\":\"Organization\",\"@id\":\"https:\/\/praxisschaefer.de\/#organization\",\"name\":\"Praxis f\u00fcr Psychotherapie Dipl.-Psych. Sabine Sch\u00e4fer\",\"url\":\"https:\/\/praxisschaefer.de\/\",\"logo\":{\"@type\":\"ImageObject\",\"inLanguage\":\"en-US\",\"@id\":\"https:\/\/praxisschaefer.de\/#\/schema\/logo\/image\/\",\"url\":\"https:\/\/praxisschaefer.de\/wp-content\/uploads\/2024\/01\/praxis-schaefer-team-sabine-schaefer-neu.jpg\",\"contentUrl\":\"https:\/\/praxisschaefer.de\/wp-content\/uploads\/2024\/01\/praxis-schaefer-team-sabine-schaefer-neu.jpg\",\"width\":1000,\"height\":1000,\"caption\":\"Praxis f\u00fcr Psychotherapie Dipl.-Psych. Sabine Sch\u00e4fer\"},\"image\":{\"@id\":\"https:\/\/praxisschaefer.de\/#\/schema\/logo\/image\/\"}}]}<\/script>\n<!-- \/ Yoast SEO Premium plugin. -->","yoast_head_json":{"title":"Couple therapy - Sabine Sch\u00e4fer","robots":{"index":"index","follow":"follow","max-snippet":"max-snippet:-1","max-image-preview":"max-image-preview:large","max-video-preview":"max-video-preview:-1"},"canonical":"https:\/\/praxisschaefer.de\/psychotherapie\/paartherapie\/","og_locale":"en_US","og_type":"article","og_title":"Couple therapy","og_description":"[vc_row][vc_column el_align=&#8221;center&#8221;][\/vc_column][\/vc_row][vc_row][vc_column][vc_column_text]Are you in a crisis in your partnership and feel that you can no longer overcome it alone? Are you living side by side, have you forgotten how to talk to each other, have you experienced a serious breach of trust (e.g. an infidelity)? Couples therapy can be helpful here. A prerequisite for the [&hellip;]","og_url":"https:\/\/praxisschaefer.de\/psychotherapie\/paartherapie\/","og_site_name":"Sabine Sch\u00e4fer","article_modified_time":"2024-02-07T21:11:31+00:00","twitter_card":"summary_large_image","twitter_misc":{"Est. reading time":"2 minutes"},"schema":{"@context":"https:\/\/schema.org","@graph":[{"@type":"WebPage","@id":"https:\/\/praxisschaefer.de\/psychotherapie\/paartherapie\/","url":"https:\/\/praxisschaefer.de\/psychotherapie\/paartherapie\/","name":"Couple therapy - Sabine Sch\u00e4fer","isPartOf":{"@id":"https:\/\/praxisschaefer.de\/#website"},"datePublished":"2020-02-21T15:07:11+00:00","dateModified":"2024-02-07T21:11:31+00:00","breadcrumb":{"@id":"https:\/\/praxisschaefer.de\/psychotherapie\/paartherapie\/#breadcrumb"},"inLanguage":"en-US","potentialAction":[{"@type":"ReadAction","target":["https:\/\/praxisschaefer.de\/psychotherapie\/paartherapie\/"]}]},{"@type":"BreadcrumbList","@id":"https:\/\/praxisschaefer.de\/psychotherapie\/paartherapie\/#breadcrumb","itemListElement":[{"@type":"ListItem","position":1,"name":"Startseite","item":"https:\/\/praxisschaefer.de\/en\/"},{"@type":"ListItem","position":2,"name":"Psychotherapy for adults","item":"https:\/\/praxisschaefer.de\/psychotherapie\/"},{"@type":"ListItem","position":3,"name":"Couple therapy"}]},{"@type":"WebSite","@id":"https:\/\/praxisschaefer.de\/#website","url":"https:\/\/praxisschaefer.de\/","name":"Praxis f\u00fcr Psychotherapie Dipl.-Psych. Sabine Sch\u00e4fer","description":"Praxis f\u00fcr Psychotherapie","publisher":{"@id":"https:\/\/praxisschaefer.de\/#organization"},"potentialAction":[{"@type":"SearchAction","target":{"@type":"EntryPoint","urlTemplate":"https:\/\/praxisschaefer.de\/?s={search_term_string}"},"query-input":"required name=search_term_string"}],"inLanguage":"en-US"},{"@type":"Organization","@id":"https:\/\/praxisschaefer.de\/#organization","name":"Praxis f\u00fcr Psychotherapie Dipl.-Psych. Sabine Sch\u00e4fer","url":"https:\/\/praxisschaefer.de\/","logo":{"@type":"ImageObject","inLanguage":"en-US","@id":"https:\/\/praxisschaefer.de\/#\/schema\/logo\/image\/","url":"https:\/\/praxisschaefer.de\/wp-content\/uploads\/2024\/01\/praxis-schaefer-team-sabine-schaefer-neu.jpg","contentUrl":"https:\/\/praxisschaefer.de\/wp-content\/uploads\/2024\/01\/praxis-schaefer-team-sabine-schaefer-neu.jpg","width":1000,"height":1000,"caption":"Praxis f\u00fcr Psychotherapie Dipl.-Psych. Sabine Sch\u00e4fer"},"image":{"@id":"https:\/\/praxisschaefer.de\/#\/schema\/logo\/image\/"}}]}},"_links":{"self":[{"href":"https:\/\/praxisschaefer.de\/en\/wp-json\/wp\/v2\/pages\/15338","targetHints":{"allow":["GET"]}}],"collection":[{"href":"https:\/\/praxisschaefer.de\/en\/wp-json\/wp\/v2\/pages"}],"about":[{"href":"https:\/\/praxisschaefer.de\/en\/wp-json\/wp\/v2\/types\/page"}],"author":[{"embeddable":true,"href":"https:\/\/praxisschaefer.de\/en\/wp-json\/wp\/v2\/users\/1"}],"replies":[{"embeddable":true,"href":"https:\/\/praxisschaefer.de\/en\/wp-json\/wp\/v2\/comments?post=15338"}],"version-history":[{"count":4,"href":"https:\/\/praxisschaefer.de\/en\/wp-json\/wp\/v2\/pages\/15338\/revisions"}],"predecessor-version":[{"id":15748,"href":"https:\/\/praxisschaefer.de\/en\/wp-json\/wp\/v2\/pages\/15338\/revisions\/15748"}],"up":[{"embeddable":true,"href":"https:\/\/praxisschaefer.de\/en\/wp-json\/wp\/v2\/pages\/15299"}],"wp:attachment":[{"href":"https:\/\/praxisschaefer.de\/en\/wp-json\/wp\/v2\/media?parent=15338"}],"curies":[{"name":"wp","href":"https:\/\/api.w.org\/{rel}","templated":true}]}}