{"id":15326,"date":"2020-02-21T16:09:04","date_gmt":"2020-02-21T15:09:04","guid":{"rendered":"https:\/\/praxisschaefer.designwerk-kussmaul.de\/hohenneuffen-castle\/"},"modified":"2024-01-29T17:25:46","modified_gmt":"2024-01-29T16:25:46","slug":"hohenneuffen-castle","status":"publish","type":"page","link":"https:\/\/praxisschaefer.de\/en\/scenic-excursion-destinations\/hohenneuffen-castle\/","title":{"rendered":"Hohenneuffen Castle"},"content":{"rendered":"<div class=\"wpb-content-wrapper\"><p>[vc_row][vc_column el_align=&#8221;center&#8221;]<div id=\"1582292861772-e00ba7a9-d555\" class=\"dt-sc-empty-space\"><\/div><div class='dt-sc-title script-with-sub-title '><h2><\/h2><h3>Hohenneuffen Castle<\/h3><\/div>[\/vc_column][\/vc_row][vc_row][vc_column][vc_column_text]<a href=\"https:\/\/www.google.com\/maps\/place\/Burg+Hohenneuffen\/@48.5556698,9.3925461,15z\/data=!4m6!3m5!1s0x479993c01cdd8219:0x3f698a0d8656c3c!8m2!3d48.5556698!4d9.3925461!16s%2Fm%2F02x4kn3?entry=ttu\">Hohenneuffen Castle<\/a> was already inhabited in ancient times during the La T\u00e8ne period (450-0 BC). More than 2000 years ago, the castle had more of a sacral than a military significance. It is located around 743 meters above sea level and stands on a Wei\u00dfjura rock on the edge of the Swabian Alb. The castle complex itself is at least 900 years old and was first mentioned in a document in 1198.<\/p>\n<p>Friends of recent history can also find out more about the historic, memorable Three Countries Conference in 1948 with the ministers and presidents of the three south-west German post-war countries. It was here that the foundation stone was laid to unite the kingdoms of W\u00fcrttemberg, Hohenzollern and the state of Baden to form Baden-W\u00fcrttemberg, which was founded in 1952.<\/p>\n<p>It takes about 20 minutes to reach the viewpoint from the designated parking lot. Hohenneuffen Castle offers not only high-quality gastronomy but also a varied cultural program &#8211; including open-air events in summer. For example, the Hohenneuffen mountain run takes place every year in June. The length of this run is 9.3 km and the elevation gain is 438 meters. There is also a regular medieval market in the castle courtyard.<\/p>\n<p>On Sundays and public holidays, the outer walls are beautifully illuminated.<\/p>\n<p><strong>Opening hours:<br \/>\n<\/strong>Wed &#8211; Sat from 9.00 am to 10.00 pm<br \/>\nSun from 9.00 am to 7.00 pm<\/p>\n<p>You can find more information here: <a href=\"http:\/\/www.hohenneuffen.com\/\" target=\"_blank\" rel=\"noopener\">www.hohenneuffen.com<\/a><\/p>\n<p><strong>Contact:<br \/>\n<\/strong>Burggastst\u00e4tte Hohenneuffen GmbH<br \/>\nP.O. Box 80, 72637 Neuffen<br \/>\nphone 07025 2206, fax 07025 908007, <a class=\"mail\" title=\"Opens an internal link in a new window\" href=\"mailto:kontakt@hohenneuffen.de\">kontakt@hohenneuffen.de<\/a>[\/vc_column_text][\/vc_column][\/vc_row]<\/p>\n<\/div>","protected":false},"excerpt":{"rendered":"<p>[vc_row][vc_column el_align=&#8221;center&#8221;][\/vc_column][\/vc_row][vc_row][vc_column][vc_column_text]Hohenneuffen Castle was already inhabited in ancient times during the La T\u00e8ne period (450-0 BC). More than 2000 years ago, the castle had more of a sacral than a military significance. It is located around 743 meters above sea level and stands on a Wei\u00dfjura rock on the edge of the Swabian Alb. The [&hellip;]<\/p>\n","protected":false},"author":1,"featured_media":0,"parent":15327,"menu_order":6,"comment_status":"closed","ping_status":"closed","template":"","meta":{"_acf_changed":false,"footnotes":""},"class_list":["post-15326","page","type-page","status-publish","hentry"],"acf":[],"yoast_head":"<!-- This site is optimized with the Yoast SEO Premium plugin v22.4 (Yoast SEO v22.4) - https:\/\/yoast.com\/wordpress\/plugins\/seo\/ -->\n<title>Hohenneuffen Castle - Sabine Sch\u00e4fer<\/title>\n<meta name=\"robots\" content=\"index, follow, max-snippet:-1, max-image-preview:large, max-video-preview:-1\" \/>\n<link rel=\"canonical\" href=\"https:\/\/praxisschaefer.de\/aussichtsreiche-ausflugsziele\/burg-hohenneuffen\/\" \/>\n<meta property=\"og:locale\" content=\"en_US\" \/>\n<meta property=\"og:type\" content=\"article\" \/>\n<meta property=\"og:title\" content=\"Hohenneuffen Castle\" \/>\n<meta property=\"og:description\" content=\"[vc_row][vc_column el_align=&#8221;center&#8221;][\/vc_column][\/vc_row][vc_row][vc_column][vc_column_text]Hohenneuffen Castle was already inhabited in ancient times during the La T\u00e8ne period (450-0 BC). More than 2000 years ago, the castle had more of a sacral than a military significance. It is located around 743 meters above sea level and stands on a Wei\u00dfjura rock on the edge of the Swabian Alb. The [&hellip;]\" \/>\n<meta property=\"og:url\" content=\"https:\/\/praxisschaefer.de\/aussichtsreiche-ausflugsziele\/burg-hohenneuffen\/\" \/>\n<meta property=\"og:site_name\" content=\"Sabine Sch\u00e4fer\" \/>\n<meta property=\"article:modified_time\" content=\"2024-01-29T16:25:46+00:00\" \/>\n<meta name=\"twitter:card\" content=\"summary_large_image\" \/>\n<meta name=\"twitter:label1\" content=\"Est. reading time\" \/>\n\t<meta name=\"twitter:data1\" content=\"2 minutes\" \/>\n<script type=\"application\/ld+json\" class=\"yoast-schema-graph\">{\"@context\":\"https:\/\/schema.org\",\"@graph\":[{\"@type\":\"WebPage\",\"@id\":\"https:\/\/praxisschaefer.de\/aussichtsreiche-ausflugsziele\/burg-hohenneuffen\/\",\"url\":\"https:\/\/praxisschaefer.de\/aussichtsreiche-ausflugsziele\/burg-hohenneuffen\/\",\"name\":\"Hohenneuffen Castle - Sabine Sch\u00e4fer\",\"isPartOf\":{\"@id\":\"https:\/\/praxisschaefer.de\/#website\"},\"datePublished\":\"2020-02-21T15:09:04+00:00\",\"dateModified\":\"2024-01-29T16:25:46+00:00\",\"breadcrumb\":{\"@id\":\"https:\/\/praxisschaefer.de\/aussichtsreiche-ausflugsziele\/burg-hohenneuffen\/#breadcrumb\"},\"inLanguage\":\"en-US\",\"potentialAction\":[{\"@type\":\"ReadAction\",\"target\":[\"https:\/\/praxisschaefer.de\/aussichtsreiche-ausflugsziele\/burg-hohenneuffen\/\"]}]},{\"@type\":\"BreadcrumbList\",\"@id\":\"https:\/\/praxisschaefer.de\/aussichtsreiche-ausflugsziele\/burg-hohenneuffen\/#breadcrumb\",\"itemListElement\":[{\"@type\":\"ListItem\",\"position\":1,\"name\":\"Startseite\",\"item\":\"https:\/\/praxisschaefer.de\/en\/\"},{\"@type\":\"ListItem\",\"position\":2,\"name\":\"Scenic excursion destinations\",\"item\":\"https:\/\/praxisschaefer.de\/aussichtsreiche-ausflugsziele\/\"},{\"@type\":\"ListItem\",\"position\":3,\"name\":\"Hohenneuffen Castle\"}]},{\"@type\":\"WebSite\",\"@id\":\"https:\/\/praxisschaefer.de\/#website\",\"url\":\"https:\/\/praxisschaefer.de\/\",\"name\":\"Praxis f\u00fcr Psychotherapie Dipl.-Psych. Sabine Sch\u00e4fer\",\"description\":\"Praxis f\u00fcr Psychotherapie\",\"publisher\":{\"@id\":\"https:\/\/praxisschaefer.de\/#organization\"},\"potentialAction\":[{\"@type\":\"SearchAction\",\"target\":{\"@type\":\"EntryPoint\",\"urlTemplate\":\"https:\/\/praxisschaefer.de\/?s={search_term_string}\"},\"query-input\":\"required name=search_term_string\"}],\"inLanguage\":\"en-US\"},{\"@type\":\"Organization\",\"@id\":\"https:\/\/praxisschaefer.de\/#organization\",\"name\":\"Praxis f\u00fcr Psychotherapie Dipl.-Psych. Sabine Sch\u00e4fer\",\"url\":\"https:\/\/praxisschaefer.de\/\",\"logo\":{\"@type\":\"ImageObject\",\"inLanguage\":\"en-US\",\"@id\":\"https:\/\/praxisschaefer.de\/#\/schema\/logo\/image\/\",\"url\":\"https:\/\/praxisschaefer.de\/wp-content\/uploads\/2024\/01\/praxis-schaefer-team-sabine-schaefer-neu.jpg\",\"contentUrl\":\"https:\/\/praxisschaefer.de\/wp-content\/uploads\/2024\/01\/praxis-schaefer-team-sabine-schaefer-neu.jpg\",\"width\":1000,\"height\":1000,\"caption\":\"Praxis f\u00fcr Psychotherapie Dipl.-Psych. Sabine Sch\u00e4fer\"},\"image\":{\"@id\":\"https:\/\/praxisschaefer.de\/#\/schema\/logo\/image\/\"}}]}<\/script>\n<!-- \/ Yoast SEO Premium plugin. -->","yoast_head_json":{"title":"Hohenneuffen Castle - Sabine Sch\u00e4fer","robots":{"index":"index","follow":"follow","max-snippet":"max-snippet:-1","max-image-preview":"max-image-preview:large","max-video-preview":"max-video-preview:-1"},"canonical":"https:\/\/praxisschaefer.de\/aussichtsreiche-ausflugsziele\/burg-hohenneuffen\/","og_locale":"en_US","og_type":"article","og_title":"Hohenneuffen Castle","og_description":"[vc_row][vc_column el_align=&#8221;center&#8221;][\/vc_column][\/vc_row][vc_row][vc_column][vc_column_text]Hohenneuffen Castle was already inhabited in ancient times during the La T\u00e8ne period (450-0 BC). More than 2000 years ago, the castle had more of a sacral than a military significance. It is located around 743 meters above sea level and stands on a Wei\u00dfjura rock on the edge of the Swabian Alb. The [&hellip;]","og_url":"https:\/\/praxisschaefer.de\/aussichtsreiche-ausflugsziele\/burg-hohenneuffen\/","og_site_name":"Sabine Sch\u00e4fer","article_modified_time":"2024-01-29T16:25:46+00:00","twitter_card":"summary_large_image","twitter_misc":{"Est. reading time":"2 minutes"},"schema":{"@context":"https:\/\/schema.org","@graph":[{"@type":"WebPage","@id":"https:\/\/praxisschaefer.de\/aussichtsreiche-ausflugsziele\/burg-hohenneuffen\/","url":"https:\/\/praxisschaefer.de\/aussichtsreiche-ausflugsziele\/burg-hohenneuffen\/","name":"Hohenneuffen Castle - Sabine Sch\u00e4fer","isPartOf":{"@id":"https:\/\/praxisschaefer.de\/#website"},"datePublished":"2020-02-21T15:09:04+00:00","dateModified":"2024-01-29T16:25:46+00:00","breadcrumb":{"@id":"https:\/\/praxisschaefer.de\/aussichtsreiche-ausflugsziele\/burg-hohenneuffen\/#breadcrumb"},"inLanguage":"en-US","potentialAction":[{"@type":"ReadAction","target":["https:\/\/praxisschaefer.de\/aussichtsreiche-ausflugsziele\/burg-hohenneuffen\/"]}]},{"@type":"BreadcrumbList","@id":"https:\/\/praxisschaefer.de\/aussichtsreiche-ausflugsziele\/burg-hohenneuffen\/#breadcrumb","itemListElement":[{"@type":"ListItem","position":1,"name":"Startseite","item":"https:\/\/praxisschaefer.de\/en\/"},{"@type":"ListItem","position":2,"name":"Scenic excursion destinations","item":"https:\/\/praxisschaefer.de\/aussichtsreiche-ausflugsziele\/"},{"@type":"ListItem","position":3,"name":"Hohenneuffen Castle"}]},{"@type":"WebSite","@id":"https:\/\/praxisschaefer.de\/#website","url":"https:\/\/praxisschaefer.de\/","name":"Praxis f\u00fcr Psychotherapie Dipl.-Psych. Sabine Sch\u00e4fer","description":"Praxis f\u00fcr Psychotherapie","publisher":{"@id":"https:\/\/praxisschaefer.de\/#organization"},"potentialAction":[{"@type":"SearchAction","target":{"@type":"EntryPoint","urlTemplate":"https:\/\/praxisschaefer.de\/?s={search_term_string}"},"query-input":"required name=search_term_string"}],"inLanguage":"en-US"},{"@type":"Organization","@id":"https:\/\/praxisschaefer.de\/#organization","name":"Praxis f\u00fcr Psychotherapie Dipl.-Psych. Sabine Sch\u00e4fer","url":"https:\/\/praxisschaefer.de\/","logo":{"@type":"ImageObject","inLanguage":"en-US","@id":"https:\/\/praxisschaefer.de\/#\/schema\/logo\/image\/","url":"https:\/\/praxisschaefer.de\/wp-content\/uploads\/2024\/01\/praxis-schaefer-team-sabine-schaefer-neu.jpg","contentUrl":"https:\/\/praxisschaefer.de\/wp-content\/uploads\/2024\/01\/praxis-schaefer-team-sabine-schaefer-neu.jpg","width":1000,"height":1000,"caption":"Praxis f\u00fcr Psychotherapie Dipl.-Psych. Sabine Sch\u00e4fer"},"image":{"@id":"https:\/\/praxisschaefer.de\/#\/schema\/logo\/image\/"}}]}},"_links":{"self":[{"href":"https:\/\/praxisschaefer.de\/en\/wp-json\/wp\/v2\/pages\/15326","targetHints":{"allow":["GET"]}}],"collection":[{"href":"https:\/\/praxisschaefer.de\/en\/wp-json\/wp\/v2\/pages"}],"about":[{"href":"https:\/\/praxisschaefer.de\/en\/wp-json\/wp\/v2\/types\/page"}],"author":[{"embeddable":true,"href":"https:\/\/praxisschaefer.de\/en\/wp-json\/wp\/v2\/users\/1"}],"replies":[{"embeddable":true,"href":"https:\/\/praxisschaefer.de\/en\/wp-json\/wp\/v2\/comments?post=15326"}],"version-history":[{"count":11,"href":"https:\/\/praxisschaefer.de\/en\/wp-json\/wp\/v2\/pages\/15326\/revisions"}],"predecessor-version":[{"id":15664,"href":"https:\/\/praxisschaefer.de\/en\/wp-json\/wp\/v2\/pages\/15326\/revisions\/15664"}],"up":[{"embeddable":true,"href":"https:\/\/praxisschaefer.de\/en\/wp-json\/wp\/v2\/pages\/15327"}],"wp:attachment":[{"href":"https:\/\/praxisschaefer.de\/en\/wp-json\/wp\/v2\/media?parent=15326"}],"curies":[{"name":"wp","href":"https:\/\/api.w.org\/{rel}","templated":true}]}}