{"id":15325,"date":"2018-11-22T11:23:02","date_gmt":"2018-11-22T10:23:02","guid":{"rendered":"https:\/\/praxisschaefer.designwerk-kussmaul.de\/we-speak-english\/"},"modified":"2024-01-08T14:29:24","modified_gmt":"2024-01-08T13:29:24","slug":"we-speak-english","status":"publish","type":"page","link":"https:\/\/praxisschaefer.de\/en\/we-speak-english\/","title":{"rendered":"We speak English"},"content":{"rendered":"<div class=\"wpb-content-wrapper\"><p>[vc_row][vc_column el_align=&#8221;left&#8221;]<div id=\"1542882365633-88cd9021-5003\" class=\"dt-sc-empty-space\"><\/div><div class='dt-sc-title script-with-sub-title '><h3><\/h3><h3>We speak English<\/h3><\/div>[vc_column_text]We are a team of psychotherapists with many years of experience in clinical psychotherapy. We are educated in a variety of psychotherapeuticy disciplines such as Behavioral Therapy and Psychodynamic Psychotherapy and are specialists for adults, juveniles and children.[\/vc_column_text][\/vc_column][\/vc_row][vc_row][vc_column][vc_column_text]Our clinical work is based on constant keeping up with the results of new research Insurance companies in Germany pay for the costs of your psychotherapeutic treatment.<\/p>\n<p>We offer you our best professional treatment and want you to feel comfortable in a friendly and trustful atmosphere in our practice.<\/p>\n<p>Even though we are no native speakers we have long experience in speaking English and have lived abroad in English speaking countries.<\/p>\n<p>You can find information about psychotherapy in the German insurance system <a href=\"https:\/\/praxisschaefer.de\/wp-content\/uploads\/2018\/02\/2019-09_bptk_patientenbroschuere_englisch_web.pdf\">here<\/a>.[\/vc_column_text]<div id=\"1542882467653-32351b4e-47a4\" class=\"dt-sc-empty-space\"><\/div>[\/vc_column][\/vc_row]<\/p>\n<\/div>","protected":false},"excerpt":{"rendered":"<p>[vc_row][vc_column el_align=&#8221;left&#8221;][vc_column_text]We are a team of psychotherapists with many years of experience in clinical psychotherapy. We are educated in a variety of psychotherapeuticy disciplines such as Behavioral Therapy and Psychodynamic Psychotherapy and are specialists for adults, juveniles and children.[\/vc_column_text][\/vc_column][\/vc_row][vc_row][vc_column][vc_column_text]Our clinical work is based on constant keeping up with the results of new research Insurance companies [&hellip;]<\/p>\n","protected":false},"author":1,"featured_media":0,"parent":0,"menu_order":147,"comment_status":"closed","ping_status":"closed","template":"","meta":{"_acf_changed":false,"footnotes":""},"class_list":["post-15325","page","type-page","status-publish","hentry"],"acf":[],"yoast_head":"<!-- This site is optimized with the Yoast SEO Premium plugin v22.4 (Yoast SEO v22.4) - https:\/\/yoast.com\/wordpress\/plugins\/seo\/ -->\n<title>We speak English - Sabine Sch\u00e4fer<\/title>\n<meta name=\"robots\" content=\"index, follow, max-snippet:-1, max-image-preview:large, max-video-preview:-1\" \/>\n<link rel=\"canonical\" href=\"https:\/\/praxisschaefer.de\/we-speak-english\/\" \/>\n<meta property=\"og:locale\" content=\"en_US\" \/>\n<meta property=\"og:type\" content=\"article\" \/>\n<meta property=\"og:title\" content=\"We speak English\" \/>\n<meta property=\"og:description\" content=\"[vc_row][vc_column el_align=&#8221;left&#8221;][vc_column_text]We are a team of psychotherapists with many years of experience in clinical psychotherapy. We are educated in a variety of psychotherapeuticy disciplines such as Behavioral Therapy and Psychodynamic Psychotherapy and are specialists for adults, juveniles and children.[\/vc_column_text][\/vc_column][\/vc_row][vc_row][vc_column][vc_column_text]Our clinical work is based on constant keeping up with the results of new research Insurance companies [&hellip;]\" \/>\n<meta property=\"og:url\" content=\"https:\/\/praxisschaefer.de\/we-speak-english\/\" \/>\n<meta property=\"og:site_name\" content=\"Sabine Sch\u00e4fer\" \/>\n<meta property=\"article:modified_time\" content=\"2024-01-08T13:29:24+00:00\" \/>\n<meta name=\"twitter:card\" content=\"summary_large_image\" \/>\n<meta name=\"twitter:label1\" content=\"Est. reading time\" \/>\n\t<meta name=\"twitter:data1\" content=\"1 minute\" \/>\n<script type=\"application\/ld+json\" class=\"yoast-schema-graph\">{\"@context\":\"https:\/\/schema.org\",\"@graph\":[{\"@type\":\"WebPage\",\"@id\":\"https:\/\/praxisschaefer.de\/we-speak-english\/\",\"url\":\"https:\/\/praxisschaefer.de\/we-speak-english\/\",\"name\":\"We speak English - Sabine Sch\u00e4fer\",\"isPartOf\":{\"@id\":\"https:\/\/praxisschaefer.de\/#website\"},\"datePublished\":\"2018-11-22T10:23:02+00:00\",\"dateModified\":\"2024-01-08T13:29:24+00:00\",\"breadcrumb\":{\"@id\":\"https:\/\/praxisschaefer.de\/we-speak-english\/#breadcrumb\"},\"inLanguage\":\"en-US\",\"potentialAction\":[{\"@type\":\"ReadAction\",\"target\":[\"https:\/\/praxisschaefer.de\/we-speak-english\/\"]}]},{\"@type\":\"BreadcrumbList\",\"@id\":\"https:\/\/praxisschaefer.de\/we-speak-english\/#breadcrumb\",\"itemListElement\":[{\"@type\":\"ListItem\",\"position\":1,\"name\":\"Startseite\",\"item\":\"https:\/\/praxisschaefer.de\/en\/\"},{\"@type\":\"ListItem\",\"position\":2,\"name\":\"We speak English\"}]},{\"@type\":\"WebSite\",\"@id\":\"https:\/\/praxisschaefer.de\/#website\",\"url\":\"https:\/\/praxisschaefer.de\/\",\"name\":\"Praxis f\u00fcr Psychotherapie Dipl.-Psych. Sabine Sch\u00e4fer\",\"description\":\"Praxis f\u00fcr Psychotherapie\",\"publisher\":{\"@id\":\"https:\/\/praxisschaefer.de\/#organization\"},\"potentialAction\":[{\"@type\":\"SearchAction\",\"target\":{\"@type\":\"EntryPoint\",\"urlTemplate\":\"https:\/\/praxisschaefer.de\/?s={search_term_string}\"},\"query-input\":\"required name=search_term_string\"}],\"inLanguage\":\"en-US\"},{\"@type\":\"Organization\",\"@id\":\"https:\/\/praxisschaefer.de\/#organization\",\"name\":\"Praxis f\u00fcr Psychotherapie Dipl.-Psych. Sabine Sch\u00e4fer\",\"url\":\"https:\/\/praxisschaefer.de\/\",\"logo\":{\"@type\":\"ImageObject\",\"inLanguage\":\"en-US\",\"@id\":\"https:\/\/praxisschaefer.de\/#\/schema\/logo\/image\/\",\"url\":\"https:\/\/praxisschaefer.de\/wp-content\/uploads\/2024\/01\/praxis-schaefer-team-sabine-schaefer-neu.jpg\",\"contentUrl\":\"https:\/\/praxisschaefer.de\/wp-content\/uploads\/2024\/01\/praxis-schaefer-team-sabine-schaefer-neu.jpg\",\"width\":1000,\"height\":1000,\"caption\":\"Praxis f\u00fcr Psychotherapie Dipl.-Psych. Sabine Sch\u00e4fer\"},\"image\":{\"@id\":\"https:\/\/praxisschaefer.de\/#\/schema\/logo\/image\/\"}}]}<\/script>\n<!-- \/ Yoast SEO Premium plugin. -->","yoast_head_json":{"title":"We speak English - Sabine Sch\u00e4fer","robots":{"index":"index","follow":"follow","max-snippet":"max-snippet:-1","max-image-preview":"max-image-preview:large","max-video-preview":"max-video-preview:-1"},"canonical":"https:\/\/praxisschaefer.de\/we-speak-english\/","og_locale":"en_US","og_type":"article","og_title":"We speak English","og_description":"[vc_row][vc_column el_align=&#8221;left&#8221;][vc_column_text]We are a team of psychotherapists with many years of experience in clinical psychotherapy. We are educated in a variety of psychotherapeuticy disciplines such as Behavioral Therapy and Psychodynamic Psychotherapy and are specialists for adults, juveniles and children.[\/vc_column_text][\/vc_column][\/vc_row][vc_row][vc_column][vc_column_text]Our clinical work is based on constant keeping up with the results of new research Insurance companies [&hellip;]","og_url":"https:\/\/praxisschaefer.de\/we-speak-english\/","og_site_name":"Sabine Sch\u00e4fer","article_modified_time":"2024-01-08T13:29:24+00:00","twitter_card":"summary_large_image","twitter_misc":{"Est. reading time":"1 minute"},"schema":{"@context":"https:\/\/schema.org","@graph":[{"@type":"WebPage","@id":"https:\/\/praxisschaefer.de\/we-speak-english\/","url":"https:\/\/praxisschaefer.de\/we-speak-english\/","name":"We speak English - Sabine Sch\u00e4fer","isPartOf":{"@id":"https:\/\/praxisschaefer.de\/#website"},"datePublished":"2018-11-22T10:23:02+00:00","dateModified":"2024-01-08T13:29:24+00:00","breadcrumb":{"@id":"https:\/\/praxisschaefer.de\/we-speak-english\/#breadcrumb"},"inLanguage":"en-US","potentialAction":[{"@type":"ReadAction","target":["https:\/\/praxisschaefer.de\/we-speak-english\/"]}]},{"@type":"BreadcrumbList","@id":"https:\/\/praxisschaefer.de\/we-speak-english\/#breadcrumb","itemListElement":[{"@type":"ListItem","position":1,"name":"Startseite","item":"https:\/\/praxisschaefer.de\/en\/"},{"@type":"ListItem","position":2,"name":"We speak English"}]},{"@type":"WebSite","@id":"https:\/\/praxisschaefer.de\/#website","url":"https:\/\/praxisschaefer.de\/","name":"Praxis f\u00fcr Psychotherapie Dipl.-Psych. Sabine Sch\u00e4fer","description":"Praxis f\u00fcr Psychotherapie","publisher":{"@id":"https:\/\/praxisschaefer.de\/#organization"},"potentialAction":[{"@type":"SearchAction","target":{"@type":"EntryPoint","urlTemplate":"https:\/\/praxisschaefer.de\/?s={search_term_string}"},"query-input":"required name=search_term_string"}],"inLanguage":"en-US"},{"@type":"Organization","@id":"https:\/\/praxisschaefer.de\/#organization","name":"Praxis f\u00fcr Psychotherapie Dipl.-Psych. Sabine Sch\u00e4fer","url":"https:\/\/praxisschaefer.de\/","logo":{"@type":"ImageObject","inLanguage":"en-US","@id":"https:\/\/praxisschaefer.de\/#\/schema\/logo\/image\/","url":"https:\/\/praxisschaefer.de\/wp-content\/uploads\/2024\/01\/praxis-schaefer-team-sabine-schaefer-neu.jpg","contentUrl":"https:\/\/praxisschaefer.de\/wp-content\/uploads\/2024\/01\/praxis-schaefer-team-sabine-schaefer-neu.jpg","width":1000,"height":1000,"caption":"Praxis f\u00fcr Psychotherapie Dipl.-Psych. Sabine Sch\u00e4fer"},"image":{"@id":"https:\/\/praxisschaefer.de\/#\/schema\/logo\/image\/"}}]}},"_links":{"self":[{"href":"https:\/\/praxisschaefer.de\/en\/wp-json\/wp\/v2\/pages\/15325","targetHints":{"allow":["GET"]}}],"collection":[{"href":"https:\/\/praxisschaefer.de\/en\/wp-json\/wp\/v2\/pages"}],"about":[{"href":"https:\/\/praxisschaefer.de\/en\/wp-json\/wp\/v2\/types\/page"}],"author":[{"embeddable":true,"href":"https:\/\/praxisschaefer.de\/en\/wp-json\/wp\/v2\/users\/1"}],"replies":[{"embeddable":true,"href":"https:\/\/praxisschaefer.de\/en\/wp-json\/wp\/v2\/comments?post=15325"}],"version-history":[{"count":4,"href":"https:\/\/praxisschaefer.de\/en\/wp-json\/wp\/v2\/pages\/15325\/revisions"}],"predecessor-version":[{"id":15346,"href":"https:\/\/praxisschaefer.de\/en\/wp-json\/wp\/v2\/pages\/15325\/revisions\/15346"}],"wp:attachment":[{"href":"https:\/\/praxisschaefer.de\/en\/wp-json\/wp\/v2\/media?parent=15325"}],"curies":[{"name":"wp","href":"https:\/\/api.w.org\/{rel}","templated":true}]}}