{"id":15308,"date":"2020-02-21T16:12:39","date_gmt":"2020-02-21T15:12:39","guid":{"rendered":"https:\/\/praxisschaefer.designwerk-kussmaul.de\/teck-castle\/"},"modified":"2024-01-29T17:25:30","modified_gmt":"2024-01-29T16:25:30","slug":"teck-castle","status":"publish","type":"page","link":"https:\/\/praxisschaefer.de\/en\/scenic-excursion-destinations\/teck-castle\/","title":{"rendered":"Teck Castle"},"content":{"rendered":"<div class=\"wpb-content-wrapper\"><p>[vc_row][vc_column el_align=&#8221;center&#8221;]<div id=\"1582292861772-e00ba7a9-d555\" class=\"dt-sc-empty-space\"><\/div><div class='dt-sc-title script-with-sub-title '><h2><\/h2><h3>Teck Castle<\/h3><\/div>[\/vc_column][\/vc_row][vc_row][vc_column][vc_column_text]<a href=\"https:\/\/goo.gl\/maps\/qs7iQCqbJeC8AtDm8\">Teck Castle<\/a> was built around 1152 and is situated 775m high on the Teckberg at the foot of the Swabian Alb. Significant parts of the protective and summit castle are still well preserved. Mary of Teck, the grandmother of Queen Elizabeth II, was descended from the noble family of &#8220;von Teck&#8221;. So when you visit the beautiful Teck, you are also walking in the footsteps of the most famous royal family in the world.<\/p>\n<p>You can either master the ascent to the <a href=\"https:\/\/goo.gl\/maps\/qs7iQCqbJeC8AtDm8\">Teck<\/a> with a hike from one of the villages at the foot of the mountain (e.g. Bissingen, Owen). Alternatively, you can drive to one of the <a href=\"https:\/\/www.google.com\/maps\/place\/Parkplatz+B%C3%B6lle\/@48.5845837,9.4640756,17z\/data=!3m1!4b1!4m6!3m5!1s0x479996db148fc235:0x138790feaea13ffd!8m2!3d48.5845802!4d9.4666505!16s%2Fg%2F11hbfgnpng?entry=ttu\">B\u00f6lle<\/a> or <a href=\"https:\/\/www.google.com\/maps\/place\/H%C3%B6rnle+Aussichtspunkt\/@48.5976035,9.472108,17z\/data=!3m1!4b1!4m6!3m5!1s0x47999713b93531c3:0xb0c559163f166fb!8m2!3d48.5976!4d9.4746829!16s%2Fg%2F11f6g0wv0p?entry=ttu\">H\u00f6rnle<\/a> hiking parking lots (including barbecue area) halfway up the Teckberg and hike for approx. 20 minutes up to the panoramic castle (well signposted from Owen).<\/p>\n<p>Below the castle, it is also worth making a detour to the <a href=\"https:\/\/www.google.com\/maps\/place\/Sibyllenloch\/@48.5888465,9.4698686,15z\/data=!4m6!3m5!1s0x479996dd03e48637:0x209209a173a7d59e!8m2!3d48.5888465!4d9.4698686!16s%2Fg%2F1232j2j4?entry=ttu\">Sybillen Cave<\/a>.<\/p>\n<p>During opening hours, you can enjoy food and drink both in the hiking restaurant and, weather permitting, in the beer garden in the castle courtyard.<\/p>\n<p>You can find more information here: <a class=\"external-link-new-window\" title=\"Opens an external link in a new window\" href=\"http:\/\/www.burg-teck-alb.de\/\" target=\"_blank\" rel=\"noopener\">www.burg-teck-alb.de<\/a><\/p>\n<p><strong>Opening hours<\/strong>:<br \/>\nWed-Sat from 10 a.m. to 10 p.m.<br \/>\nSundays and public holidays from 9.00 a.m. to 6.00 p.m.<\/p>\n<p><strong>Contact:<\/strong><br \/>\nSeehofer family<br \/>\nTeckstra\u00dfe 100, 73277 Owen an der Teck<br \/>\nphone 07021 55208, fax 07021 862012[\/vc_column_text][\/vc_column][\/vc_row]<\/p>\n<\/div>","protected":false},"excerpt":{"rendered":"<p>[vc_row][vc_column el_align=&#8221;center&#8221;][\/vc_column][\/vc_row][vc_row][vc_column][vc_column_text]Teck Castle was built around 1152 and is situated 775m high on the Teckberg at the foot of the Swabian Alb. Significant parts of the protective and summit castle are still well preserved. Mary of Teck, the grandmother of Queen Elizabeth II, was descended from the noble family of &#8220;von Teck&#8221;. So when you [&hellip;]<\/p>\n","protected":false},"author":1,"featured_media":0,"parent":15327,"menu_order":7,"comment_status":"closed","ping_status":"closed","template":"","meta":{"_acf_changed":false,"footnotes":""},"class_list":["post-15308","page","type-page","status-publish","hentry"],"acf":[],"yoast_head":"<!-- This site is optimized with the Yoast SEO Premium plugin v22.4 (Yoast SEO v22.4) - https:\/\/yoast.com\/wordpress\/plugins\/seo\/ -->\n<title>Teck Castle - Sabine Sch\u00e4fer<\/title>\n<meta name=\"robots\" content=\"index, follow, max-snippet:-1, max-image-preview:large, max-video-preview:-1\" \/>\n<link rel=\"canonical\" href=\"https:\/\/praxisschaefer.de\/aussichtsreiche-ausflugsziele\/burg-teck\/\" \/>\n<meta property=\"og:locale\" content=\"en_US\" \/>\n<meta property=\"og:type\" content=\"article\" \/>\n<meta property=\"og:title\" content=\"Teck Castle\" \/>\n<meta property=\"og:description\" content=\"[vc_row][vc_column el_align=&#8221;center&#8221;][\/vc_column][\/vc_row][vc_row][vc_column][vc_column_text]Teck Castle was built around 1152 and is situated 775m high on the Teckberg at the foot of the Swabian Alb. Significant parts of the protective and summit castle are still well preserved. Mary of Teck, the grandmother of Queen Elizabeth II, was descended from the noble family of &#8220;von Teck&#8221;. So when you [&hellip;]\" \/>\n<meta property=\"og:url\" content=\"https:\/\/praxisschaefer.de\/aussichtsreiche-ausflugsziele\/burg-teck\/\" \/>\n<meta property=\"og:site_name\" content=\"Sabine Sch\u00e4fer\" \/>\n<meta property=\"article:modified_time\" content=\"2024-01-29T16:25:30+00:00\" \/>\n<meta name=\"twitter:card\" content=\"summary_large_image\" \/>\n<meta name=\"twitter:label1\" content=\"Est. reading time\" \/>\n\t<meta name=\"twitter:data1\" content=\"1 minute\" \/>\n<script type=\"application\/ld+json\" class=\"yoast-schema-graph\">{\"@context\":\"https:\/\/schema.org\",\"@graph\":[{\"@type\":\"WebPage\",\"@id\":\"https:\/\/praxisschaefer.de\/aussichtsreiche-ausflugsziele\/burg-teck\/\",\"url\":\"https:\/\/praxisschaefer.de\/aussichtsreiche-ausflugsziele\/burg-teck\/\",\"name\":\"Teck Castle - Sabine Sch\u00e4fer\",\"isPartOf\":{\"@id\":\"https:\/\/praxisschaefer.de\/#website\"},\"datePublished\":\"2020-02-21T15:12:39+00:00\",\"dateModified\":\"2024-01-29T16:25:30+00:00\",\"breadcrumb\":{\"@id\":\"https:\/\/praxisschaefer.de\/aussichtsreiche-ausflugsziele\/burg-teck\/#breadcrumb\"},\"inLanguage\":\"en-US\",\"potentialAction\":[{\"@type\":\"ReadAction\",\"target\":[\"https:\/\/praxisschaefer.de\/aussichtsreiche-ausflugsziele\/burg-teck\/\"]}]},{\"@type\":\"BreadcrumbList\",\"@id\":\"https:\/\/praxisschaefer.de\/aussichtsreiche-ausflugsziele\/burg-teck\/#breadcrumb\",\"itemListElement\":[{\"@type\":\"ListItem\",\"position\":1,\"name\":\"Startseite\",\"item\":\"https:\/\/praxisschaefer.de\/en\/\"},{\"@type\":\"ListItem\",\"position\":2,\"name\":\"Scenic excursion destinations\",\"item\":\"https:\/\/praxisschaefer.de\/aussichtsreiche-ausflugsziele\/\"},{\"@type\":\"ListItem\",\"position\":3,\"name\":\"Teck Castle\"}]},{\"@type\":\"WebSite\",\"@id\":\"https:\/\/praxisschaefer.de\/#website\",\"url\":\"https:\/\/praxisschaefer.de\/\",\"name\":\"Praxis f\u00fcr Psychotherapie Dipl.-Psych. Sabine Sch\u00e4fer\",\"description\":\"Praxis f\u00fcr Psychotherapie\",\"publisher\":{\"@id\":\"https:\/\/praxisschaefer.de\/#organization\"},\"potentialAction\":[{\"@type\":\"SearchAction\",\"target\":{\"@type\":\"EntryPoint\",\"urlTemplate\":\"https:\/\/praxisschaefer.de\/?s={search_term_string}\"},\"query-input\":\"required name=search_term_string\"}],\"inLanguage\":\"en-US\"},{\"@type\":\"Organization\",\"@id\":\"https:\/\/praxisschaefer.de\/#organization\",\"name\":\"Praxis f\u00fcr Psychotherapie Dipl.-Psych. Sabine Sch\u00e4fer\",\"url\":\"https:\/\/praxisschaefer.de\/\",\"logo\":{\"@type\":\"ImageObject\",\"inLanguage\":\"en-US\",\"@id\":\"https:\/\/praxisschaefer.de\/#\/schema\/logo\/image\/\",\"url\":\"https:\/\/praxisschaefer.de\/wp-content\/uploads\/2024\/01\/praxis-schaefer-team-sabine-schaefer-neu.jpg\",\"contentUrl\":\"https:\/\/praxisschaefer.de\/wp-content\/uploads\/2024\/01\/praxis-schaefer-team-sabine-schaefer-neu.jpg\",\"width\":1000,\"height\":1000,\"caption\":\"Praxis f\u00fcr Psychotherapie Dipl.-Psych. Sabine Sch\u00e4fer\"},\"image\":{\"@id\":\"https:\/\/praxisschaefer.de\/#\/schema\/logo\/image\/\"}}]}<\/script>\n<!-- \/ Yoast SEO Premium plugin. -->","yoast_head_json":{"title":"Teck Castle - Sabine Sch\u00e4fer","robots":{"index":"index","follow":"follow","max-snippet":"max-snippet:-1","max-image-preview":"max-image-preview:large","max-video-preview":"max-video-preview:-1"},"canonical":"https:\/\/praxisschaefer.de\/aussichtsreiche-ausflugsziele\/burg-teck\/","og_locale":"en_US","og_type":"article","og_title":"Teck Castle","og_description":"[vc_row][vc_column el_align=&#8221;center&#8221;][\/vc_column][\/vc_row][vc_row][vc_column][vc_column_text]Teck Castle was built around 1152 and is situated 775m high on the Teckberg at the foot of the Swabian Alb. Significant parts of the protective and summit castle are still well preserved. Mary of Teck, the grandmother of Queen Elizabeth II, was descended from the noble family of &#8220;von Teck&#8221;. So when you [&hellip;]","og_url":"https:\/\/praxisschaefer.de\/aussichtsreiche-ausflugsziele\/burg-teck\/","og_site_name":"Sabine Sch\u00e4fer","article_modified_time":"2024-01-29T16:25:30+00:00","twitter_card":"summary_large_image","twitter_misc":{"Est. reading time":"1 minute"},"schema":{"@context":"https:\/\/schema.org","@graph":[{"@type":"WebPage","@id":"https:\/\/praxisschaefer.de\/aussichtsreiche-ausflugsziele\/burg-teck\/","url":"https:\/\/praxisschaefer.de\/aussichtsreiche-ausflugsziele\/burg-teck\/","name":"Teck Castle - Sabine Sch\u00e4fer","isPartOf":{"@id":"https:\/\/praxisschaefer.de\/#website"},"datePublished":"2020-02-21T15:12:39+00:00","dateModified":"2024-01-29T16:25:30+00:00","breadcrumb":{"@id":"https:\/\/praxisschaefer.de\/aussichtsreiche-ausflugsziele\/burg-teck\/#breadcrumb"},"inLanguage":"en-US","potentialAction":[{"@type":"ReadAction","target":["https:\/\/praxisschaefer.de\/aussichtsreiche-ausflugsziele\/burg-teck\/"]}]},{"@type":"BreadcrumbList","@id":"https:\/\/praxisschaefer.de\/aussichtsreiche-ausflugsziele\/burg-teck\/#breadcrumb","itemListElement":[{"@type":"ListItem","position":1,"name":"Startseite","item":"https:\/\/praxisschaefer.de\/en\/"},{"@type":"ListItem","position":2,"name":"Scenic excursion destinations","item":"https:\/\/praxisschaefer.de\/aussichtsreiche-ausflugsziele\/"},{"@type":"ListItem","position":3,"name":"Teck Castle"}]},{"@type":"WebSite","@id":"https:\/\/praxisschaefer.de\/#website","url":"https:\/\/praxisschaefer.de\/","name":"Praxis f\u00fcr Psychotherapie Dipl.-Psych. Sabine Sch\u00e4fer","description":"Praxis f\u00fcr Psychotherapie","publisher":{"@id":"https:\/\/praxisschaefer.de\/#organization"},"potentialAction":[{"@type":"SearchAction","target":{"@type":"EntryPoint","urlTemplate":"https:\/\/praxisschaefer.de\/?s={search_term_string}"},"query-input":"required name=search_term_string"}],"inLanguage":"en-US"},{"@type":"Organization","@id":"https:\/\/praxisschaefer.de\/#organization","name":"Praxis f\u00fcr Psychotherapie Dipl.-Psych. Sabine Sch\u00e4fer","url":"https:\/\/praxisschaefer.de\/","logo":{"@type":"ImageObject","inLanguage":"en-US","@id":"https:\/\/praxisschaefer.de\/#\/schema\/logo\/image\/","url":"https:\/\/praxisschaefer.de\/wp-content\/uploads\/2024\/01\/praxis-schaefer-team-sabine-schaefer-neu.jpg","contentUrl":"https:\/\/praxisschaefer.de\/wp-content\/uploads\/2024\/01\/praxis-schaefer-team-sabine-schaefer-neu.jpg","width":1000,"height":1000,"caption":"Praxis f\u00fcr Psychotherapie Dipl.-Psych. Sabine Sch\u00e4fer"},"image":{"@id":"https:\/\/praxisschaefer.de\/#\/schema\/logo\/image\/"}}]}},"_links":{"self":[{"href":"https:\/\/praxisschaefer.de\/en\/wp-json\/wp\/v2\/pages\/15308","targetHints":{"allow":["GET"]}}],"collection":[{"href":"https:\/\/praxisschaefer.de\/en\/wp-json\/wp\/v2\/pages"}],"about":[{"href":"https:\/\/praxisschaefer.de\/en\/wp-json\/wp\/v2\/types\/page"}],"author":[{"embeddable":true,"href":"https:\/\/praxisschaefer.de\/en\/wp-json\/wp\/v2\/users\/1"}],"replies":[{"embeddable":true,"href":"https:\/\/praxisschaefer.de\/en\/wp-json\/wp\/v2\/comments?post=15308"}],"version-history":[{"count":2,"href":"https:\/\/praxisschaefer.de\/en\/wp-json\/wp\/v2\/pages\/15308\/revisions"}],"predecessor-version":[{"id":15663,"href":"https:\/\/praxisschaefer.de\/en\/wp-json\/wp\/v2\/pages\/15308\/revisions\/15663"}],"up":[{"embeddable":true,"href":"https:\/\/praxisschaefer.de\/en\/wp-json\/wp\/v2\/pages\/15327"}],"wp:attachment":[{"href":"https:\/\/praxisschaefer.de\/en\/wp-json\/wp\/v2\/media?parent=15308"}],"curies":[{"name":"wp","href":"https:\/\/api.w.org\/{rel}","templated":true}]}}