{"id":15305,"date":"2020-02-21T16:25:56","date_gmt":"2020-02-21T15:25:56","guid":{"rendered":"https:\/\/praxisschaefer.designwerk-kussmaul.de\/do-i-need-psychotherapy\/"},"modified":"2024-01-28T14:45:43","modified_gmt":"2024-01-28T13:45:43","slug":"do-i-need-psychotherapy","status":"publish","type":"page","link":"https:\/\/praxisschaefer.de\/en\/psychotherapy-for-children-and-adolescents\/do-i-need-psychotherapy\/","title":{"rendered":"Do I need psychotherapy?"},"content":{"rendered":"<div class=\"wpb-content-wrapper\"><p>[vc_row][vc_column el_align=&#8221;center&#8221;]<div id=\"1582292861772-e00ba7a9-d555\" class=\"dt-sc-empty-space\"><\/div><div class='dt-sc-title script-with-sub-title '><h2><\/h2><h3>Do I need psychotherapy?<\/h3><\/div>[\/vc_column][\/vc_row][vc_row][vc_column][vc_column_text]Here we give you some tips on whether you need help and whether we can help you.<\/p>\n<p>&nbsp;<\/p>\n<p>Do you experience these or similar thoughts and feelings?<\/p>\n<ul>\n<li>you are plagued by fears or have nightmares at night<\/li>\n<li>School has become a torture for you<\/li>\n<li>You no longer know what to do, your thoughts keep going round in circles<\/li>\n<li>you withdraw more and more from other children and young people<\/li>\n<li>Your parents are separating or have separated<\/li>\n<li>you often suffer from headaches or stomach aches &#8211; but your doctor cannot identify any physical causes<\/li>\n<li>you have binge eating fits and then throw up everything again<\/li>\n<li>you are working more and more on looking like a well-known YouTuber or TikToker<\/li>\n<li>you feel lonely &#8220;among many&#8221; or would like to make friends<\/li>\n<\/ul>\n<p>These are just examples that certainly cannot capture your very personal feelings and problems. We can only find out more in a conversation or with other playful means and consider together what can help you.<\/p>\n<p>Want to find out what&#8217;s wrong with you?<\/p>\n<p>The website of the Federal Chamber of Psychotherapists may also help you with this question:<br \/>\n<a href=\"https:\/\/www.gefuehle-fetzen.net\/?cookie-state-change=1662932475072\">https:\/\/www.gefuehle-fetzen.net\/?cookie-state-change=1662932475072<\/a>[\/vc_column_text][\/vc_column][\/vc_row]<\/p>\n<\/div>","protected":false},"excerpt":{"rendered":"<p>[vc_row][vc_column el_align=&#8221;center&#8221;][\/vc_column][\/vc_row][vc_row][vc_column][vc_column_text]Here we give you some tips on whether you need help and whether we can help you. &nbsp; Do you experience these or similar thoughts and feelings? you are plagued by fears or have nightmares at night School has become a torture for you You no longer know what to do, your thoughts keep [&hellip;]<\/p>\n","protected":false},"author":1,"featured_media":0,"parent":15434,"menu_order":115,"comment_status":"closed","ping_status":"closed","template":"","meta":{"_acf_changed":false,"footnotes":""},"class_list":["post-15305","page","type-page","status-publish","hentry"],"acf":[],"yoast_head":"<!-- This site is optimized with the Yoast SEO Premium plugin v22.4 (Yoast SEO v22.4) - https:\/\/yoast.com\/wordpress\/plugins\/seo\/ -->\n<title>Do I need psychotherapy? - Sabine Sch\u00e4fer<\/title>\n<meta name=\"robots\" content=\"index, follow, max-snippet:-1, max-image-preview:large, max-video-preview:-1\" \/>\n<link rel=\"canonical\" href=\"https:\/\/praxisschaefer.de\/psychotherapie-fuer-kinder-und-jugendliche\/brauche-ich-eine-psychotherapie\/\" \/>\n<meta property=\"og:locale\" content=\"en_US\" \/>\n<meta property=\"og:type\" content=\"article\" \/>\n<meta property=\"og:title\" content=\"Do I need psychotherapy?\" \/>\n<meta property=\"og:description\" content=\"[vc_row][vc_column el_align=&#8221;center&#8221;][\/vc_column][\/vc_row][vc_row][vc_column][vc_column_text]Here we give you some tips on whether you need help and whether we can help you. &nbsp; Do you experience these or similar thoughts and feelings? you are plagued by fears or have nightmares at night School has become a torture for you You no longer know what to do, your thoughts keep [&hellip;]\" \/>\n<meta property=\"og:url\" content=\"https:\/\/praxisschaefer.de\/psychotherapie-fuer-kinder-und-jugendliche\/brauche-ich-eine-psychotherapie\/\" \/>\n<meta property=\"og:site_name\" content=\"Sabine Sch\u00e4fer\" \/>\n<meta property=\"article:modified_time\" content=\"2024-01-28T13:45:43+00:00\" \/>\n<meta name=\"twitter:card\" content=\"summary_large_image\" \/>\n<meta name=\"twitter:label1\" content=\"Est. reading time\" \/>\n\t<meta name=\"twitter:data1\" content=\"1 minute\" \/>\n<script type=\"application\/ld+json\" class=\"yoast-schema-graph\">{\"@context\":\"https:\/\/schema.org\",\"@graph\":[{\"@type\":\"WebPage\",\"@id\":\"https:\/\/praxisschaefer.de\/psychotherapie-fuer-kinder-und-jugendliche\/brauche-ich-eine-psychotherapie\/\",\"url\":\"https:\/\/praxisschaefer.de\/psychotherapie-fuer-kinder-und-jugendliche\/brauche-ich-eine-psychotherapie\/\",\"name\":\"Do I need psychotherapy? - Sabine Sch\u00e4fer\",\"isPartOf\":{\"@id\":\"https:\/\/praxisschaefer.de\/#website\"},\"datePublished\":\"2020-02-21T15:25:56+00:00\",\"dateModified\":\"2024-01-28T13:45:43+00:00\",\"breadcrumb\":{\"@id\":\"https:\/\/praxisschaefer.de\/psychotherapie-fuer-kinder-und-jugendliche\/brauche-ich-eine-psychotherapie\/#breadcrumb\"},\"inLanguage\":\"en-US\",\"potentialAction\":[{\"@type\":\"ReadAction\",\"target\":[\"https:\/\/praxisschaefer.de\/psychotherapie-fuer-kinder-und-jugendliche\/brauche-ich-eine-psychotherapie\/\"]}]},{\"@type\":\"BreadcrumbList\",\"@id\":\"https:\/\/praxisschaefer.de\/psychotherapie-fuer-kinder-und-jugendliche\/brauche-ich-eine-psychotherapie\/#breadcrumb\",\"itemListElement\":[{\"@type\":\"ListItem\",\"position\":1,\"name\":\"Startseite\",\"item\":\"https:\/\/praxisschaefer.de\/en\/\"},{\"@type\":\"ListItem\",\"position\":2,\"name\":\"Psychotherapy for children and adolescents\",\"item\":\"https:\/\/praxisschaefer.de\/psychotherapie-fuer-kinder-und-jugendliche\/\"},{\"@type\":\"ListItem\",\"position\":3,\"name\":\"Do I need psychotherapy?\"}]},{\"@type\":\"WebSite\",\"@id\":\"https:\/\/praxisschaefer.de\/#website\",\"url\":\"https:\/\/praxisschaefer.de\/\",\"name\":\"Praxis f\u00fcr Psychotherapie Dipl.-Psych. Sabine Sch\u00e4fer\",\"description\":\"Praxis f\u00fcr Psychotherapie\",\"publisher\":{\"@id\":\"https:\/\/praxisschaefer.de\/#organization\"},\"potentialAction\":[{\"@type\":\"SearchAction\",\"target\":{\"@type\":\"EntryPoint\",\"urlTemplate\":\"https:\/\/praxisschaefer.de\/?s={search_term_string}\"},\"query-input\":\"required name=search_term_string\"}],\"inLanguage\":\"en-US\"},{\"@type\":\"Organization\",\"@id\":\"https:\/\/praxisschaefer.de\/#organization\",\"name\":\"Praxis f\u00fcr Psychotherapie Dipl.-Psych. Sabine Sch\u00e4fer\",\"url\":\"https:\/\/praxisschaefer.de\/\",\"logo\":{\"@type\":\"ImageObject\",\"inLanguage\":\"en-US\",\"@id\":\"https:\/\/praxisschaefer.de\/#\/schema\/logo\/image\/\",\"url\":\"https:\/\/praxisschaefer.de\/wp-content\/uploads\/2024\/01\/praxis-schaefer-team-sabine-schaefer-neu.jpg\",\"contentUrl\":\"https:\/\/praxisschaefer.de\/wp-content\/uploads\/2024\/01\/praxis-schaefer-team-sabine-schaefer-neu.jpg\",\"width\":1000,\"height\":1000,\"caption\":\"Praxis f\u00fcr Psychotherapie Dipl.-Psych. Sabine Sch\u00e4fer\"},\"image\":{\"@id\":\"https:\/\/praxisschaefer.de\/#\/schema\/logo\/image\/\"}}]}<\/script>\n<!-- \/ Yoast SEO Premium plugin. -->","yoast_head_json":{"title":"Do I need psychotherapy? - Sabine Sch\u00e4fer","robots":{"index":"index","follow":"follow","max-snippet":"max-snippet:-1","max-image-preview":"max-image-preview:large","max-video-preview":"max-video-preview:-1"},"canonical":"https:\/\/praxisschaefer.de\/psychotherapie-fuer-kinder-und-jugendliche\/brauche-ich-eine-psychotherapie\/","og_locale":"en_US","og_type":"article","og_title":"Do I need psychotherapy?","og_description":"[vc_row][vc_column el_align=&#8221;center&#8221;][\/vc_column][\/vc_row][vc_row][vc_column][vc_column_text]Here we give you some tips on whether you need help and whether we can help you. &nbsp; Do you experience these or similar thoughts and feelings? you are plagued by fears or have nightmares at night School has become a torture for you You no longer know what to do, your thoughts keep [&hellip;]","og_url":"https:\/\/praxisschaefer.de\/psychotherapie-fuer-kinder-und-jugendliche\/brauche-ich-eine-psychotherapie\/","og_site_name":"Sabine Sch\u00e4fer","article_modified_time":"2024-01-28T13:45:43+00:00","twitter_card":"summary_large_image","twitter_misc":{"Est. reading time":"1 minute"},"schema":{"@context":"https:\/\/schema.org","@graph":[{"@type":"WebPage","@id":"https:\/\/praxisschaefer.de\/psychotherapie-fuer-kinder-und-jugendliche\/brauche-ich-eine-psychotherapie\/","url":"https:\/\/praxisschaefer.de\/psychotherapie-fuer-kinder-und-jugendliche\/brauche-ich-eine-psychotherapie\/","name":"Do I need psychotherapy? - Sabine Sch\u00e4fer","isPartOf":{"@id":"https:\/\/praxisschaefer.de\/#website"},"datePublished":"2020-02-21T15:25:56+00:00","dateModified":"2024-01-28T13:45:43+00:00","breadcrumb":{"@id":"https:\/\/praxisschaefer.de\/psychotherapie-fuer-kinder-und-jugendliche\/brauche-ich-eine-psychotherapie\/#breadcrumb"},"inLanguage":"en-US","potentialAction":[{"@type":"ReadAction","target":["https:\/\/praxisschaefer.de\/psychotherapie-fuer-kinder-und-jugendliche\/brauche-ich-eine-psychotherapie\/"]}]},{"@type":"BreadcrumbList","@id":"https:\/\/praxisschaefer.de\/psychotherapie-fuer-kinder-und-jugendliche\/brauche-ich-eine-psychotherapie\/#breadcrumb","itemListElement":[{"@type":"ListItem","position":1,"name":"Startseite","item":"https:\/\/praxisschaefer.de\/en\/"},{"@type":"ListItem","position":2,"name":"Psychotherapy for children and adolescents","item":"https:\/\/praxisschaefer.de\/psychotherapie-fuer-kinder-und-jugendliche\/"},{"@type":"ListItem","position":3,"name":"Do I need psychotherapy?"}]},{"@type":"WebSite","@id":"https:\/\/praxisschaefer.de\/#website","url":"https:\/\/praxisschaefer.de\/","name":"Praxis f\u00fcr Psychotherapie Dipl.-Psych. Sabine Sch\u00e4fer","description":"Praxis f\u00fcr Psychotherapie","publisher":{"@id":"https:\/\/praxisschaefer.de\/#organization"},"potentialAction":[{"@type":"SearchAction","target":{"@type":"EntryPoint","urlTemplate":"https:\/\/praxisschaefer.de\/?s={search_term_string}"},"query-input":"required name=search_term_string"}],"inLanguage":"en-US"},{"@type":"Organization","@id":"https:\/\/praxisschaefer.de\/#organization","name":"Praxis f\u00fcr Psychotherapie Dipl.-Psych. Sabine Sch\u00e4fer","url":"https:\/\/praxisschaefer.de\/","logo":{"@type":"ImageObject","inLanguage":"en-US","@id":"https:\/\/praxisschaefer.de\/#\/schema\/logo\/image\/","url":"https:\/\/praxisschaefer.de\/wp-content\/uploads\/2024\/01\/praxis-schaefer-team-sabine-schaefer-neu.jpg","contentUrl":"https:\/\/praxisschaefer.de\/wp-content\/uploads\/2024\/01\/praxis-schaefer-team-sabine-schaefer-neu.jpg","width":1000,"height":1000,"caption":"Praxis f\u00fcr Psychotherapie Dipl.-Psych. Sabine Sch\u00e4fer"},"image":{"@id":"https:\/\/praxisschaefer.de\/#\/schema\/logo\/image\/"}}]}},"_links":{"self":[{"href":"https:\/\/praxisschaefer.de\/en\/wp-json\/wp\/v2\/pages\/15305","targetHints":{"allow":["GET"]}}],"collection":[{"href":"https:\/\/praxisschaefer.de\/en\/wp-json\/wp\/v2\/pages"}],"about":[{"href":"https:\/\/praxisschaefer.de\/en\/wp-json\/wp\/v2\/types\/page"}],"author":[{"embeddable":true,"href":"https:\/\/praxisschaefer.de\/en\/wp-json\/wp\/v2\/users\/1"}],"replies":[{"embeddable":true,"href":"https:\/\/praxisschaefer.de\/en\/wp-json\/wp\/v2\/comments?post=15305"}],"version-history":[{"count":2,"href":"https:\/\/praxisschaefer.de\/en\/wp-json\/wp\/v2\/pages\/15305\/revisions"}],"predecessor-version":[{"id":15597,"href":"https:\/\/praxisschaefer.de\/en\/wp-json\/wp\/v2\/pages\/15305\/revisions\/15597"}],"up":[{"embeddable":true,"href":"https:\/\/praxisschaefer.de\/en\/wp-json\/wp\/v2\/pages\/15434"}],"wp:attachment":[{"href":"https:\/\/praxisschaefer.de\/en\/wp-json\/wp\/v2\/media?parent=15305"}],"curies":[{"name":"wp","href":"https:\/\/api.w.org\/{rel}","templated":true}]}}