{"id":15290,"date":"2020-02-24T09:46:10","date_gmt":"2020-02-24T08:46:10","guid":{"rendered":"https:\/\/praxisschaefer.designwerk-kussmaul.de\/counseling-centers\/"},"modified":"2024-01-29T17:06:27","modified_gmt":"2024-01-29T16:06:27","slug":"counseling-centers","status":"publish","type":"page","link":"https:\/\/praxisschaefer.de\/en\/emergency-centers-advice-centers-and-self-help\/counseling-centers\/","title":{"rendered":"Counseling centers"},"content":{"rendered":"<div class=\"wpb-content-wrapper\"><p>[vc_row][vc_column el_align=&#8221;center&#8221;]<div id=\"1582292861772-e00ba7a9-d555\" class=\"dt-sc-empty-space\"><\/div><div class='dt-sc-title script-with-sub-title '><h2><\/h2><h3>Counseling centers<\/h3><\/div>[\/vc_column][\/vc_row][vc_row][vc_column][vc_column_text]Are you looking for an advice center near you? You can find the current contact information on the website of the advice centers.<\/p>\n<p><strong>Supporting structure foundation<\/strong><br \/>\nCounseling center for relationship, family and life issues in Kirchheim<br \/>\n<a href=\"https:\/\/www.stiftung-tragwerk.de\/psychologische-beratungsstelle\/kontakt\" target=\"_blank\" rel=\"noopener\">Learn more<\/a><\/p>\n<p><strong>N\u00fcrtingen District Office<br \/>\n<\/strong>Psychological counseling center for families and young people<br \/>\n<a href=\"https:\/\/www.landkreis-esslingen.de\/,Lde\/start\/soziales\/psychologische-beratung.html\" target=\"_blank\" rel=\"noopener\">Learn more<\/a><\/p>\n<p><strong>Central Student Advisory Service IBIS<br \/>\n<\/strong><a href=\"https:\/\/www.hfwu.de\/hfwu-scout\/anlaufstellen\/studienberatung-ibis\/\" target=\"_blank\" rel=\"noopener\">Learn more<\/a>[\/vc_column_text][\/vc_column][\/vc_row]<\/p>\n<\/div>","protected":false},"excerpt":{"rendered":"<p>[vc_row][vc_column el_align=&#8221;center&#8221;][\/vc_column][\/vc_row][vc_row][vc_column][vc_column_text]Are you looking for an advice center near you? You can find the current contact information on the website of the advice centers. Supporting structure foundation Counseling center for relationship, family and life issues in Kirchheim Learn more N\u00fcrtingen District Office Psychological counseling center for families and young people Learn more Central Student Advisory [&hellip;]<\/p>\n","protected":false},"author":1,"featured_media":0,"parent":15372,"menu_order":82,"comment_status":"closed","ping_status":"closed","template":"","meta":{"_acf_changed":false,"footnotes":""},"class_list":["post-15290","page","type-page","status-publish","hentry"],"acf":[],"yoast_head":"<!-- This site is optimized with the Yoast SEO Premium plugin v22.4 (Yoast SEO v22.4) - https:\/\/yoast.com\/wordpress\/plugins\/seo\/ -->\n<title>Counseling centers - Sabine Sch\u00e4fer<\/title>\n<meta name=\"robots\" content=\"index, follow, max-snippet:-1, max-image-preview:large, max-video-preview:-1\" \/>\n<link rel=\"canonical\" href=\"https:\/\/praxisschaefer.de\/notfallstellen-beratung-selbsthilfe\/beratungsstellen\/\" \/>\n<meta property=\"og:locale\" content=\"en_US\" \/>\n<meta property=\"og:type\" content=\"article\" \/>\n<meta property=\"og:title\" content=\"Counseling centers\" \/>\n<meta property=\"og:description\" content=\"[vc_row][vc_column el_align=&#8221;center&#8221;][\/vc_column][\/vc_row][vc_row][vc_column][vc_column_text]Are you looking for an advice center near you? You can find the current contact information on the website of the advice centers. Supporting structure foundation Counseling center for relationship, family and life issues in Kirchheim Learn more N\u00fcrtingen District Office Psychological counseling center for families and young people Learn more Central Student Advisory [&hellip;]\" \/>\n<meta property=\"og:url\" content=\"https:\/\/praxisschaefer.de\/notfallstellen-beratung-selbsthilfe\/beratungsstellen\/\" \/>\n<meta property=\"og:site_name\" content=\"Sabine Sch\u00e4fer\" \/>\n<meta property=\"article:modified_time\" content=\"2024-01-29T16:06:27+00:00\" \/>\n<meta name=\"twitter:card\" content=\"summary_large_image\" \/>\n<meta name=\"twitter:label1\" content=\"Est. reading time\" \/>\n\t<meta name=\"twitter:data1\" content=\"1 minute\" \/>\n<script type=\"application\/ld+json\" class=\"yoast-schema-graph\">{\"@context\":\"https:\/\/schema.org\",\"@graph\":[{\"@type\":\"WebPage\",\"@id\":\"https:\/\/praxisschaefer.de\/notfallstellen-beratung-selbsthilfe\/beratungsstellen\/\",\"url\":\"https:\/\/praxisschaefer.de\/notfallstellen-beratung-selbsthilfe\/beratungsstellen\/\",\"name\":\"Counseling centers - Sabine Sch\u00e4fer\",\"isPartOf\":{\"@id\":\"https:\/\/praxisschaefer.de\/#website\"},\"datePublished\":\"2020-02-24T08:46:10+00:00\",\"dateModified\":\"2024-01-29T16:06:27+00:00\",\"breadcrumb\":{\"@id\":\"https:\/\/praxisschaefer.de\/notfallstellen-beratung-selbsthilfe\/beratungsstellen\/#breadcrumb\"},\"inLanguage\":\"en-US\",\"potentialAction\":[{\"@type\":\"ReadAction\",\"target\":[\"https:\/\/praxisschaefer.de\/notfallstellen-beratung-selbsthilfe\/beratungsstellen\/\"]}]},{\"@type\":\"BreadcrumbList\",\"@id\":\"https:\/\/praxisschaefer.de\/notfallstellen-beratung-selbsthilfe\/beratungsstellen\/#breadcrumb\",\"itemListElement\":[{\"@type\":\"ListItem\",\"position\":1,\"name\":\"Startseite\",\"item\":\"https:\/\/praxisschaefer.de\/en\/\"},{\"@type\":\"ListItem\",\"position\":2,\"name\":\"Emergency centers, advice centers and self-help\",\"item\":\"https:\/\/praxisschaefer.de\/notfallstellen-beratung-selbsthilfe\/\"},{\"@type\":\"ListItem\",\"position\":3,\"name\":\"Counseling centers\"}]},{\"@type\":\"WebSite\",\"@id\":\"https:\/\/praxisschaefer.de\/#website\",\"url\":\"https:\/\/praxisschaefer.de\/\",\"name\":\"Praxis f\u00fcr Psychotherapie Dipl.-Psych. Sabine Sch\u00e4fer\",\"description\":\"Praxis f\u00fcr Psychotherapie\",\"publisher\":{\"@id\":\"https:\/\/praxisschaefer.de\/#organization\"},\"potentialAction\":[{\"@type\":\"SearchAction\",\"target\":{\"@type\":\"EntryPoint\",\"urlTemplate\":\"https:\/\/praxisschaefer.de\/?s={search_term_string}\"},\"query-input\":\"required name=search_term_string\"}],\"inLanguage\":\"en-US\"},{\"@type\":\"Organization\",\"@id\":\"https:\/\/praxisschaefer.de\/#organization\",\"name\":\"Praxis f\u00fcr Psychotherapie Dipl.-Psych. Sabine Sch\u00e4fer\",\"url\":\"https:\/\/praxisschaefer.de\/\",\"logo\":{\"@type\":\"ImageObject\",\"inLanguage\":\"en-US\",\"@id\":\"https:\/\/praxisschaefer.de\/#\/schema\/logo\/image\/\",\"url\":\"https:\/\/praxisschaefer.de\/wp-content\/uploads\/2024\/01\/praxis-schaefer-team-sabine-schaefer-neu.jpg\",\"contentUrl\":\"https:\/\/praxisschaefer.de\/wp-content\/uploads\/2024\/01\/praxis-schaefer-team-sabine-schaefer-neu.jpg\",\"width\":1000,\"height\":1000,\"caption\":\"Praxis f\u00fcr Psychotherapie Dipl.-Psych. Sabine Sch\u00e4fer\"},\"image\":{\"@id\":\"https:\/\/praxisschaefer.de\/#\/schema\/logo\/image\/\"}}]}<\/script>\n<!-- \/ Yoast SEO Premium plugin. -->","yoast_head_json":{"title":"Counseling centers - Sabine Sch\u00e4fer","robots":{"index":"index","follow":"follow","max-snippet":"max-snippet:-1","max-image-preview":"max-image-preview:large","max-video-preview":"max-video-preview:-1"},"canonical":"https:\/\/praxisschaefer.de\/notfallstellen-beratung-selbsthilfe\/beratungsstellen\/","og_locale":"en_US","og_type":"article","og_title":"Counseling centers","og_description":"[vc_row][vc_column el_align=&#8221;center&#8221;][\/vc_column][\/vc_row][vc_row][vc_column][vc_column_text]Are you looking for an advice center near you? You can find the current contact information on the website of the advice centers. Supporting structure foundation Counseling center for relationship, family and life issues in Kirchheim Learn more N\u00fcrtingen District Office Psychological counseling center for families and young people Learn more Central Student Advisory [&hellip;]","og_url":"https:\/\/praxisschaefer.de\/notfallstellen-beratung-selbsthilfe\/beratungsstellen\/","og_site_name":"Sabine Sch\u00e4fer","article_modified_time":"2024-01-29T16:06:27+00:00","twitter_card":"summary_large_image","twitter_misc":{"Est. reading time":"1 minute"},"schema":{"@context":"https:\/\/schema.org","@graph":[{"@type":"WebPage","@id":"https:\/\/praxisschaefer.de\/notfallstellen-beratung-selbsthilfe\/beratungsstellen\/","url":"https:\/\/praxisschaefer.de\/notfallstellen-beratung-selbsthilfe\/beratungsstellen\/","name":"Counseling centers - Sabine Sch\u00e4fer","isPartOf":{"@id":"https:\/\/praxisschaefer.de\/#website"},"datePublished":"2020-02-24T08:46:10+00:00","dateModified":"2024-01-29T16:06:27+00:00","breadcrumb":{"@id":"https:\/\/praxisschaefer.de\/notfallstellen-beratung-selbsthilfe\/beratungsstellen\/#breadcrumb"},"inLanguage":"en-US","potentialAction":[{"@type":"ReadAction","target":["https:\/\/praxisschaefer.de\/notfallstellen-beratung-selbsthilfe\/beratungsstellen\/"]}]},{"@type":"BreadcrumbList","@id":"https:\/\/praxisschaefer.de\/notfallstellen-beratung-selbsthilfe\/beratungsstellen\/#breadcrumb","itemListElement":[{"@type":"ListItem","position":1,"name":"Startseite","item":"https:\/\/praxisschaefer.de\/en\/"},{"@type":"ListItem","position":2,"name":"Emergency centers, advice centers and self-help","item":"https:\/\/praxisschaefer.de\/notfallstellen-beratung-selbsthilfe\/"},{"@type":"ListItem","position":3,"name":"Counseling centers"}]},{"@type":"WebSite","@id":"https:\/\/praxisschaefer.de\/#website","url":"https:\/\/praxisschaefer.de\/","name":"Praxis f\u00fcr Psychotherapie Dipl.-Psych. Sabine Sch\u00e4fer","description":"Praxis f\u00fcr Psychotherapie","publisher":{"@id":"https:\/\/praxisschaefer.de\/#organization"},"potentialAction":[{"@type":"SearchAction","target":{"@type":"EntryPoint","urlTemplate":"https:\/\/praxisschaefer.de\/?s={search_term_string}"},"query-input":"required name=search_term_string"}],"inLanguage":"en-US"},{"@type":"Organization","@id":"https:\/\/praxisschaefer.de\/#organization","name":"Praxis f\u00fcr Psychotherapie Dipl.-Psych. Sabine Sch\u00e4fer","url":"https:\/\/praxisschaefer.de\/","logo":{"@type":"ImageObject","inLanguage":"en-US","@id":"https:\/\/praxisschaefer.de\/#\/schema\/logo\/image\/","url":"https:\/\/praxisschaefer.de\/wp-content\/uploads\/2024\/01\/praxis-schaefer-team-sabine-schaefer-neu.jpg","contentUrl":"https:\/\/praxisschaefer.de\/wp-content\/uploads\/2024\/01\/praxis-schaefer-team-sabine-schaefer-neu.jpg","width":1000,"height":1000,"caption":"Praxis f\u00fcr Psychotherapie Dipl.-Psych. Sabine Sch\u00e4fer"},"image":{"@id":"https:\/\/praxisschaefer.de\/#\/schema\/logo\/image\/"}}]}},"_links":{"self":[{"href":"https:\/\/praxisschaefer.de\/en\/wp-json\/wp\/v2\/pages\/15290","targetHints":{"allow":["GET"]}}],"collection":[{"href":"https:\/\/praxisschaefer.de\/en\/wp-json\/wp\/v2\/pages"}],"about":[{"href":"https:\/\/praxisschaefer.de\/en\/wp-json\/wp\/v2\/types\/page"}],"author":[{"embeddable":true,"href":"https:\/\/praxisschaefer.de\/en\/wp-json\/wp\/v2\/users\/1"}],"replies":[{"embeddable":true,"href":"https:\/\/praxisschaefer.de\/en\/wp-json\/wp\/v2\/comments?post=15290"}],"version-history":[{"count":2,"href":"https:\/\/praxisschaefer.de\/en\/wp-json\/wp\/v2\/pages\/15290\/revisions"}],"predecessor-version":[{"id":15639,"href":"https:\/\/praxisschaefer.de\/en\/wp-json\/wp\/v2\/pages\/15290\/revisions\/15639"}],"up":[{"embeddable":true,"href":"https:\/\/praxisschaefer.de\/en\/wp-json\/wp\/v2\/pages\/15372"}],"wp:attachment":[{"href":"https:\/\/praxisschaefer.de\/en\/wp-json\/wp\/v2\/media?parent=15290"}],"curies":[{"name":"wp","href":"https:\/\/api.w.org\/{rel}","templated":true}]}}