{"id":15272,"date":"2020-02-21T16:19:10","date_gmt":"2020-02-21T15:19:10","guid":{"rendered":"https:\/\/praxisschaefer.designwerk-kussmaul.de\/broad-stone\/"},"modified":"2024-01-29T17:25:16","modified_gmt":"2024-01-29T16:25:16","slug":"broad-stone","status":"publish","type":"page","link":"https:\/\/praxisschaefer.de\/en\/scenic-excursion-destinations\/broad-stone\/","title":{"rendered":"Broad stone"},"content":{"rendered":"<div class=\"wpb-content-wrapper\"><p>[vc_row][vc_column el_align=&#8221;center&#8221;]<div id=\"1582292861772-e00ba7a9-d555\" class=\"dt-sc-empty-space\"><\/div><div class='dt-sc-title script-with-sub-title '><h2><\/h2><h3>Broad stone<\/h3><\/div>[\/vc_column][\/vc_row][vc_row][vc_column][vc_column_text]<a href=\"https:\/\/www.google.com\/maps\/place\/Breitenstein\/@48.5833328,9.5,15z\/data=!3m1!4b1!4m6!3m5!1s0x479997392c48990d:0x291033dc7ecfa1b9!8m2!3d48.5833333!4d9.5!16s%2Fm%2F0c40sh3!5m1!1e4?entry=ttu\">The Breitenstein<\/a> is a rocky plateau near the village of Ochsenwang. The rocky outcrop consists of a white Jura rock and lies at 811m on the northern edge of the Swabian Alb, directly on the Albtrauf.<br \/>\nFrom the approx. 200m wide plateau of the Breitenstein, there is a wide view, unobstructed by vegetation, of the area approx. 400m below.<\/p>\n<p>You can either opt for a tight ascent from Bissingen an der Teck, situated at the foot of the Breitenstein. Or you can drive by car, motorcycle or bicycle (!) up the Alb towards Ochsenwang. Once you reach the top, a sign will direct you to the Breitenstein parking lot (on the left). From there it is a 5-minute walk at ground level to the breathtaking view of the plain, which often offers a view as far as Stuttgart. This view is an excellent backdrop for a picnic, whether during the day or as an evening meal in the sunset.[\/vc_column_text][\/vc_column][\/vc_row]<\/p>\n<\/div>","protected":false},"excerpt":{"rendered":"<p>[vc_row][vc_column el_align=&#8221;center&#8221;][\/vc_column][\/vc_row][vc_row][vc_column][vc_column_text]The Breitenstein is a rocky plateau near the village of Ochsenwang. The rocky outcrop consists of a white Jura rock and lies at 811m on the northern edge of the Swabian Alb, directly on the Albtrauf. From the approx. 200m wide plateau of the Breitenstein, there is a wide view, unobstructed by vegetation, of [&hellip;]<\/p>\n","protected":false},"author":1,"featured_media":0,"parent":15327,"menu_order":3,"comment_status":"closed","ping_status":"closed","template":"","meta":{"_acf_changed":false,"footnotes":""},"class_list":["post-15272","page","type-page","status-publish","hentry"],"acf":[],"yoast_head":"<!-- This site is optimized with the Yoast SEO Premium plugin v22.4 (Yoast SEO v22.4) - https:\/\/yoast.com\/wordpress\/plugins\/seo\/ -->\n<title>Broad stone - Sabine Sch\u00e4fer<\/title>\n<meta name=\"robots\" content=\"index, follow, max-snippet:-1, max-image-preview:large, max-video-preview:-1\" \/>\n<link rel=\"canonical\" href=\"https:\/\/praxisschaefer.de\/aussichtsreiche-ausflugsziele\/breitenstein\/\" \/>\n<meta property=\"og:locale\" content=\"en_US\" \/>\n<meta property=\"og:type\" content=\"article\" \/>\n<meta property=\"og:title\" content=\"Broad stone\" \/>\n<meta property=\"og:description\" content=\"[vc_row][vc_column el_align=&#8221;center&#8221;][\/vc_column][\/vc_row][vc_row][vc_column][vc_column_text]The Breitenstein is a rocky plateau near the village of Ochsenwang. The rocky outcrop consists of a white Jura rock and lies at 811m on the northern edge of the Swabian Alb, directly on the Albtrauf. From the approx. 200m wide plateau of the Breitenstein, there is a wide view, unobstructed by vegetation, of [&hellip;]\" \/>\n<meta property=\"og:url\" content=\"https:\/\/praxisschaefer.de\/aussichtsreiche-ausflugsziele\/breitenstein\/\" \/>\n<meta property=\"og:site_name\" content=\"Sabine Sch\u00e4fer\" \/>\n<meta property=\"article:modified_time\" content=\"2024-01-29T16:25:16+00:00\" \/>\n<meta name=\"twitter:card\" content=\"summary_large_image\" \/>\n<meta name=\"twitter:label1\" content=\"Est. reading time\" \/>\n\t<meta name=\"twitter:data1\" content=\"1 minute\" \/>\n<script type=\"application\/ld+json\" class=\"yoast-schema-graph\">{\"@context\":\"https:\/\/schema.org\",\"@graph\":[{\"@type\":\"WebPage\",\"@id\":\"https:\/\/praxisschaefer.de\/aussichtsreiche-ausflugsziele\/breitenstein\/\",\"url\":\"https:\/\/praxisschaefer.de\/aussichtsreiche-ausflugsziele\/breitenstein\/\",\"name\":\"Broad stone - Sabine Sch\u00e4fer\",\"isPartOf\":{\"@id\":\"https:\/\/praxisschaefer.de\/#website\"},\"datePublished\":\"2020-02-21T15:19:10+00:00\",\"dateModified\":\"2024-01-29T16:25:16+00:00\",\"breadcrumb\":{\"@id\":\"https:\/\/praxisschaefer.de\/aussichtsreiche-ausflugsziele\/breitenstein\/#breadcrumb\"},\"inLanguage\":\"en-US\",\"potentialAction\":[{\"@type\":\"ReadAction\",\"target\":[\"https:\/\/praxisschaefer.de\/aussichtsreiche-ausflugsziele\/breitenstein\/\"]}]},{\"@type\":\"BreadcrumbList\",\"@id\":\"https:\/\/praxisschaefer.de\/aussichtsreiche-ausflugsziele\/breitenstein\/#breadcrumb\",\"itemListElement\":[{\"@type\":\"ListItem\",\"position\":1,\"name\":\"Startseite\",\"item\":\"https:\/\/praxisschaefer.de\/en\/\"},{\"@type\":\"ListItem\",\"position\":2,\"name\":\"Scenic excursion destinations\",\"item\":\"https:\/\/praxisschaefer.de\/aussichtsreiche-ausflugsziele\/\"},{\"@type\":\"ListItem\",\"position\":3,\"name\":\"Broad stone\"}]},{\"@type\":\"WebSite\",\"@id\":\"https:\/\/praxisschaefer.de\/#website\",\"url\":\"https:\/\/praxisschaefer.de\/\",\"name\":\"Praxis f\u00fcr Psychotherapie Dipl.-Psych. Sabine Sch\u00e4fer\",\"description\":\"Praxis f\u00fcr Psychotherapie\",\"publisher\":{\"@id\":\"https:\/\/praxisschaefer.de\/#organization\"},\"potentialAction\":[{\"@type\":\"SearchAction\",\"target\":{\"@type\":\"EntryPoint\",\"urlTemplate\":\"https:\/\/praxisschaefer.de\/?s={search_term_string}\"},\"query-input\":\"required name=search_term_string\"}],\"inLanguage\":\"en-US\"},{\"@type\":\"Organization\",\"@id\":\"https:\/\/praxisschaefer.de\/#organization\",\"name\":\"Praxis f\u00fcr Psychotherapie Dipl.-Psych. Sabine Sch\u00e4fer\",\"url\":\"https:\/\/praxisschaefer.de\/\",\"logo\":{\"@type\":\"ImageObject\",\"inLanguage\":\"en-US\",\"@id\":\"https:\/\/praxisschaefer.de\/#\/schema\/logo\/image\/\",\"url\":\"https:\/\/praxisschaefer.de\/wp-content\/uploads\/2024\/01\/praxis-schaefer-team-sabine-schaefer-neu.jpg\",\"contentUrl\":\"https:\/\/praxisschaefer.de\/wp-content\/uploads\/2024\/01\/praxis-schaefer-team-sabine-schaefer-neu.jpg\",\"width\":1000,\"height\":1000,\"caption\":\"Praxis f\u00fcr Psychotherapie Dipl.-Psych. Sabine Sch\u00e4fer\"},\"image\":{\"@id\":\"https:\/\/praxisschaefer.de\/#\/schema\/logo\/image\/\"}}]}<\/script>\n<!-- \/ Yoast SEO Premium plugin. -->","yoast_head_json":{"title":"Broad stone - Sabine Sch\u00e4fer","robots":{"index":"index","follow":"follow","max-snippet":"max-snippet:-1","max-image-preview":"max-image-preview:large","max-video-preview":"max-video-preview:-1"},"canonical":"https:\/\/praxisschaefer.de\/aussichtsreiche-ausflugsziele\/breitenstein\/","og_locale":"en_US","og_type":"article","og_title":"Broad stone","og_description":"[vc_row][vc_column el_align=&#8221;center&#8221;][\/vc_column][\/vc_row][vc_row][vc_column][vc_column_text]The Breitenstein is a rocky plateau near the village of Ochsenwang. The rocky outcrop consists of a white Jura rock and lies at 811m on the northern edge of the Swabian Alb, directly on the Albtrauf. From the approx. 200m wide plateau of the Breitenstein, there is a wide view, unobstructed by vegetation, of [&hellip;]","og_url":"https:\/\/praxisschaefer.de\/aussichtsreiche-ausflugsziele\/breitenstein\/","og_site_name":"Sabine Sch\u00e4fer","article_modified_time":"2024-01-29T16:25:16+00:00","twitter_card":"summary_large_image","twitter_misc":{"Est. reading time":"1 minute"},"schema":{"@context":"https:\/\/schema.org","@graph":[{"@type":"WebPage","@id":"https:\/\/praxisschaefer.de\/aussichtsreiche-ausflugsziele\/breitenstein\/","url":"https:\/\/praxisschaefer.de\/aussichtsreiche-ausflugsziele\/breitenstein\/","name":"Broad stone - Sabine Sch\u00e4fer","isPartOf":{"@id":"https:\/\/praxisschaefer.de\/#website"},"datePublished":"2020-02-21T15:19:10+00:00","dateModified":"2024-01-29T16:25:16+00:00","breadcrumb":{"@id":"https:\/\/praxisschaefer.de\/aussichtsreiche-ausflugsziele\/breitenstein\/#breadcrumb"},"inLanguage":"en-US","potentialAction":[{"@type":"ReadAction","target":["https:\/\/praxisschaefer.de\/aussichtsreiche-ausflugsziele\/breitenstein\/"]}]},{"@type":"BreadcrumbList","@id":"https:\/\/praxisschaefer.de\/aussichtsreiche-ausflugsziele\/breitenstein\/#breadcrumb","itemListElement":[{"@type":"ListItem","position":1,"name":"Startseite","item":"https:\/\/praxisschaefer.de\/en\/"},{"@type":"ListItem","position":2,"name":"Scenic excursion destinations","item":"https:\/\/praxisschaefer.de\/aussichtsreiche-ausflugsziele\/"},{"@type":"ListItem","position":3,"name":"Broad stone"}]},{"@type":"WebSite","@id":"https:\/\/praxisschaefer.de\/#website","url":"https:\/\/praxisschaefer.de\/","name":"Praxis f\u00fcr Psychotherapie Dipl.-Psych. Sabine Sch\u00e4fer","description":"Praxis f\u00fcr Psychotherapie","publisher":{"@id":"https:\/\/praxisschaefer.de\/#organization"},"potentialAction":[{"@type":"SearchAction","target":{"@type":"EntryPoint","urlTemplate":"https:\/\/praxisschaefer.de\/?s={search_term_string}"},"query-input":"required name=search_term_string"}],"inLanguage":"en-US"},{"@type":"Organization","@id":"https:\/\/praxisschaefer.de\/#organization","name":"Praxis f\u00fcr Psychotherapie Dipl.-Psych. Sabine Sch\u00e4fer","url":"https:\/\/praxisschaefer.de\/","logo":{"@type":"ImageObject","inLanguage":"en-US","@id":"https:\/\/praxisschaefer.de\/#\/schema\/logo\/image\/","url":"https:\/\/praxisschaefer.de\/wp-content\/uploads\/2024\/01\/praxis-schaefer-team-sabine-schaefer-neu.jpg","contentUrl":"https:\/\/praxisschaefer.de\/wp-content\/uploads\/2024\/01\/praxis-schaefer-team-sabine-schaefer-neu.jpg","width":1000,"height":1000,"caption":"Praxis f\u00fcr Psychotherapie Dipl.-Psych. Sabine Sch\u00e4fer"},"image":{"@id":"https:\/\/praxisschaefer.de\/#\/schema\/logo\/image\/"}}]}},"_links":{"self":[{"href":"https:\/\/praxisschaefer.de\/en\/wp-json\/wp\/v2\/pages\/15272","targetHints":{"allow":["GET"]}}],"collection":[{"href":"https:\/\/praxisschaefer.de\/en\/wp-json\/wp\/v2\/pages"}],"about":[{"href":"https:\/\/praxisschaefer.de\/en\/wp-json\/wp\/v2\/types\/page"}],"author":[{"embeddable":true,"href":"https:\/\/praxisschaefer.de\/en\/wp-json\/wp\/v2\/users\/1"}],"replies":[{"embeddable":true,"href":"https:\/\/praxisschaefer.de\/en\/wp-json\/wp\/v2\/comments?post=15272"}],"version-history":[{"count":2,"href":"https:\/\/praxisschaefer.de\/en\/wp-json\/wp\/v2\/pages\/15272\/revisions"}],"predecessor-version":[{"id":15662,"href":"https:\/\/praxisschaefer.de\/en\/wp-json\/wp\/v2\/pages\/15272\/revisions\/15662"}],"up":[{"embeddable":true,"href":"https:\/\/praxisschaefer.de\/en\/wp-json\/wp\/v2\/pages\/15327"}],"wp:attachment":[{"href":"https:\/\/praxisschaefer.de\/en\/wp-json\/wp\/v2\/media?parent=15272"}],"curies":[{"name":"wp","href":"https:\/\/api.w.org\/{rel}","templated":true}]}}