{"id":15251,"date":"2020-02-24T09:02:42","date_gmt":"2020-02-24T08:02:42","guid":{"rendered":"https:\/\/praxisschaefer.designwerk-kussmaul.de\/proof-of-abstinence-from-alcohol-and-drugs\/"},"modified":"2024-01-28T14:56:45","modified_gmt":"2024-01-28T13:56:45","slug":"proof-of-abstinence-from-alcohol-and-drugs","status":"publish","type":"page","link":"https:\/\/praxisschaefer.de\/en\/mpu-preparation\/proof-of-abstinence-from-alcohol-and-drugs\/","title":{"rendered":"Proof of abstinence from alcohol and drugs"},"content":{"rendered":"<div class=\"wpb-content-wrapper\"><p>[vc_row][vc_column el_align=&#8221;center&#8221;]<div id=\"1582292861772-e00ba7a9-d555\" class=\"dt-sc-empty-space\"><\/div><div class='dt-sc-title script-with-sub-title '><h2><\/h2><h3>Proof of abstinence from alcohol and drugs<\/h3><\/div>[\/vc_column][\/vc_row][vc_row][vc_column][vc_column_text]Under the following circumstances, the driving license authority will also require proof that you have not consumed alcohol or drugs over a longer period of time in addition to a successfully completed MPU when applying for reinstatement (after withdrawal of the driving license):<\/p>\n<ol>\n<li>If you have been caught driving under the influence of alcohol or have committed a criminal offense<\/li>\n<li>If you are under the (even minimal) influence of drugs (the mere evidence of basic consumption is often sufficient here) and have been caught or convicted in traffic accidents<\/li>\n<\/ol>\n<p>A certificate from your family doctor is not sufficient for this proof of abstinence. You must submit proof of urine, blood or hair analysis from a specially recognized laboratory.<\/p>\n<p>The required period of proof of abstinence can be six or twelve months. Therefore, start this requirement as soon as possible after the court order.<\/p>\n<p>Suitable institutes (laboratories) for this proof of abstinence can be named to you by the driving license office.<\/p>\n<p>Hair analyses can &#8211; depending on the length of the hair &#8211; provide evidence of up to three months retrospectively. For urine and blood tests, you will be required to attend the laboratory without prior notice. During a required abstinence period of six months, you will be called a total of four times. If you have been tested for twelve months, you will be called in for a short-term test a total of six times.<\/p>\n<p>Detection times for drugs vary considerably depending on the type of drug consumed.<\/p>\n<p>The laboratories work very precisely: even minimal residues of drugs or their specific metabolites usually do not go undetected.<\/p>\n<p>If a positive test result is obtained and alcohol or drug consumption is detected in the laboratory, the abstinence program will be terminated immediately.[\/vc_column_text][\/vc_column][\/vc_row]<\/p>\n<\/div>","protected":false},"excerpt":{"rendered":"<p>[vc_row][vc_column el_align=&#8221;center&#8221;][\/vc_column][\/vc_row][vc_row][vc_column][vc_column_text]Under the following circumstances, the driving license authority will also require proof that you have not consumed alcohol or drugs over a longer period of time in addition to a successfully completed MPU when applying for reinstatement (after withdrawal of the driving license): If you have been caught driving under the influence of alcohol [&hellip;]<\/p>\n","protected":false},"author":1,"featured_media":0,"parent":15358,"menu_order":139,"comment_status":"closed","ping_status":"closed","template":"","meta":{"_acf_changed":false,"footnotes":""},"class_list":["post-15251","page","type-page","status-publish","hentry"],"acf":[],"yoast_head":"<!-- This site is optimized with the Yoast SEO Premium plugin v22.4 (Yoast SEO v22.4) - https:\/\/yoast.com\/wordpress\/plugins\/seo\/ -->\n<title>Proof of abstinence from alcohol and drugs - Sabine Sch\u00e4fer<\/title>\n<meta name=\"robots\" content=\"index, follow, max-snippet:-1, max-image-preview:large, max-video-preview:-1\" \/>\n<link rel=\"canonical\" href=\"https:\/\/praxisschaefer.de\/verkehrspsychotherapie\/abstinenznachweis\/\" \/>\n<meta property=\"og:locale\" content=\"en_US\" \/>\n<meta property=\"og:type\" content=\"article\" \/>\n<meta property=\"og:title\" content=\"Proof of abstinence from alcohol and drugs\" \/>\n<meta property=\"og:description\" content=\"[vc_row][vc_column el_align=&#8221;center&#8221;][\/vc_column][\/vc_row][vc_row][vc_column][vc_column_text]Under the following circumstances, the driving license authority will also require proof that you have not consumed alcohol or drugs over a longer period of time in addition to a successfully completed MPU when applying for reinstatement (after withdrawal of the driving license): If you have been caught driving under the influence of alcohol [&hellip;]\" \/>\n<meta property=\"og:url\" content=\"https:\/\/praxisschaefer.de\/verkehrspsychotherapie\/abstinenznachweis\/\" \/>\n<meta property=\"og:site_name\" content=\"Sabine Sch\u00e4fer\" \/>\n<meta property=\"article:modified_time\" content=\"2024-01-28T13:56:45+00:00\" \/>\n<meta name=\"twitter:card\" content=\"summary_large_image\" \/>\n<meta name=\"twitter:label1\" content=\"Est. reading time\" \/>\n\t<meta name=\"twitter:data1\" content=\"2 minutes\" \/>\n<script type=\"application\/ld+json\" class=\"yoast-schema-graph\">{\"@context\":\"https:\/\/schema.org\",\"@graph\":[{\"@type\":\"WebPage\",\"@id\":\"https:\/\/praxisschaefer.de\/verkehrspsychotherapie\/abstinenznachweis\/\",\"url\":\"https:\/\/praxisschaefer.de\/verkehrspsychotherapie\/abstinenznachweis\/\",\"name\":\"Proof of abstinence from alcohol and drugs - Sabine Sch\u00e4fer\",\"isPartOf\":{\"@id\":\"https:\/\/praxisschaefer.de\/#website\"},\"datePublished\":\"2020-02-24T08:02:42+00:00\",\"dateModified\":\"2024-01-28T13:56:45+00:00\",\"breadcrumb\":{\"@id\":\"https:\/\/praxisschaefer.de\/verkehrspsychotherapie\/abstinenznachweis\/#breadcrumb\"},\"inLanguage\":\"en-US\",\"potentialAction\":[{\"@type\":\"ReadAction\",\"target\":[\"https:\/\/praxisschaefer.de\/verkehrspsychotherapie\/abstinenznachweis\/\"]}]},{\"@type\":\"BreadcrumbList\",\"@id\":\"https:\/\/praxisschaefer.de\/verkehrspsychotherapie\/abstinenznachweis\/#breadcrumb\",\"itemListElement\":[{\"@type\":\"ListItem\",\"position\":1,\"name\":\"Startseite\",\"item\":\"https:\/\/praxisschaefer.de\/en\/\"},{\"@type\":\"ListItem\",\"position\":2,\"name\":\"MPU preparation counseling\",\"item\":\"https:\/\/praxisschaefer.de\/verkehrspsychotherapie\/\"},{\"@type\":\"ListItem\",\"position\":3,\"name\":\"Proof of abstinence from alcohol and drugs\"}]},{\"@type\":\"WebSite\",\"@id\":\"https:\/\/praxisschaefer.de\/#website\",\"url\":\"https:\/\/praxisschaefer.de\/\",\"name\":\"Praxis f\u00fcr Psychotherapie Dipl.-Psych. Sabine Sch\u00e4fer\",\"description\":\"Praxis f\u00fcr Psychotherapie\",\"publisher\":{\"@id\":\"https:\/\/praxisschaefer.de\/#organization\"},\"potentialAction\":[{\"@type\":\"SearchAction\",\"target\":{\"@type\":\"EntryPoint\",\"urlTemplate\":\"https:\/\/praxisschaefer.de\/?s={search_term_string}\"},\"query-input\":\"required name=search_term_string\"}],\"inLanguage\":\"en-US\"},{\"@type\":\"Organization\",\"@id\":\"https:\/\/praxisschaefer.de\/#organization\",\"name\":\"Praxis f\u00fcr Psychotherapie Dipl.-Psych. Sabine Sch\u00e4fer\",\"url\":\"https:\/\/praxisschaefer.de\/\",\"logo\":{\"@type\":\"ImageObject\",\"inLanguage\":\"en-US\",\"@id\":\"https:\/\/praxisschaefer.de\/#\/schema\/logo\/image\/\",\"url\":\"https:\/\/praxisschaefer.de\/wp-content\/uploads\/2024\/01\/praxis-schaefer-team-sabine-schaefer-neu.jpg\",\"contentUrl\":\"https:\/\/praxisschaefer.de\/wp-content\/uploads\/2024\/01\/praxis-schaefer-team-sabine-schaefer-neu.jpg\",\"width\":1000,\"height\":1000,\"caption\":\"Praxis f\u00fcr Psychotherapie Dipl.-Psych. Sabine Sch\u00e4fer\"},\"image\":{\"@id\":\"https:\/\/praxisschaefer.de\/#\/schema\/logo\/image\/\"}}]}<\/script>\n<!-- \/ Yoast SEO Premium plugin. -->","yoast_head_json":{"title":"Proof of abstinence from alcohol and drugs - Sabine Sch\u00e4fer","robots":{"index":"index","follow":"follow","max-snippet":"max-snippet:-1","max-image-preview":"max-image-preview:large","max-video-preview":"max-video-preview:-1"},"canonical":"https:\/\/praxisschaefer.de\/verkehrspsychotherapie\/abstinenznachweis\/","og_locale":"en_US","og_type":"article","og_title":"Proof of abstinence from alcohol and drugs","og_description":"[vc_row][vc_column el_align=&#8221;center&#8221;][\/vc_column][\/vc_row][vc_row][vc_column][vc_column_text]Under the following circumstances, the driving license authority will also require proof that you have not consumed alcohol or drugs over a longer period of time in addition to a successfully completed MPU when applying for reinstatement (after withdrawal of the driving license): If you have been caught driving under the influence of alcohol [&hellip;]","og_url":"https:\/\/praxisschaefer.de\/verkehrspsychotherapie\/abstinenznachweis\/","og_site_name":"Sabine Sch\u00e4fer","article_modified_time":"2024-01-28T13:56:45+00:00","twitter_card":"summary_large_image","twitter_misc":{"Est. reading time":"2 minutes"},"schema":{"@context":"https:\/\/schema.org","@graph":[{"@type":"WebPage","@id":"https:\/\/praxisschaefer.de\/verkehrspsychotherapie\/abstinenznachweis\/","url":"https:\/\/praxisschaefer.de\/verkehrspsychotherapie\/abstinenznachweis\/","name":"Proof of abstinence from alcohol and drugs - Sabine Sch\u00e4fer","isPartOf":{"@id":"https:\/\/praxisschaefer.de\/#website"},"datePublished":"2020-02-24T08:02:42+00:00","dateModified":"2024-01-28T13:56:45+00:00","breadcrumb":{"@id":"https:\/\/praxisschaefer.de\/verkehrspsychotherapie\/abstinenznachweis\/#breadcrumb"},"inLanguage":"en-US","potentialAction":[{"@type":"ReadAction","target":["https:\/\/praxisschaefer.de\/verkehrspsychotherapie\/abstinenznachweis\/"]}]},{"@type":"BreadcrumbList","@id":"https:\/\/praxisschaefer.de\/verkehrspsychotherapie\/abstinenznachweis\/#breadcrumb","itemListElement":[{"@type":"ListItem","position":1,"name":"Startseite","item":"https:\/\/praxisschaefer.de\/en\/"},{"@type":"ListItem","position":2,"name":"MPU preparation counseling","item":"https:\/\/praxisschaefer.de\/verkehrspsychotherapie\/"},{"@type":"ListItem","position":3,"name":"Proof of abstinence from alcohol and drugs"}]},{"@type":"WebSite","@id":"https:\/\/praxisschaefer.de\/#website","url":"https:\/\/praxisschaefer.de\/","name":"Praxis f\u00fcr Psychotherapie Dipl.-Psych. Sabine Sch\u00e4fer","description":"Praxis f\u00fcr Psychotherapie","publisher":{"@id":"https:\/\/praxisschaefer.de\/#organization"},"potentialAction":[{"@type":"SearchAction","target":{"@type":"EntryPoint","urlTemplate":"https:\/\/praxisschaefer.de\/?s={search_term_string}"},"query-input":"required name=search_term_string"}],"inLanguage":"en-US"},{"@type":"Organization","@id":"https:\/\/praxisschaefer.de\/#organization","name":"Praxis f\u00fcr Psychotherapie Dipl.-Psych. Sabine Sch\u00e4fer","url":"https:\/\/praxisschaefer.de\/","logo":{"@type":"ImageObject","inLanguage":"en-US","@id":"https:\/\/praxisschaefer.de\/#\/schema\/logo\/image\/","url":"https:\/\/praxisschaefer.de\/wp-content\/uploads\/2024\/01\/praxis-schaefer-team-sabine-schaefer-neu.jpg","contentUrl":"https:\/\/praxisschaefer.de\/wp-content\/uploads\/2024\/01\/praxis-schaefer-team-sabine-schaefer-neu.jpg","width":1000,"height":1000,"caption":"Praxis f\u00fcr Psychotherapie Dipl.-Psych. Sabine Sch\u00e4fer"},"image":{"@id":"https:\/\/praxisschaefer.de\/#\/schema\/logo\/image\/"}}]}},"_links":{"self":[{"href":"https:\/\/praxisschaefer.de\/en\/wp-json\/wp\/v2\/pages\/15251","targetHints":{"allow":["GET"]}}],"collection":[{"href":"https:\/\/praxisschaefer.de\/en\/wp-json\/wp\/v2\/pages"}],"about":[{"href":"https:\/\/praxisschaefer.de\/en\/wp-json\/wp\/v2\/types\/page"}],"author":[{"embeddable":true,"href":"https:\/\/praxisschaefer.de\/en\/wp-json\/wp\/v2\/users\/1"}],"replies":[{"embeddable":true,"href":"https:\/\/praxisschaefer.de\/en\/wp-json\/wp\/v2\/comments?post=15251"}],"version-history":[{"count":2,"href":"https:\/\/praxisschaefer.de\/en\/wp-json\/wp\/v2\/pages\/15251\/revisions"}],"predecessor-version":[{"id":15612,"href":"https:\/\/praxisschaefer.de\/en\/wp-json\/wp\/v2\/pages\/15251\/revisions\/15612"}],"up":[{"embeddable":true,"href":"https:\/\/praxisschaefer.de\/en\/wp-json\/wp\/v2\/pages\/15358"}],"wp:attachment":[{"href":"https:\/\/praxisschaefer.de\/en\/wp-json\/wp\/v2\/media?parent=15251"}],"curies":[{"name":"wp","href":"https:\/\/api.w.org\/{rel}","templated":true}]}}