{"id":15250,"date":"2020-02-21T16:46:58","date_gmt":"2020-02-21T15:46:58","guid":{"rendered":"https:\/\/praxisschaefer.designwerk-kussmaul.de\/case-supervision\/"},"modified":"2024-01-28T14:52:09","modified_gmt":"2024-01-28T13:52:09","slug":"case-supervision","status":"publish","type":"page","link":"https:\/\/praxisschaefer.de\/en\/supervision\/case-supervision\/","title":{"rendered":"Case supervision"},"content":{"rendered":"<div class=\"wpb-content-wrapper\"><p>[vc_row][vc_column el_align=&#8221;center&#8221;]<div id=\"1582292861772-e00ba7a9-d555\" class=\"dt-sc-empty-space\"><\/div><div class='dt-sc-title script-with-sub-title '><h2><\/h2><h3>Case supervision<\/h3><\/div>[\/vc_column][\/vc_row][vc_row][vc_column][vc_column_text]In case supervision, the participants, the supervisees, present current cases (patients) anonymously. The aim of supervision is to support the supervisee in their therapeutic work through reflection in order to improve their own actions.<br \/>\nFor example, the topic may be the relationship between patient and psychotherapist or a particular approach in a certain phase of psychotherapy.<\/p>\n<p>In the individual setting, supervisees benefit from the helping and scrutinizing view of the supervisor. In a group setting, they also benefit from the knowledge of their colleagues.<\/p>\n<p>Sabine Sch\u00e4fer is a <a href=\"https:\/\/praxisschaefer.de\/wp-content\/uploads\/2018\/02\/Anerkennung_als_Supervisorin.pdf\" target=\"_blank\" rel=\"noopener\">recognized supervisor of the Baden-W\u00fcrttemberg Chamber of Psychotherapists<\/a>. Supervision for licensed psychological psychotherapists, child and adolescent psychotherapists and physicians is eligible for recognition by the relevant chambers as recognized continuing education within the meaning of SGB V.[\/vc_column_text][\/vc_column][\/vc_row]<\/p>\n<\/div>","protected":false},"excerpt":{"rendered":"<p>[vc_row][vc_column el_align=&#8221;center&#8221;][\/vc_column][\/vc_row][vc_row][vc_column][vc_column_text]In case supervision, the participants, the supervisees, present current cases (patients) anonymously. The aim of supervision is to support the supervisee in their therapeutic work through reflection in order to improve their own actions. For example, the topic may be the relationship between patient and psychotherapist or a particular approach in a certain phase [&hellip;]<\/p>\n","protected":false},"author":1,"featured_media":0,"parent":15394,"menu_order":130,"comment_status":"closed","ping_status":"closed","template":"","meta":{"_acf_changed":false,"footnotes":""},"class_list":["post-15250","page","type-page","status-publish","hentry"],"acf":[],"yoast_head":"<!-- This site is optimized with the Yoast SEO Premium plugin v22.4 (Yoast SEO v22.4) - https:\/\/yoast.com\/wordpress\/plugins\/seo\/ -->\n<title>Case supervision - Sabine Sch\u00e4fer<\/title>\n<meta name=\"robots\" content=\"index, follow, max-snippet:-1, max-image-preview:large, max-video-preview:-1\" \/>\n<link rel=\"canonical\" href=\"https:\/\/praxisschaefer.de\/supervision\/fallsupervision\/\" \/>\n<meta property=\"og:locale\" content=\"en_US\" \/>\n<meta property=\"og:type\" content=\"article\" \/>\n<meta property=\"og:title\" content=\"Case supervision\" \/>\n<meta property=\"og:description\" content=\"[vc_row][vc_column el_align=&#8221;center&#8221;][\/vc_column][\/vc_row][vc_row][vc_column][vc_column_text]In case supervision, the participants, the supervisees, present current cases (patients) anonymously. The aim of supervision is to support the supervisee in their therapeutic work through reflection in order to improve their own actions. For example, the topic may be the relationship between patient and psychotherapist or a particular approach in a certain phase [&hellip;]\" \/>\n<meta property=\"og:url\" content=\"https:\/\/praxisschaefer.de\/supervision\/fallsupervision\/\" \/>\n<meta property=\"og:site_name\" content=\"Sabine Sch\u00e4fer\" \/>\n<meta property=\"article:modified_time\" content=\"2024-01-28T13:52:09+00:00\" \/>\n<meta name=\"twitter:card\" content=\"summary_large_image\" \/>\n<meta name=\"twitter:label1\" content=\"Est. reading time\" \/>\n\t<meta name=\"twitter:data1\" content=\"1 minute\" \/>\n<script type=\"application\/ld+json\" class=\"yoast-schema-graph\">{\"@context\":\"https:\/\/schema.org\",\"@graph\":[{\"@type\":\"WebPage\",\"@id\":\"https:\/\/praxisschaefer.de\/supervision\/fallsupervision\/\",\"url\":\"https:\/\/praxisschaefer.de\/supervision\/fallsupervision\/\",\"name\":\"Case supervision - Sabine Sch\u00e4fer\",\"isPartOf\":{\"@id\":\"https:\/\/praxisschaefer.de\/#website\"},\"datePublished\":\"2020-02-21T15:46:58+00:00\",\"dateModified\":\"2024-01-28T13:52:09+00:00\",\"breadcrumb\":{\"@id\":\"https:\/\/praxisschaefer.de\/supervision\/fallsupervision\/#breadcrumb\"},\"inLanguage\":\"en-US\",\"potentialAction\":[{\"@type\":\"ReadAction\",\"target\":[\"https:\/\/praxisschaefer.de\/supervision\/fallsupervision\/\"]}]},{\"@type\":\"BreadcrumbList\",\"@id\":\"https:\/\/praxisschaefer.de\/supervision\/fallsupervision\/#breadcrumb\",\"itemListElement\":[{\"@type\":\"ListItem\",\"position\":1,\"name\":\"Startseite\",\"item\":\"https:\/\/praxisschaefer.de\/en\/\"},{\"@type\":\"ListItem\",\"position\":2,\"name\":\"Supervision\",\"item\":\"https:\/\/praxisschaefer.de\/supervision\/\"},{\"@type\":\"ListItem\",\"position\":3,\"name\":\"Case supervision\"}]},{\"@type\":\"WebSite\",\"@id\":\"https:\/\/praxisschaefer.de\/#website\",\"url\":\"https:\/\/praxisschaefer.de\/\",\"name\":\"Praxis f\u00fcr Psychotherapie Dipl.-Psych. Sabine Sch\u00e4fer\",\"description\":\"Praxis f\u00fcr Psychotherapie\",\"publisher\":{\"@id\":\"https:\/\/praxisschaefer.de\/#organization\"},\"potentialAction\":[{\"@type\":\"SearchAction\",\"target\":{\"@type\":\"EntryPoint\",\"urlTemplate\":\"https:\/\/praxisschaefer.de\/?s={search_term_string}\"},\"query-input\":\"required name=search_term_string\"}],\"inLanguage\":\"en-US\"},{\"@type\":\"Organization\",\"@id\":\"https:\/\/praxisschaefer.de\/#organization\",\"name\":\"Praxis f\u00fcr Psychotherapie Dipl.-Psych. Sabine Sch\u00e4fer\",\"url\":\"https:\/\/praxisschaefer.de\/\",\"logo\":{\"@type\":\"ImageObject\",\"inLanguage\":\"en-US\",\"@id\":\"https:\/\/praxisschaefer.de\/#\/schema\/logo\/image\/\",\"url\":\"https:\/\/praxisschaefer.de\/wp-content\/uploads\/2024\/01\/praxis-schaefer-team-sabine-schaefer-neu.jpg\",\"contentUrl\":\"https:\/\/praxisschaefer.de\/wp-content\/uploads\/2024\/01\/praxis-schaefer-team-sabine-schaefer-neu.jpg\",\"width\":1000,\"height\":1000,\"caption\":\"Praxis f\u00fcr Psychotherapie Dipl.-Psych. Sabine Sch\u00e4fer\"},\"image\":{\"@id\":\"https:\/\/praxisschaefer.de\/#\/schema\/logo\/image\/\"}}]}<\/script>\n<!-- \/ Yoast SEO Premium plugin. -->","yoast_head_json":{"title":"Case supervision - Sabine Sch\u00e4fer","robots":{"index":"index","follow":"follow","max-snippet":"max-snippet:-1","max-image-preview":"max-image-preview:large","max-video-preview":"max-video-preview:-1"},"canonical":"https:\/\/praxisschaefer.de\/supervision\/fallsupervision\/","og_locale":"en_US","og_type":"article","og_title":"Case supervision","og_description":"[vc_row][vc_column el_align=&#8221;center&#8221;][\/vc_column][\/vc_row][vc_row][vc_column][vc_column_text]In case supervision, the participants, the supervisees, present current cases (patients) anonymously. The aim of supervision is to support the supervisee in their therapeutic work through reflection in order to improve their own actions. For example, the topic may be the relationship between patient and psychotherapist or a particular approach in a certain phase [&hellip;]","og_url":"https:\/\/praxisschaefer.de\/supervision\/fallsupervision\/","og_site_name":"Sabine Sch\u00e4fer","article_modified_time":"2024-01-28T13:52:09+00:00","twitter_card":"summary_large_image","twitter_misc":{"Est. reading time":"1 minute"},"schema":{"@context":"https:\/\/schema.org","@graph":[{"@type":"WebPage","@id":"https:\/\/praxisschaefer.de\/supervision\/fallsupervision\/","url":"https:\/\/praxisschaefer.de\/supervision\/fallsupervision\/","name":"Case supervision - Sabine Sch\u00e4fer","isPartOf":{"@id":"https:\/\/praxisschaefer.de\/#website"},"datePublished":"2020-02-21T15:46:58+00:00","dateModified":"2024-01-28T13:52:09+00:00","breadcrumb":{"@id":"https:\/\/praxisschaefer.de\/supervision\/fallsupervision\/#breadcrumb"},"inLanguage":"en-US","potentialAction":[{"@type":"ReadAction","target":["https:\/\/praxisschaefer.de\/supervision\/fallsupervision\/"]}]},{"@type":"BreadcrumbList","@id":"https:\/\/praxisschaefer.de\/supervision\/fallsupervision\/#breadcrumb","itemListElement":[{"@type":"ListItem","position":1,"name":"Startseite","item":"https:\/\/praxisschaefer.de\/en\/"},{"@type":"ListItem","position":2,"name":"Supervision","item":"https:\/\/praxisschaefer.de\/supervision\/"},{"@type":"ListItem","position":3,"name":"Case supervision"}]},{"@type":"WebSite","@id":"https:\/\/praxisschaefer.de\/#website","url":"https:\/\/praxisschaefer.de\/","name":"Praxis f\u00fcr Psychotherapie Dipl.-Psych. Sabine Sch\u00e4fer","description":"Praxis f\u00fcr Psychotherapie","publisher":{"@id":"https:\/\/praxisschaefer.de\/#organization"},"potentialAction":[{"@type":"SearchAction","target":{"@type":"EntryPoint","urlTemplate":"https:\/\/praxisschaefer.de\/?s={search_term_string}"},"query-input":"required name=search_term_string"}],"inLanguage":"en-US"},{"@type":"Organization","@id":"https:\/\/praxisschaefer.de\/#organization","name":"Praxis f\u00fcr Psychotherapie Dipl.-Psych. Sabine Sch\u00e4fer","url":"https:\/\/praxisschaefer.de\/","logo":{"@type":"ImageObject","inLanguage":"en-US","@id":"https:\/\/praxisschaefer.de\/#\/schema\/logo\/image\/","url":"https:\/\/praxisschaefer.de\/wp-content\/uploads\/2024\/01\/praxis-schaefer-team-sabine-schaefer-neu.jpg","contentUrl":"https:\/\/praxisschaefer.de\/wp-content\/uploads\/2024\/01\/praxis-schaefer-team-sabine-schaefer-neu.jpg","width":1000,"height":1000,"caption":"Praxis f\u00fcr Psychotherapie Dipl.-Psych. Sabine Sch\u00e4fer"},"image":{"@id":"https:\/\/praxisschaefer.de\/#\/schema\/logo\/image\/"}}]}},"_links":{"self":[{"href":"https:\/\/praxisschaefer.de\/en\/wp-json\/wp\/v2\/pages\/15250","targetHints":{"allow":["GET"]}}],"collection":[{"href":"https:\/\/praxisschaefer.de\/en\/wp-json\/wp\/v2\/pages"}],"about":[{"href":"https:\/\/praxisschaefer.de\/en\/wp-json\/wp\/v2\/types\/page"}],"author":[{"embeddable":true,"href":"https:\/\/praxisschaefer.de\/en\/wp-json\/wp\/v2\/users\/1"}],"replies":[{"embeddable":true,"href":"https:\/\/praxisschaefer.de\/en\/wp-json\/wp\/v2\/comments?post=15250"}],"version-history":[{"count":2,"href":"https:\/\/praxisschaefer.de\/en\/wp-json\/wp\/v2\/pages\/15250\/revisions"}],"predecessor-version":[{"id":15607,"href":"https:\/\/praxisschaefer.de\/en\/wp-json\/wp\/v2\/pages\/15250\/revisions\/15607"}],"up":[{"embeddable":true,"href":"https:\/\/praxisschaefer.de\/en\/wp-json\/wp\/v2\/pages\/15394"}],"wp:attachment":[{"href":"https:\/\/praxisschaefer.de\/en\/wp-json\/wp\/v2\/media?parent=15250"}],"curies":[{"name":"wp","href":"https:\/\/api.w.org\/{rel}","templated":true}]}}