{"id":15248,"date":"2020-02-24T09:49:45","date_gmt":"2020-02-24T08:49:45","guid":{"rendered":"https:\/\/praxisschaefer.designwerk-kussmaul.de\/self-help-groups\/"},"modified":"2024-01-29T17:06:57","modified_gmt":"2024-01-29T16:06:57","slug":"self-help-groups","status":"publish","type":"page","link":"https:\/\/praxisschaefer.de\/en\/emergency-centers-advice-centers-and-self-help\/self-help-groups\/","title":{"rendered":"Self-help groups"},"content":{"rendered":"<div class=\"wpb-content-wrapper\"><p>[vc_row][vc_column el_align=&#8221;center&#8221;]<div id=\"1582292861772-e00ba7a9-d555\" class=\"dt-sc-empty-space\"><\/div><div class='dt-sc-title script-with-sub-title '><h2><\/h2><h3>Self-help groups<\/h3><\/div>[\/vc_column][\/vc_row][vc_row][vc_column][vc_column_text]<strong>Contact and information center for self-help groups KISS<\/strong><\/p>\n<p>KISS is a kind of self-help group exchange: here you can find out by telephone whether a self-help group exists in your area on a particular topic or report the formation of a group there.<\/p>\n<p>Further information can be found here:<br \/>\n<a href=\"http:\/\/www.kiss-stuttgart.de\/\" target=\"_blank\" rel=\"noopener\">www.kiss-stuttgart.de<\/a><\/p>\n<p><strong>Nakos<\/strong><br \/>\nis the nationwide contact point for finding and forming self-help groups. It offers an extensive online database with nationwide and local self-help groups. Information can also be obtained by telephone.<\/p>\n<p>Further information can be found here:<br \/>\n<a href=\"https:\/\/www.nakos.de\/kontakt\/\" target=\"_blank\" rel=\"noopener\">https:\/\/www.nakos.de\/<\/a><\/p>\n<p>&nbsp;<\/p>\n<p><a class=\"download\" title=\"?fnet an internal link in a new window\" href=\"https:\/\/praxisschaefer.de\/wp-content\/uploads\/2018\/02\/Selbsthilfegruppen.pdf\" target=\"_blank\" rel=\"noopener\"><strong>Here you will find an excerpt from the 2008 KVBW care report on self-help groups in Baden-W\u00fcrttemberg.<\/strong><\/a>[\/vc_column_text][\/vc_column][\/vc_row]<\/p>\n<\/div>","protected":false},"excerpt":{"rendered":"<p>[vc_row][vc_column el_align=&#8221;center&#8221;][\/vc_column][\/vc_row][vc_row][vc_column][vc_column_text]Contact and information center for self-help groups KISS KISS is a kind of self-help group exchange: here you can find out by telephone whether a self-help group exists in your area on a particular topic or report the formation of a group there. Further information can be found here: www.kiss-stuttgart.de Nakos is the nationwide [&hellip;]<\/p>\n","protected":false},"author":1,"featured_media":0,"parent":15372,"menu_order":87,"comment_status":"closed","ping_status":"closed","template":"","meta":{"_acf_changed":false,"footnotes":""},"class_list":["post-15248","page","type-page","status-publish","hentry"],"acf":[],"yoast_head":"<!-- This site is optimized with the Yoast SEO Premium plugin v22.4 (Yoast SEO v22.4) - https:\/\/yoast.com\/wordpress\/plugins\/seo\/ -->\n<title>Self-help groups - Sabine Sch\u00e4fer<\/title>\n<meta name=\"robots\" content=\"index, follow, max-snippet:-1, max-image-preview:large, max-video-preview:-1\" \/>\n<link rel=\"canonical\" href=\"https:\/\/praxisschaefer.de\/notfallstellen-beratung-selbsthilfe\/selbsthilfegruppen\/\" \/>\n<meta property=\"og:locale\" content=\"en_US\" \/>\n<meta property=\"og:type\" content=\"article\" \/>\n<meta property=\"og:title\" content=\"Self-help groups\" \/>\n<meta property=\"og:description\" content=\"[vc_row][vc_column el_align=&#8221;center&#8221;][\/vc_column][\/vc_row][vc_row][vc_column][vc_column_text]Contact and information center for self-help groups KISS KISS is a kind of self-help group exchange: here you can find out by telephone whether a self-help group exists in your area on a particular topic or report the formation of a group there. Further information can be found here: www.kiss-stuttgart.de Nakos is the nationwide [&hellip;]\" \/>\n<meta property=\"og:url\" content=\"https:\/\/praxisschaefer.de\/notfallstellen-beratung-selbsthilfe\/selbsthilfegruppen\/\" \/>\n<meta property=\"og:site_name\" content=\"Sabine Sch\u00e4fer\" \/>\n<meta property=\"article:modified_time\" content=\"2024-01-29T16:06:57+00:00\" \/>\n<meta name=\"twitter:card\" content=\"summary_large_image\" \/>\n<meta name=\"twitter:label1\" content=\"Est. reading time\" \/>\n\t<meta name=\"twitter:data1\" content=\"1 minute\" \/>\n<script type=\"application\/ld+json\" class=\"yoast-schema-graph\">{\"@context\":\"https:\/\/schema.org\",\"@graph\":[{\"@type\":\"WebPage\",\"@id\":\"https:\/\/praxisschaefer.de\/notfallstellen-beratung-selbsthilfe\/selbsthilfegruppen\/\",\"url\":\"https:\/\/praxisschaefer.de\/notfallstellen-beratung-selbsthilfe\/selbsthilfegruppen\/\",\"name\":\"Self-help groups - Sabine Sch\u00e4fer\",\"isPartOf\":{\"@id\":\"https:\/\/praxisschaefer.de\/#website\"},\"datePublished\":\"2020-02-24T08:49:45+00:00\",\"dateModified\":\"2024-01-29T16:06:57+00:00\",\"breadcrumb\":{\"@id\":\"https:\/\/praxisschaefer.de\/notfallstellen-beratung-selbsthilfe\/selbsthilfegruppen\/#breadcrumb\"},\"inLanguage\":\"en-US\",\"potentialAction\":[{\"@type\":\"ReadAction\",\"target\":[\"https:\/\/praxisschaefer.de\/notfallstellen-beratung-selbsthilfe\/selbsthilfegruppen\/\"]}]},{\"@type\":\"BreadcrumbList\",\"@id\":\"https:\/\/praxisschaefer.de\/notfallstellen-beratung-selbsthilfe\/selbsthilfegruppen\/#breadcrumb\",\"itemListElement\":[{\"@type\":\"ListItem\",\"position\":1,\"name\":\"Startseite\",\"item\":\"https:\/\/praxisschaefer.de\/en\/\"},{\"@type\":\"ListItem\",\"position\":2,\"name\":\"Emergency centers, advice centers and self-help\",\"item\":\"https:\/\/praxisschaefer.de\/notfallstellen-beratung-selbsthilfe\/\"},{\"@type\":\"ListItem\",\"position\":3,\"name\":\"Self-help groups\"}]},{\"@type\":\"WebSite\",\"@id\":\"https:\/\/praxisschaefer.de\/#website\",\"url\":\"https:\/\/praxisschaefer.de\/\",\"name\":\"Praxis f\u00fcr Psychotherapie Dipl.-Psych. Sabine Sch\u00e4fer\",\"description\":\"Praxis f\u00fcr Psychotherapie\",\"publisher\":{\"@id\":\"https:\/\/praxisschaefer.de\/#organization\"},\"potentialAction\":[{\"@type\":\"SearchAction\",\"target\":{\"@type\":\"EntryPoint\",\"urlTemplate\":\"https:\/\/praxisschaefer.de\/?s={search_term_string}\"},\"query-input\":\"required name=search_term_string\"}],\"inLanguage\":\"en-US\"},{\"@type\":\"Organization\",\"@id\":\"https:\/\/praxisschaefer.de\/#organization\",\"name\":\"Praxis f\u00fcr Psychotherapie Dipl.-Psych. Sabine Sch\u00e4fer\",\"url\":\"https:\/\/praxisschaefer.de\/\",\"logo\":{\"@type\":\"ImageObject\",\"inLanguage\":\"en-US\",\"@id\":\"https:\/\/praxisschaefer.de\/#\/schema\/logo\/image\/\",\"url\":\"https:\/\/praxisschaefer.de\/wp-content\/uploads\/2024\/01\/praxis-schaefer-team-sabine-schaefer-neu.jpg\",\"contentUrl\":\"https:\/\/praxisschaefer.de\/wp-content\/uploads\/2024\/01\/praxis-schaefer-team-sabine-schaefer-neu.jpg\",\"width\":1000,\"height\":1000,\"caption\":\"Praxis f\u00fcr Psychotherapie Dipl.-Psych. Sabine Sch\u00e4fer\"},\"image\":{\"@id\":\"https:\/\/praxisschaefer.de\/#\/schema\/logo\/image\/\"}}]}<\/script>\n<!-- \/ Yoast SEO Premium plugin. -->","yoast_head_json":{"title":"Self-help groups - Sabine Sch\u00e4fer","robots":{"index":"index","follow":"follow","max-snippet":"max-snippet:-1","max-image-preview":"max-image-preview:large","max-video-preview":"max-video-preview:-1"},"canonical":"https:\/\/praxisschaefer.de\/notfallstellen-beratung-selbsthilfe\/selbsthilfegruppen\/","og_locale":"en_US","og_type":"article","og_title":"Self-help groups","og_description":"[vc_row][vc_column el_align=&#8221;center&#8221;][\/vc_column][\/vc_row][vc_row][vc_column][vc_column_text]Contact and information center for self-help groups KISS KISS is a kind of self-help group exchange: here you can find out by telephone whether a self-help group exists in your area on a particular topic or report the formation of a group there. Further information can be found here: www.kiss-stuttgart.de Nakos is the nationwide [&hellip;]","og_url":"https:\/\/praxisschaefer.de\/notfallstellen-beratung-selbsthilfe\/selbsthilfegruppen\/","og_site_name":"Sabine Sch\u00e4fer","article_modified_time":"2024-01-29T16:06:57+00:00","twitter_card":"summary_large_image","twitter_misc":{"Est. reading time":"1 minute"},"schema":{"@context":"https:\/\/schema.org","@graph":[{"@type":"WebPage","@id":"https:\/\/praxisschaefer.de\/notfallstellen-beratung-selbsthilfe\/selbsthilfegruppen\/","url":"https:\/\/praxisschaefer.de\/notfallstellen-beratung-selbsthilfe\/selbsthilfegruppen\/","name":"Self-help groups - Sabine Sch\u00e4fer","isPartOf":{"@id":"https:\/\/praxisschaefer.de\/#website"},"datePublished":"2020-02-24T08:49:45+00:00","dateModified":"2024-01-29T16:06:57+00:00","breadcrumb":{"@id":"https:\/\/praxisschaefer.de\/notfallstellen-beratung-selbsthilfe\/selbsthilfegruppen\/#breadcrumb"},"inLanguage":"en-US","potentialAction":[{"@type":"ReadAction","target":["https:\/\/praxisschaefer.de\/notfallstellen-beratung-selbsthilfe\/selbsthilfegruppen\/"]}]},{"@type":"BreadcrumbList","@id":"https:\/\/praxisschaefer.de\/notfallstellen-beratung-selbsthilfe\/selbsthilfegruppen\/#breadcrumb","itemListElement":[{"@type":"ListItem","position":1,"name":"Startseite","item":"https:\/\/praxisschaefer.de\/en\/"},{"@type":"ListItem","position":2,"name":"Emergency centers, advice centers and self-help","item":"https:\/\/praxisschaefer.de\/notfallstellen-beratung-selbsthilfe\/"},{"@type":"ListItem","position":3,"name":"Self-help groups"}]},{"@type":"WebSite","@id":"https:\/\/praxisschaefer.de\/#website","url":"https:\/\/praxisschaefer.de\/","name":"Praxis f\u00fcr Psychotherapie Dipl.-Psych. Sabine Sch\u00e4fer","description":"Praxis f\u00fcr Psychotherapie","publisher":{"@id":"https:\/\/praxisschaefer.de\/#organization"},"potentialAction":[{"@type":"SearchAction","target":{"@type":"EntryPoint","urlTemplate":"https:\/\/praxisschaefer.de\/?s={search_term_string}"},"query-input":"required name=search_term_string"}],"inLanguage":"en-US"},{"@type":"Organization","@id":"https:\/\/praxisschaefer.de\/#organization","name":"Praxis f\u00fcr Psychotherapie Dipl.-Psych. Sabine Sch\u00e4fer","url":"https:\/\/praxisschaefer.de\/","logo":{"@type":"ImageObject","inLanguage":"en-US","@id":"https:\/\/praxisschaefer.de\/#\/schema\/logo\/image\/","url":"https:\/\/praxisschaefer.de\/wp-content\/uploads\/2024\/01\/praxis-schaefer-team-sabine-schaefer-neu.jpg","contentUrl":"https:\/\/praxisschaefer.de\/wp-content\/uploads\/2024\/01\/praxis-schaefer-team-sabine-schaefer-neu.jpg","width":1000,"height":1000,"caption":"Praxis f\u00fcr Psychotherapie Dipl.-Psych. Sabine Sch\u00e4fer"},"image":{"@id":"https:\/\/praxisschaefer.de\/#\/schema\/logo\/image\/"}}]}},"_links":{"self":[{"href":"https:\/\/praxisschaefer.de\/en\/wp-json\/wp\/v2\/pages\/15248","targetHints":{"allow":["GET"]}}],"collection":[{"href":"https:\/\/praxisschaefer.de\/en\/wp-json\/wp\/v2\/pages"}],"about":[{"href":"https:\/\/praxisschaefer.de\/en\/wp-json\/wp\/v2\/types\/page"}],"author":[{"embeddable":true,"href":"https:\/\/praxisschaefer.de\/en\/wp-json\/wp\/v2\/users\/1"}],"replies":[{"embeddable":true,"href":"https:\/\/praxisschaefer.de\/en\/wp-json\/wp\/v2\/comments?post=15248"}],"version-history":[{"count":2,"href":"https:\/\/praxisschaefer.de\/en\/wp-json\/wp\/v2\/pages\/15248\/revisions"}],"predecessor-version":[{"id":15641,"href":"https:\/\/praxisschaefer.de\/en\/wp-json\/wp\/v2\/pages\/15248\/revisions\/15641"}],"up":[{"embeddable":true,"href":"https:\/\/praxisschaefer.de\/en\/wp-json\/wp\/v2\/pages\/15372"}],"wp:attachment":[{"href":"https:\/\/praxisschaefer.de\/en\/wp-json\/wp\/v2\/media?parent=15248"}],"curies":[{"name":"wp","href":"https:\/\/api.w.org\/{rel}","templated":true}]}}