{"id":15247,"date":"2020-02-21T16:19:40","date_gmt":"2020-02-21T15:19:40","guid":{"rendered":"https:\/\/praxisschaefer.designwerk-kussmaul.de\/does-my-child-need-psychotherapy\/"},"modified":"2024-01-28T14:45:27","modified_gmt":"2024-01-28T13:45:27","slug":"does-my-child-need-psychotherapy","status":"publish","type":"page","link":"https:\/\/praxisschaefer.de\/en\/psychotherapy-for-children-and-adolescents\/does-my-child-need-psychotherapy\/","title":{"rendered":"Does my child need psychotherapy?"},"content":{"rendered":"<div class=\"wpb-content-wrapper\"><p>[vc_row][vc_column el_align=&#8221;center&#8221;]<div id=\"1582292861772-e00ba7a9-d555\" class=\"dt-sc-empty-space\"><\/div><div class='dt-sc-title script-with-sub-title '><h2><\/h2><h3>Does my child need psychotherapy?<\/h3><\/div>[\/vc_column][\/vc_row][vc_row][vc_column][vc_column_text]It is part of growing up for children and young people that problems and disorders occur. This is not always an expression of mental illness. Because children and young people do not develop without ups and downs. However, it may be that you as a parent feel insecure due to persistent problems or that teachers or doctors draw attention to them.<\/p>\n<p>The psychological complaints can be caused by external or internal experiences. Illness, relocation, separation and loss or reorganization of the family are often disruptive events for the children concerned and require time to process.<\/p>\n<p>But the inevitable physical and psychological developmental steps can also be experienced as worrying developmental tasks that are difficult to cope with.<\/p>\n<p>The disturbed balance can be restored after a short time and the crisis can be overcome. However, if it becomes apparent that the problems are persisting, moodiness, anxiety or withdrawal are increasing, the conflicts are becoming more serious or psychosomatic illnesses are occurring, it is advisable to seek professional help.[\/vc_column_text][vc_column_text]<\/p>\n<h3>Diagnosis and indication<\/h3>\n<p>In the diagnostic interviews, a process already takes place from which an initial approach to the problem arises. In the case of children and younger adolescents, a parent or family discussion usually takes place first. This is followed by conversations with the child in which they can present themselves, e.g. through play. The diagnostic phase is rounded off with a final interview in which the diagnostic findings are discussed either with the parents or with the children or adolescents. This is also where an understanding of the problem is developed and ways are discussed that can lead to a solution to the crisis or to a change in the situation.[\/vc_column_text][\/vc_column][\/vc_row]<\/p>\n<\/div>","protected":false},"excerpt":{"rendered":"<p>[vc_row][vc_column el_align=&#8221;center&#8221;][\/vc_column][\/vc_row][vc_row][vc_column][vc_column_text]It is part of growing up for children and young people that problems and disorders occur. This is not always an expression of mental illness. Because children and young people do not develop without ups and downs. However, it may be that you as a parent feel insecure due to persistent problems or that [&hellip;]<\/p>\n","protected":false},"author":1,"featured_media":0,"parent":15434,"menu_order":112,"comment_status":"closed","ping_status":"closed","template":"","meta":{"_acf_changed":false,"footnotes":""},"class_list":["post-15247","page","type-page","status-publish","hentry"],"acf":[],"yoast_head":"<!-- This site is optimized with the Yoast SEO Premium plugin v22.4 (Yoast SEO v22.4) - https:\/\/yoast.com\/wordpress\/plugins\/seo\/ -->\n<title>Does my child need psychotherapy? - Sabine Sch\u00e4fer<\/title>\n<meta name=\"robots\" content=\"index, follow, max-snippet:-1, max-image-preview:large, max-video-preview:-1\" \/>\n<link rel=\"canonical\" href=\"https:\/\/praxisschaefer.de\/psychotherapie-fuer-kinder-und-jugendliche\/braucht-mein-kind-eine-psychotherapie\/\" \/>\n<meta property=\"og:locale\" content=\"en_US\" \/>\n<meta property=\"og:type\" content=\"article\" \/>\n<meta property=\"og:title\" content=\"Does my child need psychotherapy?\" \/>\n<meta property=\"og:description\" content=\"[vc_row][vc_column el_align=&#8221;center&#8221;][\/vc_column][\/vc_row][vc_row][vc_column][vc_column_text]It is part of growing up for children and young people that problems and disorders occur. This is not always an expression of mental illness. Because children and young people do not develop without ups and downs. However, it may be that you as a parent feel insecure due to persistent problems or that [&hellip;]\" \/>\n<meta property=\"og:url\" content=\"https:\/\/praxisschaefer.de\/psychotherapie-fuer-kinder-und-jugendliche\/braucht-mein-kind-eine-psychotherapie\/\" \/>\n<meta property=\"og:site_name\" content=\"Sabine Sch\u00e4fer\" \/>\n<meta property=\"article:modified_time\" content=\"2024-01-28T13:45:27+00:00\" \/>\n<meta name=\"twitter:card\" content=\"summary_large_image\" \/>\n<meta name=\"twitter:label1\" content=\"Est. reading time\" \/>\n\t<meta name=\"twitter:data1\" content=\"2 minutes\" \/>\n<script type=\"application\/ld+json\" class=\"yoast-schema-graph\">{\"@context\":\"https:\/\/schema.org\",\"@graph\":[{\"@type\":\"WebPage\",\"@id\":\"https:\/\/praxisschaefer.de\/psychotherapie-fuer-kinder-und-jugendliche\/braucht-mein-kind-eine-psychotherapie\/\",\"url\":\"https:\/\/praxisschaefer.de\/psychotherapie-fuer-kinder-und-jugendliche\/braucht-mein-kind-eine-psychotherapie\/\",\"name\":\"Does my child need psychotherapy? - Sabine Sch\u00e4fer\",\"isPartOf\":{\"@id\":\"https:\/\/praxisschaefer.de\/#website\"},\"datePublished\":\"2020-02-21T15:19:40+00:00\",\"dateModified\":\"2024-01-28T13:45:27+00:00\",\"breadcrumb\":{\"@id\":\"https:\/\/praxisschaefer.de\/psychotherapie-fuer-kinder-und-jugendliche\/braucht-mein-kind-eine-psychotherapie\/#breadcrumb\"},\"inLanguage\":\"en-US\",\"potentialAction\":[{\"@type\":\"ReadAction\",\"target\":[\"https:\/\/praxisschaefer.de\/psychotherapie-fuer-kinder-und-jugendliche\/braucht-mein-kind-eine-psychotherapie\/\"]}]},{\"@type\":\"BreadcrumbList\",\"@id\":\"https:\/\/praxisschaefer.de\/psychotherapie-fuer-kinder-und-jugendliche\/braucht-mein-kind-eine-psychotherapie\/#breadcrumb\",\"itemListElement\":[{\"@type\":\"ListItem\",\"position\":1,\"name\":\"Startseite\",\"item\":\"https:\/\/praxisschaefer.de\/en\/\"},{\"@type\":\"ListItem\",\"position\":2,\"name\":\"Psychotherapy for children and adolescents\",\"item\":\"https:\/\/praxisschaefer.de\/psychotherapie-fuer-kinder-und-jugendliche\/\"},{\"@type\":\"ListItem\",\"position\":3,\"name\":\"Does my child need psychotherapy?\"}]},{\"@type\":\"WebSite\",\"@id\":\"https:\/\/praxisschaefer.de\/#website\",\"url\":\"https:\/\/praxisschaefer.de\/\",\"name\":\"Praxis f\u00fcr Psychotherapie Dipl.-Psych. Sabine Sch\u00e4fer\",\"description\":\"Praxis f\u00fcr Psychotherapie\",\"publisher\":{\"@id\":\"https:\/\/praxisschaefer.de\/#organization\"},\"potentialAction\":[{\"@type\":\"SearchAction\",\"target\":{\"@type\":\"EntryPoint\",\"urlTemplate\":\"https:\/\/praxisschaefer.de\/?s={search_term_string}\"},\"query-input\":\"required name=search_term_string\"}],\"inLanguage\":\"en-US\"},{\"@type\":\"Organization\",\"@id\":\"https:\/\/praxisschaefer.de\/#organization\",\"name\":\"Praxis f\u00fcr Psychotherapie Dipl.-Psych. Sabine Sch\u00e4fer\",\"url\":\"https:\/\/praxisschaefer.de\/\",\"logo\":{\"@type\":\"ImageObject\",\"inLanguage\":\"en-US\",\"@id\":\"https:\/\/praxisschaefer.de\/#\/schema\/logo\/image\/\",\"url\":\"https:\/\/praxisschaefer.de\/wp-content\/uploads\/2024\/01\/praxis-schaefer-team-sabine-schaefer-neu.jpg\",\"contentUrl\":\"https:\/\/praxisschaefer.de\/wp-content\/uploads\/2024\/01\/praxis-schaefer-team-sabine-schaefer-neu.jpg\",\"width\":1000,\"height\":1000,\"caption\":\"Praxis f\u00fcr Psychotherapie Dipl.-Psych. Sabine Sch\u00e4fer\"},\"image\":{\"@id\":\"https:\/\/praxisschaefer.de\/#\/schema\/logo\/image\/\"}}]}<\/script>\n<!-- \/ Yoast SEO Premium plugin. -->","yoast_head_json":{"title":"Does my child need psychotherapy? - Sabine Sch\u00e4fer","robots":{"index":"index","follow":"follow","max-snippet":"max-snippet:-1","max-image-preview":"max-image-preview:large","max-video-preview":"max-video-preview:-1"},"canonical":"https:\/\/praxisschaefer.de\/psychotherapie-fuer-kinder-und-jugendliche\/braucht-mein-kind-eine-psychotherapie\/","og_locale":"en_US","og_type":"article","og_title":"Does my child need psychotherapy?","og_description":"[vc_row][vc_column el_align=&#8221;center&#8221;][\/vc_column][\/vc_row][vc_row][vc_column][vc_column_text]It is part of growing up for children and young people that problems and disorders occur. This is not always an expression of mental illness. Because children and young people do not develop without ups and downs. However, it may be that you as a parent feel insecure due to persistent problems or that [&hellip;]","og_url":"https:\/\/praxisschaefer.de\/psychotherapie-fuer-kinder-und-jugendliche\/braucht-mein-kind-eine-psychotherapie\/","og_site_name":"Sabine Sch\u00e4fer","article_modified_time":"2024-01-28T13:45:27+00:00","twitter_card":"summary_large_image","twitter_misc":{"Est. reading time":"2 minutes"},"schema":{"@context":"https:\/\/schema.org","@graph":[{"@type":"WebPage","@id":"https:\/\/praxisschaefer.de\/psychotherapie-fuer-kinder-und-jugendliche\/braucht-mein-kind-eine-psychotherapie\/","url":"https:\/\/praxisschaefer.de\/psychotherapie-fuer-kinder-und-jugendliche\/braucht-mein-kind-eine-psychotherapie\/","name":"Does my child need psychotherapy? - Sabine Sch\u00e4fer","isPartOf":{"@id":"https:\/\/praxisschaefer.de\/#website"},"datePublished":"2020-02-21T15:19:40+00:00","dateModified":"2024-01-28T13:45:27+00:00","breadcrumb":{"@id":"https:\/\/praxisschaefer.de\/psychotherapie-fuer-kinder-und-jugendliche\/braucht-mein-kind-eine-psychotherapie\/#breadcrumb"},"inLanguage":"en-US","potentialAction":[{"@type":"ReadAction","target":["https:\/\/praxisschaefer.de\/psychotherapie-fuer-kinder-und-jugendliche\/braucht-mein-kind-eine-psychotherapie\/"]}]},{"@type":"BreadcrumbList","@id":"https:\/\/praxisschaefer.de\/psychotherapie-fuer-kinder-und-jugendliche\/braucht-mein-kind-eine-psychotherapie\/#breadcrumb","itemListElement":[{"@type":"ListItem","position":1,"name":"Startseite","item":"https:\/\/praxisschaefer.de\/en\/"},{"@type":"ListItem","position":2,"name":"Psychotherapy for children and adolescents","item":"https:\/\/praxisschaefer.de\/psychotherapie-fuer-kinder-und-jugendliche\/"},{"@type":"ListItem","position":3,"name":"Does my child need psychotherapy?"}]},{"@type":"WebSite","@id":"https:\/\/praxisschaefer.de\/#website","url":"https:\/\/praxisschaefer.de\/","name":"Praxis f\u00fcr Psychotherapie Dipl.-Psych. Sabine Sch\u00e4fer","description":"Praxis f\u00fcr Psychotherapie","publisher":{"@id":"https:\/\/praxisschaefer.de\/#organization"},"potentialAction":[{"@type":"SearchAction","target":{"@type":"EntryPoint","urlTemplate":"https:\/\/praxisschaefer.de\/?s={search_term_string}"},"query-input":"required name=search_term_string"}],"inLanguage":"en-US"},{"@type":"Organization","@id":"https:\/\/praxisschaefer.de\/#organization","name":"Praxis f\u00fcr Psychotherapie Dipl.-Psych. Sabine Sch\u00e4fer","url":"https:\/\/praxisschaefer.de\/","logo":{"@type":"ImageObject","inLanguage":"en-US","@id":"https:\/\/praxisschaefer.de\/#\/schema\/logo\/image\/","url":"https:\/\/praxisschaefer.de\/wp-content\/uploads\/2024\/01\/praxis-schaefer-team-sabine-schaefer-neu.jpg","contentUrl":"https:\/\/praxisschaefer.de\/wp-content\/uploads\/2024\/01\/praxis-schaefer-team-sabine-schaefer-neu.jpg","width":1000,"height":1000,"caption":"Praxis f\u00fcr Psychotherapie Dipl.-Psych. Sabine Sch\u00e4fer"},"image":{"@id":"https:\/\/praxisschaefer.de\/#\/schema\/logo\/image\/"}}]}},"_links":{"self":[{"href":"https:\/\/praxisschaefer.de\/en\/wp-json\/wp\/v2\/pages\/15247","targetHints":{"allow":["GET"]}}],"collection":[{"href":"https:\/\/praxisschaefer.de\/en\/wp-json\/wp\/v2\/pages"}],"about":[{"href":"https:\/\/praxisschaefer.de\/en\/wp-json\/wp\/v2\/types\/page"}],"author":[{"embeddable":true,"href":"https:\/\/praxisschaefer.de\/en\/wp-json\/wp\/v2\/users\/1"}],"replies":[{"embeddable":true,"href":"https:\/\/praxisschaefer.de\/en\/wp-json\/wp\/v2\/comments?post=15247"}],"version-history":[{"count":2,"href":"https:\/\/praxisschaefer.de\/en\/wp-json\/wp\/v2\/pages\/15247\/revisions"}],"predecessor-version":[{"id":15596,"href":"https:\/\/praxisschaefer.de\/en\/wp-json\/wp\/v2\/pages\/15247\/revisions\/15596"}],"up":[{"embeddable":true,"href":"https:\/\/praxisschaefer.de\/en\/wp-json\/wp\/v2\/pages\/15434"}],"wp:attachment":[{"href":"https:\/\/praxisschaefer.de\/en\/wp-json\/wp\/v2\/media?parent=15247"}],"curies":[{"name":"wp","href":"https:\/\/api.w.org\/{rel}","templated":true}]}}