{"id":15234,"date":"2020-02-21T16:52:10","date_gmt":"2020-02-21T15:52:10","guid":{"rendered":"https:\/\/praxisschaefer.designwerk-kussmaul.de\/supervision-for-psychotherapists-in-training\/"},"modified":"2024-02-09T12:27:34","modified_gmt":"2024-02-09T11:27:34","slug":"supervision-for-psychotherapists-in-training","status":"publish","type":"page","link":"https:\/\/praxisschaefer.de\/en\/supervision\/supervision-for-psychotherapists-in-training\/","title":{"rendered":"Supervision for psychotherapists in training"},"content":{"rendered":"<div class=\"wpb-content-wrapper\"><p>[vc_row][vc_column el_align=&#8221;center&#8221;]<div id=\"1582292861772-e00ba7a9-d555\" class=\"dt-sc-empty-space\"><\/div><div class='dt-sc-title script-with-sub-title '><h2><\/h2><h3>Supervision for psychotherapists in training<\/h3><\/div>[\/vc_column][\/vc_row][vc_row][vc_column][vc_column_text]Are you in state training to become a psychological psychotherapist or a child and adolescent psychotherapist?<\/p>\n<p>In your training, you are aiming for the specialist knowledge for<\/p>\n<ul>\n<li>Behavioral therapy for adults (individual therapy)<\/li>\n<li>Depth psychology-based psychotherapy for adults (individual and group therapy)<\/li>\n<li>Depth psychology-based psychotherapy for children and adolescents (individual and group therapy)<\/li>\n<\/ul>\n<p>In cooperation with various training institutes, Sabine Sch\u00e4fer offers individual and group supervision. About this<\/p>\n<p>She also works as a lecturer and self-awareness trainer.[\/vc_column_text][\/vc_column][\/vc_row][vc_row][vc_column][vc_column_text]We cooperate with various training institutes within the framework of state-recognized training, for example:<\/p>\n<p><a href=\"https:\/\/www.hap-ambulanz.de\/home\/\" target=\"_blank\" rel=\"noopener\">Heidelberger Akademie f\u00fcr Psychotherapie<\/a> (HAP)<\/p>\n<p><a href=\"https:\/\/www.sueddeutsche-akademie.de\/\" target=\"_blank\" rel=\"noopener\">S\u00fcddeutsche Akademie f\u00fcr Psychotherapie<\/a> (SAP)<\/p>\n<p><a href=\"https:\/\/www.zist.de\/\" target=\"_blank\" rel=\"noopener\">ZIST Akademie f\u00fcr Psychotherapie<\/a> (ZIST)<\/p>\n<p><a href=\"https:\/\/www.avm-d.de\/\" target=\"_blank\" rel=\"noopener\">Arbeitsgemeinschaft f\u00fcr Verhaltensmodifikation eV<\/a> (AVM)<\/p>\n<p><a href=\"https:\/\/www.christophsbad.de\/akademie-c-ap-bereich-ausbildung\/\" target=\"_blank\" rel=\"noopener\">Christophsbad-Akademie f\u00fcr Psychotherapie<\/a> (C-AP)<\/p>\n<p><a href=\"https:\/\/www.ivs-nuernberg.de\" target=\"_blank\" rel=\"noopener\">Institut f\u00fcr Verhaltenstherapeutisch fundierte Psychotherapie, Verhaltensmedizin, Systememisch fundierte Therapie und Sexuologie<\/a> (IVS)<\/p>\n<p><a href=\"https:\/\/ivt-psychotherapie.de\/\" target=\"_blank\" rel=\"noopener\">Institut f\u00fcr Verhaltenstherapie<\/a> (IVT)<\/p>\n<p>[\/vc_column_text][\/vc_column][\/vc_row]<\/p>\n<\/div>","protected":false},"excerpt":{"rendered":"<p>[vc_row][vc_column el_align=&#8221;center&#8221;][\/vc_column][\/vc_row][vc_row][vc_column][vc_column_text]Are you in state training to become a psychological psychotherapist or a child and adolescent psychotherapist? In your training, you are aiming for the specialist knowledge for Behavioral therapy for adults (individual therapy) Depth psychology-based psychotherapy for adults (individual and group therapy) Depth psychology-based psychotherapy for children and adolescents (individual and group therapy) In [&hellip;]<\/p>\n","protected":false},"author":1,"featured_media":0,"parent":15394,"menu_order":133,"comment_status":"closed","ping_status":"closed","template":"","meta":{"_acf_changed":false,"footnotes":""},"class_list":["post-15234","page","type-page","status-publish","hentry"],"acf":[],"yoast_head":"<!-- This site is optimized with the Yoast SEO Premium plugin v22.4 (Yoast SEO v22.4) - https:\/\/yoast.com\/wordpress\/plugins\/seo\/ -->\n<title>Supervision for psychotherapists in training - Sabine Sch\u00e4fer<\/title>\n<meta name=\"robots\" content=\"index, follow, max-snippet:-1, max-image-preview:large, max-video-preview:-1\" \/>\n<link rel=\"canonical\" href=\"https:\/\/praxisschaefer.de\/supervision\/supervision-fuer-psychotherapeutinnen-in-ausbildung\/\" \/>\n<meta property=\"og:locale\" content=\"en_US\" \/>\n<meta property=\"og:type\" content=\"article\" \/>\n<meta property=\"og:title\" content=\"Supervision for psychotherapists in training\" \/>\n<meta property=\"og:description\" content=\"[vc_row][vc_column el_align=&#8221;center&#8221;][\/vc_column][\/vc_row][vc_row][vc_column][vc_column_text]Are you in state training to become a psychological psychotherapist or a child and adolescent psychotherapist? In your training, you are aiming for the specialist knowledge for Behavioral therapy for adults (individual therapy) Depth psychology-based psychotherapy for adults (individual and group therapy) Depth psychology-based psychotherapy for children and adolescents (individual and group therapy) In [&hellip;]\" \/>\n<meta property=\"og:url\" content=\"https:\/\/praxisschaefer.de\/supervision\/supervision-fuer-psychotherapeutinnen-in-ausbildung\/\" \/>\n<meta property=\"og:site_name\" content=\"Sabine Sch\u00e4fer\" \/>\n<meta property=\"article:modified_time\" content=\"2024-02-09T11:27:34+00:00\" \/>\n<meta name=\"twitter:card\" content=\"summary_large_image\" \/>\n<meta name=\"twitter:label1\" content=\"Est. reading time\" \/>\n\t<meta name=\"twitter:data1\" content=\"1 minute\" \/>\n<script type=\"application\/ld+json\" class=\"yoast-schema-graph\">{\"@context\":\"https:\/\/schema.org\",\"@graph\":[{\"@type\":\"WebPage\",\"@id\":\"https:\/\/praxisschaefer.de\/supervision\/supervision-fuer-psychotherapeutinnen-in-ausbildung\/\",\"url\":\"https:\/\/praxisschaefer.de\/supervision\/supervision-fuer-psychotherapeutinnen-in-ausbildung\/\",\"name\":\"Supervision for psychotherapists in training - Sabine Sch\u00e4fer\",\"isPartOf\":{\"@id\":\"https:\/\/praxisschaefer.de\/#website\"},\"datePublished\":\"2020-02-21T15:52:10+00:00\",\"dateModified\":\"2024-02-09T11:27:34+00:00\",\"breadcrumb\":{\"@id\":\"https:\/\/praxisschaefer.de\/supervision\/supervision-fuer-psychotherapeutinnen-in-ausbildung\/#breadcrumb\"},\"inLanguage\":\"en-US\",\"potentialAction\":[{\"@type\":\"ReadAction\",\"target\":[\"https:\/\/praxisschaefer.de\/supervision\/supervision-fuer-psychotherapeutinnen-in-ausbildung\/\"]}]},{\"@type\":\"BreadcrumbList\",\"@id\":\"https:\/\/praxisschaefer.de\/supervision\/supervision-fuer-psychotherapeutinnen-in-ausbildung\/#breadcrumb\",\"itemListElement\":[{\"@type\":\"ListItem\",\"position\":1,\"name\":\"Startseite\",\"item\":\"https:\/\/praxisschaefer.de\/en\/\"},{\"@type\":\"ListItem\",\"position\":2,\"name\":\"Supervision\",\"item\":\"https:\/\/praxisschaefer.de\/supervision\/\"},{\"@type\":\"ListItem\",\"position\":3,\"name\":\"Supervision for psychotherapists in training\"}]},{\"@type\":\"WebSite\",\"@id\":\"https:\/\/praxisschaefer.de\/#website\",\"url\":\"https:\/\/praxisschaefer.de\/\",\"name\":\"Praxis f\u00fcr Psychotherapie Dipl.-Psych. Sabine Sch\u00e4fer\",\"description\":\"Praxis f\u00fcr Psychotherapie\",\"publisher\":{\"@id\":\"https:\/\/praxisschaefer.de\/#organization\"},\"potentialAction\":[{\"@type\":\"SearchAction\",\"target\":{\"@type\":\"EntryPoint\",\"urlTemplate\":\"https:\/\/praxisschaefer.de\/?s={search_term_string}\"},\"query-input\":\"required name=search_term_string\"}],\"inLanguage\":\"en-US\"},{\"@type\":\"Organization\",\"@id\":\"https:\/\/praxisschaefer.de\/#organization\",\"name\":\"Praxis f\u00fcr Psychotherapie Dipl.-Psych. Sabine Sch\u00e4fer\",\"url\":\"https:\/\/praxisschaefer.de\/\",\"logo\":{\"@type\":\"ImageObject\",\"inLanguage\":\"en-US\",\"@id\":\"https:\/\/praxisschaefer.de\/#\/schema\/logo\/image\/\",\"url\":\"https:\/\/praxisschaefer.de\/wp-content\/uploads\/2024\/01\/praxis-schaefer-team-sabine-schaefer-neu.jpg\",\"contentUrl\":\"https:\/\/praxisschaefer.de\/wp-content\/uploads\/2024\/01\/praxis-schaefer-team-sabine-schaefer-neu.jpg\",\"width\":1000,\"height\":1000,\"caption\":\"Praxis f\u00fcr Psychotherapie Dipl.-Psych. Sabine Sch\u00e4fer\"},\"image\":{\"@id\":\"https:\/\/praxisschaefer.de\/#\/schema\/logo\/image\/\"}}]}<\/script>\n<!-- \/ Yoast SEO Premium plugin. -->","yoast_head_json":{"title":"Supervision for psychotherapists in training - Sabine Sch\u00e4fer","robots":{"index":"index","follow":"follow","max-snippet":"max-snippet:-1","max-image-preview":"max-image-preview:large","max-video-preview":"max-video-preview:-1"},"canonical":"https:\/\/praxisschaefer.de\/supervision\/supervision-fuer-psychotherapeutinnen-in-ausbildung\/","og_locale":"en_US","og_type":"article","og_title":"Supervision for psychotherapists in training","og_description":"[vc_row][vc_column el_align=&#8221;center&#8221;][\/vc_column][\/vc_row][vc_row][vc_column][vc_column_text]Are you in state training to become a psychological psychotherapist or a child and adolescent psychotherapist? In your training, you are aiming for the specialist knowledge for Behavioral therapy for adults (individual therapy) Depth psychology-based psychotherapy for adults (individual and group therapy) Depth psychology-based psychotherapy for children and adolescents (individual and group therapy) In [&hellip;]","og_url":"https:\/\/praxisschaefer.de\/supervision\/supervision-fuer-psychotherapeutinnen-in-ausbildung\/","og_site_name":"Sabine Sch\u00e4fer","article_modified_time":"2024-02-09T11:27:34+00:00","twitter_card":"summary_large_image","twitter_misc":{"Est. reading time":"1 minute"},"schema":{"@context":"https:\/\/schema.org","@graph":[{"@type":"WebPage","@id":"https:\/\/praxisschaefer.de\/supervision\/supervision-fuer-psychotherapeutinnen-in-ausbildung\/","url":"https:\/\/praxisschaefer.de\/supervision\/supervision-fuer-psychotherapeutinnen-in-ausbildung\/","name":"Supervision for psychotherapists in training - Sabine Sch\u00e4fer","isPartOf":{"@id":"https:\/\/praxisschaefer.de\/#website"},"datePublished":"2020-02-21T15:52:10+00:00","dateModified":"2024-02-09T11:27:34+00:00","breadcrumb":{"@id":"https:\/\/praxisschaefer.de\/supervision\/supervision-fuer-psychotherapeutinnen-in-ausbildung\/#breadcrumb"},"inLanguage":"en-US","potentialAction":[{"@type":"ReadAction","target":["https:\/\/praxisschaefer.de\/supervision\/supervision-fuer-psychotherapeutinnen-in-ausbildung\/"]}]},{"@type":"BreadcrumbList","@id":"https:\/\/praxisschaefer.de\/supervision\/supervision-fuer-psychotherapeutinnen-in-ausbildung\/#breadcrumb","itemListElement":[{"@type":"ListItem","position":1,"name":"Startseite","item":"https:\/\/praxisschaefer.de\/en\/"},{"@type":"ListItem","position":2,"name":"Supervision","item":"https:\/\/praxisschaefer.de\/supervision\/"},{"@type":"ListItem","position":3,"name":"Supervision for psychotherapists in training"}]},{"@type":"WebSite","@id":"https:\/\/praxisschaefer.de\/#website","url":"https:\/\/praxisschaefer.de\/","name":"Praxis f\u00fcr Psychotherapie Dipl.-Psych. Sabine Sch\u00e4fer","description":"Praxis f\u00fcr Psychotherapie","publisher":{"@id":"https:\/\/praxisschaefer.de\/#organization"},"potentialAction":[{"@type":"SearchAction","target":{"@type":"EntryPoint","urlTemplate":"https:\/\/praxisschaefer.de\/?s={search_term_string}"},"query-input":"required name=search_term_string"}],"inLanguage":"en-US"},{"@type":"Organization","@id":"https:\/\/praxisschaefer.de\/#organization","name":"Praxis f\u00fcr Psychotherapie Dipl.-Psych. Sabine Sch\u00e4fer","url":"https:\/\/praxisschaefer.de\/","logo":{"@type":"ImageObject","inLanguage":"en-US","@id":"https:\/\/praxisschaefer.de\/#\/schema\/logo\/image\/","url":"https:\/\/praxisschaefer.de\/wp-content\/uploads\/2024\/01\/praxis-schaefer-team-sabine-schaefer-neu.jpg","contentUrl":"https:\/\/praxisschaefer.de\/wp-content\/uploads\/2024\/01\/praxis-schaefer-team-sabine-schaefer-neu.jpg","width":1000,"height":1000,"caption":"Praxis f\u00fcr Psychotherapie Dipl.-Psych. Sabine Sch\u00e4fer"},"image":{"@id":"https:\/\/praxisschaefer.de\/#\/schema\/logo\/image\/"}}]}},"_links":{"self":[{"href":"https:\/\/praxisschaefer.de\/en\/wp-json\/wp\/v2\/pages\/15234","targetHints":{"allow":["GET"]}}],"collection":[{"href":"https:\/\/praxisschaefer.de\/en\/wp-json\/wp\/v2\/pages"}],"about":[{"href":"https:\/\/praxisschaefer.de\/en\/wp-json\/wp\/v2\/types\/page"}],"author":[{"embeddable":true,"href":"https:\/\/praxisschaefer.de\/en\/wp-json\/wp\/v2\/users\/1"}],"replies":[{"embeddable":true,"href":"https:\/\/praxisschaefer.de\/en\/wp-json\/wp\/v2\/comments?post=15234"}],"version-history":[{"count":12,"href":"https:\/\/praxisschaefer.de\/en\/wp-json\/wp\/v2\/pages\/15234\/revisions"}],"predecessor-version":[{"id":15752,"href":"https:\/\/praxisschaefer.de\/en\/wp-json\/wp\/v2\/pages\/15234\/revisions\/15752"}],"up":[{"embeddable":true,"href":"https:\/\/praxisschaefer.de\/en\/wp-json\/wp\/v2\/pages\/15394"}],"wp:attachment":[{"href":"https:\/\/praxisschaefer.de\/en\/wp-json\/wp\/v2\/media?parent=15234"}],"curies":[{"name":"wp","href":"https:\/\/api.w.org\/{rel}","templated":true}]}}