{"id":15231,"date":"2020-02-21T16:20:56","date_gmt":"2020-02-21T15:20:56","guid":{"rendered":"https:\/\/praxisschaefer.designwerk-kussmaul.de\/rauber-castle-ruins\/"},"modified":"2024-01-29T17:26:00","modified_gmt":"2024-01-29T16:26:00","slug":"rauber-castle-ruins","status":"publish","type":"page","link":"https:\/\/praxisschaefer.de\/en\/scenic-excursion-destinations\/rauber-castle-ruins\/","title":{"rendered":"Rauber castle ruins"},"content":{"rendered":"<div class=\"wpb-content-wrapper\"><p>[vc_row][vc_column el_align=&#8221;center&#8221;]<div id=\"1582292861772-e00ba7a9-d555\" class=\"dt-sc-empty-space\"><\/div><div class='dt-sc-title script-with-sub-title '><h2><\/h2><h3>Rauber castle ruins<\/h3><\/div>[\/vc_column][\/vc_row][vc_row][vc_column][vc_column_text]The ruins were built around 1210 by the knights of Diepholdsburg. This is why<a href=\"https:\/\/www.google.com\/maps\/place\/Ruine+Rauber+(Diepoldsburg)\/@48.5731217,9.4879392,15z\/data=!4m6!3m5!1s0x47999732735f184b:0xce9921f4268d9629!8m2!3d48.5731217!4d9.4879392!16s%2Fm%2F0drxsnv?entry=ttu\">&#8220;Ruine Diepholdsburg<\/a>&#8221; is the actual name of the castle ruins. It was given the name &#8220;Rauber&#8221; because of its use as a robber baron&#8217;s castle. It lies at an altitude of 720m above sea level.<\/p>\n<p>In the 16th century, most of the castle fell into disrepair. Virtually nothing remains of the outer bailey. Only the enclosing walls were restored in 1964 and 1965 and the shield walls were partially rebuilt.<\/p>\n<p>This castle ruin is also located on a rock right on the edge of the Alb. A little below is the so-called &#8220;Sattelbogen&#8221;, which connects this section of the Alb with the next section of the Alb ridge with Teck Castle in the form of a lower-lying saddle.<\/p>\n<p>From the castle ruins, you again have a wonderful view of the valley landscape and across to Teck Castle. The castle ruins can be reached from Bissingen in the valley via a steep hiking trail. You will need approx. 45 minutes to do this at a brisk pace.<\/p>\n<p>By car, you can reach the castle ruins by turning right at the parking lot to the Breitenstein (see there) and parking at the &#8220;Rauberwiese&#8221; hiking parking lot. You can reach the Rauber castle ruins in approx. 15 minutes via a hiking trail to Diepholdsburg.<\/p>\n<p>Further information about the castle ruins can be found here on the <a class=\"external-link-new-window\" title=\"Opens an external link in a new window\" href=\"http:\/\/www.lenningen.de\/index.php?id=121\" target=\"_blank\" rel=\"noopener\">homepage of the village of Lenningen<\/a>.[\/vc_column_text][\/vc_column][\/vc_row]<\/p>\n<\/div>","protected":false},"excerpt":{"rendered":"<p>[vc_row][vc_column el_align=&#8221;center&#8221;][\/vc_column][\/vc_row][vc_row][vc_column][vc_column_text]The ruins were built around 1210 by the knights of Diepholdsburg. This is why&#8220;Ruine Diepholdsburg&#8221; is the actual name of the castle ruins. It was given the name &#8220;Rauber&#8221; because of its use as a robber baron&#8217;s castle. It lies at an altitude of 720m above sea level. In the 16th century, most of [&hellip;]<\/p>\n","protected":false},"author":1,"featured_media":0,"parent":15327,"menu_order":10,"comment_status":"closed","ping_status":"closed","template":"","meta":{"_acf_changed":false,"footnotes":""},"class_list":["post-15231","page","type-page","status-publish","hentry"],"acf":[],"yoast_head":"<!-- This site is optimized with the Yoast SEO Premium plugin v22.4 (Yoast SEO v22.4) - https:\/\/yoast.com\/wordpress\/plugins\/seo\/ -->\n<title>Rauber castle ruins - Sabine Sch\u00e4fer<\/title>\n<meta name=\"robots\" content=\"index, follow, max-snippet:-1, max-image-preview:large, max-video-preview:-1\" \/>\n<link rel=\"canonical\" href=\"https:\/\/praxisschaefer.de\/aussichtsreiche-ausflugsziele\/burgruine-rauber\/\" \/>\n<meta property=\"og:locale\" content=\"en_US\" \/>\n<meta property=\"og:type\" content=\"article\" \/>\n<meta property=\"og:title\" content=\"Rauber castle ruins\" \/>\n<meta property=\"og:description\" content=\"[vc_row][vc_column el_align=&#8221;center&#8221;][\/vc_column][\/vc_row][vc_row][vc_column][vc_column_text]The ruins were built around 1210 by the knights of Diepholdsburg. This is why&#8220;Ruine Diepholdsburg&#8221; is the actual name of the castle ruins. It was given the name &#8220;Rauber&#8221; because of its use as a robber baron&#8217;s castle. It lies at an altitude of 720m above sea level. In the 16th century, most of [&hellip;]\" \/>\n<meta property=\"og:url\" content=\"https:\/\/praxisschaefer.de\/aussichtsreiche-ausflugsziele\/burgruine-rauber\/\" \/>\n<meta property=\"og:site_name\" content=\"Sabine Sch\u00e4fer\" \/>\n<meta property=\"article:modified_time\" content=\"2024-01-29T16:26:00+00:00\" \/>\n<meta name=\"twitter:card\" content=\"summary_large_image\" \/>\n<meta name=\"twitter:label1\" content=\"Est. reading time\" \/>\n\t<meta name=\"twitter:data1\" content=\"2 minutes\" \/>\n<script type=\"application\/ld+json\" class=\"yoast-schema-graph\">{\"@context\":\"https:\/\/schema.org\",\"@graph\":[{\"@type\":\"WebPage\",\"@id\":\"https:\/\/praxisschaefer.de\/aussichtsreiche-ausflugsziele\/burgruine-rauber\/\",\"url\":\"https:\/\/praxisschaefer.de\/aussichtsreiche-ausflugsziele\/burgruine-rauber\/\",\"name\":\"Rauber castle ruins - Sabine Sch\u00e4fer\",\"isPartOf\":{\"@id\":\"https:\/\/praxisschaefer.de\/#website\"},\"datePublished\":\"2020-02-21T15:20:56+00:00\",\"dateModified\":\"2024-01-29T16:26:00+00:00\",\"breadcrumb\":{\"@id\":\"https:\/\/praxisschaefer.de\/aussichtsreiche-ausflugsziele\/burgruine-rauber\/#breadcrumb\"},\"inLanguage\":\"en-US\",\"potentialAction\":[{\"@type\":\"ReadAction\",\"target\":[\"https:\/\/praxisschaefer.de\/aussichtsreiche-ausflugsziele\/burgruine-rauber\/\"]}]},{\"@type\":\"BreadcrumbList\",\"@id\":\"https:\/\/praxisschaefer.de\/aussichtsreiche-ausflugsziele\/burgruine-rauber\/#breadcrumb\",\"itemListElement\":[{\"@type\":\"ListItem\",\"position\":1,\"name\":\"Startseite\",\"item\":\"https:\/\/praxisschaefer.de\/en\/\"},{\"@type\":\"ListItem\",\"position\":2,\"name\":\"Scenic excursion destinations\",\"item\":\"https:\/\/praxisschaefer.de\/aussichtsreiche-ausflugsziele\/\"},{\"@type\":\"ListItem\",\"position\":3,\"name\":\"Rauber castle ruins\"}]},{\"@type\":\"WebSite\",\"@id\":\"https:\/\/praxisschaefer.de\/#website\",\"url\":\"https:\/\/praxisschaefer.de\/\",\"name\":\"Praxis f\u00fcr Psychotherapie Dipl.-Psych. Sabine Sch\u00e4fer\",\"description\":\"Praxis f\u00fcr Psychotherapie\",\"publisher\":{\"@id\":\"https:\/\/praxisschaefer.de\/#organization\"},\"potentialAction\":[{\"@type\":\"SearchAction\",\"target\":{\"@type\":\"EntryPoint\",\"urlTemplate\":\"https:\/\/praxisschaefer.de\/?s={search_term_string}\"},\"query-input\":\"required name=search_term_string\"}],\"inLanguage\":\"en-US\"},{\"@type\":\"Organization\",\"@id\":\"https:\/\/praxisschaefer.de\/#organization\",\"name\":\"Praxis f\u00fcr Psychotherapie Dipl.-Psych. Sabine Sch\u00e4fer\",\"url\":\"https:\/\/praxisschaefer.de\/\",\"logo\":{\"@type\":\"ImageObject\",\"inLanguage\":\"en-US\",\"@id\":\"https:\/\/praxisschaefer.de\/#\/schema\/logo\/image\/\",\"url\":\"https:\/\/praxisschaefer.de\/wp-content\/uploads\/2024\/01\/praxis-schaefer-team-sabine-schaefer-neu.jpg\",\"contentUrl\":\"https:\/\/praxisschaefer.de\/wp-content\/uploads\/2024\/01\/praxis-schaefer-team-sabine-schaefer-neu.jpg\",\"width\":1000,\"height\":1000,\"caption\":\"Praxis f\u00fcr Psychotherapie Dipl.-Psych. Sabine Sch\u00e4fer\"},\"image\":{\"@id\":\"https:\/\/praxisschaefer.de\/#\/schema\/logo\/image\/\"}}]}<\/script>\n<!-- \/ Yoast SEO Premium plugin. -->","yoast_head_json":{"title":"Rauber castle ruins - Sabine Sch\u00e4fer","robots":{"index":"index","follow":"follow","max-snippet":"max-snippet:-1","max-image-preview":"max-image-preview:large","max-video-preview":"max-video-preview:-1"},"canonical":"https:\/\/praxisschaefer.de\/aussichtsreiche-ausflugsziele\/burgruine-rauber\/","og_locale":"en_US","og_type":"article","og_title":"Rauber castle ruins","og_description":"[vc_row][vc_column el_align=&#8221;center&#8221;][\/vc_column][\/vc_row][vc_row][vc_column][vc_column_text]The ruins were built around 1210 by the knights of Diepholdsburg. This is why&#8220;Ruine Diepholdsburg&#8221; is the actual name of the castle ruins. It was given the name &#8220;Rauber&#8221; because of its use as a robber baron&#8217;s castle. It lies at an altitude of 720m above sea level. In the 16th century, most of [&hellip;]","og_url":"https:\/\/praxisschaefer.de\/aussichtsreiche-ausflugsziele\/burgruine-rauber\/","og_site_name":"Sabine Sch\u00e4fer","article_modified_time":"2024-01-29T16:26:00+00:00","twitter_card":"summary_large_image","twitter_misc":{"Est. reading time":"2 minutes"},"schema":{"@context":"https:\/\/schema.org","@graph":[{"@type":"WebPage","@id":"https:\/\/praxisschaefer.de\/aussichtsreiche-ausflugsziele\/burgruine-rauber\/","url":"https:\/\/praxisschaefer.de\/aussichtsreiche-ausflugsziele\/burgruine-rauber\/","name":"Rauber castle ruins - Sabine Sch\u00e4fer","isPartOf":{"@id":"https:\/\/praxisschaefer.de\/#website"},"datePublished":"2020-02-21T15:20:56+00:00","dateModified":"2024-01-29T16:26:00+00:00","breadcrumb":{"@id":"https:\/\/praxisschaefer.de\/aussichtsreiche-ausflugsziele\/burgruine-rauber\/#breadcrumb"},"inLanguage":"en-US","potentialAction":[{"@type":"ReadAction","target":["https:\/\/praxisschaefer.de\/aussichtsreiche-ausflugsziele\/burgruine-rauber\/"]}]},{"@type":"BreadcrumbList","@id":"https:\/\/praxisschaefer.de\/aussichtsreiche-ausflugsziele\/burgruine-rauber\/#breadcrumb","itemListElement":[{"@type":"ListItem","position":1,"name":"Startseite","item":"https:\/\/praxisschaefer.de\/en\/"},{"@type":"ListItem","position":2,"name":"Scenic excursion destinations","item":"https:\/\/praxisschaefer.de\/aussichtsreiche-ausflugsziele\/"},{"@type":"ListItem","position":3,"name":"Rauber castle ruins"}]},{"@type":"WebSite","@id":"https:\/\/praxisschaefer.de\/#website","url":"https:\/\/praxisschaefer.de\/","name":"Praxis f\u00fcr Psychotherapie Dipl.-Psych. Sabine Sch\u00e4fer","description":"Praxis f\u00fcr Psychotherapie","publisher":{"@id":"https:\/\/praxisschaefer.de\/#organization"},"potentialAction":[{"@type":"SearchAction","target":{"@type":"EntryPoint","urlTemplate":"https:\/\/praxisschaefer.de\/?s={search_term_string}"},"query-input":"required name=search_term_string"}],"inLanguage":"en-US"},{"@type":"Organization","@id":"https:\/\/praxisschaefer.de\/#organization","name":"Praxis f\u00fcr Psychotherapie Dipl.-Psych. Sabine Sch\u00e4fer","url":"https:\/\/praxisschaefer.de\/","logo":{"@type":"ImageObject","inLanguage":"en-US","@id":"https:\/\/praxisschaefer.de\/#\/schema\/logo\/image\/","url":"https:\/\/praxisschaefer.de\/wp-content\/uploads\/2024\/01\/praxis-schaefer-team-sabine-schaefer-neu.jpg","contentUrl":"https:\/\/praxisschaefer.de\/wp-content\/uploads\/2024\/01\/praxis-schaefer-team-sabine-schaefer-neu.jpg","width":1000,"height":1000,"caption":"Praxis f\u00fcr Psychotherapie Dipl.-Psych. Sabine Sch\u00e4fer"},"image":{"@id":"https:\/\/praxisschaefer.de\/#\/schema\/logo\/image\/"}}]}},"_links":{"self":[{"href":"https:\/\/praxisschaefer.de\/en\/wp-json\/wp\/v2\/pages\/15231","targetHints":{"allow":["GET"]}}],"collection":[{"href":"https:\/\/praxisschaefer.de\/en\/wp-json\/wp\/v2\/pages"}],"about":[{"href":"https:\/\/praxisschaefer.de\/en\/wp-json\/wp\/v2\/types\/page"}],"author":[{"embeddable":true,"href":"https:\/\/praxisschaefer.de\/en\/wp-json\/wp\/v2\/users\/1"}],"replies":[{"embeddable":true,"href":"https:\/\/praxisschaefer.de\/en\/wp-json\/wp\/v2\/comments?post=15231"}],"version-history":[{"count":11,"href":"https:\/\/praxisschaefer.de\/en\/wp-json\/wp\/v2\/pages\/15231\/revisions"}],"predecessor-version":[{"id":15665,"href":"https:\/\/praxisschaefer.de\/en\/wp-json\/wp\/v2\/pages\/15231\/revisions\/15665"}],"up":[{"embeddable":true,"href":"https:\/\/praxisschaefer.de\/en\/wp-json\/wp\/v2\/pages\/15327"}],"wp:attachment":[{"href":"https:\/\/praxisschaefer.de\/en\/wp-json\/wp\/v2\/media?parent=15231"}],"curies":[{"name":"wp","href":"https:\/\/api.w.org\/{rel}","templated":true}]}}