{"id":15230,"date":"2018-11-22T11:48:01","date_gmt":"2018-11-22T10:48:01","guid":{"rendered":"https:\/\/praxisschaefer.designwerk-kussmaul.de\/vacancies\/"},"modified":"2025-10-03T15:00:47","modified_gmt":"2025-10-03T13:00:47","slug":"stellenangebote","status":"publish","type":"page","link":"https:\/\/praxisschaefer.de\/en\/stellenangebote\/","title":{"rendered":"Stellenangebote"},"content":{"rendered":"<div class=\"wpb-content-wrapper\"><p>[vc_row][vc_column width=&#8221;1\/3&#8243;][vc_column_text]<\/p>\n<h6 style=\"text-align: center;\"><span style=\"color: #8da6d6; text-transform: uppercase;\">Psychologische<br \/>\nPsychotherapeut:IN<\/span><\/h6>\n<p style=\"text-align: center;\"><span style=\"color: #000080;\">derzeit kein Angebot<\/span><strong><span style=\"color: #000080;\"><br \/>\n<\/span><\/strong><\/p>\n<p>[\/vc_column_text][vc_single_image image=&#8221;14694&#8243; img_size=&#8221;medium&#8221; add_caption=&#8221;yes&#8221; alignment=&#8221;center&#8221; onclick=&#8221;custom_link&#8221; img_link_target=&#8221;_blank&#8221; css_animation=&#8221;none&#8221; link=&#8221;https:\/\/praxisschaefer.de\/wp-content\/uploads\/2025\/08\/Stellenanzeigen-Therapeuten-012025-WEB.pdf&#8221;][\/vc_column][vc_column width=&#8221;1\/3&#8243;][vc_column_text]<\/p>\n<h6 style=\"text-align: center;\"><span style=\"color: #8da6d6; text-transform: uppercase;\">Backoffice<br \/>\nAnmeldung \/ Sekretariat<br \/>\n<\/span><\/h6>\n<p style=\"text-align: center;\"><span style=\"color: #000080;\">derzeit kein Angebot<\/span><span style=\"color: #000080;\"><br \/>\n<\/span><\/p>\n<p>[\/vc_column_text][vc_single_image image=&#8221;15816&#8243; img_size=&#8221;medium&#8221; add_caption=&#8221;yes&#8221; alignment=&#8221;center&#8221; onclick=&#8221;custom_link&#8221; img_link_target=&#8221;_blank&#8221; css_animation=&#8221;none&#8221; link=&#8221;https:\/\/praxisschaefer.de\/wp-content\/uploads\/2025\/03\/2025-TZ-Stellenanzeigen-Backoffice-042024-WEB.pdf&#8221;][\/vc_column][vc_column width=&#8221;1\/3&#8243;][vc_column_text]<\/p>\n<h6 style=\"text-align: center;\"><span style=\"color: #8da6d6; text-transform: uppercase;\">Kinder- u. Jugendlichen<br \/>\nPsychotherapeut:IN<\/span><\/h6>\n<p style=\"text-align: center;\"><span style=\"color: #000080;\">derzeit kein Angebot<\/span><\/p>\n<p>[\/vc_column_text][vc_single_image image=&#8221;14696&#8243; img_size=&#8221;medium&#8221; add_caption=&#8221;yes&#8221; alignment=&#8221;center&#8221; onclick=&#8221;custom_link&#8221; img_link_target=&#8221;_blank&#8221; link=&#8221;https:\/\/praxisschaefer.de\/wp-content\/uploads\/2024\/01\/Stellenanzeigen-Kinder-und-Jugend-Therapeuten-012024-WEB.pdf&#8221;][\/vc_column][\/vc_row][vc_row][vc_column width=&#8221;1\/2&#8243;][vc_column_text]<\/p>\n<h6 style=\"text-align: center;\"><span style=\"color: #8da6d6; text-transform: uppercase;\">Psychotherapeut:IN<br \/>\nin Ausbildung<\/span><\/h6>\n<p style=\"text-align: center;\"><span style=\"color: #000080;\">derzeit kein Angebot<\/span><\/p>\n<p>[\/vc_column_text][vc_single_image image=&#8221;14695&#8243; img_size=&#8221;medium&#8221; add_caption=&#8221;yes&#8221; alignment=&#8221;center&#8221; onclick=&#8221;custom_link&#8221; img_link_target=&#8221;_blank&#8221; link=&#8221;https:\/\/praxisschaefer.de\/wp-content\/uploads\/2024\/01\/Stellenanzeigen-PIA-012024-WEB.pdf&#8221;][\/vc_column][vc_column width=&#8221;1\/2&#8243;][vc_column_text]<\/p>\n<h6 style=\"text-align: center;\"><span style=\"color: #8da6d6; text-transform: uppercase;\">\u00a0Student:in<br \/>\n<\/span><span style=\"color: #8da6d6; text-transform: uppercase;\">der Psychologie<\/span><\/h6>\n<p style=\"text-align: center;\"><span style=\"color: #000080;\">derzeit kein Angebot<\/span><\/p>\n<p>[\/vc_column_text][vc_single_image image=&#8221;15886&#8243; img_size=&#8221;medium&#8221; add_caption=&#8221;yes&#8221; alignment=&#8221;center&#8221; onclick=&#8221;custom_link&#8221; img_link_target=&#8221;_blank&#8221; link=&#8221;https:\/\/praxisschaefer.de\/wp-content\/uploads\/2025\/02\/Stellenanzeigen-Studium-052025-WEB.pdf&#8221;][\/vc_column][\/vc_row]<\/p>\n<\/div>","protected":false},"excerpt":{"rendered":"<p>[vc_row][vc_column width=&#8221;1\/3&#8243;][vc_column_text] Psychologische Psychotherapeut:IN derzeit kein Angebot [\/vc_column_text][vc_single_image image=&#8221;14694&#8243; img_size=&#8221;medium&#8221; add_caption=&#8221;yes&#8221; alignment=&#8221;center&#8221; onclick=&#8221;custom_link&#8221; img_link_target=&#8221;_blank&#8221; css_animation=&#8221;none&#8221; link=&#8221;https:\/\/praxisschaefer.de\/wp-content\/uploads\/2025\/08\/Stellenanzeigen-Therapeuten-012025-WEB.pdf&#8221;][\/vc_column][vc_column width=&#8221;1\/3&#8243;][vc_column_text] Backoffice Anmeldung \/ Sekretariat derzeit kein Angebot [\/vc_column_text][vc_single_image image=&#8221;15816&#8243; img_size=&#8221;medium&#8221; add_caption=&#8221;yes&#8221; alignment=&#8221;center&#8221; onclick=&#8221;custom_link&#8221; img_link_target=&#8221;_blank&#8221; css_animation=&#8221;none&#8221; link=&#8221;https:\/\/praxisschaefer.de\/wp-content\/uploads\/2025\/03\/2025-TZ-Stellenanzeigen-Backoffice-042024-WEB.pdf&#8221;][\/vc_column][vc_column width=&#8221;1\/3&#8243;][vc_column_text] Kinder- u. Jugendlichen Psychotherapeut:IN derzeit kein Angebot [\/vc_column_text][vc_single_image image=&#8221;14696&#8243; img_size=&#8221;medium&#8221; add_caption=&#8221;yes&#8221; alignment=&#8221;center&#8221; onclick=&#8221;custom_link&#8221; img_link_target=&#8221;_blank&#8221; link=&#8221;https:\/\/praxisschaefer.de\/wp-content\/uploads\/2024\/01\/Stellenanzeigen-Kinder-und-Jugend-Therapeuten-012024-WEB.pdf&#8221;][\/vc_column][\/vc_row][vc_row][vc_column width=&#8221;1\/2&#8243;][vc_column_text] Psychotherapeut:IN in Ausbildung derzeit kein [&hellip;]<\/p>\n","protected":false},"author":1,"featured_media":0,"parent":0,"menu_order":126,"comment_status":"closed","ping_status":"closed","template":"","meta":{"_acf_changed":false,"footnotes":""},"class_list":["post-15230","page","type-page","status-publish","hentry"],"acf":[],"yoast_head":"<!-- This site is optimized with the Yoast SEO Premium plugin v22.4 (Yoast SEO v22.4) - https:\/\/yoast.com\/wordpress\/plugins\/seo\/ -->\n<title>Stellenangebote: Werden Sie Teil unserer Praxis - Sabine Sch\u00e4fer<\/title>\n<meta name=\"description\" content=\"Entdecken Sie unsere aktuellen Stellenangebote. Werden Sie Teil unseres Teams und bringen Sie Ihre F\u00e4higkeiten in unserem Praxisteam ein.\" \/>\n<meta name=\"robots\" content=\"index, follow, max-snippet:-1, max-image-preview:large, max-video-preview:-1\" \/>\n<link rel=\"canonical\" href=\"https:\/\/praxisschaefer.de\/en\/stellenangebote\/\" \/>\n<meta property=\"og:locale\" content=\"en_US\" \/>\n<meta property=\"og:type\" content=\"article\" \/>\n<meta property=\"og:title\" content=\"Stellenangebote\" \/>\n<meta property=\"og:description\" content=\"Entdecken Sie unsere aktuellen Stellenangebote. Werden Sie Teil unseres Teams und bringen Sie Ihre F\u00e4higkeiten in unserem Praxisteam ein.\" \/>\n<meta property=\"og:url\" content=\"https:\/\/praxisschaefer.de\/en\/stellenangebote\/\" \/>\n<meta property=\"og:site_name\" content=\"Sabine Sch\u00e4fer\" \/>\n<meta property=\"article:modified_time\" content=\"2025-10-03T13:00:47+00:00\" \/>\n<meta name=\"twitter:card\" content=\"summary_large_image\" \/>\n<meta name=\"twitter:label1\" content=\"Est. reading time\" \/>\n\t<meta name=\"twitter:data1\" content=\"1 minute\" \/>\n<script type=\"application\/ld+json\" class=\"yoast-schema-graph\">{\"@context\":\"https:\/\/schema.org\",\"@graph\":[{\"@type\":\"WebPage\",\"@id\":\"https:\/\/praxisschaefer.de\/en\/stellenangebote\/\",\"url\":\"https:\/\/praxisschaefer.de\/en\/stellenangebote\/\",\"name\":\"Stellenangebote: Werden Sie Teil unserer Praxis - Sabine Sch\u00e4fer\",\"isPartOf\":{\"@id\":\"https:\/\/praxisschaefer.de\/#website\"},\"datePublished\":\"2018-11-22T10:48:01+00:00\",\"dateModified\":\"2025-10-03T13:00:47+00:00\",\"description\":\"Entdecken Sie unsere aktuellen Stellenangebote. Werden Sie Teil unseres Teams und bringen Sie Ihre F\u00e4higkeiten in unserem Praxisteam ein.\",\"breadcrumb\":{\"@id\":\"https:\/\/praxisschaefer.de\/en\/stellenangebote\/#breadcrumb\"},\"inLanguage\":\"en-US\",\"potentialAction\":[{\"@type\":\"ReadAction\",\"target\":[\"https:\/\/praxisschaefer.de\/en\/stellenangebote\/\"]}]},{\"@type\":\"BreadcrumbList\",\"@id\":\"https:\/\/praxisschaefer.de\/en\/stellenangebote\/#breadcrumb\",\"itemListElement\":[{\"@type\":\"ListItem\",\"position\":1,\"name\":\"Startseite\",\"item\":\"https:\/\/praxisschaefer.de\/en\/\"},{\"@type\":\"ListItem\",\"position\":2,\"name\":\"Stellenangebote\"}]},{\"@type\":\"WebSite\",\"@id\":\"https:\/\/praxisschaefer.de\/#website\",\"url\":\"https:\/\/praxisschaefer.de\/\",\"name\":\"Praxis f\u00fcr Psychotherapie Dipl.-Psych. Sabine Sch\u00e4fer\",\"description\":\"Praxis f\u00fcr Psychotherapie\",\"publisher\":{\"@id\":\"https:\/\/praxisschaefer.de\/#organization\"},\"potentialAction\":[{\"@type\":\"SearchAction\",\"target\":{\"@type\":\"EntryPoint\",\"urlTemplate\":\"https:\/\/praxisschaefer.de\/?s={search_term_string}\"},\"query-input\":\"required name=search_term_string\"}],\"inLanguage\":\"en-US\"},{\"@type\":\"Organization\",\"@id\":\"https:\/\/praxisschaefer.de\/#organization\",\"name\":\"Praxis f\u00fcr Psychotherapie Dipl.-Psych. Sabine Sch\u00e4fer\",\"url\":\"https:\/\/praxisschaefer.de\/\",\"logo\":{\"@type\":\"ImageObject\",\"inLanguage\":\"en-US\",\"@id\":\"https:\/\/praxisschaefer.de\/#\/schema\/logo\/image\/\",\"url\":\"https:\/\/praxisschaefer.de\/wp-content\/uploads\/2024\/01\/praxis-schaefer-team-sabine-schaefer-neu.jpg\",\"contentUrl\":\"https:\/\/praxisschaefer.de\/wp-content\/uploads\/2024\/01\/praxis-schaefer-team-sabine-schaefer-neu.jpg\",\"width\":1000,\"height\":1000,\"caption\":\"Praxis f\u00fcr Psychotherapie Dipl.-Psych. Sabine Sch\u00e4fer\"},\"image\":{\"@id\":\"https:\/\/praxisschaefer.de\/#\/schema\/logo\/image\/\"}}]}<\/script>\n<!-- \/ Yoast SEO Premium plugin. -->","yoast_head_json":{"title":"Stellenangebote: Werden Sie Teil unserer Praxis - Sabine Sch\u00e4fer","description":"Entdecken Sie unsere aktuellen Stellenangebote. Werden Sie Teil unseres Teams und bringen Sie Ihre F\u00e4higkeiten in unserem Praxisteam ein.","robots":{"index":"index","follow":"follow","max-snippet":"max-snippet:-1","max-image-preview":"max-image-preview:large","max-video-preview":"max-video-preview:-1"},"canonical":"https:\/\/praxisschaefer.de\/en\/stellenangebote\/","og_locale":"en_US","og_type":"article","og_title":"Stellenangebote","og_description":"Entdecken Sie unsere aktuellen Stellenangebote. Werden Sie Teil unseres Teams und bringen Sie Ihre F\u00e4higkeiten in unserem Praxisteam ein.","og_url":"https:\/\/praxisschaefer.de\/en\/stellenangebote\/","og_site_name":"Sabine Sch\u00e4fer","article_modified_time":"2025-10-03T13:00:47+00:00","twitter_card":"summary_large_image","twitter_misc":{"Est. reading time":"1 minute"},"schema":{"@context":"https:\/\/schema.org","@graph":[{"@type":"WebPage","@id":"https:\/\/praxisschaefer.de\/en\/stellenangebote\/","url":"https:\/\/praxisschaefer.de\/en\/stellenangebote\/","name":"Stellenangebote: Werden Sie Teil unserer Praxis - Sabine Sch\u00e4fer","isPartOf":{"@id":"https:\/\/praxisschaefer.de\/#website"},"datePublished":"2018-11-22T10:48:01+00:00","dateModified":"2025-10-03T13:00:47+00:00","description":"Entdecken Sie unsere aktuellen Stellenangebote. Werden Sie Teil unseres Teams und bringen Sie Ihre F\u00e4higkeiten in unserem Praxisteam ein.","breadcrumb":{"@id":"https:\/\/praxisschaefer.de\/en\/stellenangebote\/#breadcrumb"},"inLanguage":"en-US","potentialAction":[{"@type":"ReadAction","target":["https:\/\/praxisschaefer.de\/en\/stellenangebote\/"]}]},{"@type":"BreadcrumbList","@id":"https:\/\/praxisschaefer.de\/en\/stellenangebote\/#breadcrumb","itemListElement":[{"@type":"ListItem","position":1,"name":"Startseite","item":"https:\/\/praxisschaefer.de\/en\/"},{"@type":"ListItem","position":2,"name":"Stellenangebote"}]},{"@type":"WebSite","@id":"https:\/\/praxisschaefer.de\/#website","url":"https:\/\/praxisschaefer.de\/","name":"Praxis f\u00fcr Psychotherapie Dipl.-Psych. Sabine Sch\u00e4fer","description":"Praxis f\u00fcr Psychotherapie","publisher":{"@id":"https:\/\/praxisschaefer.de\/#organization"},"potentialAction":[{"@type":"SearchAction","target":{"@type":"EntryPoint","urlTemplate":"https:\/\/praxisschaefer.de\/?s={search_term_string}"},"query-input":"required name=search_term_string"}],"inLanguage":"en-US"},{"@type":"Organization","@id":"https:\/\/praxisschaefer.de\/#organization","name":"Praxis f\u00fcr Psychotherapie Dipl.-Psych. Sabine Sch\u00e4fer","url":"https:\/\/praxisschaefer.de\/","logo":{"@type":"ImageObject","inLanguage":"en-US","@id":"https:\/\/praxisschaefer.de\/#\/schema\/logo\/image\/","url":"https:\/\/praxisschaefer.de\/wp-content\/uploads\/2024\/01\/praxis-schaefer-team-sabine-schaefer-neu.jpg","contentUrl":"https:\/\/praxisschaefer.de\/wp-content\/uploads\/2024\/01\/praxis-schaefer-team-sabine-schaefer-neu.jpg","width":1000,"height":1000,"caption":"Praxis f\u00fcr Psychotherapie Dipl.-Psych. Sabine Sch\u00e4fer"},"image":{"@id":"https:\/\/praxisschaefer.de\/#\/schema\/logo\/image\/"}}]}},"_links":{"self":[{"href":"https:\/\/praxisschaefer.de\/en\/wp-json\/wp\/v2\/pages\/15230","targetHints":{"allow":["GET"]}}],"collection":[{"href":"https:\/\/praxisschaefer.de\/en\/wp-json\/wp\/v2\/pages"}],"about":[{"href":"https:\/\/praxisschaefer.de\/en\/wp-json\/wp\/v2\/types\/page"}],"author":[{"embeddable":true,"href":"https:\/\/praxisschaefer.de\/en\/wp-json\/wp\/v2\/users\/1"}],"replies":[{"embeddable":true,"href":"https:\/\/praxisschaefer.de\/en\/wp-json\/wp\/v2\/comments?post=15230"}],"version-history":[{"count":15,"href":"https:\/\/praxisschaefer.de\/en\/wp-json\/wp\/v2\/pages\/15230\/revisions"}],"predecessor-version":[{"id":15982,"href":"https:\/\/praxisschaefer.de\/en\/wp-json\/wp\/v2\/pages\/15230\/revisions\/15982"}],"wp:attachment":[{"href":"https:\/\/praxisschaefer.de\/en\/wp-json\/wp\/v2\/media?parent=15230"}],"curies":[{"name":"wp","href":"https:\/\/api.w.org\/{rel}","templated":true}]}}