{"id":15225,"date":"2020-02-24T10:06:06","date_gmt":"2020-02-24T09:06:06","guid":{"rendered":"https:\/\/praxisschaefer.designwerk-kussmaul.de\/diagnostics\/"},"modified":"2024-01-29T17:00:26","modified_gmt":"2024-01-29T16:00:26","slug":"diagnostics","status":"publish","type":"page","link":"https:\/\/praxisschaefer.de\/en\/for-patients\/diagnostics\/","title":{"rendered":"Diagnostics"},"content":{"rendered":"<div class=\"wpb-content-wrapper\"><p>[vc_row][vc_column el_align=&#8221;center&#8221;]<div id=\"1582292861772-e00ba7a9-d555\" class=\"dt-sc-empty-space\"><\/div><div class='dt-sc-title script-with-sub-title '><h2><\/h2><h3>Diagnostics<\/h3><\/div>[\/vc_column][\/vc_row][vc_row][vc_column][vc_column_text]A qualified diagnosis is made during the first psychotherapeutic consultations. The diagnostic interview and, in addition, some questionnaires and reports from your previous treatments that have proven themselves in clinical treatment are used for this purpose. Together with you, we try to arrive at as comprehensive and accurate an understanding as possible of your problem and the development and maintenance of your illness or crisis.[\/vc_column_text][vc_column_text]<\/p>\n<h4>Indication and, if necessary, mediation<\/h4>\n<p>Once the diagnosis has been made, the indication is determined, i.e. we determine which support measures are appropriate for you. If we determine that psychotherapeutic treatment is necessary, we will advise you on which psychotherapy method and which psychotherapist can best help you.<\/p>\n<p>During these diagnostic sessions, it is also clarified whether the intended psychotherapy and goals are promising for the problem at hand. Here it is also important to check whether the relationship between you as the patient and the psychotherapist is sustainable. The scope of treatment and the frequency of the individual sessions are also determined during this diagnostic phase.<\/p>\n<p>Our practice employs highly qualified and very experienced psychotherapists who can provide treatment if a psychotherapy slot is available. When considering the right indication and support for your problems, we naturally involve all relevant colleagues and institutions in your environment.[\/vc_column_text][\/vc_column][\/vc_row]<\/p>\n<\/div>","protected":false},"excerpt":{"rendered":"<p>[vc_row][vc_column el_align=&#8221;center&#8221;][\/vc_column][\/vc_row][vc_row][vc_column][vc_column_text]A qualified diagnosis is made during the first psychotherapeutic consultations. The diagnostic interview and, in addition, some questionnaires and reports from your previous treatments that have proven themselves in clinical treatment are used for this purpose. Together with you, we try to arrive at as comprehensive and accurate an understanding as possible of your [&hellip;]<\/p>\n","protected":false},"author":1,"featured_media":0,"parent":15427,"menu_order":49,"comment_status":"closed","ping_status":"closed","template":"","meta":{"_acf_changed":false,"footnotes":""},"class_list":["post-15225","page","type-page","status-publish","hentry"],"acf":[],"yoast_head":"<!-- This site is optimized with the Yoast SEO Premium plugin v22.4 (Yoast SEO v22.4) - https:\/\/yoast.com\/wordpress\/plugins\/seo\/ -->\n<title>Diagnostics - Sabine Sch\u00e4fer<\/title>\n<meta name=\"robots\" content=\"index, follow, max-snippet:-1, max-image-preview:large, max-video-preview:-1\" \/>\n<link rel=\"canonical\" href=\"https:\/\/praxisschaefer.de\/en\/for-patients\/diagnostics\/\" \/>\n<meta property=\"og:locale\" content=\"en_US\" \/>\n<meta property=\"og:type\" content=\"article\" \/>\n<meta property=\"og:title\" content=\"Diagnostics\" \/>\n<meta property=\"og:description\" content=\"[vc_row][vc_column el_align=&#8221;center&#8221;][\/vc_column][\/vc_row][vc_row][vc_column][vc_column_text]A qualified diagnosis is made during the first psychotherapeutic consultations. The diagnostic interview and, in addition, some questionnaires and reports from your previous treatments that have proven themselves in clinical treatment are used for this purpose. Together with you, we try to arrive at as comprehensive and accurate an understanding as possible of your [&hellip;]\" \/>\n<meta property=\"og:url\" content=\"https:\/\/praxisschaefer.de\/en\/for-patients\/diagnostics\/\" \/>\n<meta property=\"og:site_name\" content=\"Sabine Sch\u00e4fer\" \/>\n<meta property=\"article:modified_time\" content=\"2024-01-29T16:00:26+00:00\" \/>\n<meta name=\"twitter:card\" content=\"summary_large_image\" \/>\n<meta name=\"twitter:label1\" content=\"Est. reading time\" \/>\n\t<meta name=\"twitter:data1\" content=\"1 minute\" \/>\n<script type=\"application\/ld+json\" class=\"yoast-schema-graph\">{\"@context\":\"https:\/\/schema.org\",\"@graph\":[{\"@type\":\"WebPage\",\"@id\":\"https:\/\/praxisschaefer.de\/en\/for-patients\/diagnostics\/\",\"url\":\"https:\/\/praxisschaefer.de\/en\/for-patients\/diagnostics\/\",\"name\":\"Diagnostics - Sabine Sch\u00e4fer\",\"isPartOf\":{\"@id\":\"https:\/\/praxisschaefer.de\/#website\"},\"datePublished\":\"2020-02-24T09:06:06+00:00\",\"dateModified\":\"2024-01-29T16:00:26+00:00\",\"breadcrumb\":{\"@id\":\"https:\/\/praxisschaefer.de\/en\/for-patients\/diagnostics\/#breadcrumb\"},\"inLanguage\":\"en-US\",\"potentialAction\":[{\"@type\":\"ReadAction\",\"target\":[\"https:\/\/praxisschaefer.de\/en\/for-patients\/diagnostics\/\"]}]},{\"@type\":\"BreadcrumbList\",\"@id\":\"https:\/\/praxisschaefer.de\/en\/for-patients\/diagnostics\/#breadcrumb\",\"itemListElement\":[{\"@type\":\"ListItem\",\"position\":1,\"name\":\"Startseite\",\"item\":\"https:\/\/praxisschaefer.de\/en\/\"},{\"@type\":\"ListItem\",\"position\":2,\"name\":\"For patients\",\"item\":\"https:\/\/praxisschaefer.de\/en\/for-patients\/\"},{\"@type\":\"ListItem\",\"position\":3,\"name\":\"Diagnostics\"}]},{\"@type\":\"WebSite\",\"@id\":\"https:\/\/praxisschaefer.de\/#website\",\"url\":\"https:\/\/praxisschaefer.de\/\",\"name\":\"Praxis f\u00fcr Psychotherapie Dipl.-Psych. Sabine Sch\u00e4fer\",\"description\":\"Praxis f\u00fcr Psychotherapie\",\"publisher\":{\"@id\":\"https:\/\/praxisschaefer.de\/#organization\"},\"potentialAction\":[{\"@type\":\"SearchAction\",\"target\":{\"@type\":\"EntryPoint\",\"urlTemplate\":\"https:\/\/praxisschaefer.de\/?s={search_term_string}\"},\"query-input\":\"required name=search_term_string\"}],\"inLanguage\":\"en-US\"},{\"@type\":\"Organization\",\"@id\":\"https:\/\/praxisschaefer.de\/#organization\",\"name\":\"Praxis f\u00fcr Psychotherapie Dipl.-Psych. Sabine Sch\u00e4fer\",\"url\":\"https:\/\/praxisschaefer.de\/\",\"logo\":{\"@type\":\"ImageObject\",\"inLanguage\":\"en-US\",\"@id\":\"https:\/\/praxisschaefer.de\/#\/schema\/logo\/image\/\",\"url\":\"https:\/\/praxisschaefer.de\/wp-content\/uploads\/2024\/01\/praxis-schaefer-team-sabine-schaefer-neu.jpg\",\"contentUrl\":\"https:\/\/praxisschaefer.de\/wp-content\/uploads\/2024\/01\/praxis-schaefer-team-sabine-schaefer-neu.jpg\",\"width\":1000,\"height\":1000,\"caption\":\"Praxis f\u00fcr Psychotherapie Dipl.-Psych. Sabine Sch\u00e4fer\"},\"image\":{\"@id\":\"https:\/\/praxisschaefer.de\/#\/schema\/logo\/image\/\"}}]}<\/script>\n<!-- \/ Yoast SEO Premium plugin. -->","yoast_head_json":{"title":"Diagnostics - Sabine Sch\u00e4fer","robots":{"index":"index","follow":"follow","max-snippet":"max-snippet:-1","max-image-preview":"max-image-preview:large","max-video-preview":"max-video-preview:-1"},"canonical":"https:\/\/praxisschaefer.de\/en\/for-patients\/diagnostics\/","og_locale":"en_US","og_type":"article","og_title":"Diagnostics","og_description":"[vc_row][vc_column el_align=&#8221;center&#8221;][\/vc_column][\/vc_row][vc_row][vc_column][vc_column_text]A qualified diagnosis is made during the first psychotherapeutic consultations. The diagnostic interview and, in addition, some questionnaires and reports from your previous treatments that have proven themselves in clinical treatment are used for this purpose. Together with you, we try to arrive at as comprehensive and accurate an understanding as possible of your [&hellip;]","og_url":"https:\/\/praxisschaefer.de\/en\/for-patients\/diagnostics\/","og_site_name":"Sabine Sch\u00e4fer","article_modified_time":"2024-01-29T16:00:26+00:00","twitter_card":"summary_large_image","twitter_misc":{"Est. reading time":"1 minute"},"schema":{"@context":"https:\/\/schema.org","@graph":[{"@type":"WebPage","@id":"https:\/\/praxisschaefer.de\/en\/for-patients\/diagnostics\/","url":"https:\/\/praxisschaefer.de\/en\/for-patients\/diagnostics\/","name":"Diagnostics - Sabine Sch\u00e4fer","isPartOf":{"@id":"https:\/\/praxisschaefer.de\/#website"},"datePublished":"2020-02-24T09:06:06+00:00","dateModified":"2024-01-29T16:00:26+00:00","breadcrumb":{"@id":"https:\/\/praxisschaefer.de\/en\/for-patients\/diagnostics\/#breadcrumb"},"inLanguage":"en-US","potentialAction":[{"@type":"ReadAction","target":["https:\/\/praxisschaefer.de\/en\/for-patients\/diagnostics\/"]}]},{"@type":"BreadcrumbList","@id":"https:\/\/praxisschaefer.de\/en\/for-patients\/diagnostics\/#breadcrumb","itemListElement":[{"@type":"ListItem","position":1,"name":"Startseite","item":"https:\/\/praxisschaefer.de\/en\/"},{"@type":"ListItem","position":2,"name":"For patients","item":"https:\/\/praxisschaefer.de\/en\/for-patients\/"},{"@type":"ListItem","position":3,"name":"Diagnostics"}]},{"@type":"WebSite","@id":"https:\/\/praxisschaefer.de\/#website","url":"https:\/\/praxisschaefer.de\/","name":"Praxis f\u00fcr Psychotherapie Dipl.-Psych. Sabine Sch\u00e4fer","description":"Praxis f\u00fcr Psychotherapie","publisher":{"@id":"https:\/\/praxisschaefer.de\/#organization"},"potentialAction":[{"@type":"SearchAction","target":{"@type":"EntryPoint","urlTemplate":"https:\/\/praxisschaefer.de\/?s={search_term_string}"},"query-input":"required name=search_term_string"}],"inLanguage":"en-US"},{"@type":"Organization","@id":"https:\/\/praxisschaefer.de\/#organization","name":"Praxis f\u00fcr Psychotherapie Dipl.-Psych. Sabine Sch\u00e4fer","url":"https:\/\/praxisschaefer.de\/","logo":{"@type":"ImageObject","inLanguage":"en-US","@id":"https:\/\/praxisschaefer.de\/#\/schema\/logo\/image\/","url":"https:\/\/praxisschaefer.de\/wp-content\/uploads\/2024\/01\/praxis-schaefer-team-sabine-schaefer-neu.jpg","contentUrl":"https:\/\/praxisschaefer.de\/wp-content\/uploads\/2024\/01\/praxis-schaefer-team-sabine-schaefer-neu.jpg","width":1000,"height":1000,"caption":"Praxis f\u00fcr Psychotherapie Dipl.-Psych. Sabine Sch\u00e4fer"},"image":{"@id":"https:\/\/praxisschaefer.de\/#\/schema\/logo\/image\/"}}]}},"_links":{"self":[{"href":"https:\/\/praxisschaefer.de\/en\/wp-json\/wp\/v2\/pages\/15225","targetHints":{"allow":["GET"]}}],"collection":[{"href":"https:\/\/praxisschaefer.de\/en\/wp-json\/wp\/v2\/pages"}],"about":[{"href":"https:\/\/praxisschaefer.de\/en\/wp-json\/wp\/v2\/types\/page"}],"author":[{"embeddable":true,"href":"https:\/\/praxisschaefer.de\/en\/wp-json\/wp\/v2\/users\/1"}],"replies":[{"embeddable":true,"href":"https:\/\/praxisschaefer.de\/en\/wp-json\/wp\/v2\/comments?post=15225"}],"version-history":[{"count":2,"href":"https:\/\/praxisschaefer.de\/en\/wp-json\/wp\/v2\/pages\/15225\/revisions"}],"predecessor-version":[{"id":15624,"href":"https:\/\/praxisschaefer.de\/en\/wp-json\/wp\/v2\/pages\/15225\/revisions\/15624"}],"up":[{"embeddable":true,"href":"https:\/\/praxisschaefer.de\/en\/wp-json\/wp\/v2\/pages\/15427"}],"wp:attachment":[{"href":"https:\/\/praxisschaefer.de\/en\/wp-json\/wp\/v2\/media?parent=15225"}],"curies":[{"name":"wp","href":"https:\/\/api.w.org\/{rel}","templated":true}]}}