{"id":15218,"date":"2020-02-24T10:55:17","date_gmt":"2020-02-24T09:55:17","guid":{"rendered":"https:\/\/praxisschaefer.designwerk-kussmaul.de\/assumption-of-costs\/"},"modified":"2024-01-29T17:01:58","modified_gmt":"2024-01-29T16:01:58","slug":"assumption-of-costs","status":"publish","type":"page","link":"https:\/\/praxisschaefer.de\/en\/for-patients\/assumption-of-costs\/","title":{"rendered":"Assumption of costs"},"content":{"rendered":"<div class=\"wpb-content-wrapper\"><p>[vc_row][vc_column el_align=&#8221;center&#8221;]<div id=\"1582292861772-e00ba7a9-d555\" class=\"dt-sc-empty-space\"><\/div><div class='dt-sc-title script-with-sub-title '><h2><\/h2><h3>Assumption of costs<\/h3><\/div>[\/vc_column][\/vc_row][vc_row][vc_column][vc_column_text]In principle, all <a href=\"https:\/\/praxisschaefer.de\/fuer-patienten\/diagnostik\/\">diagnoses<\/a> listed in the International Classification of Diseases (ICD-10), in particular in chapter &#8220;F&#8221;, can be the subject of psychotherapeutic treatment. These include depression, anxiety and adjustment disorders, obsessive-compulsive disorders, pain disorders, eating disorders, trauma and addiction.<\/p>\n<p>Psychotherapy methods recognized by health insurance companies are behavioural therapy, depth psychology-based psychotherapy, systemic therapy and analytical therapy.<\/p>\n<p>Diagnostic sessions are covered by your health insurance without the need for an application. In order for the costs of psychotherapy following the diagnosis to be covered, either an application must be submitted beforehand or the health insurance company must be informed of the start of treatment. You can find more information under <a href=\"https:\/\/praxisschaefer.de\/en\/application\/\">Application<\/a>.[\/vc_column_text][vc_column_text]The costs of approved psychotherapy are fully covered by all statutory health insurance companies. It is sufficient to present your insurance card. There is no additional payment for patients.<\/p>\n<p>For insured persons who are entitled to financial aid, the German Psychotherapy Aid Ordinance applies. It roughly corresponds to that of the statutory health insurance funds. Here too, a corresponding application must be submitted in advance.<\/p>\n<p>Privately insured persons are advised to clarify the application procedure for cost coverage with their insurance company before starting treatment, as the question of cost coverage depends on your individual contract conditions, i.e. also on the insurance tariff agreed in the individual case.[\/vc_column_text][\/vc_column][\/vc_row]<\/p>\n<\/div>","protected":false},"excerpt":{"rendered":"<p>[vc_row][vc_column el_align=&#8221;center&#8221;][\/vc_column][\/vc_row][vc_row][vc_column][vc_column_text]In principle, all diagnoses listed in the International Classification of Diseases (ICD-10), in particular in chapter &#8220;F&#8221;, can be the subject of psychotherapeutic treatment. These include depression, anxiety and adjustment disorders, obsessive-compulsive disorders, pain disorders, eating disorders, trauma and addiction. Psychotherapy methods recognized by health insurance companies are behavioural therapy, depth psychology-based psychotherapy, systemic [&hellip;]<\/p>\n","protected":false},"author":1,"featured_media":0,"parent":15427,"menu_order":59,"comment_status":"closed","ping_status":"closed","template":"","meta":{"_acf_changed":false,"footnotes":""},"class_list":["post-15218","page","type-page","status-publish","hentry"],"acf":[],"yoast_head":"<!-- This site is optimized with the Yoast SEO Premium plugin v22.4 (Yoast SEO v22.4) - https:\/\/yoast.com\/wordpress\/plugins\/seo\/ -->\n<title>Assumption of costs - Sabine Sch\u00e4fer<\/title>\n<meta name=\"robots\" content=\"index, follow, max-snippet:-1, max-image-preview:large, max-video-preview:-1\" \/>\n<link rel=\"canonical\" href=\"https:\/\/praxisschaefer.de\/en\/for-patients\/assumption-of-costs\/\" \/>\n<meta property=\"og:locale\" content=\"en_US\" \/>\n<meta property=\"og:type\" content=\"article\" \/>\n<meta property=\"og:title\" content=\"Assumption of costs\" \/>\n<meta property=\"og:description\" content=\"[vc_row][vc_column el_align=&#8221;center&#8221;][\/vc_column][\/vc_row][vc_row][vc_column][vc_column_text]In principle, all diagnoses listed in the International Classification of Diseases (ICD-10), in particular in chapter &#8220;F&#8221;, can be the subject of psychotherapeutic treatment. These include depression, anxiety and adjustment disorders, obsessive-compulsive disorders, pain disorders, eating disorders, trauma and addiction. Psychotherapy methods recognized by health insurance companies are behavioural therapy, depth psychology-based psychotherapy, systemic [&hellip;]\" \/>\n<meta property=\"og:url\" content=\"https:\/\/praxisschaefer.de\/en\/for-patients\/assumption-of-costs\/\" \/>\n<meta property=\"og:site_name\" content=\"Sabine Sch\u00e4fer\" \/>\n<meta property=\"article:modified_time\" content=\"2024-01-29T16:01:58+00:00\" \/>\n<meta name=\"twitter:card\" content=\"summary_large_image\" \/>\n<meta name=\"twitter:label1\" content=\"Est. reading time\" \/>\n\t<meta name=\"twitter:data1\" content=\"1 minute\" \/>\n<script type=\"application\/ld+json\" class=\"yoast-schema-graph\">{\"@context\":\"https:\/\/schema.org\",\"@graph\":[{\"@type\":\"WebPage\",\"@id\":\"https:\/\/praxisschaefer.de\/en\/for-patients\/assumption-of-costs\/\",\"url\":\"https:\/\/praxisschaefer.de\/en\/for-patients\/assumption-of-costs\/\",\"name\":\"Assumption of costs - Sabine Sch\u00e4fer\",\"isPartOf\":{\"@id\":\"https:\/\/praxisschaefer.de\/#website\"},\"datePublished\":\"2020-02-24T09:55:17+00:00\",\"dateModified\":\"2024-01-29T16:01:58+00:00\",\"breadcrumb\":{\"@id\":\"https:\/\/praxisschaefer.de\/en\/for-patients\/assumption-of-costs\/#breadcrumb\"},\"inLanguage\":\"en-US\",\"potentialAction\":[{\"@type\":\"ReadAction\",\"target\":[\"https:\/\/praxisschaefer.de\/en\/for-patients\/assumption-of-costs\/\"]}]},{\"@type\":\"BreadcrumbList\",\"@id\":\"https:\/\/praxisschaefer.de\/en\/for-patients\/assumption-of-costs\/#breadcrumb\",\"itemListElement\":[{\"@type\":\"ListItem\",\"position\":1,\"name\":\"Startseite\",\"item\":\"https:\/\/praxisschaefer.de\/en\/\"},{\"@type\":\"ListItem\",\"position\":2,\"name\":\"For patients\",\"item\":\"https:\/\/praxisschaefer.de\/en\/for-patients\/\"},{\"@type\":\"ListItem\",\"position\":3,\"name\":\"Assumption of costs\"}]},{\"@type\":\"WebSite\",\"@id\":\"https:\/\/praxisschaefer.de\/#website\",\"url\":\"https:\/\/praxisschaefer.de\/\",\"name\":\"Praxis f\u00fcr Psychotherapie Dipl.-Psych. Sabine Sch\u00e4fer\",\"description\":\"Praxis f\u00fcr Psychotherapie\",\"publisher\":{\"@id\":\"https:\/\/praxisschaefer.de\/#organization\"},\"potentialAction\":[{\"@type\":\"SearchAction\",\"target\":{\"@type\":\"EntryPoint\",\"urlTemplate\":\"https:\/\/praxisschaefer.de\/?s={search_term_string}\"},\"query-input\":\"required name=search_term_string\"}],\"inLanguage\":\"en-US\"},{\"@type\":\"Organization\",\"@id\":\"https:\/\/praxisschaefer.de\/#organization\",\"name\":\"Praxis f\u00fcr Psychotherapie Dipl.-Psych. Sabine Sch\u00e4fer\",\"url\":\"https:\/\/praxisschaefer.de\/\",\"logo\":{\"@type\":\"ImageObject\",\"inLanguage\":\"en-US\",\"@id\":\"https:\/\/praxisschaefer.de\/#\/schema\/logo\/image\/\",\"url\":\"https:\/\/praxisschaefer.de\/wp-content\/uploads\/2024\/01\/praxis-schaefer-team-sabine-schaefer-neu.jpg\",\"contentUrl\":\"https:\/\/praxisschaefer.de\/wp-content\/uploads\/2024\/01\/praxis-schaefer-team-sabine-schaefer-neu.jpg\",\"width\":1000,\"height\":1000,\"caption\":\"Praxis f\u00fcr Psychotherapie Dipl.-Psych. Sabine Sch\u00e4fer\"},\"image\":{\"@id\":\"https:\/\/praxisschaefer.de\/#\/schema\/logo\/image\/\"}}]}<\/script>\n<!-- \/ Yoast SEO Premium plugin. -->","yoast_head_json":{"title":"Assumption of costs - Sabine Sch\u00e4fer","robots":{"index":"index","follow":"follow","max-snippet":"max-snippet:-1","max-image-preview":"max-image-preview:large","max-video-preview":"max-video-preview:-1"},"canonical":"https:\/\/praxisschaefer.de\/en\/for-patients\/assumption-of-costs\/","og_locale":"en_US","og_type":"article","og_title":"Assumption of costs","og_description":"[vc_row][vc_column el_align=&#8221;center&#8221;][\/vc_column][\/vc_row][vc_row][vc_column][vc_column_text]In principle, all diagnoses listed in the International Classification of Diseases (ICD-10), in particular in chapter &#8220;F&#8221;, can be the subject of psychotherapeutic treatment. These include depression, anxiety and adjustment disorders, obsessive-compulsive disorders, pain disorders, eating disorders, trauma and addiction. Psychotherapy methods recognized by health insurance companies are behavioural therapy, depth psychology-based psychotherapy, systemic [&hellip;]","og_url":"https:\/\/praxisschaefer.de\/en\/for-patients\/assumption-of-costs\/","og_site_name":"Sabine Sch\u00e4fer","article_modified_time":"2024-01-29T16:01:58+00:00","twitter_card":"summary_large_image","twitter_misc":{"Est. reading time":"1 minute"},"schema":{"@context":"https:\/\/schema.org","@graph":[{"@type":"WebPage","@id":"https:\/\/praxisschaefer.de\/en\/for-patients\/assumption-of-costs\/","url":"https:\/\/praxisschaefer.de\/en\/for-patients\/assumption-of-costs\/","name":"Assumption of costs - Sabine Sch\u00e4fer","isPartOf":{"@id":"https:\/\/praxisschaefer.de\/#website"},"datePublished":"2020-02-24T09:55:17+00:00","dateModified":"2024-01-29T16:01:58+00:00","breadcrumb":{"@id":"https:\/\/praxisschaefer.de\/en\/for-patients\/assumption-of-costs\/#breadcrumb"},"inLanguage":"en-US","potentialAction":[{"@type":"ReadAction","target":["https:\/\/praxisschaefer.de\/en\/for-patients\/assumption-of-costs\/"]}]},{"@type":"BreadcrumbList","@id":"https:\/\/praxisschaefer.de\/en\/for-patients\/assumption-of-costs\/#breadcrumb","itemListElement":[{"@type":"ListItem","position":1,"name":"Startseite","item":"https:\/\/praxisschaefer.de\/en\/"},{"@type":"ListItem","position":2,"name":"For patients","item":"https:\/\/praxisschaefer.de\/en\/for-patients\/"},{"@type":"ListItem","position":3,"name":"Assumption of costs"}]},{"@type":"WebSite","@id":"https:\/\/praxisschaefer.de\/#website","url":"https:\/\/praxisschaefer.de\/","name":"Praxis f\u00fcr Psychotherapie Dipl.-Psych. Sabine Sch\u00e4fer","description":"Praxis f\u00fcr Psychotherapie","publisher":{"@id":"https:\/\/praxisschaefer.de\/#organization"},"potentialAction":[{"@type":"SearchAction","target":{"@type":"EntryPoint","urlTemplate":"https:\/\/praxisschaefer.de\/?s={search_term_string}"},"query-input":"required name=search_term_string"}],"inLanguage":"en-US"},{"@type":"Organization","@id":"https:\/\/praxisschaefer.de\/#organization","name":"Praxis f\u00fcr Psychotherapie Dipl.-Psych. Sabine Sch\u00e4fer","url":"https:\/\/praxisschaefer.de\/","logo":{"@type":"ImageObject","inLanguage":"en-US","@id":"https:\/\/praxisschaefer.de\/#\/schema\/logo\/image\/","url":"https:\/\/praxisschaefer.de\/wp-content\/uploads\/2024\/01\/praxis-schaefer-team-sabine-schaefer-neu.jpg","contentUrl":"https:\/\/praxisschaefer.de\/wp-content\/uploads\/2024\/01\/praxis-schaefer-team-sabine-schaefer-neu.jpg","width":1000,"height":1000,"caption":"Praxis f\u00fcr Psychotherapie Dipl.-Psych. Sabine Sch\u00e4fer"},"image":{"@id":"https:\/\/praxisschaefer.de\/#\/schema\/logo\/image\/"}}]}},"_links":{"self":[{"href":"https:\/\/praxisschaefer.de\/en\/wp-json\/wp\/v2\/pages\/15218","targetHints":{"allow":["GET"]}}],"collection":[{"href":"https:\/\/praxisschaefer.de\/en\/wp-json\/wp\/v2\/pages"}],"about":[{"href":"https:\/\/praxisschaefer.de\/en\/wp-json\/wp\/v2\/types\/page"}],"author":[{"embeddable":true,"href":"https:\/\/praxisschaefer.de\/en\/wp-json\/wp\/v2\/users\/1"}],"replies":[{"embeddable":true,"href":"https:\/\/praxisschaefer.de\/en\/wp-json\/wp\/v2\/comments?post=15218"}],"version-history":[{"count":2,"href":"https:\/\/praxisschaefer.de\/en\/wp-json\/wp\/v2\/pages\/15218\/revisions"}],"predecessor-version":[{"id":15630,"href":"https:\/\/praxisschaefer.de\/en\/wp-json\/wp\/v2\/pages\/15218\/revisions\/15630"}],"up":[{"embeddable":true,"href":"https:\/\/praxisschaefer.de\/en\/wp-json\/wp\/v2\/pages\/15427"}],"wp:attachment":[{"href":"https:\/\/praxisschaefer.de\/en\/wp-json\/wp\/v2\/media?parent=15218"}],"curies":[{"name":"wp","href":"https:\/\/api.w.org\/{rel}","templated":true}]}}