{"id":15217,"date":"2020-02-24T10:32:02","date_gmt":"2020-02-24T09:32:02","guid":{"rendered":"https:\/\/praxisschaefer.designwerk-kussmaul.de\/therapy-methods\/"},"modified":"2025-10-19T18:05:09","modified_gmt":"2025-10-19T16:05:09","slug":"therapy-methods","status":"publish","type":"page","link":"https:\/\/praxisschaefer.de\/en\/for-patients\/therapy-methods\/","title":{"rendered":"Therapy methods"},"content":{"rendered":"<div class=\"wpb-content-wrapper\"><p>[vc_row][vc_column el_align=&#8221;center&#8221;]<div id=\"1582292861772-e00ba7a9-d555\" class=\"dt-sc-empty-space\"><\/div><div class='dt-sc-title script-with-sub-title '><h2><\/h2><h3>Therapy methods<\/h3><\/div>[\/vc_column][\/vc_row][vc_row][vc_column][vc_column_text]Four psychotherapy methods are approved and covered by health insurance companies in Germany:<\/p>\n<ol>\n<li>Psychodynamic\u00a0 therapy (TP)<\/li>\n<li>Analytical psychotherapy (AP)<\/li>\n<li>Behavioral therapy (VT)<\/li>\n<li>Systemic therapy (ST)<\/li>\n<\/ol>\n<p>In our practice, we offer both behavioral therapy and Psychodynmaic therapy, as well as analytical therapy as a health insurance benefit. Personal centered psychotherapy according to Carl Rogers is also offered, but is <em>not<\/em> covered by health insurance.<\/p>\n<p>There is a fifth method for organically caused mental disorders, also approved an coveres by insurance companies (not provided in our practice):<\/p>\n<p>5. Neuropsychological therapy[\/vc_column_text][vc_column_text]<\/p>\n<h4>Psychodynamic therapy<\/h4>\n<p>is based on the principles of psychoanalytic theory. It is based on inner, unconscious conflicts that every person carries within them and which have led to the current illness or crisis. Particular attention is paid to clarifying and discussing experiences that patients had in their childhood and adolescence in connection with current conflicts. The aim of therapy is to raise awareness and resolve unconscious conflicts. The newly gained insights ultimately lead to an improvement in the patient&#8217;s current situation.[\/vc_column_text][vc_column_text]<\/p>\n<h4><strong>Analytical therapy<\/strong><\/h4>\n<p>like Psychodynamic herapy, Analytical therapy is based on the principles of\u00a0 the theory of Siegmund Freud. The difference between Psychodynamic psychotherapy and analytical therapy is the focus: in Psychodynamic therapy the focus is on current conflicts in the present. Analytic therapy focusses on a detailed processing of the biographical history with experiences in childhood.[\/vc_column_text][vc_column_text]<\/p>\n<h4>Behavioral therapy<\/h4>\n<p>focuses more on the patient&#8217;s acute problem. The aim is to make patients aware of the behavioral patterns with which they react to difficulties and challenges in their lives. Behavioral therapy assumes that behavioral patterns are learned and can therefore be relearned. Behaviors can affect both physical and cognitive processes. By analyzing ingrained behaviors, patients are enabled to consider and learn alternatives to their previous patterns of behavior.[\/vc_column_text][vc_column_text]<\/p>\n<h4>Systemic therapy<\/h4>\n<p>is a psychotherapeutic method that focuses on the social context of mental disorders, in particular on interactions between members of the family and their social environment. The core idea of systemic therapy is the assumption that the key to understanding and changing problems lies not so much in the person being treated alone, but in the (family) context in which the problem exists.[\/vc_column_text][\/vc_column][\/vc_row]<\/p>\n<\/div>","protected":false},"excerpt":{"rendered":"<p>[vc_row][vc_column el_align=&#8221;center&#8221;][\/vc_column][\/vc_row][vc_row][vc_column][vc_column_text]Four psychotherapy methods are approved and covered by health insurance companies in Germany: Psychodynamic\u00a0 therapy (TP) Analytical psychotherapy (AP) Behavioral therapy (VT) Systemic therapy (ST) In our practice, we offer both behavioral therapy and Psychodynmaic therapy, as well as analytical therapy as a health insurance benefit. Personal centered psychotherapy according to Carl Rogers is [&hellip;]<\/p>\n","protected":false},"author":1,"featured_media":0,"parent":15427,"menu_order":53,"comment_status":"closed","ping_status":"closed","template":"","meta":{"_acf_changed":false,"footnotes":""},"class_list":["post-15217","page","type-page","status-publish","hentry"],"acf":[],"yoast_head":"<!-- This site is optimized with the Yoast SEO Premium plugin v22.4 (Yoast SEO v22.4) - https:\/\/yoast.com\/wordpress\/plugins\/seo\/ -->\n<title>Therapy methods - Sabine Sch\u00e4fer<\/title>\n<meta name=\"robots\" content=\"index, follow, max-snippet:-1, max-image-preview:large, max-video-preview:-1\" \/>\n<link rel=\"canonical\" href=\"https:\/\/praxisschaefer.de\/en\/for-patients\/therapy-methods\/\" \/>\n<meta property=\"og:locale\" content=\"en_US\" \/>\n<meta property=\"og:type\" content=\"article\" \/>\n<meta property=\"og:title\" content=\"Therapy methods\" \/>\n<meta property=\"og:description\" content=\"[vc_row][vc_column el_align=&#8221;center&#8221;][\/vc_column][\/vc_row][vc_row][vc_column][vc_column_text]Four psychotherapy methods are approved and covered by health insurance companies in Germany: Psychodynamic\u00a0 therapy (TP) Analytical psychotherapy (AP) Behavioral therapy (VT) Systemic therapy (ST) In our practice, we offer both behavioral therapy and Psychodynmaic therapy, as well as analytical therapy as a health insurance benefit. Personal centered psychotherapy according to Carl Rogers is [&hellip;]\" \/>\n<meta property=\"og:url\" content=\"https:\/\/praxisschaefer.de\/en\/for-patients\/therapy-methods\/\" \/>\n<meta property=\"og:site_name\" content=\"Sabine Sch\u00e4fer\" \/>\n<meta property=\"article:modified_time\" content=\"2025-10-19T16:05:09+00:00\" \/>\n<meta name=\"twitter:card\" content=\"summary_large_image\" \/>\n<meta name=\"twitter:label1\" content=\"Est. reading time\" \/>\n\t<meta name=\"twitter:data1\" content=\"3 minutes\" \/>\n<script type=\"application\/ld+json\" class=\"yoast-schema-graph\">{\"@context\":\"https:\/\/schema.org\",\"@graph\":[{\"@type\":\"WebPage\",\"@id\":\"https:\/\/praxisschaefer.de\/en\/for-patients\/therapy-methods\/\",\"url\":\"https:\/\/praxisschaefer.de\/en\/for-patients\/therapy-methods\/\",\"name\":\"Therapy methods - Sabine Sch\u00e4fer\",\"isPartOf\":{\"@id\":\"https:\/\/praxisschaefer.de\/#website\"},\"datePublished\":\"2020-02-24T09:32:02+00:00\",\"dateModified\":\"2025-10-19T16:05:09+00:00\",\"breadcrumb\":{\"@id\":\"https:\/\/praxisschaefer.de\/en\/for-patients\/therapy-methods\/#breadcrumb\"},\"inLanguage\":\"en-US\",\"potentialAction\":[{\"@type\":\"ReadAction\",\"target\":[\"https:\/\/praxisschaefer.de\/en\/for-patients\/therapy-methods\/\"]}]},{\"@type\":\"BreadcrumbList\",\"@id\":\"https:\/\/praxisschaefer.de\/en\/for-patients\/therapy-methods\/#breadcrumb\",\"itemListElement\":[{\"@type\":\"ListItem\",\"position\":1,\"name\":\"Startseite\",\"item\":\"https:\/\/praxisschaefer.de\/en\/\"},{\"@type\":\"ListItem\",\"position\":2,\"name\":\"For patients\",\"item\":\"https:\/\/praxisschaefer.de\/en\/for-patients\/\"},{\"@type\":\"ListItem\",\"position\":3,\"name\":\"Therapy methods\"}]},{\"@type\":\"WebSite\",\"@id\":\"https:\/\/praxisschaefer.de\/#website\",\"url\":\"https:\/\/praxisschaefer.de\/\",\"name\":\"Praxis f\u00fcr Psychotherapie Dipl.-Psych. Sabine Sch\u00e4fer\",\"description\":\"Praxis f\u00fcr Psychotherapie\",\"publisher\":{\"@id\":\"https:\/\/praxisschaefer.de\/#organization\"},\"potentialAction\":[{\"@type\":\"SearchAction\",\"target\":{\"@type\":\"EntryPoint\",\"urlTemplate\":\"https:\/\/praxisschaefer.de\/?s={search_term_string}\"},\"query-input\":\"required name=search_term_string\"}],\"inLanguage\":\"en-US\"},{\"@type\":\"Organization\",\"@id\":\"https:\/\/praxisschaefer.de\/#organization\",\"name\":\"Praxis f\u00fcr Psychotherapie Dipl.-Psych. Sabine Sch\u00e4fer\",\"url\":\"https:\/\/praxisschaefer.de\/\",\"logo\":{\"@type\":\"ImageObject\",\"inLanguage\":\"en-US\",\"@id\":\"https:\/\/praxisschaefer.de\/#\/schema\/logo\/image\/\",\"url\":\"https:\/\/praxisschaefer.de\/wp-content\/uploads\/2024\/01\/praxis-schaefer-team-sabine-schaefer-neu.jpg\",\"contentUrl\":\"https:\/\/praxisschaefer.de\/wp-content\/uploads\/2024\/01\/praxis-schaefer-team-sabine-schaefer-neu.jpg\",\"width\":1000,\"height\":1000,\"caption\":\"Praxis f\u00fcr Psychotherapie Dipl.-Psych. Sabine Sch\u00e4fer\"},\"image\":{\"@id\":\"https:\/\/praxisschaefer.de\/#\/schema\/logo\/image\/\"}}]}<\/script>\n<!-- \/ Yoast SEO Premium plugin. -->","yoast_head_json":{"title":"Therapy methods - Sabine Sch\u00e4fer","robots":{"index":"index","follow":"follow","max-snippet":"max-snippet:-1","max-image-preview":"max-image-preview:large","max-video-preview":"max-video-preview:-1"},"canonical":"https:\/\/praxisschaefer.de\/en\/for-patients\/therapy-methods\/","og_locale":"en_US","og_type":"article","og_title":"Therapy methods","og_description":"[vc_row][vc_column el_align=&#8221;center&#8221;][\/vc_column][\/vc_row][vc_row][vc_column][vc_column_text]Four psychotherapy methods are approved and covered by health insurance companies in Germany: Psychodynamic\u00a0 therapy (TP) Analytical psychotherapy (AP) Behavioral therapy (VT) Systemic therapy (ST) In our practice, we offer both behavioral therapy and Psychodynmaic therapy, as well as analytical therapy as a health insurance benefit. Personal centered psychotherapy according to Carl Rogers is [&hellip;]","og_url":"https:\/\/praxisschaefer.de\/en\/for-patients\/therapy-methods\/","og_site_name":"Sabine Sch\u00e4fer","article_modified_time":"2025-10-19T16:05:09+00:00","twitter_card":"summary_large_image","twitter_misc":{"Est. reading time":"3 minutes"},"schema":{"@context":"https:\/\/schema.org","@graph":[{"@type":"WebPage","@id":"https:\/\/praxisschaefer.de\/en\/for-patients\/therapy-methods\/","url":"https:\/\/praxisschaefer.de\/en\/for-patients\/therapy-methods\/","name":"Therapy methods - Sabine Sch\u00e4fer","isPartOf":{"@id":"https:\/\/praxisschaefer.de\/#website"},"datePublished":"2020-02-24T09:32:02+00:00","dateModified":"2025-10-19T16:05:09+00:00","breadcrumb":{"@id":"https:\/\/praxisschaefer.de\/en\/for-patients\/therapy-methods\/#breadcrumb"},"inLanguage":"en-US","potentialAction":[{"@type":"ReadAction","target":["https:\/\/praxisschaefer.de\/en\/for-patients\/therapy-methods\/"]}]},{"@type":"BreadcrumbList","@id":"https:\/\/praxisschaefer.de\/en\/for-patients\/therapy-methods\/#breadcrumb","itemListElement":[{"@type":"ListItem","position":1,"name":"Startseite","item":"https:\/\/praxisschaefer.de\/en\/"},{"@type":"ListItem","position":2,"name":"For patients","item":"https:\/\/praxisschaefer.de\/en\/for-patients\/"},{"@type":"ListItem","position":3,"name":"Therapy methods"}]},{"@type":"WebSite","@id":"https:\/\/praxisschaefer.de\/#website","url":"https:\/\/praxisschaefer.de\/","name":"Praxis f\u00fcr Psychotherapie Dipl.-Psych. Sabine Sch\u00e4fer","description":"Praxis f\u00fcr Psychotherapie","publisher":{"@id":"https:\/\/praxisschaefer.de\/#organization"},"potentialAction":[{"@type":"SearchAction","target":{"@type":"EntryPoint","urlTemplate":"https:\/\/praxisschaefer.de\/?s={search_term_string}"},"query-input":"required name=search_term_string"}],"inLanguage":"en-US"},{"@type":"Organization","@id":"https:\/\/praxisschaefer.de\/#organization","name":"Praxis f\u00fcr Psychotherapie Dipl.-Psych. Sabine Sch\u00e4fer","url":"https:\/\/praxisschaefer.de\/","logo":{"@type":"ImageObject","inLanguage":"en-US","@id":"https:\/\/praxisschaefer.de\/#\/schema\/logo\/image\/","url":"https:\/\/praxisschaefer.de\/wp-content\/uploads\/2024\/01\/praxis-schaefer-team-sabine-schaefer-neu.jpg","contentUrl":"https:\/\/praxisschaefer.de\/wp-content\/uploads\/2024\/01\/praxis-schaefer-team-sabine-schaefer-neu.jpg","width":1000,"height":1000,"caption":"Praxis f\u00fcr Psychotherapie Dipl.-Psych. Sabine Sch\u00e4fer"},"image":{"@id":"https:\/\/praxisschaefer.de\/#\/schema\/logo\/image\/"}}]}},"_links":{"self":[{"href":"https:\/\/praxisschaefer.de\/en\/wp-json\/wp\/v2\/pages\/15217","targetHints":{"allow":["GET"]}}],"collection":[{"href":"https:\/\/praxisschaefer.de\/en\/wp-json\/wp\/v2\/pages"}],"about":[{"href":"https:\/\/praxisschaefer.de\/en\/wp-json\/wp\/v2\/types\/page"}],"author":[{"embeddable":true,"href":"https:\/\/praxisschaefer.de\/en\/wp-json\/wp\/v2\/users\/1"}],"replies":[{"embeddable":true,"href":"https:\/\/praxisschaefer.de\/en\/wp-json\/wp\/v2\/comments?post=15217"}],"version-history":[{"count":9,"href":"https:\/\/praxisschaefer.de\/en\/wp-json\/wp\/v2\/pages\/15217\/revisions"}],"predecessor-version":[{"id":15990,"href":"https:\/\/praxisschaefer.de\/en\/wp-json\/wp\/v2\/pages\/15217\/revisions\/15990"}],"up":[{"embeddable":true,"href":"https:\/\/praxisschaefer.de\/en\/wp-json\/wp\/v2\/pages\/15427"}],"wp:attachment":[{"href":"https:\/\/praxisschaefer.de\/en\/wp-json\/wp\/v2\/media?parent=15217"}],"curies":[{"name":"wp","href":"https:\/\/api.w.org\/{rel}","templated":true}]}}