{"id":15210,"date":"2020-02-24T11:01:11","date_gmt":"2020-02-24T10:01:11","guid":{"rendered":"https:\/\/praxisschaefer.designwerk-kussmaul.de\/psychotherapistinside-search\/"},"modified":"2024-02-07T21:16:37","modified_gmt":"2024-02-07T20:16:37","slug":"psychotherapistin-search","status":"publish","type":"page","link":"https:\/\/praxisschaefer.de\/en\/for-patients\/psychotherapistin-search\/","title":{"rendered":"Psychotherapist search"},"content":{"rendered":"<div class=\"wpb-content-wrapper\"><p>[vc_row][vc_column el_align=&#8221;center&#8221;]<div id=\"1582292861772-e00ba7a9-d555\" class=\"dt-sc-empty-space\"><\/div><div class='dt-sc-title script-with-sub-title '><h2><\/h2><h3>Psychotherapist search<\/h3><\/div>[\/vc_column][\/vc_row][vc_row][vc_column][vc_column_text]It is not so easy to find a suitable psychotherapist. It is not clear from the telephone directories which of the psychotherapy providers have a license to practice. A license to practice documents that someone has completed a qualifying course of study and several years of psychotherapy training in a psychotherapy method. Anyone who has demonstrated this training in the treatment of mental disorders to a state authority is a trained and therefore licensed psychotherapist.<\/p>\n<p>With the license to practice, the name &#8220;Psychological Psychotherapist&#8221; and &#8220;Child and Adolescent Psychotherapist&#8221; is protected. Without proof of this qualified training, no one may call themselves such.<\/p>\n<p>However, not every psychological psychotherapist can also bill the statutory health insurance. This requires a so-called &#8220;health insurance license&#8221;. Unfortunately, these approvals are limited.<\/p>\n<p>Under <u>&#8220;<\/u><u><a href=\"https:\/\/praxisschaefer.de\/en\/who-is-what\/\">Who`s doing what?<\/a>&#8220;<\/u> you can find out about the different professions and their qualifications and objectives.[\/vc_column_text][vc_column_text]<\/p>\n<h4>Online search for psychotherapists<\/h4>\n<p>You can use the search engines below to find qualified licensed psychotherapists. You only need to make sure that the possibility of billing the statutory health insurance companies is indicated.<\/p>\n<ul>\n<li>In the online search<strong> of the<\/strong> <strong>German Psychotherapists&#8217; Association<\/strong> (DPtV) you will find qualified licensed colleagues with health insurance licenses and private practices nationwide:<br \/>\n<a href=\"http:\/\/www.deutschepsychotherapeutenvereinigung.de\/nc\/patienten\/psychotherapeutensuche\/\">Psychotherapist search of the German Psychotherapists Association (DPtV)<\/a><\/li>\n<li>In the online search<strong> of the Landespsychotherapeutenkammer Baden-W\u00fcrttemberg<\/strong> you will find qualified licensed colleagues with health insurance licenses and private practices in Baden-W\u00fcrttemberg (note: the list is not complete):<br \/>\n<a href=\"http:\/\/www.lpk-bw.de\/psd_suche.php\">List of psychotherapists of the Baden-W\u00fcrttemberg Chamber of Psychotherapists<\/a><\/li>\n<li>In the online search<strong> of the Baden-W\u00fcrttemberg Association of Statutory Health Insurance Physicians<\/strong>, you will find all qualified licensed colleagues in Baden-W\u00fcrttemberg who are licensed by the statutory health insurance funds:<br \/>\n<a href=\"http:\/\/www.arztsuche-bw.de\/index.php?suchen=0&amp;reset_form=1\">http:\/\/www.arztsuche-bw.de\/index.php?suchen=0&amp;reset_form=1<\/a><\/li>\n<\/ul>\n<p>[\/vc_column_text][vc_column_text]<\/p>\n<h4>Training institutes for psychotherapists<\/h4>\n<p>All prospective psychotherapists must complete several treatment cases under supervision during their training. Supervision is the constant professional support of practitioners by experienced licensed psychotherapists. Institutes can offer correspondingly high numbers of therapy places in their outpatient clinics due to the large number of trainee psychotherapists.<\/p>\n<p>You can find an <strong>online search of all training and further education institutes<\/strong> <a href=\"https:\/\/www.dptv.de\/psychotherapie\/junge-psychotherapeutinnen\/aus-und-weiterbildungsinstitute\/#filter\" target=\"_blank\" rel=\"noopener\">here<\/a>.[\/vc_column_text][vc_column_text]<\/p>\n<h4>Appointment service center (TSS)<\/h4>\n<p>If you would like to speak to someone in person, you can also call the <strong>Patient:innen-Telefon der Terminservicestelle Baden-W\u00fcrttemberg<\/strong>. Only psychotherapists with a health insurance license are placed here. You can find everything about the appointment service <a href=\"https:\/\/www.kvbawue.de\/buerger\/patiententelefon-medcall\/terminservicestelle-fuer-patienten\" target=\"_blank\" rel=\"noopener\">here<\/a>.[\/vc_column_text][vc_column_text]<\/p>\n<h4>Reimbursement of costs<\/h4>\n<p>Do you have statutory health insurance and can&#8217;t find a free psychotherapy place?<br \/>\n<a href=\"https:\/\/praxisschaefer.de\/en\/information-on-cost-reimbursement\/\" target=\"_blank\" rel=\"noopener\">Find out here about the assumption of costs for your psychotherapy in private practices via <strong>cost reimbursement<\/strong>.<\/a>[\/vc_column_text][\/vc_column][\/vc_row]<\/p>\n<\/div>","protected":false},"excerpt":{"rendered":"<p>[vc_row][vc_column el_align=&#8221;center&#8221;][\/vc_column][\/vc_row][vc_row][vc_column][vc_column_text]It is not so easy to find a suitable psychotherapist. It is not clear from the telephone directories which of the psychotherapy providers have a license to practice. A license to practice documents that someone has completed a qualifying course of study and several years of psychotherapy training in a psychotherapy method. Anyone who [&hellip;]<\/p>\n","protected":false},"author":1,"featured_media":0,"parent":15427,"menu_order":43,"comment_status":"closed","ping_status":"closed","template":"","meta":{"_acf_changed":false,"footnotes":""},"class_list":["post-15210","page","type-page","status-publish","hentry"],"acf":[],"yoast_head":"<!-- This site is optimized with the Yoast SEO Premium plugin v22.4 (Yoast SEO v22.4) - https:\/\/yoast.com\/wordpress\/plugins\/seo\/ -->\n<title>Psychotherapist search - Sabine Sch\u00e4fer<\/title>\n<meta name=\"robots\" content=\"index, follow, max-snippet:-1, max-image-preview:large, max-video-preview:-1\" \/>\n<link rel=\"canonical\" href=\"https:\/\/praxisschaefer.de\/en\/for-patients\/psychotherapistin-search\/\" \/>\n<meta property=\"og:locale\" content=\"en_US\" \/>\n<meta property=\"og:type\" content=\"article\" \/>\n<meta property=\"og:title\" content=\"Psychotherapist search\" \/>\n<meta property=\"og:description\" content=\"[vc_row][vc_column el_align=&#8221;center&#8221;][\/vc_column][\/vc_row][vc_row][vc_column][vc_column_text]It is not so easy to find a suitable psychotherapist. It is not clear from the telephone directories which of the psychotherapy providers have a license to practice. A license to practice documents that someone has completed a qualifying course of study and several years of psychotherapy training in a psychotherapy method. Anyone who [&hellip;]\" \/>\n<meta property=\"og:url\" content=\"https:\/\/praxisschaefer.de\/en\/for-patients\/psychotherapistin-search\/\" \/>\n<meta property=\"og:site_name\" content=\"Sabine Sch\u00e4fer\" \/>\n<meta property=\"article:modified_time\" content=\"2024-02-07T20:16:37+00:00\" \/>\n<meta name=\"twitter:card\" content=\"summary_large_image\" \/>\n<meta name=\"twitter:label1\" content=\"Est. reading time\" \/>\n\t<meta name=\"twitter:data1\" content=\"3 minutes\" \/>\n<script type=\"application\/ld+json\" class=\"yoast-schema-graph\">{\"@context\":\"https:\/\/schema.org\",\"@graph\":[{\"@type\":\"WebPage\",\"@id\":\"https:\/\/praxisschaefer.de\/en\/for-patients\/psychotherapistin-search\/\",\"url\":\"https:\/\/praxisschaefer.de\/en\/for-patients\/psychotherapistin-search\/\",\"name\":\"Psychotherapist search - Sabine Sch\u00e4fer\",\"isPartOf\":{\"@id\":\"https:\/\/praxisschaefer.de\/#website\"},\"datePublished\":\"2020-02-24T10:01:11+00:00\",\"dateModified\":\"2024-02-07T20:16:37+00:00\",\"breadcrumb\":{\"@id\":\"https:\/\/praxisschaefer.de\/en\/for-patients\/psychotherapistin-search\/#breadcrumb\"},\"inLanguage\":\"en-US\",\"potentialAction\":[{\"@type\":\"ReadAction\",\"target\":[\"https:\/\/praxisschaefer.de\/en\/for-patients\/psychotherapistin-search\/\"]}]},{\"@type\":\"BreadcrumbList\",\"@id\":\"https:\/\/praxisschaefer.de\/en\/for-patients\/psychotherapistin-search\/#breadcrumb\",\"itemListElement\":[{\"@type\":\"ListItem\",\"position\":1,\"name\":\"Startseite\",\"item\":\"https:\/\/praxisschaefer.de\/en\/\"},{\"@type\":\"ListItem\",\"position\":2,\"name\":\"For patients\",\"item\":\"https:\/\/praxisschaefer.de\/en\/for-patients\/\"},{\"@type\":\"ListItem\",\"position\":3,\"name\":\"Psychotherapist search\"}]},{\"@type\":\"WebSite\",\"@id\":\"https:\/\/praxisschaefer.de\/#website\",\"url\":\"https:\/\/praxisschaefer.de\/\",\"name\":\"Praxis f\u00fcr Psychotherapie Dipl.-Psych. Sabine Sch\u00e4fer\",\"description\":\"Praxis f\u00fcr Psychotherapie\",\"publisher\":{\"@id\":\"https:\/\/praxisschaefer.de\/#organization\"},\"potentialAction\":[{\"@type\":\"SearchAction\",\"target\":{\"@type\":\"EntryPoint\",\"urlTemplate\":\"https:\/\/praxisschaefer.de\/?s={search_term_string}\"},\"query-input\":\"required name=search_term_string\"}],\"inLanguage\":\"en-US\"},{\"@type\":\"Organization\",\"@id\":\"https:\/\/praxisschaefer.de\/#organization\",\"name\":\"Praxis f\u00fcr Psychotherapie Dipl.-Psych. Sabine Sch\u00e4fer\",\"url\":\"https:\/\/praxisschaefer.de\/\",\"logo\":{\"@type\":\"ImageObject\",\"inLanguage\":\"en-US\",\"@id\":\"https:\/\/praxisschaefer.de\/#\/schema\/logo\/image\/\",\"url\":\"https:\/\/praxisschaefer.de\/wp-content\/uploads\/2024\/01\/praxis-schaefer-team-sabine-schaefer-neu.jpg\",\"contentUrl\":\"https:\/\/praxisschaefer.de\/wp-content\/uploads\/2024\/01\/praxis-schaefer-team-sabine-schaefer-neu.jpg\",\"width\":1000,\"height\":1000,\"caption\":\"Praxis f\u00fcr Psychotherapie Dipl.-Psych. Sabine Sch\u00e4fer\"},\"image\":{\"@id\":\"https:\/\/praxisschaefer.de\/#\/schema\/logo\/image\/\"}}]}<\/script>\n<!-- \/ Yoast SEO Premium plugin. -->","yoast_head_json":{"title":"Psychotherapist search - Sabine Sch\u00e4fer","robots":{"index":"index","follow":"follow","max-snippet":"max-snippet:-1","max-image-preview":"max-image-preview:large","max-video-preview":"max-video-preview:-1"},"canonical":"https:\/\/praxisschaefer.de\/en\/for-patients\/psychotherapistin-search\/","og_locale":"en_US","og_type":"article","og_title":"Psychotherapist search","og_description":"[vc_row][vc_column el_align=&#8221;center&#8221;][\/vc_column][\/vc_row][vc_row][vc_column][vc_column_text]It is not so easy to find a suitable psychotherapist. It is not clear from the telephone directories which of the psychotherapy providers have a license to practice. A license to practice documents that someone has completed a qualifying course of study and several years of psychotherapy training in a psychotherapy method. Anyone who [&hellip;]","og_url":"https:\/\/praxisschaefer.de\/en\/for-patients\/psychotherapistin-search\/","og_site_name":"Sabine Sch\u00e4fer","article_modified_time":"2024-02-07T20:16:37+00:00","twitter_card":"summary_large_image","twitter_misc":{"Est. reading time":"3 minutes"},"schema":{"@context":"https:\/\/schema.org","@graph":[{"@type":"WebPage","@id":"https:\/\/praxisschaefer.de\/en\/for-patients\/psychotherapistin-search\/","url":"https:\/\/praxisschaefer.de\/en\/for-patients\/psychotherapistin-search\/","name":"Psychotherapist search - Sabine Sch\u00e4fer","isPartOf":{"@id":"https:\/\/praxisschaefer.de\/#website"},"datePublished":"2020-02-24T10:01:11+00:00","dateModified":"2024-02-07T20:16:37+00:00","breadcrumb":{"@id":"https:\/\/praxisschaefer.de\/en\/for-patients\/psychotherapistin-search\/#breadcrumb"},"inLanguage":"en-US","potentialAction":[{"@type":"ReadAction","target":["https:\/\/praxisschaefer.de\/en\/for-patients\/psychotherapistin-search\/"]}]},{"@type":"BreadcrumbList","@id":"https:\/\/praxisschaefer.de\/en\/for-patients\/psychotherapistin-search\/#breadcrumb","itemListElement":[{"@type":"ListItem","position":1,"name":"Startseite","item":"https:\/\/praxisschaefer.de\/en\/"},{"@type":"ListItem","position":2,"name":"For patients","item":"https:\/\/praxisschaefer.de\/en\/for-patients\/"},{"@type":"ListItem","position":3,"name":"Psychotherapist search"}]},{"@type":"WebSite","@id":"https:\/\/praxisschaefer.de\/#website","url":"https:\/\/praxisschaefer.de\/","name":"Praxis f\u00fcr Psychotherapie Dipl.-Psych. Sabine Sch\u00e4fer","description":"Praxis f\u00fcr Psychotherapie","publisher":{"@id":"https:\/\/praxisschaefer.de\/#organization"},"potentialAction":[{"@type":"SearchAction","target":{"@type":"EntryPoint","urlTemplate":"https:\/\/praxisschaefer.de\/?s={search_term_string}"},"query-input":"required name=search_term_string"}],"inLanguage":"en-US"},{"@type":"Organization","@id":"https:\/\/praxisschaefer.de\/#organization","name":"Praxis f\u00fcr Psychotherapie Dipl.-Psych. Sabine Sch\u00e4fer","url":"https:\/\/praxisschaefer.de\/","logo":{"@type":"ImageObject","inLanguage":"en-US","@id":"https:\/\/praxisschaefer.de\/#\/schema\/logo\/image\/","url":"https:\/\/praxisschaefer.de\/wp-content\/uploads\/2024\/01\/praxis-schaefer-team-sabine-schaefer-neu.jpg","contentUrl":"https:\/\/praxisschaefer.de\/wp-content\/uploads\/2024\/01\/praxis-schaefer-team-sabine-schaefer-neu.jpg","width":1000,"height":1000,"caption":"Praxis f\u00fcr Psychotherapie Dipl.-Psych. Sabine Sch\u00e4fer"},"image":{"@id":"https:\/\/praxisschaefer.de\/#\/schema\/logo\/image\/"}}]}},"_links":{"self":[{"href":"https:\/\/praxisschaefer.de\/en\/wp-json\/wp\/v2\/pages\/15210","targetHints":{"allow":["GET"]}}],"collection":[{"href":"https:\/\/praxisschaefer.de\/en\/wp-json\/wp\/v2\/pages"}],"about":[{"href":"https:\/\/praxisschaefer.de\/en\/wp-json\/wp\/v2\/types\/page"}],"author":[{"embeddable":true,"href":"https:\/\/praxisschaefer.de\/en\/wp-json\/wp\/v2\/users\/1"}],"replies":[{"embeddable":true,"href":"https:\/\/praxisschaefer.de\/en\/wp-json\/wp\/v2\/comments?post=15210"}],"version-history":[{"count":8,"href":"https:\/\/praxisschaefer.de\/en\/wp-json\/wp\/v2\/pages\/15210\/revisions"}],"predecessor-version":[{"id":15739,"href":"https:\/\/praxisschaefer.de\/en\/wp-json\/wp\/v2\/pages\/15210\/revisions\/15739"}],"up":[{"embeddable":true,"href":"https:\/\/praxisschaefer.de\/en\/wp-json\/wp\/v2\/pages\/15427"}],"wp:attachment":[{"href":"https:\/\/praxisschaefer.de\/en\/wp-json\/wp\/v2\/media?parent=15210"}],"curies":[{"name":"wp","href":"https:\/\/api.w.org\/{rel}","templated":true}]}}