{"id":15191,"date":"2020-02-24T11:04:01","date_gmt":"2020-02-24T10:04:01","guid":{"rendered":"https:\/\/praxisschaefer.designwerk-kussmaul.de\/information-on-the-aok-and-bkk-specialist-doctor-program\/"},"modified":"2024-02-07T20:56:49","modified_gmt":"2024-02-07T19:56:49","slug":"information-on-the-aok-and-bkk-specialist-doctor-program","status":"publish","type":"page","link":"https:\/\/praxisschaefer.de\/en\/for-patients\/information-on-the-aok-and-bkk-specialist-doctor-program\/","title":{"rendered":"Information on the AOK and BKK specialist program"},"content":{"rendered":"<div class=\"wpb-content-wrapper\"><p>[vc_row][vc_column el_align=&#8221;center&#8221;]<div id=\"1582292861772-e00ba7a9-d555\" class=\"dt-sc-empty-space\"><\/div><div class='dt-sc-title script-with-sub-title '><h2><\/h2><h3>Information on the AOK and BKK specialist program<\/h3><\/div>[\/vc_column][\/vc_row][vc_row][vc_column][vc_column_text]<strong>Special features for AOK and BKK policyholders<\/strong><\/p>\n<p>In Baden-W\u00fcrttemberg, some health insurance funds offer special services for insured persons in supplementary contracts called &#8220;specialist contracts&#8221;. These offers regulate &#8220;special features&#8221; for insured persons and practices. These special regulations differ from those in the nationally anchored standard medical care.<\/p>\n<p>These specialist contracts also exist for psychotherapy. One of the special regulations here is that insured persons can submit applications for psychotherapy very unbureaucratically to the health insurance funds. This enables patients to start treatment immediately if a therapy slot is available. There is also no need for the usual applications and extensions after a few hours of therapy. Your therapy can be guaranteed seamlessly, without waiting for approvals.<\/p>\n<p>At the same time, this unbureaucratic application process saves psychotherapists a lot of time. This saved time makes it possible to admit more patients.<\/p>\n<p>&nbsp;<\/p>\n<p><strong>How you can participate<\/strong><\/p>\n<p><strong>Are you insured with AOK or BKK-Bosch and actively enrolled in the general practitioner program with your general practitioner? <\/strong>Then you can enrol in the AOK specialist program. Many specialists in North-W\u00fcrttemberg take part in this specialist program. If you enrol, this is where important coordination between your doctors and your psychotherapist can take place in order to provide you with the best possible support in your treatment. The majority of all specialist practices in the Esslingen district take part in this specialist contract.<\/p>\n<p>You can obtain further information directly from your health insurance company or here: <a href=\"https:\/\/www.aok.de\/pk\/bw\/facharztprogramm\/\">https:\/\/www.aok.de\/pk\/bw\/facharztprogramm\/<\/a><\/p>\n<p>&nbsp;<\/p>\n<p><strong>Are you insured with a Betriebskrankenkasse (BKKs) that participates in this specialist contract? <\/strong><\/p>\n<p>Mercedes-Benz BKK has its own specialist contract. If you are insured with another BKK, ask your Betriebskrankenkasse whether it participates in the specialist contract or find out more here: <a href=\"https:\/\/www.bkk-sued.de\/fuer-versicherte\/zusaetzliche-leistungen-von-bkk\/vag-baden-wuerttemberg\/psychotherapeutische-versorgung\/\">https:\/\/www.bkk-sued.de\/fuer-versicherte\/zusaetzliche-leistungen-von-bkk\/vag-baden-wuerttemberg\/psychotherapeutische-versorgung\/.<\/a><\/p>\n<p>&nbsp;<\/p>\n<p>You do not have to be enrolled in a general practitioner contract for this BKK specialist contract for psychotherapy. Also, once enrolled, there is no further commitment to other specialists with a specialist contract.<\/p>\n<p>You can obtain further information directly from your health insurance company.[\/vc_column_text][\/vc_column][\/vc_row]<\/p>\n<\/div>","protected":false},"excerpt":{"rendered":"<p>[vc_row][vc_column el_align=&#8221;center&#8221;][\/vc_column][\/vc_row][vc_row][vc_column][vc_column_text]Special features for AOK and BKK policyholders In Baden-W\u00fcrttemberg, some health insurance funds offer special services for insured persons in supplementary contracts called &#8220;specialist contracts&#8221;. These offers regulate &#8220;special features&#8221; for insured persons and practices. These special regulations differ from those in the nationally anchored standard medical care. These specialist contracts also exist for [&hellip;]<\/p>\n","protected":false},"author":1,"featured_media":0,"parent":15427,"menu_order":46,"comment_status":"closed","ping_status":"closed","template":"","meta":{"_acf_changed":false,"footnotes":""},"class_list":["post-15191","page","type-page","status-publish","hentry"],"acf":[],"yoast_head":"<!-- This site is optimized with the Yoast SEO Premium plugin v22.4 (Yoast SEO v22.4) - https:\/\/yoast.com\/wordpress\/plugins\/seo\/ -->\n<title>Information on the AOK and BKK specialist program - Sabine Sch\u00e4fer<\/title>\n<meta name=\"robots\" content=\"index, follow, max-snippet:-1, max-image-preview:large, max-video-preview:-1\" \/>\n<link rel=\"canonical\" href=\"https:\/\/praxisschaefer.de\/en\/for-patients\/information-on-the-aok-and-bkk-specialist-doctor-program\/\" \/>\n<meta property=\"og:locale\" content=\"en_US\" \/>\n<meta property=\"og:type\" content=\"article\" \/>\n<meta property=\"og:title\" content=\"Information on the AOK and BKK specialist program\" \/>\n<meta property=\"og:description\" content=\"[vc_row][vc_column el_align=&#8221;center&#8221;][\/vc_column][\/vc_row][vc_row][vc_column][vc_column_text]Special features for AOK and BKK policyholders In Baden-W\u00fcrttemberg, some health insurance funds offer special services for insured persons in supplementary contracts called &#8220;specialist contracts&#8221;. These offers regulate &#8220;special features&#8221; for insured persons and practices. These special regulations differ from those in the nationally anchored standard medical care. These specialist contracts also exist for [&hellip;]\" \/>\n<meta property=\"og:url\" content=\"https:\/\/praxisschaefer.de\/en\/for-patients\/information-on-the-aok-and-bkk-specialist-doctor-program\/\" \/>\n<meta property=\"og:site_name\" content=\"Sabine Sch\u00e4fer\" \/>\n<meta property=\"article:modified_time\" content=\"2024-02-07T19:56:49+00:00\" \/>\n<meta name=\"twitter:card\" content=\"summary_large_image\" \/>\n<meta name=\"twitter:label1\" content=\"Est. reading time\" \/>\n\t<meta name=\"twitter:data1\" content=\"2 minutes\" \/>\n<script type=\"application\/ld+json\" class=\"yoast-schema-graph\">{\"@context\":\"https:\/\/schema.org\",\"@graph\":[{\"@type\":\"WebPage\",\"@id\":\"https:\/\/praxisschaefer.de\/en\/for-patients\/information-on-the-aok-and-bkk-specialist-doctor-program\/\",\"url\":\"https:\/\/praxisschaefer.de\/en\/for-patients\/information-on-the-aok-and-bkk-specialist-doctor-program\/\",\"name\":\"Information on the AOK and BKK specialist program - Sabine Sch\u00e4fer\",\"isPartOf\":{\"@id\":\"https:\/\/praxisschaefer.de\/#website\"},\"datePublished\":\"2020-02-24T10:04:01+00:00\",\"dateModified\":\"2024-02-07T19:56:49+00:00\",\"breadcrumb\":{\"@id\":\"https:\/\/praxisschaefer.de\/en\/for-patients\/information-on-the-aok-and-bkk-specialist-doctor-program\/#breadcrumb\"},\"inLanguage\":\"en-US\",\"potentialAction\":[{\"@type\":\"ReadAction\",\"target\":[\"https:\/\/praxisschaefer.de\/en\/for-patients\/information-on-the-aok-and-bkk-specialist-doctor-program\/\"]}]},{\"@type\":\"BreadcrumbList\",\"@id\":\"https:\/\/praxisschaefer.de\/en\/for-patients\/information-on-the-aok-and-bkk-specialist-doctor-program\/#breadcrumb\",\"itemListElement\":[{\"@type\":\"ListItem\",\"position\":1,\"name\":\"Startseite\",\"item\":\"https:\/\/praxisschaefer.de\/en\/\"},{\"@type\":\"ListItem\",\"position\":2,\"name\":\"For patients\",\"item\":\"https:\/\/praxisschaefer.de\/en\/for-patients\/\"},{\"@type\":\"ListItem\",\"position\":3,\"name\":\"Information on the AOK and BKK specialist program\"}]},{\"@type\":\"WebSite\",\"@id\":\"https:\/\/praxisschaefer.de\/#website\",\"url\":\"https:\/\/praxisschaefer.de\/\",\"name\":\"Praxis f\u00fcr Psychotherapie Dipl.-Psych. Sabine Sch\u00e4fer\",\"description\":\"Praxis f\u00fcr Psychotherapie\",\"publisher\":{\"@id\":\"https:\/\/praxisschaefer.de\/#organization\"},\"potentialAction\":[{\"@type\":\"SearchAction\",\"target\":{\"@type\":\"EntryPoint\",\"urlTemplate\":\"https:\/\/praxisschaefer.de\/?s={search_term_string}\"},\"query-input\":\"required name=search_term_string\"}],\"inLanguage\":\"en-US\"},{\"@type\":\"Organization\",\"@id\":\"https:\/\/praxisschaefer.de\/#organization\",\"name\":\"Praxis f\u00fcr Psychotherapie Dipl.-Psych. Sabine Sch\u00e4fer\",\"url\":\"https:\/\/praxisschaefer.de\/\",\"logo\":{\"@type\":\"ImageObject\",\"inLanguage\":\"en-US\",\"@id\":\"https:\/\/praxisschaefer.de\/#\/schema\/logo\/image\/\",\"url\":\"https:\/\/praxisschaefer.de\/wp-content\/uploads\/2024\/01\/praxis-schaefer-team-sabine-schaefer-neu.jpg\",\"contentUrl\":\"https:\/\/praxisschaefer.de\/wp-content\/uploads\/2024\/01\/praxis-schaefer-team-sabine-schaefer-neu.jpg\",\"width\":1000,\"height\":1000,\"caption\":\"Praxis f\u00fcr Psychotherapie Dipl.-Psych. Sabine Sch\u00e4fer\"},\"image\":{\"@id\":\"https:\/\/praxisschaefer.de\/#\/schema\/logo\/image\/\"}}]}<\/script>\n<!-- \/ Yoast SEO Premium plugin. -->","yoast_head_json":{"title":"Information on the AOK and BKK specialist program - Sabine Sch\u00e4fer","robots":{"index":"index","follow":"follow","max-snippet":"max-snippet:-1","max-image-preview":"max-image-preview:large","max-video-preview":"max-video-preview:-1"},"canonical":"https:\/\/praxisschaefer.de\/en\/for-patients\/information-on-the-aok-and-bkk-specialist-doctor-program\/","og_locale":"en_US","og_type":"article","og_title":"Information on the AOK and BKK specialist program","og_description":"[vc_row][vc_column el_align=&#8221;center&#8221;][\/vc_column][\/vc_row][vc_row][vc_column][vc_column_text]Special features for AOK and BKK policyholders In Baden-W\u00fcrttemberg, some health insurance funds offer special services for insured persons in supplementary contracts called &#8220;specialist contracts&#8221;. These offers regulate &#8220;special features&#8221; for insured persons and practices. These special regulations differ from those in the nationally anchored standard medical care. These specialist contracts also exist for [&hellip;]","og_url":"https:\/\/praxisschaefer.de\/en\/for-patients\/information-on-the-aok-and-bkk-specialist-doctor-program\/","og_site_name":"Sabine Sch\u00e4fer","article_modified_time":"2024-02-07T19:56:49+00:00","twitter_card":"summary_large_image","twitter_misc":{"Est. reading time":"2 minutes"},"schema":{"@context":"https:\/\/schema.org","@graph":[{"@type":"WebPage","@id":"https:\/\/praxisschaefer.de\/en\/for-patients\/information-on-the-aok-and-bkk-specialist-doctor-program\/","url":"https:\/\/praxisschaefer.de\/en\/for-patients\/information-on-the-aok-and-bkk-specialist-doctor-program\/","name":"Information on the AOK and BKK specialist program - Sabine Sch\u00e4fer","isPartOf":{"@id":"https:\/\/praxisschaefer.de\/#website"},"datePublished":"2020-02-24T10:04:01+00:00","dateModified":"2024-02-07T19:56:49+00:00","breadcrumb":{"@id":"https:\/\/praxisschaefer.de\/en\/for-patients\/information-on-the-aok-and-bkk-specialist-doctor-program\/#breadcrumb"},"inLanguage":"en-US","potentialAction":[{"@type":"ReadAction","target":["https:\/\/praxisschaefer.de\/en\/for-patients\/information-on-the-aok-and-bkk-specialist-doctor-program\/"]}]},{"@type":"BreadcrumbList","@id":"https:\/\/praxisschaefer.de\/en\/for-patients\/information-on-the-aok-and-bkk-specialist-doctor-program\/#breadcrumb","itemListElement":[{"@type":"ListItem","position":1,"name":"Startseite","item":"https:\/\/praxisschaefer.de\/en\/"},{"@type":"ListItem","position":2,"name":"For patients","item":"https:\/\/praxisschaefer.de\/en\/for-patients\/"},{"@type":"ListItem","position":3,"name":"Information on the AOK and BKK specialist program"}]},{"@type":"WebSite","@id":"https:\/\/praxisschaefer.de\/#website","url":"https:\/\/praxisschaefer.de\/","name":"Praxis f\u00fcr Psychotherapie Dipl.-Psych. Sabine Sch\u00e4fer","description":"Praxis f\u00fcr Psychotherapie","publisher":{"@id":"https:\/\/praxisschaefer.de\/#organization"},"potentialAction":[{"@type":"SearchAction","target":{"@type":"EntryPoint","urlTemplate":"https:\/\/praxisschaefer.de\/?s={search_term_string}"},"query-input":"required name=search_term_string"}],"inLanguage":"en-US"},{"@type":"Organization","@id":"https:\/\/praxisschaefer.de\/#organization","name":"Praxis f\u00fcr Psychotherapie Dipl.-Psych. Sabine Sch\u00e4fer","url":"https:\/\/praxisschaefer.de\/","logo":{"@type":"ImageObject","inLanguage":"en-US","@id":"https:\/\/praxisschaefer.de\/#\/schema\/logo\/image\/","url":"https:\/\/praxisschaefer.de\/wp-content\/uploads\/2024\/01\/praxis-schaefer-team-sabine-schaefer-neu.jpg","contentUrl":"https:\/\/praxisschaefer.de\/wp-content\/uploads\/2024\/01\/praxis-schaefer-team-sabine-schaefer-neu.jpg","width":1000,"height":1000,"caption":"Praxis f\u00fcr Psychotherapie Dipl.-Psych. Sabine Sch\u00e4fer"},"image":{"@id":"https:\/\/praxisschaefer.de\/#\/schema\/logo\/image\/"}}]}},"_links":{"self":[{"href":"https:\/\/praxisschaefer.de\/en\/wp-json\/wp\/v2\/pages\/15191","targetHints":{"allow":["GET"]}}],"collection":[{"href":"https:\/\/praxisschaefer.de\/en\/wp-json\/wp\/v2\/pages"}],"about":[{"href":"https:\/\/praxisschaefer.de\/en\/wp-json\/wp\/v2\/types\/page"}],"author":[{"embeddable":true,"href":"https:\/\/praxisschaefer.de\/en\/wp-json\/wp\/v2\/users\/1"}],"replies":[{"embeddable":true,"href":"https:\/\/praxisschaefer.de\/en\/wp-json\/wp\/v2\/comments?post=15191"}],"version-history":[{"count":5,"href":"https:\/\/praxisschaefer.de\/en\/wp-json\/wp\/v2\/pages\/15191\/revisions"}],"predecessor-version":[{"id":15731,"href":"https:\/\/praxisschaefer.de\/en\/wp-json\/wp\/v2\/pages\/15191\/revisions\/15731"}],"up":[{"embeddable":true,"href":"https:\/\/praxisschaefer.de\/en\/wp-json\/wp\/v2\/pages\/15427"}],"wp:attachment":[{"href":"https:\/\/praxisschaefer.de\/en\/wp-json\/wp\/v2\/media?parent=15191"}],"curies":[{"name":"wp","href":"https:\/\/api.w.org\/{rel}","templated":true}]}}