{"id":15186,"date":"2020-02-24T11:22:38","date_gmt":"2020-02-24T10:22:38","guid":{"rendered":"https:\/\/praxisschaefer.designwerk-kussmaul.de\/information-on-cost-reimbursement\/"},"modified":"2024-02-06T14:29:36","modified_gmt":"2024-02-06T13:29:36","slug":"information-on-cost-reimbursement","status":"publish","type":"page","link":"https:\/\/praxisschaefer.de\/en\/for-patients\/information-on-cost-reimbursement\/","title":{"rendered":"Information on cost reimbursement"},"content":{"rendered":"<div class=\"wpb-content-wrapper\"><p>[vc_row][vc_column el_align=&#8221;center&#8221;]<div id=\"1582292861772-e00ba7a9-d555\" class=\"dt-sc-empty-space\"><\/div><div class='dt-sc-title script-with-sub-title '><h2><\/h2><h3>Information on cost reimbursement<\/h3><\/div>[\/vc_column][\/vc_row][vc_row][vc_column][vc_column_text]Have you been looking for psychotherapy for a while? But you can&#8217;t find a licensed psychotherapist with a free therapy slot? Are you suffering from your complaints and a waiting period is unreasonable for you?<\/p>\n<p>Then you will find detailed information on the so-called &#8220;cost reimbursement&#8221; here. Cost reimbursement is a legally regulated option for billing your statutory health insurance company for psychotherapy provided by licensed psychotherapists who are not licensed by the statutory health insurance and are in private practice.<\/p>\n<p>Would you like to find out what steps you need to take when reimbursing costs? You can find helpful information here (just available in German):<\/p>\n<p><a href=\"https:\/\/praxisschaefer.de\/wp-content\/uploads\/2018\/02\/DPtV-Faltblatt_Kosten.pdf\">Information flyer on cost reimbursement from the German Psychotherapists&#8217; Association<\/a><\/p>\n<p><a href=\"https:\/\/praxisschaefer.de\/wp-content\/uploads\/2018\/02\/BPtK_Ratgeber_Kostenerstattung.pdf\">Cost reimbursement&#8221; guide from the Federal Chamber of Psychotherapists<\/a><\/p>\n<p>&nbsp;<\/p>\n<p>The German Psychotherapists&#8217; Association has also dealt scientifically with cost reimbursement. If you would like to find out more about cost reimbursement in Germany, you will find what you are looking for here:<\/p>\n<p><a href=\"https:\/\/www.dptv.de\/fileadmin\/Redaktion\/Bilder_und_Dokumente\/Wissensdatenbank_oeffentlich\/Umfragen\/DPtV_Umfrage_Kostenerstattung_2022.pdf\">Results of the survey on cost reimbursement. DPtV Science and Research 2022.<\/a>[\/vc_column_text][\/vc_column][\/vc_row]<\/p>\n<\/div>","protected":false},"excerpt":{"rendered":"<p>[vc_row][vc_column el_align=&#8221;center&#8221;][\/vc_column][\/vc_row][vc_row][vc_column][vc_column_text]Have you been looking for psychotherapy for a while? But you can&#8217;t find a licensed psychotherapist with a free therapy slot? Are you suffering from your complaints and a waiting period is unreasonable for you? Then you will find detailed information on the so-called &#8220;cost reimbursement&#8221; here. Cost reimbursement is a legally regulated option [&hellip;]<\/p>\n","protected":false},"author":1,"featured_media":0,"parent":15427,"menu_order":61,"comment_status":"closed","ping_status":"closed","template":"","meta":{"_acf_changed":false,"footnotes":""},"class_list":["post-15186","page","type-page","status-publish","hentry"],"acf":[],"yoast_head":"<!-- This site is optimized with the Yoast SEO Premium plugin v22.4 (Yoast SEO v22.4) - https:\/\/yoast.com\/wordpress\/plugins\/seo\/ -->\n<title>Information on cost reimbursement - Sabine Sch\u00e4fer<\/title>\n<meta name=\"robots\" content=\"index, follow, max-snippet:-1, max-image-preview:large, max-video-preview:-1\" \/>\n<link rel=\"canonical\" href=\"https:\/\/praxisschaefer.de\/en\/for-patients\/information-on-cost-reimbursement\/\" \/>\n<meta property=\"og:locale\" content=\"en_US\" \/>\n<meta property=\"og:type\" content=\"article\" \/>\n<meta property=\"og:title\" content=\"Information on cost reimbursement\" \/>\n<meta property=\"og:description\" content=\"[vc_row][vc_column el_align=&#8221;center&#8221;][\/vc_column][\/vc_row][vc_row][vc_column][vc_column_text]Have you been looking for psychotherapy for a while? But you can&#8217;t find a licensed psychotherapist with a free therapy slot? Are you suffering from your complaints and a waiting period is unreasonable for you? Then you will find detailed information on the so-called &#8220;cost reimbursement&#8221; here. Cost reimbursement is a legally regulated option [&hellip;]\" \/>\n<meta property=\"og:url\" content=\"https:\/\/praxisschaefer.de\/en\/for-patients\/information-on-cost-reimbursement\/\" \/>\n<meta property=\"og:site_name\" content=\"Sabine Sch\u00e4fer\" \/>\n<meta property=\"article:modified_time\" content=\"2024-02-06T13:29:36+00:00\" \/>\n<meta name=\"twitter:card\" content=\"summary_large_image\" \/>\n<meta name=\"twitter:label1\" content=\"Est. reading time\" \/>\n\t<meta name=\"twitter:data1\" content=\"1 minute\" \/>\n<script type=\"application\/ld+json\" class=\"yoast-schema-graph\">{\"@context\":\"https:\/\/schema.org\",\"@graph\":[{\"@type\":\"WebPage\",\"@id\":\"https:\/\/praxisschaefer.de\/en\/for-patients\/information-on-cost-reimbursement\/\",\"url\":\"https:\/\/praxisschaefer.de\/en\/for-patients\/information-on-cost-reimbursement\/\",\"name\":\"Information on cost reimbursement - Sabine Sch\u00e4fer\",\"isPartOf\":{\"@id\":\"https:\/\/praxisschaefer.de\/#website\"},\"datePublished\":\"2020-02-24T10:22:38+00:00\",\"dateModified\":\"2024-02-06T13:29:36+00:00\",\"breadcrumb\":{\"@id\":\"https:\/\/praxisschaefer.de\/en\/for-patients\/information-on-cost-reimbursement\/#breadcrumb\"},\"inLanguage\":\"en-US\",\"potentialAction\":[{\"@type\":\"ReadAction\",\"target\":[\"https:\/\/praxisschaefer.de\/en\/for-patients\/information-on-cost-reimbursement\/\"]}]},{\"@type\":\"BreadcrumbList\",\"@id\":\"https:\/\/praxisschaefer.de\/en\/for-patients\/information-on-cost-reimbursement\/#breadcrumb\",\"itemListElement\":[{\"@type\":\"ListItem\",\"position\":1,\"name\":\"Startseite\",\"item\":\"https:\/\/praxisschaefer.de\/en\/\"},{\"@type\":\"ListItem\",\"position\":2,\"name\":\"For patients\",\"item\":\"https:\/\/praxisschaefer.de\/en\/for-patients\/\"},{\"@type\":\"ListItem\",\"position\":3,\"name\":\"Information on cost reimbursement\"}]},{\"@type\":\"WebSite\",\"@id\":\"https:\/\/praxisschaefer.de\/#website\",\"url\":\"https:\/\/praxisschaefer.de\/\",\"name\":\"Praxis f\u00fcr Psychotherapie Dipl.-Psych. Sabine Sch\u00e4fer\",\"description\":\"Praxis f\u00fcr Psychotherapie\",\"publisher\":{\"@id\":\"https:\/\/praxisschaefer.de\/#organization\"},\"potentialAction\":[{\"@type\":\"SearchAction\",\"target\":{\"@type\":\"EntryPoint\",\"urlTemplate\":\"https:\/\/praxisschaefer.de\/?s={search_term_string}\"},\"query-input\":\"required name=search_term_string\"}],\"inLanguage\":\"en-US\"},{\"@type\":\"Organization\",\"@id\":\"https:\/\/praxisschaefer.de\/#organization\",\"name\":\"Praxis f\u00fcr Psychotherapie Dipl.-Psych. Sabine Sch\u00e4fer\",\"url\":\"https:\/\/praxisschaefer.de\/\",\"logo\":{\"@type\":\"ImageObject\",\"inLanguage\":\"en-US\",\"@id\":\"https:\/\/praxisschaefer.de\/#\/schema\/logo\/image\/\",\"url\":\"https:\/\/praxisschaefer.de\/wp-content\/uploads\/2024\/01\/praxis-schaefer-team-sabine-schaefer-neu.jpg\",\"contentUrl\":\"https:\/\/praxisschaefer.de\/wp-content\/uploads\/2024\/01\/praxis-schaefer-team-sabine-schaefer-neu.jpg\",\"width\":1000,\"height\":1000,\"caption\":\"Praxis f\u00fcr Psychotherapie Dipl.-Psych. Sabine Sch\u00e4fer\"},\"image\":{\"@id\":\"https:\/\/praxisschaefer.de\/#\/schema\/logo\/image\/\"}}]}<\/script>\n<!-- \/ Yoast SEO Premium plugin. -->","yoast_head_json":{"title":"Information on cost reimbursement - Sabine Sch\u00e4fer","robots":{"index":"index","follow":"follow","max-snippet":"max-snippet:-1","max-image-preview":"max-image-preview:large","max-video-preview":"max-video-preview:-1"},"canonical":"https:\/\/praxisschaefer.de\/en\/for-patients\/information-on-cost-reimbursement\/","og_locale":"en_US","og_type":"article","og_title":"Information on cost reimbursement","og_description":"[vc_row][vc_column el_align=&#8221;center&#8221;][\/vc_column][\/vc_row][vc_row][vc_column][vc_column_text]Have you been looking for psychotherapy for a while? But you can&#8217;t find a licensed psychotherapist with a free therapy slot? Are you suffering from your complaints and a waiting period is unreasonable for you? Then you will find detailed information on the so-called &#8220;cost reimbursement&#8221; here. Cost reimbursement is a legally regulated option [&hellip;]","og_url":"https:\/\/praxisschaefer.de\/en\/for-patients\/information-on-cost-reimbursement\/","og_site_name":"Sabine Sch\u00e4fer","article_modified_time":"2024-02-06T13:29:36+00:00","twitter_card":"summary_large_image","twitter_misc":{"Est. reading time":"1 minute"},"schema":{"@context":"https:\/\/schema.org","@graph":[{"@type":"WebPage","@id":"https:\/\/praxisschaefer.de\/en\/for-patients\/information-on-cost-reimbursement\/","url":"https:\/\/praxisschaefer.de\/en\/for-patients\/information-on-cost-reimbursement\/","name":"Information on cost reimbursement - Sabine Sch\u00e4fer","isPartOf":{"@id":"https:\/\/praxisschaefer.de\/#website"},"datePublished":"2020-02-24T10:22:38+00:00","dateModified":"2024-02-06T13:29:36+00:00","breadcrumb":{"@id":"https:\/\/praxisschaefer.de\/en\/for-patients\/information-on-cost-reimbursement\/#breadcrumb"},"inLanguage":"en-US","potentialAction":[{"@type":"ReadAction","target":["https:\/\/praxisschaefer.de\/en\/for-patients\/information-on-cost-reimbursement\/"]}]},{"@type":"BreadcrumbList","@id":"https:\/\/praxisschaefer.de\/en\/for-patients\/information-on-cost-reimbursement\/#breadcrumb","itemListElement":[{"@type":"ListItem","position":1,"name":"Startseite","item":"https:\/\/praxisschaefer.de\/en\/"},{"@type":"ListItem","position":2,"name":"For patients","item":"https:\/\/praxisschaefer.de\/en\/for-patients\/"},{"@type":"ListItem","position":3,"name":"Information on cost reimbursement"}]},{"@type":"WebSite","@id":"https:\/\/praxisschaefer.de\/#website","url":"https:\/\/praxisschaefer.de\/","name":"Praxis f\u00fcr Psychotherapie Dipl.-Psych. Sabine Sch\u00e4fer","description":"Praxis f\u00fcr Psychotherapie","publisher":{"@id":"https:\/\/praxisschaefer.de\/#organization"},"potentialAction":[{"@type":"SearchAction","target":{"@type":"EntryPoint","urlTemplate":"https:\/\/praxisschaefer.de\/?s={search_term_string}"},"query-input":"required name=search_term_string"}],"inLanguage":"en-US"},{"@type":"Organization","@id":"https:\/\/praxisschaefer.de\/#organization","name":"Praxis f\u00fcr Psychotherapie Dipl.-Psych. Sabine Sch\u00e4fer","url":"https:\/\/praxisschaefer.de\/","logo":{"@type":"ImageObject","inLanguage":"en-US","@id":"https:\/\/praxisschaefer.de\/#\/schema\/logo\/image\/","url":"https:\/\/praxisschaefer.de\/wp-content\/uploads\/2024\/01\/praxis-schaefer-team-sabine-schaefer-neu.jpg","contentUrl":"https:\/\/praxisschaefer.de\/wp-content\/uploads\/2024\/01\/praxis-schaefer-team-sabine-schaefer-neu.jpg","width":1000,"height":1000,"caption":"Praxis f\u00fcr Psychotherapie Dipl.-Psych. Sabine Sch\u00e4fer"},"image":{"@id":"https:\/\/praxisschaefer.de\/#\/schema\/logo\/image\/"}}]}},"_links":{"self":[{"href":"https:\/\/praxisschaefer.de\/en\/wp-json\/wp\/v2\/pages\/15186","targetHints":{"allow":["GET"]}}],"collection":[{"href":"https:\/\/praxisschaefer.de\/en\/wp-json\/wp\/v2\/pages"}],"about":[{"href":"https:\/\/praxisschaefer.de\/en\/wp-json\/wp\/v2\/types\/page"}],"author":[{"embeddable":true,"href":"https:\/\/praxisschaefer.de\/en\/wp-json\/wp\/v2\/users\/1"}],"replies":[{"embeddable":true,"href":"https:\/\/praxisschaefer.de\/en\/wp-json\/wp\/v2\/comments?post=15186"}],"version-history":[{"count":5,"href":"https:\/\/praxisschaefer.de\/en\/wp-json\/wp\/v2\/pages\/15186\/revisions"}],"predecessor-version":[{"id":15685,"href":"https:\/\/praxisschaefer.de\/en\/wp-json\/wp\/v2\/pages\/15186\/revisions\/15685"}],"up":[{"embeddable":true,"href":"https:\/\/praxisschaefer.de\/en\/wp-json\/wp\/v2\/pages\/15427"}],"wp:attachment":[{"href":"https:\/\/praxisschaefer.de\/en\/wp-json\/wp\/v2\/media?parent=15186"}],"curies":[{"name":"wp","href":"https:\/\/api.w.org\/{rel}","templated":true}]}}