{"id":15180,"date":"2020-02-24T10:44:56","date_gmt":"2020-02-24T09:44:56","guid":{"rendered":"https:\/\/praxisschaefer.designwerk-kussmaul.de\/application\/"},"modified":"2024-01-29T17:01:41","modified_gmt":"2024-01-29T16:01:41","slug":"application","status":"publish","type":"page","link":"https:\/\/praxisschaefer.de\/en\/for-patients\/application\/","title":{"rendered":"Application"},"content":{"rendered":"<div class=\"wpb-content-wrapper\"><p>[vc_row][vc_column el_align=&#8221;center&#8221;]<div id=\"1582292861772-e00ba7a9-d555\" class=\"dt-sc-empty-space\"><\/div><div class='dt-sc-title script-with-sub-title '><h2><\/h2><h3>Application<\/h3><\/div>[\/vc_column][\/vc_row][vc_row][vc_column][vc_column_text]Psychotherapy is a comprehensive and long-term treatment for mental illness. This begins with <a href=\"https:\/\/praxisschaefer.de\/fuer-patienten\/diagnostik\/\" target=\"_blank\" rel=\"noopener\">diagnostic sessions<\/a>. The psychotherapist and you decide together during this diagnostic phase, or at the latest at the end of this phase, whether psychotherapy should be started and whether the costs should be covered by the responsible funding body. Diagnostic sessions are always paid for by your health insurance fund, even without an application.<\/p>\n<p>The applicant is you, the patient. We will support you with your application, in particular by providing professional justification for the psychotherapy application. The entire approval process takes a few days or up to three weeks, depending on the regulations of your health insurance company. If an expert is involved, this procedure can take up to 6 weeks.<\/p>\n<p>The implementation and, if necessary, extension of psychotherapy is almost always subject to application and approval for both those with statutory health insurance and those with private insurance. Psychotherapeutic treatment therefore only begins when you, the patient, have received written confirmation that your health insurance company will cover the costs. In the event that you wish to start treatment earlier and in the further event that the costs are not reimbursed in full or in part by your insurance provider, you as the patient owe this fee in full personally to the psychotherapeutic practice.[\/vc_column_text][vc_column_text]<\/p>\n<h4><strong>Special application features for patients with statutory health insurance<\/strong><\/h4>\n<ul>\n<li>People with statutory health insurance must undergo at least three diagnostic consultations before applying for psychotherapy.<\/li>\n<li><strong>Before applying for treatment, you will need a consultation report to rule out any physical (e.g. hormonal) causes for your symptoms. You must submit this &#8220;consultation report&#8221; from your general practitioner to the secretary&#8217;s office of our practice as soon as possible so that the application can be submitted. You can obtain the form for this at our practice.<\/strong><\/li>\n<li>Each individual section of your psychotherapy and each extension must be applied for anew with your health insurance company.<\/li>\n<\/ul>\n<p>[\/vc_column_text][vc_column_text]<\/p>\n<h4><strong>Special application features in the AOK and BKK-Bosch specialist doctor contract<\/strong><\/h4>\n<p>Patients with statutory health insurance under the AOK or BKK-Bosch specialist contract can begin behavioral therapy or depth psychology-based treatment without an application process, i.e. without the bureaucratic burden. The professional decision of your psychotherapist and your personal consent apply to the start of psychotherapy. You also decide the number of sessions required together on the basis of your therapy success and prospects.<\/p>\n<ul>\n<li><strong>During the first sessions of your psychotherapy, your psychotherapist will ask your family doctor for a consultation report to rule out any physical (e.g. hormonal) causes for your symptoms. You do not need to do anything else here.<\/strong><\/li>\n<\/ul>\n<p>[\/vc_column_text][vc_column_text]<\/p>\n<h4><strong>Special application requirements for patients with private and public assistance insurance<\/strong><\/h4>\n<ul>\n<li>You clarify the application procedure for cost coverage directly with your private health insurance company before starting treatment. The application procedure and assumption of costs depend on your individual contract conditions, i.e. also on your agreed insurance tariff. You can request the special application forms from your health insurance company there.<\/li>\n<li>The respective aid regulations apply to the aid The application forms can be obtained from your aid office. As a rule, patients take out private supplementary insurance in addition to their main insurance with the health insurance fund. You should also ask them to send you the application forms.<\/li>\n<\/ul>\n<p>[\/vc_column_text][\/vc_column][\/vc_row]<\/p>\n<\/div>","protected":false},"excerpt":{"rendered":"<p>[vc_row][vc_column el_align=&#8221;center&#8221;][\/vc_column][\/vc_row][vc_row][vc_column][vc_column_text]Psychotherapy is a comprehensive and long-term treatment for mental illness. This begins with diagnostic sessions. The psychotherapist and you decide together during this diagnostic phase, or at the latest at the end of this phase, whether psychotherapy should be started and whether the costs should be covered by the responsible funding body. Diagnostic sessions [&hellip;]<\/p>\n","protected":false},"author":1,"featured_media":0,"parent":15427,"menu_order":56,"comment_status":"closed","ping_status":"closed","template":"","meta":{"_acf_changed":false,"footnotes":""},"class_list":["post-15180","page","type-page","status-publish","hentry"],"acf":[],"yoast_head":"<!-- This site is optimized with the Yoast SEO Premium plugin v22.4 (Yoast SEO v22.4) - https:\/\/yoast.com\/wordpress\/plugins\/seo\/ -->\n<title>Application - Sabine Sch\u00e4fer<\/title>\n<meta name=\"robots\" content=\"index, follow, max-snippet:-1, max-image-preview:large, max-video-preview:-1\" \/>\n<link rel=\"canonical\" href=\"https:\/\/praxisschaefer.de\/en\/for-patients\/application\/\" \/>\n<meta property=\"og:locale\" content=\"en_US\" \/>\n<meta property=\"og:type\" content=\"article\" \/>\n<meta property=\"og:title\" content=\"Application\" \/>\n<meta property=\"og:description\" content=\"[vc_row][vc_column el_align=&#8221;center&#8221;][\/vc_column][\/vc_row][vc_row][vc_column][vc_column_text]Psychotherapy is a comprehensive and long-term treatment for mental illness. This begins with diagnostic sessions. The psychotherapist and you decide together during this diagnostic phase, or at the latest at the end of this phase, whether psychotherapy should be started and whether the costs should be covered by the responsible funding body. Diagnostic sessions [&hellip;]\" \/>\n<meta property=\"og:url\" content=\"https:\/\/praxisschaefer.de\/en\/for-patients\/application\/\" \/>\n<meta property=\"og:site_name\" content=\"Sabine Sch\u00e4fer\" \/>\n<meta property=\"article:modified_time\" content=\"2024-01-29T16:01:41+00:00\" \/>\n<meta name=\"twitter:card\" content=\"summary_large_image\" \/>\n<meta name=\"twitter:label1\" content=\"Est. reading time\" \/>\n\t<meta name=\"twitter:data1\" content=\"3 minutes\" \/>\n<script type=\"application\/ld+json\" class=\"yoast-schema-graph\">{\"@context\":\"https:\/\/schema.org\",\"@graph\":[{\"@type\":\"WebPage\",\"@id\":\"https:\/\/praxisschaefer.de\/en\/for-patients\/application\/\",\"url\":\"https:\/\/praxisschaefer.de\/en\/for-patients\/application\/\",\"name\":\"Application - Sabine Sch\u00e4fer\",\"isPartOf\":{\"@id\":\"https:\/\/praxisschaefer.de\/#website\"},\"datePublished\":\"2020-02-24T09:44:56+00:00\",\"dateModified\":\"2024-01-29T16:01:41+00:00\",\"breadcrumb\":{\"@id\":\"https:\/\/praxisschaefer.de\/en\/for-patients\/application\/#breadcrumb\"},\"inLanguage\":\"en-US\",\"potentialAction\":[{\"@type\":\"ReadAction\",\"target\":[\"https:\/\/praxisschaefer.de\/en\/for-patients\/application\/\"]}]},{\"@type\":\"BreadcrumbList\",\"@id\":\"https:\/\/praxisschaefer.de\/en\/for-patients\/application\/#breadcrumb\",\"itemListElement\":[{\"@type\":\"ListItem\",\"position\":1,\"name\":\"Startseite\",\"item\":\"https:\/\/praxisschaefer.de\/en\/\"},{\"@type\":\"ListItem\",\"position\":2,\"name\":\"For patients\",\"item\":\"https:\/\/praxisschaefer.de\/en\/for-patients\/\"},{\"@type\":\"ListItem\",\"position\":3,\"name\":\"Application\"}]},{\"@type\":\"WebSite\",\"@id\":\"https:\/\/praxisschaefer.de\/#website\",\"url\":\"https:\/\/praxisschaefer.de\/\",\"name\":\"Praxis f\u00fcr Psychotherapie Dipl.-Psych. Sabine Sch\u00e4fer\",\"description\":\"Praxis f\u00fcr Psychotherapie\",\"publisher\":{\"@id\":\"https:\/\/praxisschaefer.de\/#organization\"},\"potentialAction\":[{\"@type\":\"SearchAction\",\"target\":{\"@type\":\"EntryPoint\",\"urlTemplate\":\"https:\/\/praxisschaefer.de\/?s={search_term_string}\"},\"query-input\":\"required name=search_term_string\"}],\"inLanguage\":\"en-US\"},{\"@type\":\"Organization\",\"@id\":\"https:\/\/praxisschaefer.de\/#organization\",\"name\":\"Praxis f\u00fcr Psychotherapie Dipl.-Psych. Sabine Sch\u00e4fer\",\"url\":\"https:\/\/praxisschaefer.de\/\",\"logo\":{\"@type\":\"ImageObject\",\"inLanguage\":\"en-US\",\"@id\":\"https:\/\/praxisschaefer.de\/#\/schema\/logo\/image\/\",\"url\":\"https:\/\/praxisschaefer.de\/wp-content\/uploads\/2024\/01\/praxis-schaefer-team-sabine-schaefer-neu.jpg\",\"contentUrl\":\"https:\/\/praxisschaefer.de\/wp-content\/uploads\/2024\/01\/praxis-schaefer-team-sabine-schaefer-neu.jpg\",\"width\":1000,\"height\":1000,\"caption\":\"Praxis f\u00fcr Psychotherapie Dipl.-Psych. Sabine Sch\u00e4fer\"},\"image\":{\"@id\":\"https:\/\/praxisschaefer.de\/#\/schema\/logo\/image\/\"}}]}<\/script>\n<!-- \/ Yoast SEO Premium plugin. -->","yoast_head_json":{"title":"Application - Sabine Sch\u00e4fer","robots":{"index":"index","follow":"follow","max-snippet":"max-snippet:-1","max-image-preview":"max-image-preview:large","max-video-preview":"max-video-preview:-1"},"canonical":"https:\/\/praxisschaefer.de\/en\/for-patients\/application\/","og_locale":"en_US","og_type":"article","og_title":"Application","og_description":"[vc_row][vc_column el_align=&#8221;center&#8221;][\/vc_column][\/vc_row][vc_row][vc_column][vc_column_text]Psychotherapy is a comprehensive and long-term treatment for mental illness. This begins with diagnostic sessions. The psychotherapist and you decide together during this diagnostic phase, or at the latest at the end of this phase, whether psychotherapy should be started and whether the costs should be covered by the responsible funding body. Diagnostic sessions [&hellip;]","og_url":"https:\/\/praxisschaefer.de\/en\/for-patients\/application\/","og_site_name":"Sabine Sch\u00e4fer","article_modified_time":"2024-01-29T16:01:41+00:00","twitter_card":"summary_large_image","twitter_misc":{"Est. reading time":"3 minutes"},"schema":{"@context":"https:\/\/schema.org","@graph":[{"@type":"WebPage","@id":"https:\/\/praxisschaefer.de\/en\/for-patients\/application\/","url":"https:\/\/praxisschaefer.de\/en\/for-patients\/application\/","name":"Application - Sabine Sch\u00e4fer","isPartOf":{"@id":"https:\/\/praxisschaefer.de\/#website"},"datePublished":"2020-02-24T09:44:56+00:00","dateModified":"2024-01-29T16:01:41+00:00","breadcrumb":{"@id":"https:\/\/praxisschaefer.de\/en\/for-patients\/application\/#breadcrumb"},"inLanguage":"en-US","potentialAction":[{"@type":"ReadAction","target":["https:\/\/praxisschaefer.de\/en\/for-patients\/application\/"]}]},{"@type":"BreadcrumbList","@id":"https:\/\/praxisschaefer.de\/en\/for-patients\/application\/#breadcrumb","itemListElement":[{"@type":"ListItem","position":1,"name":"Startseite","item":"https:\/\/praxisschaefer.de\/en\/"},{"@type":"ListItem","position":2,"name":"For patients","item":"https:\/\/praxisschaefer.de\/en\/for-patients\/"},{"@type":"ListItem","position":3,"name":"Application"}]},{"@type":"WebSite","@id":"https:\/\/praxisschaefer.de\/#website","url":"https:\/\/praxisschaefer.de\/","name":"Praxis f\u00fcr Psychotherapie Dipl.-Psych. Sabine Sch\u00e4fer","description":"Praxis f\u00fcr Psychotherapie","publisher":{"@id":"https:\/\/praxisschaefer.de\/#organization"},"potentialAction":[{"@type":"SearchAction","target":{"@type":"EntryPoint","urlTemplate":"https:\/\/praxisschaefer.de\/?s={search_term_string}"},"query-input":"required name=search_term_string"}],"inLanguage":"en-US"},{"@type":"Organization","@id":"https:\/\/praxisschaefer.de\/#organization","name":"Praxis f\u00fcr Psychotherapie Dipl.-Psych. Sabine Sch\u00e4fer","url":"https:\/\/praxisschaefer.de\/","logo":{"@type":"ImageObject","inLanguage":"en-US","@id":"https:\/\/praxisschaefer.de\/#\/schema\/logo\/image\/","url":"https:\/\/praxisschaefer.de\/wp-content\/uploads\/2024\/01\/praxis-schaefer-team-sabine-schaefer-neu.jpg","contentUrl":"https:\/\/praxisschaefer.de\/wp-content\/uploads\/2024\/01\/praxis-schaefer-team-sabine-schaefer-neu.jpg","width":1000,"height":1000,"caption":"Praxis f\u00fcr Psychotherapie Dipl.-Psych. Sabine Sch\u00e4fer"},"image":{"@id":"https:\/\/praxisschaefer.de\/#\/schema\/logo\/image\/"}}]}},"_links":{"self":[{"href":"https:\/\/praxisschaefer.de\/en\/wp-json\/wp\/v2\/pages\/15180","targetHints":{"allow":["GET"]}}],"collection":[{"href":"https:\/\/praxisschaefer.de\/en\/wp-json\/wp\/v2\/pages"}],"about":[{"href":"https:\/\/praxisschaefer.de\/en\/wp-json\/wp\/v2\/types\/page"}],"author":[{"embeddable":true,"href":"https:\/\/praxisschaefer.de\/en\/wp-json\/wp\/v2\/users\/1"}],"replies":[{"embeddable":true,"href":"https:\/\/praxisschaefer.de\/en\/wp-json\/wp\/v2\/comments?post=15180"}],"version-history":[{"count":11,"href":"https:\/\/praxisschaefer.de\/en\/wp-json\/wp\/v2\/pages\/15180\/revisions"}],"predecessor-version":[{"id":15629,"href":"https:\/\/praxisschaefer.de\/en\/wp-json\/wp\/v2\/pages\/15180\/revisions\/15629"}],"up":[{"embeddable":true,"href":"https:\/\/praxisschaefer.de\/en\/wp-json\/wp\/v2\/pages\/15427"}],"wp:attachment":[{"href":"https:\/\/praxisschaefer.de\/en\/wp-json\/wp\/v2\/media?parent=15180"}],"curies":[{"name":"wp","href":"https:\/\/api.w.org\/{rel}","templated":true}]}}