{"id":15170,"date":"2020-02-24T13:04:32","date_gmt":"2020-02-24T12:04:32","guid":{"rendered":"https:\/\/praxisschaefer.designwerk-kussmaul.de\/teaching-practice\/"},"modified":"2024-02-08T22:08:25","modified_gmt":"2024-02-08T21:08:25","slug":"teaching-practice","status":"publish","type":"page","link":"https:\/\/praxisschaefer.de\/en\/teaching-practice\/","title":{"rendered":"Teaching practice"},"content":{"rendered":"<div class=\"wpb-content-wrapper\"><p>[vc_row][vc_column el_align=&#8221;center&#8221;]<div id=\"1582292861772-e00ba7a9-d555\" class=\"dt-sc-empty-space\"><\/div><div class='dt-sc-title script-with-sub-title '><h2><\/h2><h3>WE TRAIN!<\/h3><\/div>[\/vc_column][\/vc_row][vc_row][vc_column][vc_column_text]<strong>Training as a psychological psychotherapist <\/strong><\/p>\n<p>We are a teaching practice for psychotherapists in training and further education. Colleagues have the opportunity to complete their training therapies under supervision and receive individual and group supervision to accompany their cases.<\/p>\n<p>We cooperate with various training institutes (not an exhaustive list):<\/p>\n<p><a href=\"https:\/\/www.hap-ambulanz.de\/home\/\" target=\"_blank\" rel=\"noopener\">Heidelberger Akademie f\u00fcr Psychotherapie<\/a> (HAP)<\/p>\n<p><a href=\"https:\/\/www.sueddeutsche-akademie.de\/\" target=\"_blank\" rel=\"noopener\">S\u00fcddeutsche Akademie f\u00fcr Psychotherapie<\/a> (SAP)<\/p>\n<p><a href=\"https:\/\/www.zist.de\/\" target=\"_blank\" rel=\"noopener\">ZIST Akademie f\u00fcr Psychotherapie<\/a> (ZIST)<\/p>\n<p><a href=\"https:\/\/www.avm-d.de\/\" target=\"_blank\" rel=\"noopener\">Arbeitsgemeinschaft f\u00fcr Verhaltensmodifikation eV<\/a> (AVM)<\/p>\n<p><a href=\"https:\/\/www.christophsbad.de\/akademie-c-ap-bereich-ausbildung\/\" target=\"_blank\" rel=\"noopener\">Christophsbad-Akademie f\u00fcr Psychotherapie<\/a> (C-AP)<\/p>\n<p><a href=\"https:\/\/www.ivs-nuernberg.de\" target=\"_blank\" rel=\"noopener\">Institut f\u00fcr Verhaltenstherapeutisch fundierte Psychotherapie, Verhaltensmedizin, Systememisch fundierte Therapie und Sexuologie<\/a> (IVS)<\/p>\n<p><a href=\"https:\/\/ivt-psychotherapie.de\/\" target=\"_blank\" rel=\"noopener\">Institut f\u00fcr Verhaltenstherapie<\/a> (IVT)[\/vc_column_text][\/vc_column][\/vc_row][vc_row][vc_column][vc_column_text]<strong>IHK training<\/strong><br \/>\nOur practice is recognized by the IHK for the following vocational training courses:<\/p>\n<ul>\n<li style=\"list-style-type: none;\">\n<ul>\n<li><a href=\"https:\/\/praxisschaefer.de\/wp-content\/uploads\/2018\/02\/ihk-ausbildungsbescheinigung.pdf\" target=\"_blank\" rel=\"noopener\">Healthcare professionals<\/a><\/li>\n<li><a href=\"https:\/\/praxisschaefer.de\/wp-content\/uploads\/2018\/02\/ihk-ausbildungsbescheinigung001.pdf\" target=\"_blank\" rel=\"noopener\">Office management assistants<\/a><\/li>\n<\/ul>\n<\/li>\n<\/ul>\n<p>You can find the current tenders <a href=\"https:\/\/praxisschaefer.de\/stellenangebote\/\" target=\"_blank\" rel=\"noopener\">here<\/a>.[\/vc_column_text][\/vc_column][\/vc_row]<\/p>\n<\/div>","protected":false},"excerpt":{"rendered":"<p>[vc_row][vc_column el_align=&#8221;center&#8221;][\/vc_column][\/vc_row][vc_row][vc_column][vc_column_text]Training as a psychological psychotherapist We are a teaching practice for psychotherapists in training and further education. Colleagues have the opportunity to complete their training therapies under supervision and receive individual and group supervision to accompany their cases. We cooperate with various training institutes (not an exhaustive list): Heidelberger Akademie f\u00fcr Psychotherapie (HAP) S\u00fcddeutsche [&hellip;]<\/p>\n","protected":false},"author":1,"featured_media":0,"parent":0,"menu_order":74,"comment_status":"closed","ping_status":"closed","template":"","meta":{"_acf_changed":false,"footnotes":""},"class_list":["post-15170","page","type-page","status-publish","hentry"],"acf":[],"yoast_head":"<!-- This site is optimized with the Yoast SEO Premium plugin v22.4 (Yoast SEO v22.4) - https:\/\/yoast.com\/wordpress\/plugins\/seo\/ -->\n<title>Teaching practice - Sabine Sch\u00e4fer<\/title>\n<meta name=\"robots\" content=\"index, follow, max-snippet:-1, max-image-preview:large, max-video-preview:-1\" \/>\n<link rel=\"canonical\" href=\"https:\/\/praxisschaefer.de\/lehrpraxis\/\" \/>\n<meta property=\"og:locale\" content=\"en_US\" \/>\n<meta property=\"og:type\" content=\"article\" \/>\n<meta property=\"og:title\" content=\"Teaching practice\" \/>\n<meta property=\"og:description\" content=\"[vc_row][vc_column el_align=&#8221;center&#8221;][\/vc_column][\/vc_row][vc_row][vc_column][vc_column_text]Training as a psychological psychotherapist We are a teaching practice for psychotherapists in training and further education. Colleagues have the opportunity to complete their training therapies under supervision and receive individual and group supervision to accompany their cases. We cooperate with various training institutes (not an exhaustive list): Heidelberger Akademie f\u00fcr Psychotherapie (HAP) S\u00fcddeutsche [&hellip;]\" \/>\n<meta property=\"og:url\" content=\"https:\/\/praxisschaefer.de\/lehrpraxis\/\" \/>\n<meta property=\"og:site_name\" content=\"Sabine Sch\u00e4fer\" \/>\n<meta property=\"article:modified_time\" content=\"2024-02-08T21:08:25+00:00\" \/>\n<meta name=\"twitter:card\" content=\"summary_large_image\" \/>\n<meta name=\"twitter:label1\" content=\"Est. reading time\" \/>\n\t<meta name=\"twitter:data1\" content=\"1 minute\" \/>\n<script type=\"application\/ld+json\" class=\"yoast-schema-graph\">{\"@context\":\"https:\/\/schema.org\",\"@graph\":[{\"@type\":\"WebPage\",\"@id\":\"https:\/\/praxisschaefer.de\/lehrpraxis\/\",\"url\":\"https:\/\/praxisschaefer.de\/lehrpraxis\/\",\"name\":\"Teaching practice - Sabine Sch\u00e4fer\",\"isPartOf\":{\"@id\":\"https:\/\/praxisschaefer.de\/#website\"},\"datePublished\":\"2020-02-24T12:04:32+00:00\",\"dateModified\":\"2024-02-08T21:08:25+00:00\",\"breadcrumb\":{\"@id\":\"https:\/\/praxisschaefer.de\/lehrpraxis\/#breadcrumb\"},\"inLanguage\":\"en-US\",\"potentialAction\":[{\"@type\":\"ReadAction\",\"target\":[\"https:\/\/praxisschaefer.de\/lehrpraxis\/\"]}]},{\"@type\":\"BreadcrumbList\",\"@id\":\"https:\/\/praxisschaefer.de\/lehrpraxis\/#breadcrumb\",\"itemListElement\":[{\"@type\":\"ListItem\",\"position\":1,\"name\":\"Startseite\",\"item\":\"https:\/\/praxisschaefer.de\/en\/\"},{\"@type\":\"ListItem\",\"position\":2,\"name\":\"Teaching practice\"}]},{\"@type\":\"WebSite\",\"@id\":\"https:\/\/praxisschaefer.de\/#website\",\"url\":\"https:\/\/praxisschaefer.de\/\",\"name\":\"Praxis f\u00fcr Psychotherapie Dipl.-Psych. Sabine Sch\u00e4fer\",\"description\":\"Praxis f\u00fcr Psychotherapie\",\"publisher\":{\"@id\":\"https:\/\/praxisschaefer.de\/#organization\"},\"potentialAction\":[{\"@type\":\"SearchAction\",\"target\":{\"@type\":\"EntryPoint\",\"urlTemplate\":\"https:\/\/praxisschaefer.de\/?s={search_term_string}\"},\"query-input\":\"required name=search_term_string\"}],\"inLanguage\":\"en-US\"},{\"@type\":\"Organization\",\"@id\":\"https:\/\/praxisschaefer.de\/#organization\",\"name\":\"Praxis f\u00fcr Psychotherapie Dipl.-Psych. Sabine Sch\u00e4fer\",\"url\":\"https:\/\/praxisschaefer.de\/\",\"logo\":{\"@type\":\"ImageObject\",\"inLanguage\":\"en-US\",\"@id\":\"https:\/\/praxisschaefer.de\/#\/schema\/logo\/image\/\",\"url\":\"https:\/\/praxisschaefer.de\/wp-content\/uploads\/2024\/01\/praxis-schaefer-team-sabine-schaefer-neu.jpg\",\"contentUrl\":\"https:\/\/praxisschaefer.de\/wp-content\/uploads\/2024\/01\/praxis-schaefer-team-sabine-schaefer-neu.jpg\",\"width\":1000,\"height\":1000,\"caption\":\"Praxis f\u00fcr Psychotherapie Dipl.-Psych. Sabine Sch\u00e4fer\"},\"image\":{\"@id\":\"https:\/\/praxisschaefer.de\/#\/schema\/logo\/image\/\"}}]}<\/script>\n<!-- \/ Yoast SEO Premium plugin. -->","yoast_head_json":{"title":"Teaching practice - Sabine Sch\u00e4fer","robots":{"index":"index","follow":"follow","max-snippet":"max-snippet:-1","max-image-preview":"max-image-preview:large","max-video-preview":"max-video-preview:-1"},"canonical":"https:\/\/praxisschaefer.de\/lehrpraxis\/","og_locale":"en_US","og_type":"article","og_title":"Teaching practice","og_description":"[vc_row][vc_column el_align=&#8221;center&#8221;][\/vc_column][\/vc_row][vc_row][vc_column][vc_column_text]Training as a psychological psychotherapist We are a teaching practice for psychotherapists in training and further education. Colleagues have the opportunity to complete their training therapies under supervision and receive individual and group supervision to accompany their cases. We cooperate with various training institutes (not an exhaustive list): Heidelberger Akademie f\u00fcr Psychotherapie (HAP) S\u00fcddeutsche [&hellip;]","og_url":"https:\/\/praxisschaefer.de\/lehrpraxis\/","og_site_name":"Sabine Sch\u00e4fer","article_modified_time":"2024-02-08T21:08:25+00:00","twitter_card":"summary_large_image","twitter_misc":{"Est. reading time":"1 minute"},"schema":{"@context":"https:\/\/schema.org","@graph":[{"@type":"WebPage","@id":"https:\/\/praxisschaefer.de\/lehrpraxis\/","url":"https:\/\/praxisschaefer.de\/lehrpraxis\/","name":"Teaching practice - Sabine Sch\u00e4fer","isPartOf":{"@id":"https:\/\/praxisschaefer.de\/#website"},"datePublished":"2020-02-24T12:04:32+00:00","dateModified":"2024-02-08T21:08:25+00:00","breadcrumb":{"@id":"https:\/\/praxisschaefer.de\/lehrpraxis\/#breadcrumb"},"inLanguage":"en-US","potentialAction":[{"@type":"ReadAction","target":["https:\/\/praxisschaefer.de\/lehrpraxis\/"]}]},{"@type":"BreadcrumbList","@id":"https:\/\/praxisschaefer.de\/lehrpraxis\/#breadcrumb","itemListElement":[{"@type":"ListItem","position":1,"name":"Startseite","item":"https:\/\/praxisschaefer.de\/en\/"},{"@type":"ListItem","position":2,"name":"Teaching practice"}]},{"@type":"WebSite","@id":"https:\/\/praxisschaefer.de\/#website","url":"https:\/\/praxisschaefer.de\/","name":"Praxis f\u00fcr Psychotherapie Dipl.-Psych. Sabine Sch\u00e4fer","description":"Praxis f\u00fcr Psychotherapie","publisher":{"@id":"https:\/\/praxisschaefer.de\/#organization"},"potentialAction":[{"@type":"SearchAction","target":{"@type":"EntryPoint","urlTemplate":"https:\/\/praxisschaefer.de\/?s={search_term_string}"},"query-input":"required name=search_term_string"}],"inLanguage":"en-US"},{"@type":"Organization","@id":"https:\/\/praxisschaefer.de\/#organization","name":"Praxis f\u00fcr Psychotherapie Dipl.-Psych. Sabine Sch\u00e4fer","url":"https:\/\/praxisschaefer.de\/","logo":{"@type":"ImageObject","inLanguage":"en-US","@id":"https:\/\/praxisschaefer.de\/#\/schema\/logo\/image\/","url":"https:\/\/praxisschaefer.de\/wp-content\/uploads\/2024\/01\/praxis-schaefer-team-sabine-schaefer-neu.jpg","contentUrl":"https:\/\/praxisschaefer.de\/wp-content\/uploads\/2024\/01\/praxis-schaefer-team-sabine-schaefer-neu.jpg","width":1000,"height":1000,"caption":"Praxis f\u00fcr Psychotherapie Dipl.-Psych. Sabine Sch\u00e4fer"},"image":{"@id":"https:\/\/praxisschaefer.de\/#\/schema\/logo\/image\/"}}]}},"_links":{"self":[{"href":"https:\/\/praxisschaefer.de\/en\/wp-json\/wp\/v2\/pages\/15170","targetHints":{"allow":["GET"]}}],"collection":[{"href":"https:\/\/praxisschaefer.de\/en\/wp-json\/wp\/v2\/pages"}],"about":[{"href":"https:\/\/praxisschaefer.de\/en\/wp-json\/wp\/v2\/types\/page"}],"author":[{"embeddable":true,"href":"https:\/\/praxisschaefer.de\/en\/wp-json\/wp\/v2\/users\/1"}],"replies":[{"embeddable":true,"href":"https:\/\/praxisschaefer.de\/en\/wp-json\/wp\/v2\/comments?post=15170"}],"version-history":[{"count":9,"href":"https:\/\/praxisschaefer.de\/en\/wp-json\/wp\/v2\/pages\/15170\/revisions"}],"predecessor-version":[{"id":15750,"href":"https:\/\/praxisschaefer.de\/en\/wp-json\/wp\/v2\/pages\/15170\/revisions\/15750"}],"wp:attachment":[{"href":"https:\/\/praxisschaefer.de\/en\/wp-json\/wp\/v2\/media?parent=15170"}],"curies":[{"name":"wp","href":"https:\/\/api.w.org\/{rel}","templated":true}]}}