{"id":15169,"date":"2020-02-24T11:43:57","date_gmt":"2020-02-24T10:43:57","guid":{"rendered":"https:\/\/praxisschaefer.designwerk-kussmaul.de\/information-on-psychotherapy\/"},"modified":"2024-02-07T21:52:30","modified_gmt":"2024-02-07T20:52:30","slug":"information-on-psychotherapy","status":"publish","type":"page","link":"https:\/\/praxisschaefer.de\/en\/for-patients\/information-on-psychotherapy\/","title":{"rendered":"Information on psychotherapy"},"content":{"rendered":"<div class=\"wpb-content-wrapper\"><p>[vc_row][vc_column el_align=&#8221;center&#8221;]<div id=\"1582292861772-e00ba7a9-d555\" class=\"dt-sc-empty-space\"><\/div><div class='dt-sc-title script-with-sub-title '><h2><\/h2><h3>Information on psychotherapy<\/h3><\/div>[\/vc_column][\/vc_row][vc_row][vc_column][vc_column_text]The respective authors are responsible for the content. We assume no responsibility for the accuracy or timeliness of the content, for the legality or the fulfillment of copyright provisions on the linked pages. In particular, we do not adopt the third-party content as our own.[\/vc_column_text][vc_column_text]<strong>Patient information from the Federal Chamber of Psychotherapists (BPtK) in English:<\/strong><\/p>\n<ul>\n<li><a href=\"https:\/\/praxisschaefer.de\/wp-content\/uploads\/2018\/02\/bptk_patientenbroschuere_englisch_2019-09.pdf\" target=\"_blank\" rel=\"noopener\">Paths to psychotherapy<\/a><\/li>\n<\/ul>\n<p>&nbsp;<\/p>\n<p><strong>Patient information from the German Psychotherapists&#8217; Association (DPtV) in German:<\/strong><\/p>\n<ul>\n<li><a href=\"https:\/\/praxisschaefer.de\/wp-content\/uploads\/2018\/02\/DPtV-Faltblatt_Psychotherapie-1.pdf\" target=\"_blank\" rel=\"noopener\">When I can no longer do it alone<\/a><\/li>\n<li><a href=\"https:\/\/praxisschaefer.de\/wp-content\/uploads\/2018\/02\/DPtV-Faltblatt_Psychotherapie-1.pdf\" target=\"_blank\" rel=\"noopener\">When my child suffers<\/a><\/li>\n<li><a href=\"https:\/\/praxisschaefer.de\/wp-content\/uploads\/2018\/02\/DPtV-Faltblatt_Psych._Gesundheit-1.pdf\" target=\"_blank\" rel=\"noopener\">If I want to maintain my mental health<\/a><\/li>\n<\/ul>\n<p>&nbsp;<\/p>\n<p><strong>Patient information from the Federal Association of Senior Citizens&#8217; Organizations (BAGSO) with the German Psychotherapists&#8217; Association (DPtV)<br \/>\n&#8211; both just provided in German:<br \/>\n<\/strong><\/p>\n<ul>\n<li><a href=\"https:\/\/praxisschaefer.de\/wp-content\/uploads\/2018\/02\/BAGSO-Wenn_die_Seele_krank_ist_2019.pdf\" target=\"_blank\" rel=\"noopener\">When the soul is sick. Psychotherapy in old age<\/a><\/li>\n<li><a href=\"https:\/\/praxisschaefer.de\/wp-content\/uploads\/2018\/02\/BAGSO_Ratgeber_Entlastung_fuer_die_Seele_2021.pdf\" target=\"_blank\" rel=\"noopener\">Relief for the soul. A guide for family caregivers <\/a><\/li>\n<\/ul>\n<p>[\/vc_column_text][\/vc_column][\/vc_row]<\/p>\n<\/div>","protected":false},"excerpt":{"rendered":"<p>[vc_row][vc_column el_align=&#8221;center&#8221;][\/vc_column][\/vc_row][vc_row][vc_column][vc_column_text]The respective authors are responsible for the content. We assume no responsibility for the accuracy or timeliness of the content, for the legality or the fulfillment of copyright provisions on the linked pages. In particular, we do not adopt the third-party content as our own.[\/vc_column_text][vc_column_text]Patient information from the Federal Chamber of Psychotherapists (BPtK) in [&hellip;]<\/p>\n","protected":false},"author":1,"featured_media":0,"parent":15427,"menu_order":37,"comment_status":"closed","ping_status":"closed","template":"","meta":{"_acf_changed":false,"footnotes":""},"class_list":["post-15169","page","type-page","status-publish","hentry"],"acf":[],"yoast_head":"<!-- This site is optimized with the Yoast SEO Premium plugin v22.4 (Yoast SEO v22.4) - https:\/\/yoast.com\/wordpress\/plugins\/seo\/ -->\n<title>Information on psychotherapy - Sabine Sch\u00e4fer<\/title>\n<meta name=\"robots\" content=\"index, follow, max-snippet:-1, max-image-preview:large, max-video-preview:-1\" \/>\n<link rel=\"canonical\" href=\"https:\/\/praxisschaefer.de\/en\/for-patients\/information-on-psychotherapy\/\" \/>\n<meta property=\"og:locale\" content=\"en_US\" \/>\n<meta property=\"og:type\" content=\"article\" \/>\n<meta property=\"og:title\" content=\"Information on psychotherapy\" \/>\n<meta property=\"og:description\" content=\"[vc_row][vc_column el_align=&#8221;center&#8221;][\/vc_column][\/vc_row][vc_row][vc_column][vc_column_text]The respective authors are responsible for the content. We assume no responsibility for the accuracy or timeliness of the content, for the legality or the fulfillment of copyright provisions on the linked pages. In particular, we do not adopt the third-party content as our own.[\/vc_column_text][vc_column_text]Patient information from the Federal Chamber of Psychotherapists (BPtK) in [&hellip;]\" \/>\n<meta property=\"og:url\" content=\"https:\/\/praxisschaefer.de\/en\/for-patients\/information-on-psychotherapy\/\" \/>\n<meta property=\"og:site_name\" content=\"Sabine Sch\u00e4fer\" \/>\n<meta property=\"article:modified_time\" content=\"2024-02-07T20:52:30+00:00\" \/>\n<meta name=\"twitter:card\" content=\"summary_large_image\" \/>\n<meta name=\"twitter:label1\" content=\"Est. reading time\" \/>\n\t<meta name=\"twitter:data1\" content=\"1 minute\" \/>\n<script type=\"application\/ld+json\" class=\"yoast-schema-graph\">{\"@context\":\"https:\/\/schema.org\",\"@graph\":[{\"@type\":\"WebPage\",\"@id\":\"https:\/\/praxisschaefer.de\/en\/for-patients\/information-on-psychotherapy\/\",\"url\":\"https:\/\/praxisschaefer.de\/en\/for-patients\/information-on-psychotherapy\/\",\"name\":\"Information on psychotherapy - Sabine Sch\u00e4fer\",\"isPartOf\":{\"@id\":\"https:\/\/praxisschaefer.de\/#website\"},\"datePublished\":\"2020-02-24T10:43:57+00:00\",\"dateModified\":\"2024-02-07T20:52:30+00:00\",\"breadcrumb\":{\"@id\":\"https:\/\/praxisschaefer.de\/en\/for-patients\/information-on-psychotherapy\/#breadcrumb\"},\"inLanguage\":\"en-US\",\"potentialAction\":[{\"@type\":\"ReadAction\",\"target\":[\"https:\/\/praxisschaefer.de\/en\/for-patients\/information-on-psychotherapy\/\"]}]},{\"@type\":\"BreadcrumbList\",\"@id\":\"https:\/\/praxisschaefer.de\/en\/for-patients\/information-on-psychotherapy\/#breadcrumb\",\"itemListElement\":[{\"@type\":\"ListItem\",\"position\":1,\"name\":\"Startseite\",\"item\":\"https:\/\/praxisschaefer.de\/en\/\"},{\"@type\":\"ListItem\",\"position\":2,\"name\":\"For patients\",\"item\":\"https:\/\/praxisschaefer.de\/en\/for-patients\/\"},{\"@type\":\"ListItem\",\"position\":3,\"name\":\"Information on psychotherapy\"}]},{\"@type\":\"WebSite\",\"@id\":\"https:\/\/praxisschaefer.de\/#website\",\"url\":\"https:\/\/praxisschaefer.de\/\",\"name\":\"Praxis f\u00fcr Psychotherapie Dipl.-Psych. Sabine Sch\u00e4fer\",\"description\":\"Praxis f\u00fcr Psychotherapie\",\"publisher\":{\"@id\":\"https:\/\/praxisschaefer.de\/#organization\"},\"potentialAction\":[{\"@type\":\"SearchAction\",\"target\":{\"@type\":\"EntryPoint\",\"urlTemplate\":\"https:\/\/praxisschaefer.de\/?s={search_term_string}\"},\"query-input\":\"required name=search_term_string\"}],\"inLanguage\":\"en-US\"},{\"@type\":\"Organization\",\"@id\":\"https:\/\/praxisschaefer.de\/#organization\",\"name\":\"Praxis f\u00fcr Psychotherapie Dipl.-Psych. Sabine Sch\u00e4fer\",\"url\":\"https:\/\/praxisschaefer.de\/\",\"logo\":{\"@type\":\"ImageObject\",\"inLanguage\":\"en-US\",\"@id\":\"https:\/\/praxisschaefer.de\/#\/schema\/logo\/image\/\",\"url\":\"https:\/\/praxisschaefer.de\/wp-content\/uploads\/2024\/01\/praxis-schaefer-team-sabine-schaefer-neu.jpg\",\"contentUrl\":\"https:\/\/praxisschaefer.de\/wp-content\/uploads\/2024\/01\/praxis-schaefer-team-sabine-schaefer-neu.jpg\",\"width\":1000,\"height\":1000,\"caption\":\"Praxis f\u00fcr Psychotherapie Dipl.-Psych. Sabine Sch\u00e4fer\"},\"image\":{\"@id\":\"https:\/\/praxisschaefer.de\/#\/schema\/logo\/image\/\"}}]}<\/script>\n<!-- \/ Yoast SEO Premium plugin. -->","yoast_head_json":{"title":"Information on psychotherapy - Sabine Sch\u00e4fer","robots":{"index":"index","follow":"follow","max-snippet":"max-snippet:-1","max-image-preview":"max-image-preview:large","max-video-preview":"max-video-preview:-1"},"canonical":"https:\/\/praxisschaefer.de\/en\/for-patients\/information-on-psychotherapy\/","og_locale":"en_US","og_type":"article","og_title":"Information on psychotherapy","og_description":"[vc_row][vc_column el_align=&#8221;center&#8221;][\/vc_column][\/vc_row][vc_row][vc_column][vc_column_text]The respective authors are responsible for the content. We assume no responsibility for the accuracy or timeliness of the content, for the legality or the fulfillment of copyright provisions on the linked pages. In particular, we do not adopt the third-party content as our own.[\/vc_column_text][vc_column_text]Patient information from the Federal Chamber of Psychotherapists (BPtK) in [&hellip;]","og_url":"https:\/\/praxisschaefer.de\/en\/for-patients\/information-on-psychotherapy\/","og_site_name":"Sabine Sch\u00e4fer","article_modified_time":"2024-02-07T20:52:30+00:00","twitter_card":"summary_large_image","twitter_misc":{"Est. reading time":"1 minute"},"schema":{"@context":"https:\/\/schema.org","@graph":[{"@type":"WebPage","@id":"https:\/\/praxisschaefer.de\/en\/for-patients\/information-on-psychotherapy\/","url":"https:\/\/praxisschaefer.de\/en\/for-patients\/information-on-psychotherapy\/","name":"Information on psychotherapy - Sabine Sch\u00e4fer","isPartOf":{"@id":"https:\/\/praxisschaefer.de\/#website"},"datePublished":"2020-02-24T10:43:57+00:00","dateModified":"2024-02-07T20:52:30+00:00","breadcrumb":{"@id":"https:\/\/praxisschaefer.de\/en\/for-patients\/information-on-psychotherapy\/#breadcrumb"},"inLanguage":"en-US","potentialAction":[{"@type":"ReadAction","target":["https:\/\/praxisschaefer.de\/en\/for-patients\/information-on-psychotherapy\/"]}]},{"@type":"BreadcrumbList","@id":"https:\/\/praxisschaefer.de\/en\/for-patients\/information-on-psychotherapy\/#breadcrumb","itemListElement":[{"@type":"ListItem","position":1,"name":"Startseite","item":"https:\/\/praxisschaefer.de\/en\/"},{"@type":"ListItem","position":2,"name":"For patients","item":"https:\/\/praxisschaefer.de\/en\/for-patients\/"},{"@type":"ListItem","position":3,"name":"Information on psychotherapy"}]},{"@type":"WebSite","@id":"https:\/\/praxisschaefer.de\/#website","url":"https:\/\/praxisschaefer.de\/","name":"Praxis f\u00fcr Psychotherapie Dipl.-Psych. Sabine Sch\u00e4fer","description":"Praxis f\u00fcr Psychotherapie","publisher":{"@id":"https:\/\/praxisschaefer.de\/#organization"},"potentialAction":[{"@type":"SearchAction","target":{"@type":"EntryPoint","urlTemplate":"https:\/\/praxisschaefer.de\/?s={search_term_string}"},"query-input":"required name=search_term_string"}],"inLanguage":"en-US"},{"@type":"Organization","@id":"https:\/\/praxisschaefer.de\/#organization","name":"Praxis f\u00fcr Psychotherapie Dipl.-Psych. Sabine Sch\u00e4fer","url":"https:\/\/praxisschaefer.de\/","logo":{"@type":"ImageObject","inLanguage":"en-US","@id":"https:\/\/praxisschaefer.de\/#\/schema\/logo\/image\/","url":"https:\/\/praxisschaefer.de\/wp-content\/uploads\/2024\/01\/praxis-schaefer-team-sabine-schaefer-neu.jpg","contentUrl":"https:\/\/praxisschaefer.de\/wp-content\/uploads\/2024\/01\/praxis-schaefer-team-sabine-schaefer-neu.jpg","width":1000,"height":1000,"caption":"Praxis f\u00fcr Psychotherapie Dipl.-Psych. Sabine Sch\u00e4fer"},"image":{"@id":"https:\/\/praxisschaefer.de\/#\/schema\/logo\/image\/"}}]}},"_links":{"self":[{"href":"https:\/\/praxisschaefer.de\/en\/wp-json\/wp\/v2\/pages\/15169","targetHints":{"allow":["GET"]}}],"collection":[{"href":"https:\/\/praxisschaefer.de\/en\/wp-json\/wp\/v2\/pages"}],"about":[{"href":"https:\/\/praxisschaefer.de\/en\/wp-json\/wp\/v2\/types\/page"}],"author":[{"embeddable":true,"href":"https:\/\/praxisschaefer.de\/en\/wp-json\/wp\/v2\/users\/1"}],"replies":[{"embeddable":true,"href":"https:\/\/praxisschaefer.de\/en\/wp-json\/wp\/v2\/comments?post=15169"}],"version-history":[{"count":4,"href":"https:\/\/praxisschaefer.de\/en\/wp-json\/wp\/v2\/pages\/15169\/revisions"}],"predecessor-version":[{"id":15743,"href":"https:\/\/praxisschaefer.de\/en\/wp-json\/wp\/v2\/pages\/15169\/revisions\/15743"}],"up":[{"embeddable":true,"href":"https:\/\/praxisschaefer.de\/en\/wp-json\/wp\/v2\/pages\/15427"}],"wp:attachment":[{"href":"https:\/\/praxisschaefer.de\/en\/wp-json\/wp\/v2\/media?parent=15169"}],"curies":[{"name":"wp","href":"https:\/\/api.w.org\/{rel}","templated":true}]}}