{"id":15152,"date":"2020-02-24T11:49:29","date_gmt":"2020-02-24T10:49:29","guid":{"rendered":"https:\/\/praxisschaefer.designwerk-kussmaul.de\/contact-for-consultations\/"},"modified":"2024-01-29T17:13:16","modified_gmt":"2024-01-29T16:13:16","slug":"contact-for-consultations","status":"publish","type":"page","link":"https:\/\/praxisschaefer.de\/en\/for-doctors-and-psychotherapists\/contact-for-consultations\/","title":{"rendered":"Contact for consultations"},"content":{"rendered":"<div class=\"wpb-content-wrapper\"><p>[vc_row][vc_column el_align=&#8221;center&#8221;]<div id=\"1582292861772-e00ba7a9-d555\" class=\"dt-sc-empty-space\"><\/div><div class='dt-sc-title script-with-sub-title '><h2><\/h2><h3>Contact for consultations<\/h3><\/div>[\/vc_column][\/vc_row][vc_row][vc_column][vc_column_text]Are you a doctor or psychotherapist and would like to contact us directly for a consultation? Send us an e-mail and you will receive a direct telephone extension to the psychotherapists.<\/p>\n<p>&nbsp;<\/p>\n<p>You can also send us a secure e-mail via the KIM service.[\/vc_column_text][\/vc_column][\/vc_row]<\/p>\n<\/div>","protected":false},"excerpt":{"rendered":"<p>[vc_row][vc_column el_align=&#8221;center&#8221;][\/vc_column][\/vc_row][vc_row][vc_column][vc_column_text]Are you a doctor or psychotherapist and would like to contact us directly for a consultation? Send us an e-mail and you will receive a direct telephone extension to the psychotherapists. &nbsp; You can also send us a secure e-mail via the KIM service.[\/vc_column_text][\/vc_column][\/vc_row]<\/p>\n","protected":false},"author":1,"featured_media":0,"parent":15287,"menu_order":22,"comment_status":"closed","ping_status":"closed","template":"","meta":{"_acf_changed":false,"footnotes":""},"class_list":["post-15152","page","type-page","status-publish","hentry"],"acf":[],"yoast_head":"<!-- This site is optimized with the Yoast SEO Premium plugin v22.4 (Yoast SEO v22.4) - https:\/\/yoast.com\/wordpress\/plugins\/seo\/ -->\n<title>Contact for consultations - Sabine Sch\u00e4fer<\/title>\n<meta name=\"robots\" content=\"index, follow, max-snippet:-1, max-image-preview:large, max-video-preview:-1\" \/>\n<link rel=\"canonical\" href=\"https:\/\/praxisschaefer.de\/fuer-aerzte-und-psychotherapeutinnen\/kontakt-fuer-konsile\/\" \/>\n<meta property=\"og:locale\" content=\"en_US\" \/>\n<meta property=\"og:type\" content=\"article\" \/>\n<meta property=\"og:title\" content=\"Contact for consultations\" \/>\n<meta property=\"og:description\" content=\"[vc_row][vc_column el_align=&#8221;center&#8221;][\/vc_column][\/vc_row][vc_row][vc_column][vc_column_text]Are you a doctor or psychotherapist and would like to contact us directly for a consultation? Send us an e-mail and you will receive a direct telephone extension to the psychotherapists. &nbsp; You can also send us a secure e-mail via the KIM service.[\/vc_column_text][\/vc_column][\/vc_row]\" \/>\n<meta property=\"og:url\" content=\"https:\/\/praxisschaefer.de\/fuer-aerzte-und-psychotherapeutinnen\/kontakt-fuer-konsile\/\" \/>\n<meta property=\"og:site_name\" content=\"Sabine Sch\u00e4fer\" \/>\n<meta property=\"article:modified_time\" content=\"2024-01-29T16:13:16+00:00\" \/>\n<meta name=\"twitter:card\" content=\"summary_large_image\" \/>\n<meta name=\"twitter:label1\" content=\"Est. reading time\" \/>\n\t<meta name=\"twitter:data1\" content=\"1 minute\" \/>\n<script type=\"application\/ld+json\" class=\"yoast-schema-graph\">{\"@context\":\"https:\/\/schema.org\",\"@graph\":[{\"@type\":\"WebPage\",\"@id\":\"https:\/\/praxisschaefer.de\/fuer-aerzte-und-psychotherapeutinnen\/kontakt-fuer-konsile\/\",\"url\":\"https:\/\/praxisschaefer.de\/fuer-aerzte-und-psychotherapeutinnen\/kontakt-fuer-konsile\/\",\"name\":\"Contact for consultations - Sabine Sch\u00e4fer\",\"isPartOf\":{\"@id\":\"https:\/\/praxisschaefer.de\/#website\"},\"datePublished\":\"2020-02-24T10:49:29+00:00\",\"dateModified\":\"2024-01-29T16:13:16+00:00\",\"breadcrumb\":{\"@id\":\"https:\/\/praxisschaefer.de\/fuer-aerzte-und-psychotherapeutinnen\/kontakt-fuer-konsile\/#breadcrumb\"},\"inLanguage\":\"en-US\",\"potentialAction\":[{\"@type\":\"ReadAction\",\"target\":[\"https:\/\/praxisschaefer.de\/fuer-aerzte-und-psychotherapeutinnen\/kontakt-fuer-konsile\/\"]}]},{\"@type\":\"BreadcrumbList\",\"@id\":\"https:\/\/praxisschaefer.de\/fuer-aerzte-und-psychotherapeutinnen\/kontakt-fuer-konsile\/#breadcrumb\",\"itemListElement\":[{\"@type\":\"ListItem\",\"position\":1,\"name\":\"Startseite\",\"item\":\"https:\/\/praxisschaefer.de\/en\/\"},{\"@type\":\"ListItem\",\"position\":2,\"name\":\"For doctors and psychotherapists\",\"item\":\"https:\/\/praxisschaefer.de\/fuer-aerzte-und-psychotherapeutinnen\/\"},{\"@type\":\"ListItem\",\"position\":3,\"name\":\"Contact for consultations\"}]},{\"@type\":\"WebSite\",\"@id\":\"https:\/\/praxisschaefer.de\/#website\",\"url\":\"https:\/\/praxisschaefer.de\/\",\"name\":\"Praxis f\u00fcr Psychotherapie Dipl.-Psych. Sabine Sch\u00e4fer\",\"description\":\"Praxis f\u00fcr Psychotherapie\",\"publisher\":{\"@id\":\"https:\/\/praxisschaefer.de\/#organization\"},\"potentialAction\":[{\"@type\":\"SearchAction\",\"target\":{\"@type\":\"EntryPoint\",\"urlTemplate\":\"https:\/\/praxisschaefer.de\/?s={search_term_string}\"},\"query-input\":\"required name=search_term_string\"}],\"inLanguage\":\"en-US\"},{\"@type\":\"Organization\",\"@id\":\"https:\/\/praxisschaefer.de\/#organization\",\"name\":\"Praxis f\u00fcr Psychotherapie Dipl.-Psych. Sabine Sch\u00e4fer\",\"url\":\"https:\/\/praxisschaefer.de\/\",\"logo\":{\"@type\":\"ImageObject\",\"inLanguage\":\"en-US\",\"@id\":\"https:\/\/praxisschaefer.de\/#\/schema\/logo\/image\/\",\"url\":\"https:\/\/praxisschaefer.de\/wp-content\/uploads\/2024\/01\/praxis-schaefer-team-sabine-schaefer-neu.jpg\",\"contentUrl\":\"https:\/\/praxisschaefer.de\/wp-content\/uploads\/2024\/01\/praxis-schaefer-team-sabine-schaefer-neu.jpg\",\"width\":1000,\"height\":1000,\"caption\":\"Praxis f\u00fcr Psychotherapie Dipl.-Psych. Sabine Sch\u00e4fer\"},\"image\":{\"@id\":\"https:\/\/praxisschaefer.de\/#\/schema\/logo\/image\/\"}}]}<\/script>\n<!-- \/ Yoast SEO Premium plugin. -->","yoast_head_json":{"title":"Contact for consultations - Sabine Sch\u00e4fer","robots":{"index":"index","follow":"follow","max-snippet":"max-snippet:-1","max-image-preview":"max-image-preview:large","max-video-preview":"max-video-preview:-1"},"canonical":"https:\/\/praxisschaefer.de\/fuer-aerzte-und-psychotherapeutinnen\/kontakt-fuer-konsile\/","og_locale":"en_US","og_type":"article","og_title":"Contact for consultations","og_description":"[vc_row][vc_column el_align=&#8221;center&#8221;][\/vc_column][\/vc_row][vc_row][vc_column][vc_column_text]Are you a doctor or psychotherapist and would like to contact us directly for a consultation? Send us an e-mail and you will receive a direct telephone extension to the psychotherapists. &nbsp; You can also send us a secure e-mail via the KIM service.[\/vc_column_text][\/vc_column][\/vc_row]","og_url":"https:\/\/praxisschaefer.de\/fuer-aerzte-und-psychotherapeutinnen\/kontakt-fuer-konsile\/","og_site_name":"Sabine Sch\u00e4fer","article_modified_time":"2024-01-29T16:13:16+00:00","twitter_card":"summary_large_image","twitter_misc":{"Est. reading time":"1 minute"},"schema":{"@context":"https:\/\/schema.org","@graph":[{"@type":"WebPage","@id":"https:\/\/praxisschaefer.de\/fuer-aerzte-und-psychotherapeutinnen\/kontakt-fuer-konsile\/","url":"https:\/\/praxisschaefer.de\/fuer-aerzte-und-psychotherapeutinnen\/kontakt-fuer-konsile\/","name":"Contact for consultations - Sabine Sch\u00e4fer","isPartOf":{"@id":"https:\/\/praxisschaefer.de\/#website"},"datePublished":"2020-02-24T10:49:29+00:00","dateModified":"2024-01-29T16:13:16+00:00","breadcrumb":{"@id":"https:\/\/praxisschaefer.de\/fuer-aerzte-und-psychotherapeutinnen\/kontakt-fuer-konsile\/#breadcrumb"},"inLanguage":"en-US","potentialAction":[{"@type":"ReadAction","target":["https:\/\/praxisschaefer.de\/fuer-aerzte-und-psychotherapeutinnen\/kontakt-fuer-konsile\/"]}]},{"@type":"BreadcrumbList","@id":"https:\/\/praxisschaefer.de\/fuer-aerzte-und-psychotherapeutinnen\/kontakt-fuer-konsile\/#breadcrumb","itemListElement":[{"@type":"ListItem","position":1,"name":"Startseite","item":"https:\/\/praxisschaefer.de\/en\/"},{"@type":"ListItem","position":2,"name":"For doctors and psychotherapists","item":"https:\/\/praxisschaefer.de\/fuer-aerzte-und-psychotherapeutinnen\/"},{"@type":"ListItem","position":3,"name":"Contact for consultations"}]},{"@type":"WebSite","@id":"https:\/\/praxisschaefer.de\/#website","url":"https:\/\/praxisschaefer.de\/","name":"Praxis f\u00fcr Psychotherapie Dipl.-Psych. Sabine Sch\u00e4fer","description":"Praxis f\u00fcr Psychotherapie","publisher":{"@id":"https:\/\/praxisschaefer.de\/#organization"},"potentialAction":[{"@type":"SearchAction","target":{"@type":"EntryPoint","urlTemplate":"https:\/\/praxisschaefer.de\/?s={search_term_string}"},"query-input":"required name=search_term_string"}],"inLanguage":"en-US"},{"@type":"Organization","@id":"https:\/\/praxisschaefer.de\/#organization","name":"Praxis f\u00fcr Psychotherapie Dipl.-Psych. Sabine Sch\u00e4fer","url":"https:\/\/praxisschaefer.de\/","logo":{"@type":"ImageObject","inLanguage":"en-US","@id":"https:\/\/praxisschaefer.de\/#\/schema\/logo\/image\/","url":"https:\/\/praxisschaefer.de\/wp-content\/uploads\/2024\/01\/praxis-schaefer-team-sabine-schaefer-neu.jpg","contentUrl":"https:\/\/praxisschaefer.de\/wp-content\/uploads\/2024\/01\/praxis-schaefer-team-sabine-schaefer-neu.jpg","width":1000,"height":1000,"caption":"Praxis f\u00fcr Psychotherapie Dipl.-Psych. Sabine Sch\u00e4fer"},"image":{"@id":"https:\/\/praxisschaefer.de\/#\/schema\/logo\/image\/"}}]}},"_links":{"self":[{"href":"https:\/\/praxisschaefer.de\/en\/wp-json\/wp\/v2\/pages\/15152","targetHints":{"allow":["GET"]}}],"collection":[{"href":"https:\/\/praxisschaefer.de\/en\/wp-json\/wp\/v2\/pages"}],"about":[{"href":"https:\/\/praxisschaefer.de\/en\/wp-json\/wp\/v2\/types\/page"}],"author":[{"embeddable":true,"href":"https:\/\/praxisschaefer.de\/en\/wp-json\/wp\/v2\/users\/1"}],"replies":[{"embeddable":true,"href":"https:\/\/praxisschaefer.de\/en\/wp-json\/wp\/v2\/comments?post=15152"}],"version-history":[{"count":3,"href":"https:\/\/praxisschaefer.de\/en\/wp-json\/wp\/v2\/pages\/15152\/revisions"}],"predecessor-version":[{"id":15648,"href":"https:\/\/praxisschaefer.de\/en\/wp-json\/wp\/v2\/pages\/15152\/revisions\/15648"}],"up":[{"embeddable":true,"href":"https:\/\/praxisschaefer.de\/en\/wp-json\/wp\/v2\/pages\/15287"}],"wp:attachment":[{"href":"https:\/\/praxisschaefer.de\/en\/wp-json\/wp\/v2\/media?parent=15152"}],"curies":[{"name":"wp","href":"https:\/\/api.w.org\/{rel}","templated":true}]}}