{"id":15147,"date":"2020-02-24T14:57:23","date_gmt":"2020-02-24T13:57:23","guid":{"rendered":"https:\/\/praxisschaefer.designwerk-kussmaul.de\/for-adult-patients\/"},"modified":"2024-01-29T17:14:19","modified_gmt":"2024-01-29T16:14:19","slug":"for-adult-patients","status":"publish","type":"page","link":"https:\/\/praxisschaefer.de\/en\/for-doctors-and-psychotherapists\/license-free-test-methods\/for-adult-patients\/","title":{"rendered":"For adult patients"},"content":{"rendered":"<div class=\"wpb-content-wrapper\"><p>[vc_row][vc_column el_align=&#8221;center&#8221;]<div id=\"1582292861772-e00ba7a9-d555\" class=\"dt-sc-empty-space\"><\/div><div class='dt-sc-title script-with-sub-title '><h2><\/h2><h3>For adult patients<\/h3><\/div>[\/vc_column][\/vc_row][vc_row][vc_column width=&#8221;1\/4&#8243;][vc_single_image image=&#8221;13480&#8243; img_size=&#8221;medium&#8221;][\/vc_column][vc_column width=&#8221;3\/4&#8243;][vc_column_text]<\/p>\n<h2><strong>ISR: ICD-10 symptom rating<\/strong><\/h2>\n<p><em>(Tritt, K., von Heymann, F., Zaudig, M., Zacharias, I., S\u00f6llner, W., Loew, T.)<\/em><br \/>\nYou can download the ISR questionnaire and the associated evaluation forms (ISR status sheet and ISR profile history) from the website of the Institute for Quality Development in Psychotherapy and Psychosomatics:<br \/>\n<a href=\"http:\/\/www.iqp-online.de\/\" target=\"_blank\" rel=\"noopener\">http:\/\/www.iqp-online.de\/index.php?page=download.<\/a><\/p>\n<p>On this homepage of the institute there is also a possibility to download an input program for the ISR free of charge.<\/p>\n<p>Sabine Sch\u00e4fer provides instructions on how to use and evaluate the ISR for Paper-Pencil here: <a href=\"https:\/\/praxisschaefer.de\/wp-content\/uploads\/2018\/02\/ISR_Anleitung_2010-10-13.pdf\" target=\"_blank\" rel=\"noopener\">ISR instructions<\/a>[\/vc_column_text][\/vc_column][\/vc_row][vc_row][vc_column width=&#8221;1\/4&#8243;][vc_single_image image=&#8221;13483&#8243; img_size=&#8221;medium&#8221;][\/vc_column][vc_column width=&#8221;3\/4&#8243;][vc_column_text]<\/p>\n<h2><strong>HAQ: Helping Alliance Questionnaire<\/strong><\/h2>\n<p><span style=\"color: #8da6d6;\"><em>Assessment of the therapeutic working relationship (Bassler et al.)<\/em><\/span><br \/>\nHere you will find the two questionnaires for the HAQ, which were created by me according to the instructions of Prof. Dr. Markus Bassler and are available for you to download here with his kind permission. I look forward to receiving feedback on our evaluation form!<br \/>\nUnderlying literature: Bassler et al. (1995). The &#8220;Helping Alliance Questionnaire&#8221; (HAQ) by Luborsky. <i>Psychotherapist 40<\/i>, 23-32.<\/p>\n<p><a class=\"download\" title=\"Opens an internal link in a new window\" href=\"https:\/\/praxisschaefer.de\/wp-content\/uploads\/2018\/02\/HAQ_Selbst_2010-09-20.pdf\" target=\"_blank\" rel=\"noopener\">HAQ self-assessment questionnaire<\/a><\/p>\n<p><a class=\"download\" title=\"Opens an internal link in a new window\" href=\"https:\/\/praxisschaefer.de\/wp-content\/uploads\/2018\/02\/HAQ_Fremd_2010-09-20.pdf\" target=\"_blank\" rel=\"noopener\">HAQ external assessment questionnaire<\/a><\/p>\n<p><a class=\"download\" title=\"Opens an internal link in a new window\" href=\"https:\/\/praxisschaefer.de\/wp-content\/uploads\/2018\/02\/HAQ_Auswertung_2010-10-13.pdf\" target=\"_blank\" rel=\"noopener\">HAQ evaluation questionnaire<\/a>[\/vc_column_text][\/vc_column][\/vc_row]<\/p>\n<\/div>","protected":false},"excerpt":{"rendered":"<p>[vc_row][vc_column el_align=&#8221;center&#8221;][\/vc_column][\/vc_row][vc_row][vc_column width=&#8221;1\/4&#8243;][vc_single_image image=&#8221;13480&#8243; img_size=&#8221;medium&#8221;][\/vc_column][vc_column width=&#8221;3\/4&#8243;][vc_column_text] ISR: ICD-10 symptom rating (Tritt, K., von Heymann, F., Zaudig, M., Zacharias, I., S\u00f6llner, W., Loew, T.) You can download the ISR questionnaire and the associated evaluation forms (ISR status sheet and ISR profile history) from the website of the Institute for Quality Development in Psychotherapy and Psychosomatics: http:\/\/www.iqp-online.de\/index.php?page=download. [&hellip;]<\/p>\n","protected":false},"author":1,"featured_media":0,"parent":15187,"menu_order":28,"comment_status":"closed","ping_status":"closed","template":"","meta":{"_acf_changed":false,"footnotes":""},"class_list":["post-15147","page","type-page","status-publish","hentry"],"acf":[],"yoast_head":"<!-- This site is optimized with the Yoast SEO Premium plugin v22.4 (Yoast SEO v22.4) - https:\/\/yoast.com\/wordpress\/plugins\/seo\/ -->\n<title>For adult patients - Sabine Sch\u00e4fer<\/title>\n<meta name=\"robots\" content=\"index, follow, max-snippet:-1, max-image-preview:large, max-video-preview:-1\" \/>\n<link rel=\"canonical\" href=\"https:\/\/praxisschaefer.de\/en\/for-doctors-and-psychotherapists\/license-free-test-methods\/for-adult-patients\/\" \/>\n<meta property=\"og:locale\" content=\"en_US\" \/>\n<meta property=\"og:type\" content=\"article\" \/>\n<meta property=\"og:title\" content=\"For adult patients\" \/>\n<meta property=\"og:description\" content=\"[vc_row][vc_column el_align=&#8221;center&#8221;][\/vc_column][\/vc_row][vc_row][vc_column width=&#8221;1\/4&#8243;][vc_single_image image=&#8221;13480&#8243; img_size=&#8221;medium&#8221;][\/vc_column][vc_column width=&#8221;3\/4&#8243;][vc_column_text] ISR: ICD-10 symptom rating (Tritt, K., von Heymann, F., Zaudig, M., Zacharias, I., S\u00f6llner, W., Loew, T.) You can download the ISR questionnaire and the associated evaluation forms (ISR status sheet and ISR profile history) from the website of the Institute for Quality Development in Psychotherapy and Psychosomatics: http:\/\/www.iqp-online.de\/index.php?page=download. [&hellip;]\" \/>\n<meta property=\"og:url\" content=\"https:\/\/praxisschaefer.de\/en\/for-doctors-and-psychotherapists\/license-free-test-methods\/for-adult-patients\/\" \/>\n<meta property=\"og:site_name\" content=\"Sabine Sch\u00e4fer\" \/>\n<meta property=\"article:modified_time\" content=\"2024-01-29T16:14:19+00:00\" \/>\n<meta name=\"twitter:card\" content=\"summary_large_image\" \/>\n<meta name=\"twitter:label1\" content=\"Est. reading time\" \/>\n\t<meta name=\"twitter:data1\" content=\"1 minute\" \/>\n<script type=\"application\/ld+json\" class=\"yoast-schema-graph\">{\"@context\":\"https:\/\/schema.org\",\"@graph\":[{\"@type\":\"WebPage\",\"@id\":\"https:\/\/praxisschaefer.de\/en\/for-doctors-and-psychotherapists\/license-free-test-methods\/for-adult-patients\/\",\"url\":\"https:\/\/praxisschaefer.de\/en\/for-doctors-and-psychotherapists\/license-free-test-methods\/for-adult-patients\/\",\"name\":\"For adult patients - Sabine Sch\u00e4fer\",\"isPartOf\":{\"@id\":\"https:\/\/praxisschaefer.de\/#website\"},\"datePublished\":\"2020-02-24T13:57:23+00:00\",\"dateModified\":\"2024-01-29T16:14:19+00:00\",\"breadcrumb\":{\"@id\":\"https:\/\/praxisschaefer.de\/en\/for-doctors-and-psychotherapists\/license-free-test-methods\/for-adult-patients\/#breadcrumb\"},\"inLanguage\":\"en-US\",\"potentialAction\":[{\"@type\":\"ReadAction\",\"target\":[\"https:\/\/praxisschaefer.de\/en\/for-doctors-and-psychotherapists\/license-free-test-methods\/for-adult-patients\/\"]}]},{\"@type\":\"BreadcrumbList\",\"@id\":\"https:\/\/praxisschaefer.de\/en\/for-doctors-and-psychotherapists\/license-free-test-methods\/for-adult-patients\/#breadcrumb\",\"itemListElement\":[{\"@type\":\"ListItem\",\"position\":1,\"name\":\"Startseite\",\"item\":\"https:\/\/praxisschaefer.de\/en\/\"},{\"@type\":\"ListItem\",\"position\":2,\"name\":\"For doctors and psychotherapists\",\"item\":\"https:\/\/praxisschaefer.de\/fuer-aerzte-und-psychotherapeutinnen\/\"},{\"@type\":\"ListItem\",\"position\":3,\"name\":\"License-free tests\",\"item\":\"https:\/\/praxisschaefer.de\/en\/for-doctors-and-psychotherapists\/license-free-test-methods\/\"},{\"@type\":\"ListItem\",\"position\":4,\"name\":\"For adult patients\"}]},{\"@type\":\"WebSite\",\"@id\":\"https:\/\/praxisschaefer.de\/#website\",\"url\":\"https:\/\/praxisschaefer.de\/\",\"name\":\"Praxis f\u00fcr Psychotherapie Dipl.-Psych. Sabine Sch\u00e4fer\",\"description\":\"Praxis f\u00fcr Psychotherapie\",\"publisher\":{\"@id\":\"https:\/\/praxisschaefer.de\/#organization\"},\"potentialAction\":[{\"@type\":\"SearchAction\",\"target\":{\"@type\":\"EntryPoint\",\"urlTemplate\":\"https:\/\/praxisschaefer.de\/?s={search_term_string}\"},\"query-input\":\"required name=search_term_string\"}],\"inLanguage\":\"en-US\"},{\"@type\":\"Organization\",\"@id\":\"https:\/\/praxisschaefer.de\/#organization\",\"name\":\"Praxis f\u00fcr Psychotherapie Dipl.-Psych. Sabine Sch\u00e4fer\",\"url\":\"https:\/\/praxisschaefer.de\/\",\"logo\":{\"@type\":\"ImageObject\",\"inLanguage\":\"en-US\",\"@id\":\"https:\/\/praxisschaefer.de\/#\/schema\/logo\/image\/\",\"url\":\"https:\/\/praxisschaefer.de\/wp-content\/uploads\/2024\/01\/praxis-schaefer-team-sabine-schaefer-neu.jpg\",\"contentUrl\":\"https:\/\/praxisschaefer.de\/wp-content\/uploads\/2024\/01\/praxis-schaefer-team-sabine-schaefer-neu.jpg\",\"width\":1000,\"height\":1000,\"caption\":\"Praxis f\u00fcr Psychotherapie Dipl.-Psych. Sabine Sch\u00e4fer\"},\"image\":{\"@id\":\"https:\/\/praxisschaefer.de\/#\/schema\/logo\/image\/\"}}]}<\/script>\n<!-- \/ Yoast SEO Premium plugin. -->","yoast_head_json":{"title":"For adult patients - Sabine Sch\u00e4fer","robots":{"index":"index","follow":"follow","max-snippet":"max-snippet:-1","max-image-preview":"max-image-preview:large","max-video-preview":"max-video-preview:-1"},"canonical":"https:\/\/praxisschaefer.de\/en\/for-doctors-and-psychotherapists\/license-free-test-methods\/for-adult-patients\/","og_locale":"en_US","og_type":"article","og_title":"For adult patients","og_description":"[vc_row][vc_column el_align=&#8221;center&#8221;][\/vc_column][\/vc_row][vc_row][vc_column width=&#8221;1\/4&#8243;][vc_single_image image=&#8221;13480&#8243; img_size=&#8221;medium&#8221;][\/vc_column][vc_column width=&#8221;3\/4&#8243;][vc_column_text] ISR: ICD-10 symptom rating (Tritt, K., von Heymann, F., Zaudig, M., Zacharias, I., S\u00f6llner, W., Loew, T.) You can download the ISR questionnaire and the associated evaluation forms (ISR status sheet and ISR profile history) from the website of the Institute for Quality Development in Psychotherapy and Psychosomatics: http:\/\/www.iqp-online.de\/index.php?page=download. [&hellip;]","og_url":"https:\/\/praxisschaefer.de\/en\/for-doctors-and-psychotherapists\/license-free-test-methods\/for-adult-patients\/","og_site_name":"Sabine Sch\u00e4fer","article_modified_time":"2024-01-29T16:14:19+00:00","twitter_card":"summary_large_image","twitter_misc":{"Est. reading time":"1 minute"},"schema":{"@context":"https:\/\/schema.org","@graph":[{"@type":"WebPage","@id":"https:\/\/praxisschaefer.de\/en\/for-doctors-and-psychotherapists\/license-free-test-methods\/for-adult-patients\/","url":"https:\/\/praxisschaefer.de\/en\/for-doctors-and-psychotherapists\/license-free-test-methods\/for-adult-patients\/","name":"For adult patients - Sabine Sch\u00e4fer","isPartOf":{"@id":"https:\/\/praxisschaefer.de\/#website"},"datePublished":"2020-02-24T13:57:23+00:00","dateModified":"2024-01-29T16:14:19+00:00","breadcrumb":{"@id":"https:\/\/praxisschaefer.de\/en\/for-doctors-and-psychotherapists\/license-free-test-methods\/for-adult-patients\/#breadcrumb"},"inLanguage":"en-US","potentialAction":[{"@type":"ReadAction","target":["https:\/\/praxisschaefer.de\/en\/for-doctors-and-psychotherapists\/license-free-test-methods\/for-adult-patients\/"]}]},{"@type":"BreadcrumbList","@id":"https:\/\/praxisschaefer.de\/en\/for-doctors-and-psychotherapists\/license-free-test-methods\/for-adult-patients\/#breadcrumb","itemListElement":[{"@type":"ListItem","position":1,"name":"Startseite","item":"https:\/\/praxisschaefer.de\/en\/"},{"@type":"ListItem","position":2,"name":"For doctors and psychotherapists","item":"https:\/\/praxisschaefer.de\/fuer-aerzte-und-psychotherapeutinnen\/"},{"@type":"ListItem","position":3,"name":"License-free tests","item":"https:\/\/praxisschaefer.de\/en\/for-doctors-and-psychotherapists\/license-free-test-methods\/"},{"@type":"ListItem","position":4,"name":"For adult patients"}]},{"@type":"WebSite","@id":"https:\/\/praxisschaefer.de\/#website","url":"https:\/\/praxisschaefer.de\/","name":"Praxis f\u00fcr Psychotherapie Dipl.-Psych. Sabine Sch\u00e4fer","description":"Praxis f\u00fcr Psychotherapie","publisher":{"@id":"https:\/\/praxisschaefer.de\/#organization"},"potentialAction":[{"@type":"SearchAction","target":{"@type":"EntryPoint","urlTemplate":"https:\/\/praxisschaefer.de\/?s={search_term_string}"},"query-input":"required name=search_term_string"}],"inLanguage":"en-US"},{"@type":"Organization","@id":"https:\/\/praxisschaefer.de\/#organization","name":"Praxis f\u00fcr Psychotherapie Dipl.-Psych. Sabine Sch\u00e4fer","url":"https:\/\/praxisschaefer.de\/","logo":{"@type":"ImageObject","inLanguage":"en-US","@id":"https:\/\/praxisschaefer.de\/#\/schema\/logo\/image\/","url":"https:\/\/praxisschaefer.de\/wp-content\/uploads\/2024\/01\/praxis-schaefer-team-sabine-schaefer-neu.jpg","contentUrl":"https:\/\/praxisschaefer.de\/wp-content\/uploads\/2024\/01\/praxis-schaefer-team-sabine-schaefer-neu.jpg","width":1000,"height":1000,"caption":"Praxis f\u00fcr Psychotherapie Dipl.-Psych. Sabine Sch\u00e4fer"},"image":{"@id":"https:\/\/praxisschaefer.de\/#\/schema\/logo\/image\/"}}]}},"_links":{"self":[{"href":"https:\/\/praxisschaefer.de\/en\/wp-json\/wp\/v2\/pages\/15147","targetHints":{"allow":["GET"]}}],"collection":[{"href":"https:\/\/praxisschaefer.de\/en\/wp-json\/wp\/v2\/pages"}],"about":[{"href":"https:\/\/praxisschaefer.de\/en\/wp-json\/wp\/v2\/types\/page"}],"author":[{"embeddable":true,"href":"https:\/\/praxisschaefer.de\/en\/wp-json\/wp\/v2\/users\/1"}],"replies":[{"embeddable":true,"href":"https:\/\/praxisschaefer.de\/en\/wp-json\/wp\/v2\/comments?post=15147"}],"version-history":[{"count":2,"href":"https:\/\/praxisschaefer.de\/en\/wp-json\/wp\/v2\/pages\/15147\/revisions"}],"predecessor-version":[{"id":15652,"href":"https:\/\/praxisschaefer.de\/en\/wp-json\/wp\/v2\/pages\/15147\/revisions\/15652"}],"up":[{"embeddable":true,"href":"https:\/\/praxisschaefer.de\/en\/wp-json\/wp\/v2\/pages\/15187"}],"wp:attachment":[{"href":"https:\/\/praxisschaefer.de\/en\/wp-json\/wp\/v2\/media?parent=15147"}],"curies":[{"name":"wp","href":"https:\/\/api.w.org\/{rel}","templated":true}]}}