{"id":15144,"date":"2020-02-27T12:04:52","date_gmt":"2020-02-27T11:04:52","guid":{"rendered":"https:\/\/praxisschaefer.designwerk-kussmaul.de\/information-on-traffic-therapy\/"},"modified":"2024-01-29T17:07:26","modified_gmt":"2024-01-29T16:07:26","slug":"information-on-traffic-therapy","status":"publish","type":"page","link":"https:\/\/praxisschaefer.de\/en\/emergency-centers-advice-centers-and-self-help\/information-on-traffic-therapy\/","title":{"rendered":"Information on traffic therapy"},"content":{"rendered":"<div class=\"wpb-content-wrapper\"><p>[vc_row][vc_column el_align=&#8221;center&#8221;]<div id=\"1582292861772-e00ba7a9-d555\" class=\"dt-sc-empty-space\"><\/div><div class='dt-sc-title script-with-sub-title '><h2><\/h2><h3>Information on traffic therapy<\/h3><\/div>[\/vc_column][\/vc_row][vc_row][vc_column][vc_column_text]<\/p>\n<h4>Internet links<\/h4>\n<p><strong>This list is not a qualitative selection list. Rather, it can be seen as an initial starting point for your own critical research on the World Wide Web.<\/strong><\/p>\n<p>The respective authors are responsible for the content of the linked pages. I assume no responsibility for the accuracy or timeliness of the content, for the legality or the fulfillment of copyright provisions on the linked pages. In particular, I do not adopt the third-party content as my own.[\/vc_column_text][vc_column_text]<a href=\"https:\/\/praxisschaefer.de\/wp-content\/uploads\/2018\/11\/Praxisflyer-zur-Verkehrstherapie.pdf\" target=\"_blank\" rel=\"noopener\">Information on the MPU and the reduction of points<\/a><\/p>\n<p><a href=\"https:\/\/praxisschaefer.de\/wp-content\/uploads\/2018\/02\/Info_Verkehrstherapie_Mai_2014.pdf\" target=\"_blank\" rel=\"noopener\">New features of the points system can be found here.<\/a>[\/vc_column_text][\/vc_column][\/vc_row]<\/p>\n<\/div>","protected":false},"excerpt":{"rendered":"<p>[vc_row][vc_column el_align=&#8221;center&#8221;][\/vc_column][\/vc_row][vc_row][vc_column][vc_column_text] Internet links This list is not a qualitative selection list. Rather, it can be seen as an initial starting point for your own critical research on the World Wide Web. The respective authors are responsible for the content of the linked pages. I assume no responsibility for the accuracy or timeliness of the [&hellip;]<\/p>\n","protected":false},"author":1,"featured_media":0,"parent":15372,"menu_order":91,"comment_status":"closed","ping_status":"closed","template":"","meta":{"_acf_changed":false,"footnotes":""},"class_list":["post-15144","page","type-page","status-publish","hentry"],"acf":[],"yoast_head":"<!-- This site is optimized with the Yoast SEO Premium plugin v22.4 (Yoast SEO v22.4) - https:\/\/yoast.com\/wordpress\/plugins\/seo\/ -->\n<title>Information on traffic therapy - Sabine Sch\u00e4fer<\/title>\n<meta name=\"robots\" content=\"index, follow, max-snippet:-1, max-image-preview:large, max-video-preview:-1\" \/>\n<link rel=\"canonical\" href=\"https:\/\/praxisschaefer.de\/notfallstellen-beratung-selbsthilfe\/informationen-zur-verkehrstherapie\/\" \/>\n<meta property=\"og:locale\" content=\"en_US\" \/>\n<meta property=\"og:type\" content=\"article\" \/>\n<meta property=\"og:title\" content=\"Information on traffic therapy\" \/>\n<meta property=\"og:description\" content=\"[vc_row][vc_column el_align=&#8221;center&#8221;][\/vc_column][\/vc_row][vc_row][vc_column][vc_column_text] Internet links This list is not a qualitative selection list. Rather, it can be seen as an initial starting point for your own critical research on the World Wide Web. The respective authors are responsible for the content of the linked pages. I assume no responsibility for the accuracy or timeliness of the [&hellip;]\" \/>\n<meta property=\"og:url\" content=\"https:\/\/praxisschaefer.de\/notfallstellen-beratung-selbsthilfe\/informationen-zur-verkehrstherapie\/\" \/>\n<meta property=\"og:site_name\" content=\"Sabine Sch\u00e4fer\" \/>\n<meta property=\"article:modified_time\" content=\"2024-01-29T16:07:26+00:00\" \/>\n<meta name=\"twitter:card\" content=\"summary_large_image\" \/>\n<meta name=\"twitter:label1\" content=\"Est. reading time\" \/>\n\t<meta name=\"twitter:data1\" content=\"1 minute\" \/>\n<script type=\"application\/ld+json\" class=\"yoast-schema-graph\">{\"@context\":\"https:\/\/schema.org\",\"@graph\":[{\"@type\":\"WebPage\",\"@id\":\"https:\/\/praxisschaefer.de\/notfallstellen-beratung-selbsthilfe\/informationen-zur-verkehrstherapie\/\",\"url\":\"https:\/\/praxisschaefer.de\/notfallstellen-beratung-selbsthilfe\/informationen-zur-verkehrstherapie\/\",\"name\":\"Information on traffic therapy - Sabine Sch\u00e4fer\",\"isPartOf\":{\"@id\":\"https:\/\/praxisschaefer.de\/#website\"},\"datePublished\":\"2020-02-27T11:04:52+00:00\",\"dateModified\":\"2024-01-29T16:07:26+00:00\",\"breadcrumb\":{\"@id\":\"https:\/\/praxisschaefer.de\/notfallstellen-beratung-selbsthilfe\/informationen-zur-verkehrstherapie\/#breadcrumb\"},\"inLanguage\":\"en-US\",\"potentialAction\":[{\"@type\":\"ReadAction\",\"target\":[\"https:\/\/praxisschaefer.de\/notfallstellen-beratung-selbsthilfe\/informationen-zur-verkehrstherapie\/\"]}]},{\"@type\":\"BreadcrumbList\",\"@id\":\"https:\/\/praxisschaefer.de\/notfallstellen-beratung-selbsthilfe\/informationen-zur-verkehrstherapie\/#breadcrumb\",\"itemListElement\":[{\"@type\":\"ListItem\",\"position\":1,\"name\":\"Startseite\",\"item\":\"https:\/\/praxisschaefer.de\/en\/\"},{\"@type\":\"ListItem\",\"position\":2,\"name\":\"Emergency centers, advice centers and self-help\",\"item\":\"https:\/\/praxisschaefer.de\/notfallstellen-beratung-selbsthilfe\/\"},{\"@type\":\"ListItem\",\"position\":3,\"name\":\"Information on traffic therapy\"}]},{\"@type\":\"WebSite\",\"@id\":\"https:\/\/praxisschaefer.de\/#website\",\"url\":\"https:\/\/praxisschaefer.de\/\",\"name\":\"Praxis f\u00fcr Psychotherapie Dipl.-Psych. Sabine Sch\u00e4fer\",\"description\":\"Praxis f\u00fcr Psychotherapie\",\"publisher\":{\"@id\":\"https:\/\/praxisschaefer.de\/#organization\"},\"potentialAction\":[{\"@type\":\"SearchAction\",\"target\":{\"@type\":\"EntryPoint\",\"urlTemplate\":\"https:\/\/praxisschaefer.de\/?s={search_term_string}\"},\"query-input\":\"required name=search_term_string\"}],\"inLanguage\":\"en-US\"},{\"@type\":\"Organization\",\"@id\":\"https:\/\/praxisschaefer.de\/#organization\",\"name\":\"Praxis f\u00fcr Psychotherapie Dipl.-Psych. Sabine Sch\u00e4fer\",\"url\":\"https:\/\/praxisschaefer.de\/\",\"logo\":{\"@type\":\"ImageObject\",\"inLanguage\":\"en-US\",\"@id\":\"https:\/\/praxisschaefer.de\/#\/schema\/logo\/image\/\",\"url\":\"https:\/\/praxisschaefer.de\/wp-content\/uploads\/2024\/01\/praxis-schaefer-team-sabine-schaefer-neu.jpg\",\"contentUrl\":\"https:\/\/praxisschaefer.de\/wp-content\/uploads\/2024\/01\/praxis-schaefer-team-sabine-schaefer-neu.jpg\",\"width\":1000,\"height\":1000,\"caption\":\"Praxis f\u00fcr Psychotherapie Dipl.-Psych. Sabine Sch\u00e4fer\"},\"image\":{\"@id\":\"https:\/\/praxisschaefer.de\/#\/schema\/logo\/image\/\"}}]}<\/script>\n<!-- \/ Yoast SEO Premium plugin. -->","yoast_head_json":{"title":"Information on traffic therapy - Sabine Sch\u00e4fer","robots":{"index":"index","follow":"follow","max-snippet":"max-snippet:-1","max-image-preview":"max-image-preview:large","max-video-preview":"max-video-preview:-1"},"canonical":"https:\/\/praxisschaefer.de\/notfallstellen-beratung-selbsthilfe\/informationen-zur-verkehrstherapie\/","og_locale":"en_US","og_type":"article","og_title":"Information on traffic therapy","og_description":"[vc_row][vc_column el_align=&#8221;center&#8221;][\/vc_column][\/vc_row][vc_row][vc_column][vc_column_text] Internet links This list is not a qualitative selection list. Rather, it can be seen as an initial starting point for your own critical research on the World Wide Web. The respective authors are responsible for the content of the linked pages. I assume no responsibility for the accuracy or timeliness of the [&hellip;]","og_url":"https:\/\/praxisschaefer.de\/notfallstellen-beratung-selbsthilfe\/informationen-zur-verkehrstherapie\/","og_site_name":"Sabine Sch\u00e4fer","article_modified_time":"2024-01-29T16:07:26+00:00","twitter_card":"summary_large_image","twitter_misc":{"Est. reading time":"1 minute"},"schema":{"@context":"https:\/\/schema.org","@graph":[{"@type":"WebPage","@id":"https:\/\/praxisschaefer.de\/notfallstellen-beratung-selbsthilfe\/informationen-zur-verkehrstherapie\/","url":"https:\/\/praxisschaefer.de\/notfallstellen-beratung-selbsthilfe\/informationen-zur-verkehrstherapie\/","name":"Information on traffic therapy - Sabine Sch\u00e4fer","isPartOf":{"@id":"https:\/\/praxisschaefer.de\/#website"},"datePublished":"2020-02-27T11:04:52+00:00","dateModified":"2024-01-29T16:07:26+00:00","breadcrumb":{"@id":"https:\/\/praxisschaefer.de\/notfallstellen-beratung-selbsthilfe\/informationen-zur-verkehrstherapie\/#breadcrumb"},"inLanguage":"en-US","potentialAction":[{"@type":"ReadAction","target":["https:\/\/praxisschaefer.de\/notfallstellen-beratung-selbsthilfe\/informationen-zur-verkehrstherapie\/"]}]},{"@type":"BreadcrumbList","@id":"https:\/\/praxisschaefer.de\/notfallstellen-beratung-selbsthilfe\/informationen-zur-verkehrstherapie\/#breadcrumb","itemListElement":[{"@type":"ListItem","position":1,"name":"Startseite","item":"https:\/\/praxisschaefer.de\/en\/"},{"@type":"ListItem","position":2,"name":"Emergency centers, advice centers and self-help","item":"https:\/\/praxisschaefer.de\/notfallstellen-beratung-selbsthilfe\/"},{"@type":"ListItem","position":3,"name":"Information on traffic therapy"}]},{"@type":"WebSite","@id":"https:\/\/praxisschaefer.de\/#website","url":"https:\/\/praxisschaefer.de\/","name":"Praxis f\u00fcr Psychotherapie Dipl.-Psych. Sabine Sch\u00e4fer","description":"Praxis f\u00fcr Psychotherapie","publisher":{"@id":"https:\/\/praxisschaefer.de\/#organization"},"potentialAction":[{"@type":"SearchAction","target":{"@type":"EntryPoint","urlTemplate":"https:\/\/praxisschaefer.de\/?s={search_term_string}"},"query-input":"required name=search_term_string"}],"inLanguage":"en-US"},{"@type":"Organization","@id":"https:\/\/praxisschaefer.de\/#organization","name":"Praxis f\u00fcr Psychotherapie Dipl.-Psych. Sabine Sch\u00e4fer","url":"https:\/\/praxisschaefer.de\/","logo":{"@type":"ImageObject","inLanguage":"en-US","@id":"https:\/\/praxisschaefer.de\/#\/schema\/logo\/image\/","url":"https:\/\/praxisschaefer.de\/wp-content\/uploads\/2024\/01\/praxis-schaefer-team-sabine-schaefer-neu.jpg","contentUrl":"https:\/\/praxisschaefer.de\/wp-content\/uploads\/2024\/01\/praxis-schaefer-team-sabine-schaefer-neu.jpg","width":1000,"height":1000,"caption":"Praxis f\u00fcr Psychotherapie Dipl.-Psych. Sabine Sch\u00e4fer"},"image":{"@id":"https:\/\/praxisschaefer.de\/#\/schema\/logo\/image\/"}}]}},"_links":{"self":[{"href":"https:\/\/praxisschaefer.de\/en\/wp-json\/wp\/v2\/pages\/15144","targetHints":{"allow":["GET"]}}],"collection":[{"href":"https:\/\/praxisschaefer.de\/en\/wp-json\/wp\/v2\/pages"}],"about":[{"href":"https:\/\/praxisschaefer.de\/en\/wp-json\/wp\/v2\/types\/page"}],"author":[{"embeddable":true,"href":"https:\/\/praxisschaefer.de\/en\/wp-json\/wp\/v2\/users\/1"}],"replies":[{"embeddable":true,"href":"https:\/\/praxisschaefer.de\/en\/wp-json\/wp\/v2\/comments?post=15144"}],"version-history":[{"count":2,"href":"https:\/\/praxisschaefer.de\/en\/wp-json\/wp\/v2\/pages\/15144\/revisions"}],"predecessor-version":[{"id":15643,"href":"https:\/\/praxisschaefer.de\/en\/wp-json\/wp\/v2\/pages\/15144\/revisions\/15643"}],"up":[{"embeddable":true,"href":"https:\/\/praxisschaefer.de\/en\/wp-json\/wp\/v2\/pages\/15372"}],"wp:attachment":[{"href":"https:\/\/praxisschaefer.de\/en\/wp-json\/wp\/v2\/media?parent=15144"}],"curies":[{"name":"wp","href":"https:\/\/api.w.org\/{rel}","templated":true}]}}