{"id":15136,"date":"2023-08-09T11:24:53","date_gmt":"2023-08-09T09:24:53","guid":{"rendered":"https:\/\/praxisschaefer.designwerk-kussmaul.de\/urgency-code-for-psychotherapy-applies-to-the-appointment-service-center-tss\/"},"modified":"2024-01-29T17:03:24","modified_gmt":"2024-01-29T16:03:24","slug":"urgency-code-for-psychotherapy-applies-to-the-appointment-service-center-tss","status":"publish","type":"page","link":"https:\/\/praxisschaefer.de\/en\/for-patients\/urgency-code-for-psychotherapy-applies-to-the-appointment-service-center-tss\/","title":{"rendered":"Urgency code for psychotherapy applies to the appointment service center (TSS)"},"content":{"rendered":"<div class=\"wpb-content-wrapper\"><p>[vc_row][vc_column el_align=&#8221;center&#8221;]<div id=\"1582292861772-e00ba7a9-d555\" class=\"dt-sc-empty-space\"><\/div><div class='dt-sc-title script-with-sub-title '><h2><\/h2><h3>Urgency code for psychotherapy applies to the appointment service center (TSS)<\/h3><\/div>[\/vc_column][\/vc_row][vc_row][vc_column][vc_column_text]Has your GP given you a referral with an urgency code for a session in a psychotherapeutic practice because of your symptoms? Specialists and psychotherapists can also give you an urgency code. The prerequisite is that you have statutory health insurance and there is no acute emergency.<\/p>\n<p><strong>This urgency code is a &#8220;ticket&#8221; that you can use to contact the appointment service center, which will help you arrange a psychotherapy session. Please use this code to contact the KVBW appointment service center directly and <em>not <\/em>your preferred practice.<\/strong><\/p>\n<p>&nbsp;<\/p>\n<p><strong>Some information on the TSS mediation of appointments:<\/strong><\/p>\n<ul>\n<li>No preferred dates are arranged, but a maximum of two dates to choose from.<\/li>\n<li>You will not be referred to a specific doctor or therapist of your choice.<\/li>\n<li>An appointment will be arranged at a reasonable distance from your place of residence. In individual cases, this may mean a longer journey for you.<\/li>\n<li>Initial appointments with psychotherapists are arranged: If psychotherapy is required, there is no entitlement to start it in the same practice.<\/li>\n<\/ul>\n<p>&nbsp;<\/p>\n<p><strong>Further information on the appointment service of the Baden-W\u00fcrttemberg Association of Statutory Health Insurance Physicians can be found here: <\/strong><\/p>\n<p><a href=\"https:\/\/www.kvbawue.de\/buerger\/patiententelefon-medcall\/terminservicestelle-fuer-patienten\" target=\"_blank\" rel=\"noopener\">https:\/\/www.kvbawue.de\/buerger\/patiententelefon-medcall\/terminservicestelle-fuer-patienten<\/a><\/p>\n<p>&nbsp;<\/p>\n<p><strong>Contact the appointment service center for patients <\/strong><\/p>\n<p>Free phone number: <strong>116117<\/strong><\/p>\n<p>&nbsp;<\/p>\n<p><strong>You can also make an appointment directly here via the appointment service center and enter your code:<\/strong><\/p>\n<p><a href=\"https:\/\/www.eterminservice.de\/terminservice\" target=\"_blank\" rel=\"noopener\">https:\/\/www.eterminservice.de\/terminservice<\/a>[\/vc_column_text][\/vc_column][\/vc_row]<\/p>\n<\/div>","protected":false},"excerpt":{"rendered":"<p>[vc_row][vc_column el_align=&#8221;center&#8221;][\/vc_column][\/vc_row][vc_row][vc_column][vc_column_text]Has your GP given you a referral with an urgency code for a session in a psychotherapeutic practice because of your symptoms? Specialists and psychotherapists can also give you an urgency code. The prerequisite is that you have statutory health insurance and there is no acute emergency. This urgency code is a &#8220;ticket&#8221; that [&hellip;]<\/p>\n","protected":false},"author":1,"featured_media":0,"parent":15427,"menu_order":65,"comment_status":"closed","ping_status":"closed","template":"","meta":{"_acf_changed":false,"footnotes":""},"class_list":["post-15136","page","type-page","status-publish","hentry"],"acf":[],"yoast_head":"<!-- This site is optimized with the Yoast SEO Premium plugin v22.4 (Yoast SEO v22.4) - https:\/\/yoast.com\/wordpress\/plugins\/seo\/ -->\n<title>Urgency code for psychotherapy applies to the appointment service center (TSS) - Sabine Sch\u00e4fer<\/title>\n<meta name=\"robots\" content=\"index, follow, max-snippet:-1, max-image-preview:large, max-video-preview:-1\" \/>\n<link rel=\"canonical\" href=\"https:\/\/praxisschaefer.de\/en\/for-patients\/urgency-code-for-psychotherapy-applies-to-the-appointment-service-center-tss\/\" \/>\n<meta property=\"og:locale\" content=\"en_US\" \/>\n<meta property=\"og:type\" content=\"article\" \/>\n<meta property=\"og:title\" content=\"Urgency code for psychotherapy applies to the appointment service center (TSS)\" \/>\n<meta property=\"og:description\" content=\"[vc_row][vc_column el_align=&#8221;center&#8221;][\/vc_column][\/vc_row][vc_row][vc_column][vc_column_text]Has your GP given you a referral with an urgency code for a session in a psychotherapeutic practice because of your symptoms? Specialists and psychotherapists can also give you an urgency code. The prerequisite is that you have statutory health insurance and there is no acute emergency. This urgency code is a &#8220;ticket&#8221; that [&hellip;]\" \/>\n<meta property=\"og:url\" content=\"https:\/\/praxisschaefer.de\/en\/for-patients\/urgency-code-for-psychotherapy-applies-to-the-appointment-service-center-tss\/\" \/>\n<meta property=\"og:site_name\" content=\"Sabine Sch\u00e4fer\" \/>\n<meta property=\"article:modified_time\" content=\"2024-01-29T16:03:24+00:00\" \/>\n<meta name=\"twitter:card\" content=\"summary_large_image\" \/>\n<meta name=\"twitter:label1\" content=\"Est. reading time\" \/>\n\t<meta name=\"twitter:data1\" content=\"2 minutes\" \/>\n<script type=\"application\/ld+json\" class=\"yoast-schema-graph\">{\"@context\":\"https:\/\/schema.org\",\"@graph\":[{\"@type\":\"WebPage\",\"@id\":\"https:\/\/praxisschaefer.de\/en\/for-patients\/urgency-code-for-psychotherapy-applies-to-the-appointment-service-center-tss\/\",\"url\":\"https:\/\/praxisschaefer.de\/en\/for-patients\/urgency-code-for-psychotherapy-applies-to-the-appointment-service-center-tss\/\",\"name\":\"Urgency code for psychotherapy applies to the appointment service center (TSS) - Sabine Sch\u00e4fer\",\"isPartOf\":{\"@id\":\"https:\/\/praxisschaefer.de\/#website\"},\"datePublished\":\"2023-08-09T09:24:53+00:00\",\"dateModified\":\"2024-01-29T16:03:24+00:00\",\"breadcrumb\":{\"@id\":\"https:\/\/praxisschaefer.de\/en\/for-patients\/urgency-code-for-psychotherapy-applies-to-the-appointment-service-center-tss\/#breadcrumb\"},\"inLanguage\":\"en-US\",\"potentialAction\":[{\"@type\":\"ReadAction\",\"target\":[\"https:\/\/praxisschaefer.de\/en\/for-patients\/urgency-code-for-psychotherapy-applies-to-the-appointment-service-center-tss\/\"]}]},{\"@type\":\"BreadcrumbList\",\"@id\":\"https:\/\/praxisschaefer.de\/en\/for-patients\/urgency-code-for-psychotherapy-applies-to-the-appointment-service-center-tss\/#breadcrumb\",\"itemListElement\":[{\"@type\":\"ListItem\",\"position\":1,\"name\":\"Startseite\",\"item\":\"https:\/\/praxisschaefer.de\/en\/\"},{\"@type\":\"ListItem\",\"position\":2,\"name\":\"For patients\",\"item\":\"https:\/\/praxisschaefer.de\/en\/for-patients\/\"},{\"@type\":\"ListItem\",\"position\":3,\"name\":\"Urgency code for psychotherapy applies to the appointment service center (TSS)\"}]},{\"@type\":\"WebSite\",\"@id\":\"https:\/\/praxisschaefer.de\/#website\",\"url\":\"https:\/\/praxisschaefer.de\/\",\"name\":\"Praxis f\u00fcr Psychotherapie Dipl.-Psych. Sabine Sch\u00e4fer\",\"description\":\"Praxis f\u00fcr Psychotherapie\",\"publisher\":{\"@id\":\"https:\/\/praxisschaefer.de\/#organization\"},\"potentialAction\":[{\"@type\":\"SearchAction\",\"target\":{\"@type\":\"EntryPoint\",\"urlTemplate\":\"https:\/\/praxisschaefer.de\/?s={search_term_string}\"},\"query-input\":\"required name=search_term_string\"}],\"inLanguage\":\"en-US\"},{\"@type\":\"Organization\",\"@id\":\"https:\/\/praxisschaefer.de\/#organization\",\"name\":\"Praxis f\u00fcr Psychotherapie Dipl.-Psych. Sabine Sch\u00e4fer\",\"url\":\"https:\/\/praxisschaefer.de\/\",\"logo\":{\"@type\":\"ImageObject\",\"inLanguage\":\"en-US\",\"@id\":\"https:\/\/praxisschaefer.de\/#\/schema\/logo\/image\/\",\"url\":\"https:\/\/praxisschaefer.de\/wp-content\/uploads\/2024\/01\/praxis-schaefer-team-sabine-schaefer-neu.jpg\",\"contentUrl\":\"https:\/\/praxisschaefer.de\/wp-content\/uploads\/2024\/01\/praxis-schaefer-team-sabine-schaefer-neu.jpg\",\"width\":1000,\"height\":1000,\"caption\":\"Praxis f\u00fcr Psychotherapie Dipl.-Psych. Sabine Sch\u00e4fer\"},\"image\":{\"@id\":\"https:\/\/praxisschaefer.de\/#\/schema\/logo\/image\/\"}}]}<\/script>\n<!-- \/ Yoast SEO Premium plugin. -->","yoast_head_json":{"title":"Urgency code for psychotherapy applies to the appointment service center (TSS) - Sabine Sch\u00e4fer","robots":{"index":"index","follow":"follow","max-snippet":"max-snippet:-1","max-image-preview":"max-image-preview:large","max-video-preview":"max-video-preview:-1"},"canonical":"https:\/\/praxisschaefer.de\/en\/for-patients\/urgency-code-for-psychotherapy-applies-to-the-appointment-service-center-tss\/","og_locale":"en_US","og_type":"article","og_title":"Urgency code for psychotherapy applies to the appointment service center (TSS)","og_description":"[vc_row][vc_column el_align=&#8221;center&#8221;][\/vc_column][\/vc_row][vc_row][vc_column][vc_column_text]Has your GP given you a referral with an urgency code for a session in a psychotherapeutic practice because of your symptoms? Specialists and psychotherapists can also give you an urgency code. The prerequisite is that you have statutory health insurance and there is no acute emergency. This urgency code is a &#8220;ticket&#8221; that [&hellip;]","og_url":"https:\/\/praxisschaefer.de\/en\/for-patients\/urgency-code-for-psychotherapy-applies-to-the-appointment-service-center-tss\/","og_site_name":"Sabine Sch\u00e4fer","article_modified_time":"2024-01-29T16:03:24+00:00","twitter_card":"summary_large_image","twitter_misc":{"Est. reading time":"2 minutes"},"schema":{"@context":"https:\/\/schema.org","@graph":[{"@type":"WebPage","@id":"https:\/\/praxisschaefer.de\/en\/for-patients\/urgency-code-for-psychotherapy-applies-to-the-appointment-service-center-tss\/","url":"https:\/\/praxisschaefer.de\/en\/for-patients\/urgency-code-for-psychotherapy-applies-to-the-appointment-service-center-tss\/","name":"Urgency code for psychotherapy applies to the appointment service center (TSS) - Sabine Sch\u00e4fer","isPartOf":{"@id":"https:\/\/praxisschaefer.de\/#website"},"datePublished":"2023-08-09T09:24:53+00:00","dateModified":"2024-01-29T16:03:24+00:00","breadcrumb":{"@id":"https:\/\/praxisschaefer.de\/en\/for-patients\/urgency-code-for-psychotherapy-applies-to-the-appointment-service-center-tss\/#breadcrumb"},"inLanguage":"en-US","potentialAction":[{"@type":"ReadAction","target":["https:\/\/praxisschaefer.de\/en\/for-patients\/urgency-code-for-psychotherapy-applies-to-the-appointment-service-center-tss\/"]}]},{"@type":"BreadcrumbList","@id":"https:\/\/praxisschaefer.de\/en\/for-patients\/urgency-code-for-psychotherapy-applies-to-the-appointment-service-center-tss\/#breadcrumb","itemListElement":[{"@type":"ListItem","position":1,"name":"Startseite","item":"https:\/\/praxisschaefer.de\/en\/"},{"@type":"ListItem","position":2,"name":"For patients","item":"https:\/\/praxisschaefer.de\/en\/for-patients\/"},{"@type":"ListItem","position":3,"name":"Urgency code for psychotherapy applies to the appointment service center (TSS)"}]},{"@type":"WebSite","@id":"https:\/\/praxisschaefer.de\/#website","url":"https:\/\/praxisschaefer.de\/","name":"Praxis f\u00fcr Psychotherapie Dipl.-Psych. Sabine Sch\u00e4fer","description":"Praxis f\u00fcr Psychotherapie","publisher":{"@id":"https:\/\/praxisschaefer.de\/#organization"},"potentialAction":[{"@type":"SearchAction","target":{"@type":"EntryPoint","urlTemplate":"https:\/\/praxisschaefer.de\/?s={search_term_string}"},"query-input":"required name=search_term_string"}],"inLanguage":"en-US"},{"@type":"Organization","@id":"https:\/\/praxisschaefer.de\/#organization","name":"Praxis f\u00fcr Psychotherapie Dipl.-Psych. Sabine Sch\u00e4fer","url":"https:\/\/praxisschaefer.de\/","logo":{"@type":"ImageObject","inLanguage":"en-US","@id":"https:\/\/praxisschaefer.de\/#\/schema\/logo\/image\/","url":"https:\/\/praxisschaefer.de\/wp-content\/uploads\/2024\/01\/praxis-schaefer-team-sabine-schaefer-neu.jpg","contentUrl":"https:\/\/praxisschaefer.de\/wp-content\/uploads\/2024\/01\/praxis-schaefer-team-sabine-schaefer-neu.jpg","width":1000,"height":1000,"caption":"Praxis f\u00fcr Psychotherapie Dipl.-Psych. Sabine Sch\u00e4fer"},"image":{"@id":"https:\/\/praxisschaefer.de\/#\/schema\/logo\/image\/"}}]}},"_links":{"self":[{"href":"https:\/\/praxisschaefer.de\/en\/wp-json\/wp\/v2\/pages\/15136","targetHints":{"allow":["GET"]}}],"collection":[{"href":"https:\/\/praxisschaefer.de\/en\/wp-json\/wp\/v2\/pages"}],"about":[{"href":"https:\/\/praxisschaefer.de\/en\/wp-json\/wp\/v2\/types\/page"}],"author":[{"embeddable":true,"href":"https:\/\/praxisschaefer.de\/en\/wp-json\/wp\/v2\/users\/1"}],"replies":[{"embeddable":true,"href":"https:\/\/praxisschaefer.de\/en\/wp-json\/wp\/v2\/comments?post=15136"}],"version-history":[{"count":2,"href":"https:\/\/praxisschaefer.de\/en\/wp-json\/wp\/v2\/pages\/15136\/revisions"}],"predecessor-version":[{"id":15636,"href":"https:\/\/praxisschaefer.de\/en\/wp-json\/wp\/v2\/pages\/15136\/revisions\/15636"}],"up":[{"embeddable":true,"href":"https:\/\/praxisschaefer.de\/en\/wp-json\/wp\/v2\/pages\/15427"}],"wp:attachment":[{"href":"https:\/\/praxisschaefer.de\/en\/wp-json\/wp\/v2\/media?parent=15136"}],"curies":[{"name":"wp","href":"https:\/\/api.w.org\/{rel}","templated":true}]}}