{"id":15128,"date":"2020-02-24T11:50:05","date_gmt":"2020-02-24T10:50:05","guid":{"rendered":"https:\/\/praxisschaefer.designwerk-kussmaul.de\/patient-information-on-mental-illnesses\/"},"modified":"2024-01-29T17:02:34","modified_gmt":"2024-01-29T16:02:34","slug":"patient-information-on-mental-illnesses","status":"publish","type":"page","link":"https:\/\/praxisschaefer.de\/en\/for-patients\/patient-information-on-mental-illnesses\/","title":{"rendered":"Patient information on mental illnesses"},"content":{"rendered":"<div class=\"wpb-content-wrapper\"><p>[vc_row][vc_column el_align=&#8221;center&#8221;]<div id=\"1582292861772-e00ba7a9-d555\" class=\"dt-sc-empty-space\"><\/div><div class='dt-sc-title script-with-sub-title '><h2><\/h2><h3>Patient information on mental illnesses<\/h3><\/div>[\/vc_column][\/vc_row][vc_row][vc_column][vc_column_text]<strong>Links to some institutions that offer information on mental illness:<\/strong><\/p>\n<p>&nbsp;<\/p>\n<ul>\n<li><a href=\"https:\/\/www.bptk.de\/wp-content\/uploads\/2019\/01\/BPtK_Informationsflyer_Pseudodemenz.pdf\" target=\"_blank\" rel=\"noopener\">Federal Chamber of Psychotherapists Dementia or depression<\/a><\/li>\n<li><a href=\"https:\/\/www.bptk.de\/wp-content\/uploads\/2022\/01\/bptk-elternratgeber-psychotherapie.web_.pdf\" target=\"_blank\" rel=\"noopener\">Bundespsychotherapeutenkammer: Parents&#8217; guide to psychotherapy<\/a><\/li>\n<li><a href=\"https:\/\/www.bptk.de\/patientinnen\/psychische-krankheiten\/#1603088797393-bf86512f-6ce0\" target=\"_blank\" rel=\"noopener\">Federal Chamber of Psychotherapists Information on mental illnesses<\/a><\/li>\n<li><a href=\"https:\/\/www.bke.de\/?SID=072-5E0-9A8-6BB\" target=\"_blank\" rel=\"noopener\">Federal Conference for Educational Counseling<\/a><\/li>\n<li><a href=\"http:\/\/www.elternimnetz.de\/\" target=\"_blank\" rel=\"noopener\">Bavarian parenting guide<\/a><\/li>\n<li><a href=\"https:\/\/praxisschaefer.de\/wp-content\/uploads\/2018\/02\/Depression_kiju.pdf\">Depression in children and adolescents &#8211; a brochure from the NRW Chamber of Psychotherapists<\/a><\/li>\n<\/ul>\n<p>[\/vc_column_text][vc_column_text]<strong>Links to homepages with information on specific mental illnesses: <\/strong><\/p>\n<ul>\n<li><a href=\"http:\/\/www.adhs.de\/\" target=\"_blank\" rel=\"noopener\">ADD\/ADHD<\/a><\/li>\n<li><a href=\"http:\/\/www.lifeline.de\/krankheiten\/generalisierte-angststoerung-id46194.html\" target=\"_blank\" rel=\"noopener\">Anxiety disorders<\/a><\/li>\n<li><a href=\"http:\/\/www.autismus.de\/\" target=\"_blank\" rel=\"noopener\">Autism<\/a><\/li>\n<li><a href=\"http:\/\/www.borderline-netzwerk.info\/\" target=\"_blank\" rel=\"noopener\">Borderline<\/a><\/li>\n<li><a href=\"http:\/\/www.deutsche-depressionshilfe.de\/\" target=\"_blank\" rel=\"noopener\">Depression<\/a><\/li>\n<li><a href=\"http:\/\/www.dick-und-duenn-berlin.de\/\" target=\"_blank\" rel=\"noopener\">Eating disorders<\/a><\/li>\n<li><a href=\"https:\/\/www.ak-leben.de\/\" target=\"_blank\" rel=\"noopener\">Crises, suicidal tendencies<\/a><\/li>\n<li><a href=\"http:\/\/tourette-gesellschaft.de\/\" target=\"_blank\" rel=\"noopener\">Tourette syndrome<\/a><\/li>\n<\/ul>\n<p>[\/vc_column_text][vc_column_text]<strong>Information from the German Psychotherapists&#8217; Association on specific mental illnesses<\/strong><\/p>\n<ul>\n<li><a href=\"https:\/\/praxisschaefer.de\/wp-content\/uploads\/2018\/02\/DPtV-Faltblatt_ADHS.pdf\" target=\"_blank\" rel=\"noopener\">ADHD<\/a><\/li>\n<li><a href=\"https:\/\/praxisschaefer.de\/wp-content\/uploads\/2018\/02\/DPtV-Faltblatt_Burnout.pdf\" target=\"_blank\" rel=\"noopener\">Burnout<\/a><\/li>\n<li><a href=\"https:\/\/praxisschaefer.de\/wp-content\/uploads\/2018\/02\/DPtV-Faltblatt_Depressionen.pdf\" target=\"_blank\" rel=\"noopener\">Depression<\/a><\/li>\n<li><a href=\"https:\/\/praxisschaefer.de\/wp-content\/uploads\/2018\/02\/DPtV-Faltblatt-Essstoerung.pdf\" target=\"_blank\" rel=\"noopener\">Eating disorders<\/a><\/li>\n<li><a href=\"https:\/\/praxisschaefer.de\/wp-content\/uploads\/2018\/02\/DPtV-Faltblatt_Schulangst.pdf\" target=\"_blank\" rel=\"noopener\">School anxiety<\/a><\/li>\n<li><a href=\"https:\/\/praxisschaefer.de\/wp-content\/uploads\/2018\/02\/DPtV-Faltblatt_Sucht.pdf\" target=\"_blank\" rel=\"noopener\">Addiction<\/a><\/li>\n<li><a href=\"https:\/\/praxisschaefer.de\/wp-content\/uploads\/2018\/02\/DPtV-Faltblatt_Panik.pdf\" target=\"_blank\" rel=\"noopener\">Panic disorders<\/a><\/li>\n<li><a href=\"https:\/\/praxisschaefer.de\/wp-content\/uploads\/2018\/02\/DPtV-Faltblatt_Pt.Belastungsstoerungen.pdf\" target=\"_blank\" rel=\"noopener\">Post-traumatic stress disorder<\/a><\/li>\n<li><a href=\"https:\/\/praxisschaefer.de\/wp-content\/uploads\/2018\/02\/DPtV-Faltblatt_Somato.pdf\" target=\"_blank\" rel=\"noopener\">Somatoform disorders<\/a><\/li>\n<li><a href=\"https:\/\/praxisschaefer.de\/wp-content\/uploads\/2018\/02\/DPtV-Faltblatt_Zwang.pdf\" target=\"_blank\" rel=\"noopener\">Compulsion<\/a><\/li>\n<\/ul>\n<p>[\/vc_column_text][vc_column_text]<strong>Helpful articles and brochures on mental illnesses<\/strong><\/p>\n<ul>\n<li><a href=\"https:\/\/praxisschaefer.de\/wp-content\/uploads\/2018\/02\/DPtV-Faltblatt_Psych._Gesundheit.pdf\" target=\"_blank\" rel=\"noopener\">DPtV Flyer Mental Health<\/a><\/li>\n<li><a href=\"https:\/\/praxisschaefer.de\/wp-content\/uploads\/2018\/02\/PA_3-2009_Manipuliet_die_Pharmaindustrie.pdf\" target=\"_blank\" rel=\"noopener\">Is the pharmaceutical industry manipulating the soul? (in PsychotherapieAktuell 3.2009, p. 2-10)<\/a><\/li>\n<\/ul>\n<p>[\/vc_column_text][\/vc_column][\/vc_row]<\/p>\n<\/div>","protected":false},"excerpt":{"rendered":"<p>[vc_row][vc_column el_align=&#8221;center&#8221;][\/vc_column][\/vc_row][vc_row][vc_column][vc_column_text]Links to some institutions that offer information on mental illness: &nbsp; Federal Chamber of Psychotherapists Dementia or depression Bundespsychotherapeutenkammer: Parents&#8217; guide to psychotherapy Federal Chamber of Psychotherapists Information on mental illnesses Federal Conference for Educational Counseling Bavarian parenting guide Depression in children and adolescents &#8211; a brochure from the NRW Chamber of Psychotherapists [\/vc_column_text][vc_column_text]Links [&hellip;]<\/p>\n","protected":false},"author":1,"featured_media":0,"parent":15427,"menu_order":51,"comment_status":"closed","ping_status":"closed","template":"","meta":{"_acf_changed":false,"footnotes":""},"class_list":["post-15128","page","type-page","status-publish","hentry"],"acf":[],"yoast_head":"<!-- This site is optimized with the Yoast SEO Premium plugin v22.4 (Yoast SEO v22.4) - https:\/\/yoast.com\/wordpress\/plugins\/seo\/ -->\n<title>Patient information on mental illnesses - Sabine Sch\u00e4fer<\/title>\n<meta name=\"robots\" content=\"index, follow, max-snippet:-1, max-image-preview:large, max-video-preview:-1\" \/>\n<link rel=\"canonical\" href=\"https:\/\/praxisschaefer.de\/en\/for-patients\/patient-information-on-mental-illnesses\/\" \/>\n<meta property=\"og:locale\" content=\"en_US\" \/>\n<meta property=\"og:type\" content=\"article\" \/>\n<meta property=\"og:title\" content=\"Patient information on mental illnesses\" \/>\n<meta property=\"og:description\" content=\"[vc_row][vc_column el_align=&#8221;center&#8221;][\/vc_column][\/vc_row][vc_row][vc_column][vc_column_text]Links to some institutions that offer information on mental illness: &nbsp; Federal Chamber of Psychotherapists Dementia or depression Bundespsychotherapeutenkammer: Parents&#8217; guide to psychotherapy Federal Chamber of Psychotherapists Information on mental illnesses Federal Conference for Educational Counseling Bavarian parenting guide Depression in children and adolescents &#8211; a brochure from the NRW Chamber of Psychotherapists [\/vc_column_text][vc_column_text]Links [&hellip;]\" \/>\n<meta property=\"og:url\" content=\"https:\/\/praxisschaefer.de\/en\/for-patients\/patient-information-on-mental-illnesses\/\" \/>\n<meta property=\"og:site_name\" content=\"Sabine Sch\u00e4fer\" \/>\n<meta property=\"article:modified_time\" content=\"2024-01-29T16:02:34+00:00\" \/>\n<meta name=\"twitter:card\" content=\"summary_large_image\" \/>\n<meta name=\"twitter:label1\" content=\"Est. reading time\" \/>\n\t<meta name=\"twitter:data1\" content=\"1 minute\" \/>\n<script type=\"application\/ld+json\" class=\"yoast-schema-graph\">{\"@context\":\"https:\/\/schema.org\",\"@graph\":[{\"@type\":\"WebPage\",\"@id\":\"https:\/\/praxisschaefer.de\/en\/for-patients\/patient-information-on-mental-illnesses\/\",\"url\":\"https:\/\/praxisschaefer.de\/en\/for-patients\/patient-information-on-mental-illnesses\/\",\"name\":\"Patient information on mental illnesses - Sabine Sch\u00e4fer\",\"isPartOf\":{\"@id\":\"https:\/\/praxisschaefer.de\/#website\"},\"datePublished\":\"2020-02-24T10:50:05+00:00\",\"dateModified\":\"2024-01-29T16:02:34+00:00\",\"breadcrumb\":{\"@id\":\"https:\/\/praxisschaefer.de\/en\/for-patients\/patient-information-on-mental-illnesses\/#breadcrumb\"},\"inLanguage\":\"en-US\",\"potentialAction\":[{\"@type\":\"ReadAction\",\"target\":[\"https:\/\/praxisschaefer.de\/en\/for-patients\/patient-information-on-mental-illnesses\/\"]}]},{\"@type\":\"BreadcrumbList\",\"@id\":\"https:\/\/praxisschaefer.de\/en\/for-patients\/patient-information-on-mental-illnesses\/#breadcrumb\",\"itemListElement\":[{\"@type\":\"ListItem\",\"position\":1,\"name\":\"Startseite\",\"item\":\"https:\/\/praxisschaefer.de\/en\/\"},{\"@type\":\"ListItem\",\"position\":2,\"name\":\"For patients\",\"item\":\"https:\/\/praxisschaefer.de\/en\/for-patients\/\"},{\"@type\":\"ListItem\",\"position\":3,\"name\":\"Patient information on mental illnesses\"}]},{\"@type\":\"WebSite\",\"@id\":\"https:\/\/praxisschaefer.de\/#website\",\"url\":\"https:\/\/praxisschaefer.de\/\",\"name\":\"Praxis f\u00fcr Psychotherapie Dipl.-Psych. Sabine Sch\u00e4fer\",\"description\":\"Praxis f\u00fcr Psychotherapie\",\"publisher\":{\"@id\":\"https:\/\/praxisschaefer.de\/#organization\"},\"potentialAction\":[{\"@type\":\"SearchAction\",\"target\":{\"@type\":\"EntryPoint\",\"urlTemplate\":\"https:\/\/praxisschaefer.de\/?s={search_term_string}\"},\"query-input\":\"required name=search_term_string\"}],\"inLanguage\":\"en-US\"},{\"@type\":\"Organization\",\"@id\":\"https:\/\/praxisschaefer.de\/#organization\",\"name\":\"Praxis f\u00fcr Psychotherapie Dipl.-Psych. Sabine Sch\u00e4fer\",\"url\":\"https:\/\/praxisschaefer.de\/\",\"logo\":{\"@type\":\"ImageObject\",\"inLanguage\":\"en-US\",\"@id\":\"https:\/\/praxisschaefer.de\/#\/schema\/logo\/image\/\",\"url\":\"https:\/\/praxisschaefer.de\/wp-content\/uploads\/2024\/01\/praxis-schaefer-team-sabine-schaefer-neu.jpg\",\"contentUrl\":\"https:\/\/praxisschaefer.de\/wp-content\/uploads\/2024\/01\/praxis-schaefer-team-sabine-schaefer-neu.jpg\",\"width\":1000,\"height\":1000,\"caption\":\"Praxis f\u00fcr Psychotherapie Dipl.-Psych. Sabine Sch\u00e4fer\"},\"image\":{\"@id\":\"https:\/\/praxisschaefer.de\/#\/schema\/logo\/image\/\"}}]}<\/script>\n<!-- \/ Yoast SEO Premium plugin. -->","yoast_head_json":{"title":"Patient information on mental illnesses - Sabine Sch\u00e4fer","robots":{"index":"index","follow":"follow","max-snippet":"max-snippet:-1","max-image-preview":"max-image-preview:large","max-video-preview":"max-video-preview:-1"},"canonical":"https:\/\/praxisschaefer.de\/en\/for-patients\/patient-information-on-mental-illnesses\/","og_locale":"en_US","og_type":"article","og_title":"Patient information on mental illnesses","og_description":"[vc_row][vc_column el_align=&#8221;center&#8221;][\/vc_column][\/vc_row][vc_row][vc_column][vc_column_text]Links to some institutions that offer information on mental illness: &nbsp; Federal Chamber of Psychotherapists Dementia or depression Bundespsychotherapeutenkammer: Parents&#8217; guide to psychotherapy Federal Chamber of Psychotherapists Information on mental illnesses Federal Conference for Educational Counseling Bavarian parenting guide Depression in children and adolescents &#8211; a brochure from the NRW Chamber of Psychotherapists [\/vc_column_text][vc_column_text]Links [&hellip;]","og_url":"https:\/\/praxisschaefer.de\/en\/for-patients\/patient-information-on-mental-illnesses\/","og_site_name":"Sabine Sch\u00e4fer","article_modified_time":"2024-01-29T16:02:34+00:00","twitter_card":"summary_large_image","twitter_misc":{"Est. reading time":"1 minute"},"schema":{"@context":"https:\/\/schema.org","@graph":[{"@type":"WebPage","@id":"https:\/\/praxisschaefer.de\/en\/for-patients\/patient-information-on-mental-illnesses\/","url":"https:\/\/praxisschaefer.de\/en\/for-patients\/patient-information-on-mental-illnesses\/","name":"Patient information on mental illnesses - Sabine Sch\u00e4fer","isPartOf":{"@id":"https:\/\/praxisschaefer.de\/#website"},"datePublished":"2020-02-24T10:50:05+00:00","dateModified":"2024-01-29T16:02:34+00:00","breadcrumb":{"@id":"https:\/\/praxisschaefer.de\/en\/for-patients\/patient-information-on-mental-illnesses\/#breadcrumb"},"inLanguage":"en-US","potentialAction":[{"@type":"ReadAction","target":["https:\/\/praxisschaefer.de\/en\/for-patients\/patient-information-on-mental-illnesses\/"]}]},{"@type":"BreadcrumbList","@id":"https:\/\/praxisschaefer.de\/en\/for-patients\/patient-information-on-mental-illnesses\/#breadcrumb","itemListElement":[{"@type":"ListItem","position":1,"name":"Startseite","item":"https:\/\/praxisschaefer.de\/en\/"},{"@type":"ListItem","position":2,"name":"For patients","item":"https:\/\/praxisschaefer.de\/en\/for-patients\/"},{"@type":"ListItem","position":3,"name":"Patient information on mental illnesses"}]},{"@type":"WebSite","@id":"https:\/\/praxisschaefer.de\/#website","url":"https:\/\/praxisschaefer.de\/","name":"Praxis f\u00fcr Psychotherapie Dipl.-Psych. Sabine Sch\u00e4fer","description":"Praxis f\u00fcr Psychotherapie","publisher":{"@id":"https:\/\/praxisschaefer.de\/#organization"},"potentialAction":[{"@type":"SearchAction","target":{"@type":"EntryPoint","urlTemplate":"https:\/\/praxisschaefer.de\/?s={search_term_string}"},"query-input":"required name=search_term_string"}],"inLanguage":"en-US"},{"@type":"Organization","@id":"https:\/\/praxisschaefer.de\/#organization","name":"Praxis f\u00fcr Psychotherapie Dipl.-Psych. Sabine Sch\u00e4fer","url":"https:\/\/praxisschaefer.de\/","logo":{"@type":"ImageObject","inLanguage":"en-US","@id":"https:\/\/praxisschaefer.de\/#\/schema\/logo\/image\/","url":"https:\/\/praxisschaefer.de\/wp-content\/uploads\/2024\/01\/praxis-schaefer-team-sabine-schaefer-neu.jpg","contentUrl":"https:\/\/praxisschaefer.de\/wp-content\/uploads\/2024\/01\/praxis-schaefer-team-sabine-schaefer-neu.jpg","width":1000,"height":1000,"caption":"Praxis f\u00fcr Psychotherapie Dipl.-Psych. Sabine Sch\u00e4fer"},"image":{"@id":"https:\/\/praxisschaefer.de\/#\/schema\/logo\/image\/"}}]}},"_links":{"self":[{"href":"https:\/\/praxisschaefer.de\/en\/wp-json\/wp\/v2\/pages\/15128","targetHints":{"allow":["GET"]}}],"collection":[{"href":"https:\/\/praxisschaefer.de\/en\/wp-json\/wp\/v2\/pages"}],"about":[{"href":"https:\/\/praxisschaefer.de\/en\/wp-json\/wp\/v2\/types\/page"}],"author":[{"embeddable":true,"href":"https:\/\/praxisschaefer.de\/en\/wp-json\/wp\/v2\/users\/1"}],"replies":[{"embeddable":true,"href":"https:\/\/praxisschaefer.de\/en\/wp-json\/wp\/v2\/comments?post=15128"}],"version-history":[{"count":2,"href":"https:\/\/praxisschaefer.de\/en\/wp-json\/wp\/v2\/pages\/15128\/revisions"}],"predecessor-version":[{"id":15632,"href":"https:\/\/praxisschaefer.de\/en\/wp-json\/wp\/v2\/pages\/15128\/revisions\/15632"}],"up":[{"embeddable":true,"href":"https:\/\/praxisschaefer.de\/en\/wp-json\/wp\/v2\/pages\/15427"}],"wp:attachment":[{"href":"https:\/\/praxisschaefer.de\/en\/wp-json\/wp\/v2\/media?parent=15128"}],"curies":[{"name":"wp","href":"https:\/\/api.w.org\/{rel}","templated":true}]}}