{"id":15126,"date":"2020-02-24T15:14:21","date_gmt":"2020-02-24T14:14:21","guid":{"rendered":"https:\/\/praxisschaefer.designwerk-kussmaul.de\/for-adult-and-underage-patients\/"},"modified":"2024-01-29T17:14:37","modified_gmt":"2024-01-29T16:14:37","slug":"for-adult-and-underage-patients","status":"publish","type":"page","link":"https:\/\/praxisschaefer.de\/en\/for-doctors-and-psychotherapists\/license-free-test-methods\/for-adult-and-underage-patients\/","title":{"rendered":"For adult and underage patients"},"content":{"rendered":"<div class=\"wpb-content-wrapper\"><p>[vc_row][vc_column el_align=&#8221;center&#8221;]<div id=\"1582292861772-e00ba7a9-d555\" class=\"dt-sc-empty-space\"><\/div><div class='dt-sc-title script-with-sub-title '><h2><\/h2><h3>For adult and underage patients<\/h3><\/div>[\/vc_column][\/vc_row][vc_row][vc_column width=&#8221;1\/4&#8243;][vc_single_image image=&#8221;13485&#8243; img_size=&#8221;medium&#8221;][\/vc_column][vc_column width=&#8221;3\/4&#8243;][vc_column_text]<\/p>\n<h2><strong>Goal Attainment Scale (GAS)<\/strong><\/h2>\n<p><span style=\"color: #8da6d6;\"><em>Goal attainment scale (Kiresuk, Sherman, 1968)<\/em><\/span><br \/>\nYou can download the instructions on how to use the goal attainment scale in psychotherapeutic practice and the different ways of recording it with paper and pencil here:<\/p>\n<p><a class=\"download\" title=\"Opens an internal link in a new window\" href=\"https:\/\/praxisschaefer.de\/wp-content\/uploads\/2018\/02\/GAS_Anleitung_2010-09-23V2.pdf\" target=\"_blank\" rel=\"noopener\">GAS instructions<\/a><\/p>\n<p><a class=\"download\" title=\"Opens an internal link in a new window\" href=\"https:\/\/praxisschaefer.de\/wp-content\/uploads\/2018\/02\/GAS-Auswertungsbogen_Kurve_2010-09-20.pdf\" target=\"_blank\" rel=\"noopener\">GAS bend Curve<\/a><\/p>\n<p><a class=\"download\" title=\"Opens an internal link in a new window\" href=\"https:\/\/praxisschaefer.de\/wp-content\/uploads\/2018\/02\/GAS-Auswertungsbogen-Zahl_2010-09-20.pdf\" target=\"_blank\" rel=\"noopener\">GAS sheet number<\/a><\/p>\n<p><a class=\"download\" title=\"Opens an internal link in a new window\" href=\"https:\/\/praxisschaefer.de\/wp-content\/uploads\/2018\/02\/GAS-Auswertungsbogen_Likert_2010-10-11_.pdf\" target=\"_blank\" rel=\"noopener\">GAS sheet Likert<\/a><\/p>\n<p><a class=\"download\" title=\"Opens an internal link in a new window\" href=\"https:\/\/praxisschaefer.de\/wp-content\/uploads\/2018\/02\/GAS-Auswertungsbogen_Prozent_2010-09-20.pdf\" target=\"_blank\" rel=\"noopener\">GAS sheet Percent<\/a>[\/vc_column_text][\/vc_column][\/vc_row][vc_row][vc_column width=&#8221;1\/4&#8243;][vc_single_image image=&#8221;13487&#8243; img_size=&#8221;medium&#8221;][\/vc_column][vc_column width=&#8221;3\/4&#8243;][vc_column_text]<\/p>\n<h2><strong>Global Assessment of Functioning (GAF)<\/strong><\/h2>\n<p><span style=\"color: #8da6d6;\"><em>Scale for global assessment of the level of psychosocial functioning<br \/>\n(Diagnostic screening measure according to DSM-IV)<\/em><\/span><br \/>\nYou can download the GAF scale with instructions here:<\/p>\n<p><a class=\"download\" title=\"Opens an internal link in a new window\" href=\"https:\/\/praxisschaefer.de\/wp-content\/uploads\/2018\/02\/GAF_2010-10-12-Homepage.pdf\" target=\"_blank\" rel=\"noopener\">GAF scale with instructions<\/a><\/p>\n<p>You can also find the GAF scale on the Internet by clicking on these links:<\/p>\n<p><a href=\"http:\/\/www.psychiatrie-in-berlin.de\/soziotherapie\/gaf_skala.pdf\" target=\"_blank\" rel=\"noopener\">www.psychiatrie-in-berlin.de\/soziotherapie\/gaf_skala.pdf<\/a>[\/vc_column_text][\/vc_column][\/vc_row][vc_row][vc_column width=&#8221;1\/4&#8243;][vc_single_image image=&#8221;13488&#8243; img_size=&#8221;medium&#8221;][\/vc_column][vc_column width=&#8221;3\/4&#8243;][vc_column_text]<\/p>\n<h2><strong>GARF: Global Assessment of Relational Functioning<\/strong><\/h2>\n<p><span style=\"color: #8da6d6;\"><em>GARF: Global Assessment of Relational Functioning (diagnostic screening measure according to DSM-IV)<\/em><\/span><\/p>\n<p>You can download the GARF scale with instructions here:<\/p>\n<p><a href=\"https:\/\/praxisschaefer.de\/wp-content\/uploads\/2018\/02\/GARF_2010-10-12.pdf\" target=\"_blank\" rel=\"noopener\">GARF scale with instructions<\/a>[\/vc_column_text][\/vc_column][\/vc_row]<\/p>\n<\/div>","protected":false},"excerpt":{"rendered":"<p>[vc_row][vc_column el_align=&#8221;center&#8221;][\/vc_column][\/vc_row][vc_row][vc_column width=&#8221;1\/4&#8243;][vc_single_image image=&#8221;13485&#8243; img_size=&#8221;medium&#8221;][\/vc_column][vc_column width=&#8221;3\/4&#8243;][vc_column_text] Goal Attainment Scale (GAS) Goal attainment scale (Kiresuk, Sherman, 1968) You can download the instructions on how to use the goal attainment scale in psychotherapeutic practice and the different ways of recording it with paper and pencil here: GAS instructions GAS bend Curve GAS sheet number GAS sheet Likert [&hellip;]<\/p>\n","protected":false},"author":1,"featured_media":0,"parent":15187,"menu_order":30,"comment_status":"closed","ping_status":"closed","template":"","meta":{"_acf_changed":false,"footnotes":""},"class_list":["post-15126","page","type-page","status-publish","hentry"],"acf":[],"yoast_head":"<!-- This site is optimized with the Yoast SEO Premium plugin v22.4 (Yoast SEO v22.4) - https:\/\/yoast.com\/wordpress\/plugins\/seo\/ -->\n<title>For adult and underage patients - Sabine Sch\u00e4fer<\/title>\n<meta name=\"robots\" content=\"index, follow, max-snippet:-1, max-image-preview:large, max-video-preview:-1\" \/>\n<link rel=\"canonical\" href=\"https:\/\/praxisschaefer.de\/en\/for-doctors-and-psychotherapists\/license-free-test-methods\/for-adult-and-underage-patients\/\" \/>\n<meta property=\"og:locale\" content=\"en_US\" \/>\n<meta property=\"og:type\" content=\"article\" \/>\n<meta property=\"og:title\" content=\"For adult and underage patients\" \/>\n<meta property=\"og:description\" content=\"[vc_row][vc_column el_align=&#8221;center&#8221;][\/vc_column][\/vc_row][vc_row][vc_column width=&#8221;1\/4&#8243;][vc_single_image image=&#8221;13485&#8243; img_size=&#8221;medium&#8221;][\/vc_column][vc_column width=&#8221;3\/4&#8243;][vc_column_text] Goal Attainment Scale (GAS) Goal attainment scale (Kiresuk, Sherman, 1968) You can download the instructions on how to use the goal attainment scale in psychotherapeutic practice and the different ways of recording it with paper and pencil here: GAS instructions GAS bend Curve GAS sheet number GAS sheet Likert [&hellip;]\" \/>\n<meta property=\"og:url\" content=\"https:\/\/praxisschaefer.de\/en\/for-doctors-and-psychotherapists\/license-free-test-methods\/for-adult-and-underage-patients\/\" \/>\n<meta property=\"og:site_name\" content=\"Sabine Sch\u00e4fer\" \/>\n<meta property=\"article:modified_time\" content=\"2024-01-29T16:14:37+00:00\" \/>\n<meta name=\"twitter:card\" content=\"summary_large_image\" \/>\n<meta name=\"twitter:label1\" content=\"Est. reading time\" \/>\n\t<meta name=\"twitter:data1\" content=\"1 minute\" \/>\n<script type=\"application\/ld+json\" class=\"yoast-schema-graph\">{\"@context\":\"https:\/\/schema.org\",\"@graph\":[{\"@type\":\"WebPage\",\"@id\":\"https:\/\/praxisschaefer.de\/en\/for-doctors-and-psychotherapists\/license-free-test-methods\/for-adult-and-underage-patients\/\",\"url\":\"https:\/\/praxisschaefer.de\/en\/for-doctors-and-psychotherapists\/license-free-test-methods\/for-adult-and-underage-patients\/\",\"name\":\"For adult and underage patients - Sabine Sch\u00e4fer\",\"isPartOf\":{\"@id\":\"https:\/\/praxisschaefer.de\/#website\"},\"datePublished\":\"2020-02-24T14:14:21+00:00\",\"dateModified\":\"2024-01-29T16:14:37+00:00\",\"breadcrumb\":{\"@id\":\"https:\/\/praxisschaefer.de\/en\/for-doctors-and-psychotherapists\/license-free-test-methods\/for-adult-and-underage-patients\/#breadcrumb\"},\"inLanguage\":\"en-US\",\"potentialAction\":[{\"@type\":\"ReadAction\",\"target\":[\"https:\/\/praxisschaefer.de\/en\/for-doctors-and-psychotherapists\/license-free-test-methods\/for-adult-and-underage-patients\/\"]}]},{\"@type\":\"BreadcrumbList\",\"@id\":\"https:\/\/praxisschaefer.de\/en\/for-doctors-and-psychotherapists\/license-free-test-methods\/for-adult-and-underage-patients\/#breadcrumb\",\"itemListElement\":[{\"@type\":\"ListItem\",\"position\":1,\"name\":\"Startseite\",\"item\":\"https:\/\/praxisschaefer.de\/en\/\"},{\"@type\":\"ListItem\",\"position\":2,\"name\":\"For doctors and psychotherapists\",\"item\":\"https:\/\/praxisschaefer.de\/fuer-aerzte-und-psychotherapeutinnen\/\"},{\"@type\":\"ListItem\",\"position\":3,\"name\":\"License-free tests\",\"item\":\"https:\/\/praxisschaefer.de\/en\/for-doctors-and-psychotherapists\/license-free-test-methods\/\"},{\"@type\":\"ListItem\",\"position\":4,\"name\":\"For adult and underage patients\"}]},{\"@type\":\"WebSite\",\"@id\":\"https:\/\/praxisschaefer.de\/#website\",\"url\":\"https:\/\/praxisschaefer.de\/\",\"name\":\"Praxis f\u00fcr Psychotherapie Dipl.-Psych. Sabine Sch\u00e4fer\",\"description\":\"Praxis f\u00fcr Psychotherapie\",\"publisher\":{\"@id\":\"https:\/\/praxisschaefer.de\/#organization\"},\"potentialAction\":[{\"@type\":\"SearchAction\",\"target\":{\"@type\":\"EntryPoint\",\"urlTemplate\":\"https:\/\/praxisschaefer.de\/?s={search_term_string}\"},\"query-input\":\"required name=search_term_string\"}],\"inLanguage\":\"en-US\"},{\"@type\":\"Organization\",\"@id\":\"https:\/\/praxisschaefer.de\/#organization\",\"name\":\"Praxis f\u00fcr Psychotherapie Dipl.-Psych. Sabine Sch\u00e4fer\",\"url\":\"https:\/\/praxisschaefer.de\/\",\"logo\":{\"@type\":\"ImageObject\",\"inLanguage\":\"en-US\",\"@id\":\"https:\/\/praxisschaefer.de\/#\/schema\/logo\/image\/\",\"url\":\"https:\/\/praxisschaefer.de\/wp-content\/uploads\/2024\/01\/praxis-schaefer-team-sabine-schaefer-neu.jpg\",\"contentUrl\":\"https:\/\/praxisschaefer.de\/wp-content\/uploads\/2024\/01\/praxis-schaefer-team-sabine-schaefer-neu.jpg\",\"width\":1000,\"height\":1000,\"caption\":\"Praxis f\u00fcr Psychotherapie Dipl.-Psych. Sabine Sch\u00e4fer\"},\"image\":{\"@id\":\"https:\/\/praxisschaefer.de\/#\/schema\/logo\/image\/\"}}]}<\/script>\n<!-- \/ Yoast SEO Premium plugin. -->","yoast_head_json":{"title":"For adult and underage patients - Sabine Sch\u00e4fer","robots":{"index":"index","follow":"follow","max-snippet":"max-snippet:-1","max-image-preview":"max-image-preview:large","max-video-preview":"max-video-preview:-1"},"canonical":"https:\/\/praxisschaefer.de\/en\/for-doctors-and-psychotherapists\/license-free-test-methods\/for-adult-and-underage-patients\/","og_locale":"en_US","og_type":"article","og_title":"For adult and underage patients","og_description":"[vc_row][vc_column el_align=&#8221;center&#8221;][\/vc_column][\/vc_row][vc_row][vc_column width=&#8221;1\/4&#8243;][vc_single_image image=&#8221;13485&#8243; img_size=&#8221;medium&#8221;][\/vc_column][vc_column width=&#8221;3\/4&#8243;][vc_column_text] Goal Attainment Scale (GAS) Goal attainment scale (Kiresuk, Sherman, 1968) You can download the instructions on how to use the goal attainment scale in psychotherapeutic practice and the different ways of recording it with paper and pencil here: GAS instructions GAS bend Curve GAS sheet number GAS sheet Likert [&hellip;]","og_url":"https:\/\/praxisschaefer.de\/en\/for-doctors-and-psychotherapists\/license-free-test-methods\/for-adult-and-underage-patients\/","og_site_name":"Sabine Sch\u00e4fer","article_modified_time":"2024-01-29T16:14:37+00:00","twitter_card":"summary_large_image","twitter_misc":{"Est. reading time":"1 minute"},"schema":{"@context":"https:\/\/schema.org","@graph":[{"@type":"WebPage","@id":"https:\/\/praxisschaefer.de\/en\/for-doctors-and-psychotherapists\/license-free-test-methods\/for-adult-and-underage-patients\/","url":"https:\/\/praxisschaefer.de\/en\/for-doctors-and-psychotherapists\/license-free-test-methods\/for-adult-and-underage-patients\/","name":"For adult and underage patients - Sabine Sch\u00e4fer","isPartOf":{"@id":"https:\/\/praxisschaefer.de\/#website"},"datePublished":"2020-02-24T14:14:21+00:00","dateModified":"2024-01-29T16:14:37+00:00","breadcrumb":{"@id":"https:\/\/praxisschaefer.de\/en\/for-doctors-and-psychotherapists\/license-free-test-methods\/for-adult-and-underage-patients\/#breadcrumb"},"inLanguage":"en-US","potentialAction":[{"@type":"ReadAction","target":["https:\/\/praxisschaefer.de\/en\/for-doctors-and-psychotherapists\/license-free-test-methods\/for-adult-and-underage-patients\/"]}]},{"@type":"BreadcrumbList","@id":"https:\/\/praxisschaefer.de\/en\/for-doctors-and-psychotherapists\/license-free-test-methods\/for-adult-and-underage-patients\/#breadcrumb","itemListElement":[{"@type":"ListItem","position":1,"name":"Startseite","item":"https:\/\/praxisschaefer.de\/en\/"},{"@type":"ListItem","position":2,"name":"For doctors and psychotherapists","item":"https:\/\/praxisschaefer.de\/fuer-aerzte-und-psychotherapeutinnen\/"},{"@type":"ListItem","position":3,"name":"License-free tests","item":"https:\/\/praxisschaefer.de\/en\/for-doctors-and-psychotherapists\/license-free-test-methods\/"},{"@type":"ListItem","position":4,"name":"For adult and underage patients"}]},{"@type":"WebSite","@id":"https:\/\/praxisschaefer.de\/#website","url":"https:\/\/praxisschaefer.de\/","name":"Praxis f\u00fcr Psychotherapie Dipl.-Psych. Sabine Sch\u00e4fer","description":"Praxis f\u00fcr Psychotherapie","publisher":{"@id":"https:\/\/praxisschaefer.de\/#organization"},"potentialAction":[{"@type":"SearchAction","target":{"@type":"EntryPoint","urlTemplate":"https:\/\/praxisschaefer.de\/?s={search_term_string}"},"query-input":"required name=search_term_string"}],"inLanguage":"en-US"},{"@type":"Organization","@id":"https:\/\/praxisschaefer.de\/#organization","name":"Praxis f\u00fcr Psychotherapie Dipl.-Psych. Sabine Sch\u00e4fer","url":"https:\/\/praxisschaefer.de\/","logo":{"@type":"ImageObject","inLanguage":"en-US","@id":"https:\/\/praxisschaefer.de\/#\/schema\/logo\/image\/","url":"https:\/\/praxisschaefer.de\/wp-content\/uploads\/2024\/01\/praxis-schaefer-team-sabine-schaefer-neu.jpg","contentUrl":"https:\/\/praxisschaefer.de\/wp-content\/uploads\/2024\/01\/praxis-schaefer-team-sabine-schaefer-neu.jpg","width":1000,"height":1000,"caption":"Praxis f\u00fcr Psychotherapie Dipl.-Psych. Sabine Sch\u00e4fer"},"image":{"@id":"https:\/\/praxisschaefer.de\/#\/schema\/logo\/image\/"}}]}},"_links":{"self":[{"href":"https:\/\/praxisschaefer.de\/en\/wp-json\/wp\/v2\/pages\/15126","targetHints":{"allow":["GET"]}}],"collection":[{"href":"https:\/\/praxisschaefer.de\/en\/wp-json\/wp\/v2\/pages"}],"about":[{"href":"https:\/\/praxisschaefer.de\/en\/wp-json\/wp\/v2\/types\/page"}],"author":[{"embeddable":true,"href":"https:\/\/praxisschaefer.de\/en\/wp-json\/wp\/v2\/users\/1"}],"replies":[{"embeddable":true,"href":"https:\/\/praxisschaefer.de\/en\/wp-json\/wp\/v2\/comments?post=15126"}],"version-history":[{"count":3,"href":"https:\/\/praxisschaefer.de\/en\/wp-json\/wp\/v2\/pages\/15126\/revisions"}],"predecessor-version":[{"id":15654,"href":"https:\/\/praxisschaefer.de\/en\/wp-json\/wp\/v2\/pages\/15126\/revisions\/15654"}],"up":[{"embeddable":true,"href":"https:\/\/praxisschaefer.de\/en\/wp-json\/wp\/v2\/pages\/15187"}],"wp:attachment":[{"href":"https:\/\/praxisschaefer.de\/en\/wp-json\/wp\/v2\/media?parent=15126"}],"curies":[{"name":"wp","href":"https:\/\/api.w.org\/{rel}","templated":true}]}}