{"id":15114,"date":"2020-02-24T12:08:32","date_gmt":"2020-02-24T11:08:32","guid":{"rendered":"https:\/\/praxisschaefer.designwerk-kussmaul.de\/reform-of-the-psychotherapy-guideline\/"},"modified":"2024-01-29T17:13:34","modified_gmt":"2024-01-29T16:13:34","slug":"reform-of-the-psychotherapy-guideline","status":"publish","type":"page","link":"https:\/\/praxisschaefer.de\/en\/for-doctors-and-psychotherapists\/reform-of-the-psychotherapy-guideline\/","title":{"rendered":"Reform of the psychotherapy guideline"},"content":{"rendered":"<div class=\"wpb-content-wrapper\"><p>[vc_row][vc_column el_align=&#8221;center&#8221;]<div id=\"1582292861772-e00ba7a9-d555\" class=\"dt-sc-empty-space\"><\/div><div class='dt-sc-title script-with-sub-title '><h2><\/h2><h3>Reform of the psychotherapy guideline<\/h3><\/div>[\/vc_column][\/vc_row][vc_row][vc_column][vc_column_text]<strong>What has changed since the 2017 reform of the Psychotherapy Directive?<\/strong><\/p>\n<p>Outpatient psychotherapeutic care was fundamentally reformed by the Joint Federal Committee (G-BA) on April 1, 2017.<\/p>\n<p>The reform introduced &#8220;psychotherapeutic consultation hours&#8221; and &#8220;acute treatments&#8221; for the first time. These serve as an orientation diagnostic clarification of the treatment pathway. The reform also helps to ensure that patients in acute situations are admitted without red tape.<\/p>\n<p>In 2017, the bureaucratically very complex application and review process was also significantly simplified and should thus help to create new &#8211; albeit smaller &#8211; time capacities for psychotherapy, as the preparation of these application reports costs psychotherapists a lot of time at their desks.<\/p>\n<p>Would you like to find out about these changes? Then you will find a few insights here in the PsychotherapieAktuell articles:<\/p>\n<p><a href=\"https:\/\/praxisschaefer.de\/wp-content\/uploads\/2018\/02\/Typo3Juni.pdf\" target=\"_blank\" rel=\"noopener\">Sch\u00e4fer, S. \/ Mechthild Lahme (2017).101 Questions and answers on the psychotherapy guidelines and psychotherapy agreement. PsychotherapieAktuell 02\/2017. DPtV p. 36-48<\/a><\/p>\n<p><a href=\"https:\/\/praxisschaefer.de\/wp-content\/uploads\/2018\/02\/psych.Aktuell_1-2017.pdf\" target=\"_blank\" rel=\"noopener\">Sch\u00e4fer, S.\/ Best, D. (2017), Now it&#8217;s getting concrete. Update on the reform of the psychotherapy guidelines. PsychotherapieAktuell 01\/2017.DPtV p. 6-23.<\/a><\/p>\n<p><a href=\"https:\/\/praxisschaefer.de\/wp-content\/uploads\/2018\/02\/PsychAktuell03-2016.pdf\" target=\"_blank\" rel=\"noopener\">Sch\u00e4fer, S. (2016). Old structures finally broken up. Reformed psychotherapy guidelines adopted. Psychotherapie-Aktuell 03\/2016. DPtV. S. 7-21<\/a><\/p>\n<p>As a DPtV member, you can also watch a training video free of charge in the members&#8217; area of our DPtV homepage, in which Sabine Sch\u00e4fer and her colleague Dieter Best explain all the important details of the implementation of the reform in psychotherapeutic practice. <a href=\"https:\/\/www.dptv.de\/die-dptv\/publikationen\/videos\/video-psychotherapie-richtlinie\/\" target=\"_blank\" rel=\"noopener\"><br \/>\n<u>important details on the implementation of the reform in psychotherapeutic practice.<\/u><br \/>\n<\/a> is presented.[\/vc_column_text][\/vc_column][\/vc_row]<\/p>\n<\/div>","protected":false},"excerpt":{"rendered":"<p>[vc_row][vc_column el_align=&#8221;center&#8221;][\/vc_column][\/vc_row][vc_row][vc_column][vc_column_text]What has changed since the 2017 reform of the Psychotherapy Directive? Outpatient psychotherapeutic care was fundamentally reformed by the Joint Federal Committee (G-BA) on April 1, 2017. The reform introduced &#8220;psychotherapeutic consultation hours&#8221; and &#8220;acute treatments&#8221; for the first time. These serve as an orientation diagnostic clarification of the treatment pathway. The reform also [&hellip;]<\/p>\n","protected":false},"author":1,"featured_media":0,"parent":15287,"menu_order":23,"comment_status":"closed","ping_status":"closed","template":"","meta":{"_acf_changed":false,"footnotes":""},"class_list":["post-15114","page","type-page","status-publish","hentry"],"acf":[],"yoast_head":"<!-- This site is optimized with the Yoast SEO Premium plugin v22.4 (Yoast SEO v22.4) - https:\/\/yoast.com\/wordpress\/plugins\/seo\/ -->\n<title>Reform of the psychotherapy guideline - Sabine Sch\u00e4fer<\/title>\n<meta name=\"robots\" content=\"index, follow, max-snippet:-1, max-image-preview:large, max-video-preview:-1\" \/>\n<link rel=\"canonical\" href=\"https:\/\/praxisschaefer.de\/fuer-aerzte-und-psychotherapeutinnen\/die-reform-der-psychotherapie-richtlinie\/\" \/>\n<meta property=\"og:locale\" content=\"en_US\" \/>\n<meta property=\"og:type\" content=\"article\" \/>\n<meta property=\"og:title\" content=\"Reform of the psychotherapy guideline\" \/>\n<meta property=\"og:description\" content=\"[vc_row][vc_column el_align=&#8221;center&#8221;][\/vc_column][\/vc_row][vc_row][vc_column][vc_column_text]What has changed since the 2017 reform of the Psychotherapy Directive? Outpatient psychotherapeutic care was fundamentally reformed by the Joint Federal Committee (G-BA) on April 1, 2017. The reform introduced &#8220;psychotherapeutic consultation hours&#8221; and &#8220;acute treatments&#8221; for the first time. These serve as an orientation diagnostic clarification of the treatment pathway. The reform also [&hellip;]\" \/>\n<meta property=\"og:url\" content=\"https:\/\/praxisschaefer.de\/fuer-aerzte-und-psychotherapeutinnen\/die-reform-der-psychotherapie-richtlinie\/\" \/>\n<meta property=\"og:site_name\" content=\"Sabine Sch\u00e4fer\" \/>\n<meta property=\"article:modified_time\" content=\"2024-01-29T16:13:34+00:00\" \/>\n<meta name=\"twitter:card\" content=\"summary_large_image\" \/>\n<meta name=\"twitter:label1\" content=\"Est. reading time\" \/>\n\t<meta name=\"twitter:data1\" content=\"2 minutes\" \/>\n<script type=\"application\/ld+json\" class=\"yoast-schema-graph\">{\"@context\":\"https:\/\/schema.org\",\"@graph\":[{\"@type\":\"WebPage\",\"@id\":\"https:\/\/praxisschaefer.de\/fuer-aerzte-und-psychotherapeutinnen\/die-reform-der-psychotherapie-richtlinie\/\",\"url\":\"https:\/\/praxisschaefer.de\/fuer-aerzte-und-psychotherapeutinnen\/die-reform-der-psychotherapie-richtlinie\/\",\"name\":\"Reform of the psychotherapy guideline - Sabine Sch\u00e4fer\",\"isPartOf\":{\"@id\":\"https:\/\/praxisschaefer.de\/#website\"},\"datePublished\":\"2020-02-24T11:08:32+00:00\",\"dateModified\":\"2024-01-29T16:13:34+00:00\",\"breadcrumb\":{\"@id\":\"https:\/\/praxisschaefer.de\/fuer-aerzte-und-psychotherapeutinnen\/die-reform-der-psychotherapie-richtlinie\/#breadcrumb\"},\"inLanguage\":\"en-US\",\"potentialAction\":[{\"@type\":\"ReadAction\",\"target\":[\"https:\/\/praxisschaefer.de\/fuer-aerzte-und-psychotherapeutinnen\/die-reform-der-psychotherapie-richtlinie\/\"]}]},{\"@type\":\"BreadcrumbList\",\"@id\":\"https:\/\/praxisschaefer.de\/fuer-aerzte-und-psychotherapeutinnen\/die-reform-der-psychotherapie-richtlinie\/#breadcrumb\",\"itemListElement\":[{\"@type\":\"ListItem\",\"position\":1,\"name\":\"Startseite\",\"item\":\"https:\/\/praxisschaefer.de\/en\/\"},{\"@type\":\"ListItem\",\"position\":2,\"name\":\"For doctors and psychotherapists\",\"item\":\"https:\/\/praxisschaefer.de\/fuer-aerzte-und-psychotherapeutinnen\/\"},{\"@type\":\"ListItem\",\"position\":3,\"name\":\"Reform of the psychotherapy guideline\"}]},{\"@type\":\"WebSite\",\"@id\":\"https:\/\/praxisschaefer.de\/#website\",\"url\":\"https:\/\/praxisschaefer.de\/\",\"name\":\"Praxis f\u00fcr Psychotherapie Dipl.-Psych. Sabine Sch\u00e4fer\",\"description\":\"Praxis f\u00fcr Psychotherapie\",\"publisher\":{\"@id\":\"https:\/\/praxisschaefer.de\/#organization\"},\"potentialAction\":[{\"@type\":\"SearchAction\",\"target\":{\"@type\":\"EntryPoint\",\"urlTemplate\":\"https:\/\/praxisschaefer.de\/?s={search_term_string}\"},\"query-input\":\"required name=search_term_string\"}],\"inLanguage\":\"en-US\"},{\"@type\":\"Organization\",\"@id\":\"https:\/\/praxisschaefer.de\/#organization\",\"name\":\"Praxis f\u00fcr Psychotherapie Dipl.-Psych. Sabine Sch\u00e4fer\",\"url\":\"https:\/\/praxisschaefer.de\/\",\"logo\":{\"@type\":\"ImageObject\",\"inLanguage\":\"en-US\",\"@id\":\"https:\/\/praxisschaefer.de\/#\/schema\/logo\/image\/\",\"url\":\"https:\/\/praxisschaefer.de\/wp-content\/uploads\/2024\/01\/praxis-schaefer-team-sabine-schaefer-neu.jpg\",\"contentUrl\":\"https:\/\/praxisschaefer.de\/wp-content\/uploads\/2024\/01\/praxis-schaefer-team-sabine-schaefer-neu.jpg\",\"width\":1000,\"height\":1000,\"caption\":\"Praxis f\u00fcr Psychotherapie Dipl.-Psych. Sabine Sch\u00e4fer\"},\"image\":{\"@id\":\"https:\/\/praxisschaefer.de\/#\/schema\/logo\/image\/\"}}]}<\/script>\n<!-- \/ Yoast SEO Premium plugin. -->","yoast_head_json":{"title":"Reform of the psychotherapy guideline - Sabine Sch\u00e4fer","robots":{"index":"index","follow":"follow","max-snippet":"max-snippet:-1","max-image-preview":"max-image-preview:large","max-video-preview":"max-video-preview:-1"},"canonical":"https:\/\/praxisschaefer.de\/fuer-aerzte-und-psychotherapeutinnen\/die-reform-der-psychotherapie-richtlinie\/","og_locale":"en_US","og_type":"article","og_title":"Reform of the psychotherapy guideline","og_description":"[vc_row][vc_column el_align=&#8221;center&#8221;][\/vc_column][\/vc_row][vc_row][vc_column][vc_column_text]What has changed since the 2017 reform of the Psychotherapy Directive? Outpatient psychotherapeutic care was fundamentally reformed by the Joint Federal Committee (G-BA) on April 1, 2017. The reform introduced &#8220;psychotherapeutic consultation hours&#8221; and &#8220;acute treatments&#8221; for the first time. These serve as an orientation diagnostic clarification of the treatment pathway. The reform also [&hellip;]","og_url":"https:\/\/praxisschaefer.de\/fuer-aerzte-und-psychotherapeutinnen\/die-reform-der-psychotherapie-richtlinie\/","og_site_name":"Sabine Sch\u00e4fer","article_modified_time":"2024-01-29T16:13:34+00:00","twitter_card":"summary_large_image","twitter_misc":{"Est. reading time":"2 minutes"},"schema":{"@context":"https:\/\/schema.org","@graph":[{"@type":"WebPage","@id":"https:\/\/praxisschaefer.de\/fuer-aerzte-und-psychotherapeutinnen\/die-reform-der-psychotherapie-richtlinie\/","url":"https:\/\/praxisschaefer.de\/fuer-aerzte-und-psychotherapeutinnen\/die-reform-der-psychotherapie-richtlinie\/","name":"Reform of the psychotherapy guideline - Sabine Sch\u00e4fer","isPartOf":{"@id":"https:\/\/praxisschaefer.de\/#website"},"datePublished":"2020-02-24T11:08:32+00:00","dateModified":"2024-01-29T16:13:34+00:00","breadcrumb":{"@id":"https:\/\/praxisschaefer.de\/fuer-aerzte-und-psychotherapeutinnen\/die-reform-der-psychotherapie-richtlinie\/#breadcrumb"},"inLanguage":"en-US","potentialAction":[{"@type":"ReadAction","target":["https:\/\/praxisschaefer.de\/fuer-aerzte-und-psychotherapeutinnen\/die-reform-der-psychotherapie-richtlinie\/"]}]},{"@type":"BreadcrumbList","@id":"https:\/\/praxisschaefer.de\/fuer-aerzte-und-psychotherapeutinnen\/die-reform-der-psychotherapie-richtlinie\/#breadcrumb","itemListElement":[{"@type":"ListItem","position":1,"name":"Startseite","item":"https:\/\/praxisschaefer.de\/en\/"},{"@type":"ListItem","position":2,"name":"For doctors and psychotherapists","item":"https:\/\/praxisschaefer.de\/fuer-aerzte-und-psychotherapeutinnen\/"},{"@type":"ListItem","position":3,"name":"Reform of the psychotherapy guideline"}]},{"@type":"WebSite","@id":"https:\/\/praxisschaefer.de\/#website","url":"https:\/\/praxisschaefer.de\/","name":"Praxis f\u00fcr Psychotherapie Dipl.-Psych. Sabine Sch\u00e4fer","description":"Praxis f\u00fcr Psychotherapie","publisher":{"@id":"https:\/\/praxisschaefer.de\/#organization"},"potentialAction":[{"@type":"SearchAction","target":{"@type":"EntryPoint","urlTemplate":"https:\/\/praxisschaefer.de\/?s={search_term_string}"},"query-input":"required name=search_term_string"}],"inLanguage":"en-US"},{"@type":"Organization","@id":"https:\/\/praxisschaefer.de\/#organization","name":"Praxis f\u00fcr Psychotherapie Dipl.-Psych. Sabine Sch\u00e4fer","url":"https:\/\/praxisschaefer.de\/","logo":{"@type":"ImageObject","inLanguage":"en-US","@id":"https:\/\/praxisschaefer.de\/#\/schema\/logo\/image\/","url":"https:\/\/praxisschaefer.de\/wp-content\/uploads\/2024\/01\/praxis-schaefer-team-sabine-schaefer-neu.jpg","contentUrl":"https:\/\/praxisschaefer.de\/wp-content\/uploads\/2024\/01\/praxis-schaefer-team-sabine-schaefer-neu.jpg","width":1000,"height":1000,"caption":"Praxis f\u00fcr Psychotherapie Dipl.-Psych. Sabine Sch\u00e4fer"},"image":{"@id":"https:\/\/praxisschaefer.de\/#\/schema\/logo\/image\/"}}]}},"_links":{"self":[{"href":"https:\/\/praxisschaefer.de\/en\/wp-json\/wp\/v2\/pages\/15114","targetHints":{"allow":["GET"]}}],"collection":[{"href":"https:\/\/praxisschaefer.de\/en\/wp-json\/wp\/v2\/pages"}],"about":[{"href":"https:\/\/praxisschaefer.de\/en\/wp-json\/wp\/v2\/types\/page"}],"author":[{"embeddable":true,"href":"https:\/\/praxisschaefer.de\/en\/wp-json\/wp\/v2\/users\/1"}],"replies":[{"embeddable":true,"href":"https:\/\/praxisschaefer.de\/en\/wp-json\/wp\/v2\/comments?post=15114"}],"version-history":[{"count":11,"href":"https:\/\/praxisschaefer.de\/en\/wp-json\/wp\/v2\/pages\/15114\/revisions"}],"predecessor-version":[{"id":15650,"href":"https:\/\/praxisschaefer.de\/en\/wp-json\/wp\/v2\/pages\/15114\/revisions\/15650"}],"up":[{"embeddable":true,"href":"https:\/\/praxisschaefer.de\/en\/wp-json\/wp\/v2\/pages\/15287"}],"wp:attachment":[{"href":"https:\/\/praxisschaefer.de\/en\/wp-json\/wp\/v2\/media?parent=15114"}],"curies":[{"name":"wp","href":"https:\/\/api.w.org\/{rel}","templated":true}]}}