{"id":15113,"date":"2023-08-09T08:51:13","date_gmt":"2023-08-09T06:51:13","guid":{"rendered":"https:\/\/praxisschaefer.designwerk-kussmaul.de\/who-is-what\/"},"modified":"2024-02-07T21:03:46","modified_gmt":"2024-02-07T20:03:46","slug":"who-is-what","status":"publish","type":"page","link":"https:\/\/praxisschaefer.de\/en\/for-patients\/who-is-what\/","title":{"rendered":"Who`s doing what?"},"content":{"rendered":"<div class=\"wpb-content-wrapper\"><p>[vc_row][vc_column el_align=&#8221;center&#8221;]<div id=\"1582292861772-e00ba7a9-d555\" class=\"dt-sc-empty-space\"><\/div><div class='dt-sc-title script-with-sub-title '><h2><\/h2><h3>Who`s doing what?<\/h3><\/div>[\/vc_column][\/vc_row][vc_row][vc_column][vc_column_text]Many professions begin with &#8220;psych&#8221; but actually have different approaches and goals in the treatment of psychological complaints. Accordingly, the individual &#8220;psych subjects&#8221; are also based on different training.<\/p>\n<p>The German Psychotherapists&#8217; Association (DPtV) offers <a href=\"https:\/\/www.dptv.de\/psychotherapie\/psychotherapeutin-psychologin-psychiaterin\/\">a very nice overview of &#8220;who`s doing what?<\/a>&#8220;:<\/p>\n<h6><span style=\"color: #000000;\">We translate this DPtV-information for you:<\/span><\/h6>\n<p>&nbsp;<\/p>\n<div id=\"c2210\" class=\"o-container u-margin-bottom-6\">\n<div class=\"o-grid\">\n<div class=\"o-grid__col--12 o-grid__col--10@md o-grid__col--9@xl o-grid__col-offset--1@md\">\n<h6>Psychotherapist, psychiatrist, psychologist \u2013 who`s doing what?<\/h6>\n<p>The field of psychology, psychotherapy and psychiatry is not always easy for many people to understand. What do psychiatrists do, what can alternative practitioners do, what can psychologists do? This small overview is intended to help you find your way around the various job titles and titles.<\/p>\n<p>&nbsp;<\/p>\n<h6>Psychological psychotherapists (Psychologische Psychotherapeut:innen):<\/h6>\n<p>Psychologists who, after completing their studies, have completed psychotherapy training lasting an average of around six years. Like specialists, they are allowed to run or work in a health insurance practice for psychotherapy.<\/p>\n<p>&nbsp;<\/p>\n<\/div>\n<\/div>\n<\/div>\n<div id=\"c2211\" class=\"o-container u-margin-bottom-6\">\n<div class=\"o-grid\">\n<div class=\"o-grid__col--12 o-grid__col--10@md o-grid__col--9@xl o-grid__col-offset--1@md\">\n<h6>Child and adolescent psychotherapists (Kinder- und Jugendlichenpsychotherapeut:innen):<\/h6>\n<p>(Social) educators or psychologists who, after completing their studies, have completed psychotherapy training lasting an average of around six years. Just like specialists, you are allowed to manage or work in a health insurance practice for psychotherapy.<\/p>\n<p>&nbsp;<\/p>\n<h6>Medical psychotherapists (also called psychotherapeutic doctors):<\/h6>\n<p>You must also have acquired additional qualifications in psychotherapy or appropriate specialist training before you can work as a psychotherapist. If you have a register for psychotherapy, then you have decided to work exclusively or predominantly in psychotherapy.<\/p>\n<p>&nbsp;<\/p>\n<h6>Specialist in psychosomatic medicine and psychotherapy (<strong>Fachgebundene \u00e4rztliche Psychotherapeut:innen<\/strong>):<\/h6>\n<p>Doctors with this training treat with psychotherapy.Specialist medical psychotherapists:These psychotherapeutically qualified doctors only treat mental illnesses or problems that have to do with their own area of expertise.<\/p>\n<p>&nbsp;<\/p>\n<h6>Psychiatrist:<\/h6>\n<p>Doctors who have completed further training in psychiatry and psychotherapy after completing their medical studies. These specialists particularly treat mental illnesses in which drug treatment plays an important role. Psychiatrists can also use psychotherapeutic procedures with additional qualifications in psychotherapy. You can ask the practice whether psychotherapy or psychiatric treatment is offered in the respective practice.<\/p>\n<p>&nbsp;<\/p>\n<h6>Child and adolescent psychiatrist:<\/h6>\n<p>Doctors who have completed further training in psychiatry for children and adolescents after completing their medical studies. These specialists particularly treat mental illnesses in which drug treatment plays an important role. Child and adolescent psychiatrists can also use psychotherapeutic procedures with additional qualifications in psychotherapy. You can find out whether psychotherapy or psychiatric treatment is offered for children and young people at the respective practice.<\/p>\n<\/div>\n<\/div>\n<p>&nbsp;<\/p>\n<h6>Psychologist:<\/h6>\n<p>A psychology degree is a scientific course in which different focuses can be studied. In addition to the most common area of \u200b\u200bclinical psychology, there are, for example, legal psychology, business psychology, educational psychology and many other specializations. After completing their studies, psychologists are allowed to work in clinics, but they have not completed postgraduate training as psychological or child and adolescent psychotherapists and are therefore not allowed to offer psychotherapy, only counseling services.<\/p>\n<p>&nbsp;<\/p>\n<h6>Alternative practitioner for psychotherapy (<strong>Heilpraktiker*innen f\u00fcr Psychotherapie<\/strong>)<\/h6>\n<p>There is no regulated training, only an examination at the health department. The healing license can be obtained without having learned a psychotherapeutic procedure.<\/p>\n<p>&nbsp;<\/p>\n<div class=\"o-grid\">\n<div class=\"o-grid__col--12 o-grid__col--10@md o-grid__col--9@xl o-grid__col-offset--1@md\">\n<p>&nbsp;<\/p>\n<\/div>\n<\/div>\n<\/div>\n<p>[\/vc_column_text][\/vc_column][\/vc_row]<\/p>\n<\/div>","protected":false},"excerpt":{"rendered":"<p>[vc_row][vc_column el_align=&#8221;center&#8221;][\/vc_column][\/vc_row][vc_row][vc_column][vc_column_text]Many professions begin with &#8220;psych&#8221; but actually have different approaches and goals in the treatment of psychological complaints. Accordingly, the individual &#8220;psych subjects&#8221; are also based on different training. The German Psychotherapists&#8217; Association (DPtV) offers a very nice overview of &#8220;who`s doing what?&#8220;: We translate this DPtV-information for you: &nbsp; Psychotherapist, psychiatrist, psychologist \u2013 [&hellip;]<\/p>\n","protected":false},"author":1,"featured_media":0,"parent":15427,"menu_order":42,"comment_status":"closed","ping_status":"closed","template":"","meta":{"_acf_changed":false,"footnotes":""},"class_list":["post-15113","page","type-page","status-publish","hentry"],"acf":[],"yoast_head":"<!-- This site is optimized with the Yoast SEO Premium plugin v22.4 (Yoast SEO v22.4) - https:\/\/yoast.com\/wordpress\/plugins\/seo\/ -->\n<title>Who`s doing what? - Sabine Sch\u00e4fer<\/title>\n<meta name=\"robots\" content=\"index, follow, max-snippet:-1, max-image-preview:large, max-video-preview:-1\" \/>\n<link rel=\"canonical\" href=\"https:\/\/praxisschaefer.de\/en\/for-patients\/who-is-what\/\" \/>\n<meta property=\"og:locale\" content=\"en_US\" \/>\n<meta property=\"og:type\" content=\"article\" \/>\n<meta property=\"og:title\" content=\"Who`s doing what?\" \/>\n<meta property=\"og:description\" content=\"[vc_row][vc_column el_align=&#8221;center&#8221;][\/vc_column][\/vc_row][vc_row][vc_column][vc_column_text]Many professions begin with &#8220;psych&#8221; but actually have different approaches and goals in the treatment of psychological complaints. Accordingly, the individual &#8220;psych subjects&#8221; are also based on different training. The German Psychotherapists&#8217; Association (DPtV) offers a very nice overview of &#8220;who`s doing what?&#8220;: We translate this DPtV-information for you: &nbsp; Psychotherapist, psychiatrist, psychologist \u2013 [&hellip;]\" \/>\n<meta property=\"og:url\" content=\"https:\/\/praxisschaefer.de\/en\/for-patients\/who-is-what\/\" \/>\n<meta property=\"og:site_name\" content=\"Sabine Sch\u00e4fer\" \/>\n<meta property=\"article:modified_time\" content=\"2024-02-07T20:03:46+00:00\" \/>\n<meta name=\"twitter:card\" content=\"summary_large_image\" \/>\n<meta name=\"twitter:label1\" content=\"Est. reading time\" \/>\n\t<meta name=\"twitter:data1\" content=\"3 minutes\" \/>\n<script type=\"application\/ld+json\" class=\"yoast-schema-graph\">{\"@context\":\"https:\/\/schema.org\",\"@graph\":[{\"@type\":\"WebPage\",\"@id\":\"https:\/\/praxisschaefer.de\/en\/for-patients\/who-is-what\/\",\"url\":\"https:\/\/praxisschaefer.de\/en\/for-patients\/who-is-what\/\",\"name\":\"Who`s doing what? - Sabine Sch\u00e4fer\",\"isPartOf\":{\"@id\":\"https:\/\/praxisschaefer.de\/#website\"},\"datePublished\":\"2023-08-09T06:51:13+00:00\",\"dateModified\":\"2024-02-07T20:03:46+00:00\",\"breadcrumb\":{\"@id\":\"https:\/\/praxisschaefer.de\/en\/for-patients\/who-is-what\/#breadcrumb\"},\"inLanguage\":\"en-US\",\"potentialAction\":[{\"@type\":\"ReadAction\",\"target\":[\"https:\/\/praxisschaefer.de\/en\/for-patients\/who-is-what\/\"]}]},{\"@type\":\"BreadcrumbList\",\"@id\":\"https:\/\/praxisschaefer.de\/en\/for-patients\/who-is-what\/#breadcrumb\",\"itemListElement\":[{\"@type\":\"ListItem\",\"position\":1,\"name\":\"Startseite\",\"item\":\"https:\/\/praxisschaefer.de\/en\/\"},{\"@type\":\"ListItem\",\"position\":2,\"name\":\"For patients\",\"item\":\"https:\/\/praxisschaefer.de\/en\/for-patients\/\"},{\"@type\":\"ListItem\",\"position\":3,\"name\":\"Who`s doing what?\"}]},{\"@type\":\"WebSite\",\"@id\":\"https:\/\/praxisschaefer.de\/#website\",\"url\":\"https:\/\/praxisschaefer.de\/\",\"name\":\"Praxis f\u00fcr Psychotherapie Dipl.-Psych. Sabine Sch\u00e4fer\",\"description\":\"Praxis f\u00fcr Psychotherapie\",\"publisher\":{\"@id\":\"https:\/\/praxisschaefer.de\/#organization\"},\"potentialAction\":[{\"@type\":\"SearchAction\",\"target\":{\"@type\":\"EntryPoint\",\"urlTemplate\":\"https:\/\/praxisschaefer.de\/?s={search_term_string}\"},\"query-input\":\"required name=search_term_string\"}],\"inLanguage\":\"en-US\"},{\"@type\":\"Organization\",\"@id\":\"https:\/\/praxisschaefer.de\/#organization\",\"name\":\"Praxis f\u00fcr Psychotherapie Dipl.-Psych. Sabine Sch\u00e4fer\",\"url\":\"https:\/\/praxisschaefer.de\/\",\"logo\":{\"@type\":\"ImageObject\",\"inLanguage\":\"en-US\",\"@id\":\"https:\/\/praxisschaefer.de\/#\/schema\/logo\/image\/\",\"url\":\"https:\/\/praxisschaefer.de\/wp-content\/uploads\/2024\/01\/praxis-schaefer-team-sabine-schaefer-neu.jpg\",\"contentUrl\":\"https:\/\/praxisschaefer.de\/wp-content\/uploads\/2024\/01\/praxis-schaefer-team-sabine-schaefer-neu.jpg\",\"width\":1000,\"height\":1000,\"caption\":\"Praxis f\u00fcr Psychotherapie Dipl.-Psych. Sabine Sch\u00e4fer\"},\"image\":{\"@id\":\"https:\/\/praxisschaefer.de\/#\/schema\/logo\/image\/\"}}]}<\/script>\n<!-- \/ Yoast SEO Premium plugin. -->","yoast_head_json":{"title":"Who`s doing what? - Sabine Sch\u00e4fer","robots":{"index":"index","follow":"follow","max-snippet":"max-snippet:-1","max-image-preview":"max-image-preview:large","max-video-preview":"max-video-preview:-1"},"canonical":"https:\/\/praxisschaefer.de\/en\/for-patients\/who-is-what\/","og_locale":"en_US","og_type":"article","og_title":"Who`s doing what?","og_description":"[vc_row][vc_column el_align=&#8221;center&#8221;][\/vc_column][\/vc_row][vc_row][vc_column][vc_column_text]Many professions begin with &#8220;psych&#8221; but actually have different approaches and goals in the treatment of psychological complaints. Accordingly, the individual &#8220;psych subjects&#8221; are also based on different training. The German Psychotherapists&#8217; Association (DPtV) offers a very nice overview of &#8220;who`s doing what?&#8220;: We translate this DPtV-information for you: &nbsp; Psychotherapist, psychiatrist, psychologist \u2013 [&hellip;]","og_url":"https:\/\/praxisschaefer.de\/en\/for-patients\/who-is-what\/","og_site_name":"Sabine Sch\u00e4fer","article_modified_time":"2024-02-07T20:03:46+00:00","twitter_card":"summary_large_image","twitter_misc":{"Est. reading time":"3 minutes"},"schema":{"@context":"https:\/\/schema.org","@graph":[{"@type":"WebPage","@id":"https:\/\/praxisschaefer.de\/en\/for-patients\/who-is-what\/","url":"https:\/\/praxisschaefer.de\/en\/for-patients\/who-is-what\/","name":"Who`s doing what? - Sabine Sch\u00e4fer","isPartOf":{"@id":"https:\/\/praxisschaefer.de\/#website"},"datePublished":"2023-08-09T06:51:13+00:00","dateModified":"2024-02-07T20:03:46+00:00","breadcrumb":{"@id":"https:\/\/praxisschaefer.de\/en\/for-patients\/who-is-what\/#breadcrumb"},"inLanguage":"en-US","potentialAction":[{"@type":"ReadAction","target":["https:\/\/praxisschaefer.de\/en\/for-patients\/who-is-what\/"]}]},{"@type":"BreadcrumbList","@id":"https:\/\/praxisschaefer.de\/en\/for-patients\/who-is-what\/#breadcrumb","itemListElement":[{"@type":"ListItem","position":1,"name":"Startseite","item":"https:\/\/praxisschaefer.de\/en\/"},{"@type":"ListItem","position":2,"name":"For patients","item":"https:\/\/praxisschaefer.de\/en\/for-patients\/"},{"@type":"ListItem","position":3,"name":"Who`s doing what?"}]},{"@type":"WebSite","@id":"https:\/\/praxisschaefer.de\/#website","url":"https:\/\/praxisschaefer.de\/","name":"Praxis f\u00fcr Psychotherapie Dipl.-Psych. Sabine Sch\u00e4fer","description":"Praxis f\u00fcr Psychotherapie","publisher":{"@id":"https:\/\/praxisschaefer.de\/#organization"},"potentialAction":[{"@type":"SearchAction","target":{"@type":"EntryPoint","urlTemplate":"https:\/\/praxisschaefer.de\/?s={search_term_string}"},"query-input":"required name=search_term_string"}],"inLanguage":"en-US"},{"@type":"Organization","@id":"https:\/\/praxisschaefer.de\/#organization","name":"Praxis f\u00fcr Psychotherapie Dipl.-Psych. Sabine Sch\u00e4fer","url":"https:\/\/praxisschaefer.de\/","logo":{"@type":"ImageObject","inLanguage":"en-US","@id":"https:\/\/praxisschaefer.de\/#\/schema\/logo\/image\/","url":"https:\/\/praxisschaefer.de\/wp-content\/uploads\/2024\/01\/praxis-schaefer-team-sabine-schaefer-neu.jpg","contentUrl":"https:\/\/praxisschaefer.de\/wp-content\/uploads\/2024\/01\/praxis-schaefer-team-sabine-schaefer-neu.jpg","width":1000,"height":1000,"caption":"Praxis f\u00fcr Psychotherapie Dipl.-Psych. Sabine Sch\u00e4fer"},"image":{"@id":"https:\/\/praxisschaefer.de\/#\/schema\/logo\/image\/"}}]}},"_links":{"self":[{"href":"https:\/\/praxisschaefer.de\/en\/wp-json\/wp\/v2\/pages\/15113","targetHints":{"allow":["GET"]}}],"collection":[{"href":"https:\/\/praxisschaefer.de\/en\/wp-json\/wp\/v2\/pages"}],"about":[{"href":"https:\/\/praxisschaefer.de\/en\/wp-json\/wp\/v2\/types\/page"}],"author":[{"embeddable":true,"href":"https:\/\/praxisschaefer.de\/en\/wp-json\/wp\/v2\/users\/1"}],"replies":[{"embeddable":true,"href":"https:\/\/praxisschaefer.de\/en\/wp-json\/wp\/v2\/comments?post=15113"}],"version-history":[{"count":26,"href":"https:\/\/praxisschaefer.de\/en\/wp-json\/wp\/v2\/pages\/15113\/revisions"}],"predecessor-version":[{"id":15734,"href":"https:\/\/praxisschaefer.de\/en\/wp-json\/wp\/v2\/pages\/15113\/revisions\/15734"}],"up":[{"embeddable":true,"href":"https:\/\/praxisschaefer.de\/en\/wp-json\/wp\/v2\/pages\/15427"}],"wp:attachment":[{"href":"https:\/\/praxisschaefer.de\/en\/wp-json\/wp\/v2\/media?parent=15113"}],"curies":[{"name":"wp","href":"https:\/\/api.w.org\/{rel}","templated":true}]}}