{"id":15109,"date":"2020-02-24T16:43:25","date_gmt":"2020-02-24T15:43:25","guid":{"rendered":"https:\/\/praxisschaefer.designwerk-kussmaul.de\/for-children-and-young-people\/"},"modified":"2024-01-29T17:17:09","modified_gmt":"2024-01-29T16:17:09","slug":"for-children-and-young-people","status":"publish","type":"page","link":"https:\/\/praxisschaefer.de\/en\/for-doctors-and-psychotherapists\/license-free-test-methods\/for-children-and-young-people\/","title":{"rendered":"For children and young people"},"content":{"rendered":"<div class=\"wpb-content-wrapper\"><p>[vc_row][vc_column el_align=&#8221;center&#8221;]<div id=\"1582292861772-e00ba7a9-d555\" class=\"dt-sc-empty-space\"><\/div><div class='dt-sc-title script-with-sub-title '><h2><\/h2><h3>For children and young people<\/h3><\/div>[\/vc_column][\/vc_row][vc_row][vc_column width=&#8221;1\/4&#8243;][vc_single_image image=&#8221;13490&#8243; img_size=&#8221;medium&#8221;][\/vc_column][vc_column width=&#8221;3\/4&#8243;][vc_column_text]<\/p>\n<h2><strong>Strengths and Difficulties Questionnaire (SDQ)<\/strong><\/h2>\n<p><span style=\"color: #8da6d6;\"><em>Questionnaire on strengths and weaknesses (Goodman 1997)<\/em><\/span><br \/>\nThe various SDQ questionnaires with translations into 40 languages, instructions and other materials can be found on the Internet at this link:<br \/>\n<a class=\"external-link-new-window\" title=\"Opens an external link in a new window\" href=\"http:\/\/www.sdqinfo.com\/\" target=\"_blank\" rel=\"noopener\">www.sdqinfo.com<\/a><\/p>\n<p>A compact guide to evaluating the SDQ questionnaire for use in your psychotherapeutic practice is available here:<\/p>\n<p><a class=\"download\" title=\"Opens an internal link in a new window\" href=\"https:\/\/praxisschaefer.de\/wp-content\/uploads\/2018\/02\/SDQ_Anleitung_21.12.2010_Homepage.pdf\" target=\"_blank\" rel=\"noopener\">SDQ evaluation instructions<\/a>[\/vc_column_text][\/vc_column][\/vc_row]<\/p>\n<\/div>","protected":false},"excerpt":{"rendered":"<p>[vc_row][vc_column el_align=&#8221;center&#8221;][\/vc_column][\/vc_row][vc_row][vc_column width=&#8221;1\/4&#8243;][vc_single_image image=&#8221;13490&#8243; img_size=&#8221;medium&#8221;][\/vc_column][vc_column width=&#8221;3\/4&#8243;][vc_column_text] Strengths and Difficulties Questionnaire (SDQ) Questionnaire on strengths and weaknesses (Goodman 1997) The various SDQ questionnaires with translations into 40 languages, instructions and other materials can be found on the Internet at this link: www.sdqinfo.com A compact guide to evaluating the SDQ questionnaire for use in your psychotherapeutic practice [&hellip;]<\/p>\n","protected":false},"author":1,"featured_media":0,"parent":15187,"menu_order":32,"comment_status":"closed","ping_status":"closed","template":"","meta":{"_acf_changed":false,"footnotes":""},"class_list":["post-15109","page","type-page","status-publish","hentry"],"acf":[],"yoast_head":"<!-- This site is optimized with the Yoast SEO Premium plugin v22.4 (Yoast SEO v22.4) - https:\/\/yoast.com\/wordpress\/plugins\/seo\/ -->\n<title>For children and young people - Sabine Sch\u00e4fer<\/title>\n<meta name=\"robots\" content=\"index, follow, max-snippet:-1, max-image-preview:large, max-video-preview:-1\" \/>\n<link rel=\"canonical\" href=\"https:\/\/praxisschaefer.de\/en\/for-doctors-and-psychotherapists\/license-free-test-methods\/for-children-and-young-people\/\" \/>\n<meta property=\"og:locale\" content=\"en_US\" \/>\n<meta property=\"og:type\" content=\"article\" \/>\n<meta property=\"og:title\" content=\"For children and young people\" \/>\n<meta property=\"og:description\" content=\"[vc_row][vc_column el_align=&#8221;center&#8221;][\/vc_column][\/vc_row][vc_row][vc_column width=&#8221;1\/4&#8243;][vc_single_image image=&#8221;13490&#8243; img_size=&#8221;medium&#8221;][\/vc_column][vc_column width=&#8221;3\/4&#8243;][vc_column_text] Strengths and Difficulties Questionnaire (SDQ) Questionnaire on strengths and weaknesses (Goodman 1997) The various SDQ questionnaires with translations into 40 languages, instructions and other materials can be found on the Internet at this link: www.sdqinfo.com A compact guide to evaluating the SDQ questionnaire for use in your psychotherapeutic practice [&hellip;]\" \/>\n<meta property=\"og:url\" content=\"https:\/\/praxisschaefer.de\/en\/for-doctors-and-psychotherapists\/license-free-test-methods\/for-children-and-young-people\/\" \/>\n<meta property=\"og:site_name\" content=\"Sabine Sch\u00e4fer\" \/>\n<meta property=\"article:modified_time\" content=\"2024-01-29T16:17:09+00:00\" \/>\n<meta name=\"twitter:card\" content=\"summary_large_image\" \/>\n<meta name=\"twitter:label1\" content=\"Est. reading time\" \/>\n\t<meta name=\"twitter:data1\" content=\"1 minute\" \/>\n<script type=\"application\/ld+json\" class=\"yoast-schema-graph\">{\"@context\":\"https:\/\/schema.org\",\"@graph\":[{\"@type\":\"WebPage\",\"@id\":\"https:\/\/praxisschaefer.de\/en\/for-doctors-and-psychotherapists\/license-free-test-methods\/for-children-and-young-people\/\",\"url\":\"https:\/\/praxisschaefer.de\/en\/for-doctors-and-psychotherapists\/license-free-test-methods\/for-children-and-young-people\/\",\"name\":\"For children and young people - Sabine Sch\u00e4fer\",\"isPartOf\":{\"@id\":\"https:\/\/praxisschaefer.de\/#website\"},\"datePublished\":\"2020-02-24T15:43:25+00:00\",\"dateModified\":\"2024-01-29T16:17:09+00:00\",\"breadcrumb\":{\"@id\":\"https:\/\/praxisschaefer.de\/en\/for-doctors-and-psychotherapists\/license-free-test-methods\/for-children-and-young-people\/#breadcrumb\"},\"inLanguage\":\"en-US\",\"potentialAction\":[{\"@type\":\"ReadAction\",\"target\":[\"https:\/\/praxisschaefer.de\/en\/for-doctors-and-psychotherapists\/license-free-test-methods\/for-children-and-young-people\/\"]}]},{\"@type\":\"BreadcrumbList\",\"@id\":\"https:\/\/praxisschaefer.de\/en\/for-doctors-and-psychotherapists\/license-free-test-methods\/for-children-and-young-people\/#breadcrumb\",\"itemListElement\":[{\"@type\":\"ListItem\",\"position\":1,\"name\":\"Startseite\",\"item\":\"https:\/\/praxisschaefer.de\/en\/\"},{\"@type\":\"ListItem\",\"position\":2,\"name\":\"For doctors and psychotherapists\",\"item\":\"https:\/\/praxisschaefer.de\/fuer-aerzte-und-psychotherapeutinnen\/\"},{\"@type\":\"ListItem\",\"position\":3,\"name\":\"License-free tests\",\"item\":\"https:\/\/praxisschaefer.de\/en\/for-doctors-and-psychotherapists\/license-free-test-methods\/\"},{\"@type\":\"ListItem\",\"position\":4,\"name\":\"For children and young people\"}]},{\"@type\":\"WebSite\",\"@id\":\"https:\/\/praxisschaefer.de\/#website\",\"url\":\"https:\/\/praxisschaefer.de\/\",\"name\":\"Praxis f\u00fcr Psychotherapie Dipl.-Psych. Sabine Sch\u00e4fer\",\"description\":\"Praxis f\u00fcr Psychotherapie\",\"publisher\":{\"@id\":\"https:\/\/praxisschaefer.de\/#organization\"},\"potentialAction\":[{\"@type\":\"SearchAction\",\"target\":{\"@type\":\"EntryPoint\",\"urlTemplate\":\"https:\/\/praxisschaefer.de\/?s={search_term_string}\"},\"query-input\":\"required name=search_term_string\"}],\"inLanguage\":\"en-US\"},{\"@type\":\"Organization\",\"@id\":\"https:\/\/praxisschaefer.de\/#organization\",\"name\":\"Praxis f\u00fcr Psychotherapie Dipl.-Psych. Sabine Sch\u00e4fer\",\"url\":\"https:\/\/praxisschaefer.de\/\",\"logo\":{\"@type\":\"ImageObject\",\"inLanguage\":\"en-US\",\"@id\":\"https:\/\/praxisschaefer.de\/#\/schema\/logo\/image\/\",\"url\":\"https:\/\/praxisschaefer.de\/wp-content\/uploads\/2024\/01\/praxis-schaefer-team-sabine-schaefer-neu.jpg\",\"contentUrl\":\"https:\/\/praxisschaefer.de\/wp-content\/uploads\/2024\/01\/praxis-schaefer-team-sabine-schaefer-neu.jpg\",\"width\":1000,\"height\":1000,\"caption\":\"Praxis f\u00fcr Psychotherapie Dipl.-Psych. Sabine Sch\u00e4fer\"},\"image\":{\"@id\":\"https:\/\/praxisschaefer.de\/#\/schema\/logo\/image\/\"}}]}<\/script>\n<!-- \/ Yoast SEO Premium plugin. -->","yoast_head_json":{"title":"For children and young people - Sabine Sch\u00e4fer","robots":{"index":"index","follow":"follow","max-snippet":"max-snippet:-1","max-image-preview":"max-image-preview:large","max-video-preview":"max-video-preview:-1"},"canonical":"https:\/\/praxisschaefer.de\/en\/for-doctors-and-psychotherapists\/license-free-test-methods\/for-children-and-young-people\/","og_locale":"en_US","og_type":"article","og_title":"For children and young people","og_description":"[vc_row][vc_column el_align=&#8221;center&#8221;][\/vc_column][\/vc_row][vc_row][vc_column width=&#8221;1\/4&#8243;][vc_single_image image=&#8221;13490&#8243; img_size=&#8221;medium&#8221;][\/vc_column][vc_column width=&#8221;3\/4&#8243;][vc_column_text] Strengths and Difficulties Questionnaire (SDQ) Questionnaire on strengths and weaknesses (Goodman 1997) The various SDQ questionnaires with translations into 40 languages, instructions and other materials can be found on the Internet at this link: www.sdqinfo.com A compact guide to evaluating the SDQ questionnaire for use in your psychotherapeutic practice [&hellip;]","og_url":"https:\/\/praxisschaefer.de\/en\/for-doctors-and-psychotherapists\/license-free-test-methods\/for-children-and-young-people\/","og_site_name":"Sabine Sch\u00e4fer","article_modified_time":"2024-01-29T16:17:09+00:00","twitter_card":"summary_large_image","twitter_misc":{"Est. reading time":"1 minute"},"schema":{"@context":"https:\/\/schema.org","@graph":[{"@type":"WebPage","@id":"https:\/\/praxisschaefer.de\/en\/for-doctors-and-psychotherapists\/license-free-test-methods\/for-children-and-young-people\/","url":"https:\/\/praxisschaefer.de\/en\/for-doctors-and-psychotherapists\/license-free-test-methods\/for-children-and-young-people\/","name":"For children and young people - Sabine Sch\u00e4fer","isPartOf":{"@id":"https:\/\/praxisschaefer.de\/#website"},"datePublished":"2020-02-24T15:43:25+00:00","dateModified":"2024-01-29T16:17:09+00:00","breadcrumb":{"@id":"https:\/\/praxisschaefer.de\/en\/for-doctors-and-psychotherapists\/license-free-test-methods\/for-children-and-young-people\/#breadcrumb"},"inLanguage":"en-US","potentialAction":[{"@type":"ReadAction","target":["https:\/\/praxisschaefer.de\/en\/for-doctors-and-psychotherapists\/license-free-test-methods\/for-children-and-young-people\/"]}]},{"@type":"BreadcrumbList","@id":"https:\/\/praxisschaefer.de\/en\/for-doctors-and-psychotherapists\/license-free-test-methods\/for-children-and-young-people\/#breadcrumb","itemListElement":[{"@type":"ListItem","position":1,"name":"Startseite","item":"https:\/\/praxisschaefer.de\/en\/"},{"@type":"ListItem","position":2,"name":"For doctors and psychotherapists","item":"https:\/\/praxisschaefer.de\/fuer-aerzte-und-psychotherapeutinnen\/"},{"@type":"ListItem","position":3,"name":"License-free tests","item":"https:\/\/praxisschaefer.de\/en\/for-doctors-and-psychotherapists\/license-free-test-methods\/"},{"@type":"ListItem","position":4,"name":"For children and young people"}]},{"@type":"WebSite","@id":"https:\/\/praxisschaefer.de\/#website","url":"https:\/\/praxisschaefer.de\/","name":"Praxis f\u00fcr Psychotherapie Dipl.-Psych. Sabine Sch\u00e4fer","description":"Praxis f\u00fcr Psychotherapie","publisher":{"@id":"https:\/\/praxisschaefer.de\/#organization"},"potentialAction":[{"@type":"SearchAction","target":{"@type":"EntryPoint","urlTemplate":"https:\/\/praxisschaefer.de\/?s={search_term_string}"},"query-input":"required name=search_term_string"}],"inLanguage":"en-US"},{"@type":"Organization","@id":"https:\/\/praxisschaefer.de\/#organization","name":"Praxis f\u00fcr Psychotherapie Dipl.-Psych. Sabine Sch\u00e4fer","url":"https:\/\/praxisschaefer.de\/","logo":{"@type":"ImageObject","inLanguage":"en-US","@id":"https:\/\/praxisschaefer.de\/#\/schema\/logo\/image\/","url":"https:\/\/praxisschaefer.de\/wp-content\/uploads\/2024\/01\/praxis-schaefer-team-sabine-schaefer-neu.jpg","contentUrl":"https:\/\/praxisschaefer.de\/wp-content\/uploads\/2024\/01\/praxis-schaefer-team-sabine-schaefer-neu.jpg","width":1000,"height":1000,"caption":"Praxis f\u00fcr Psychotherapie Dipl.-Psych. Sabine Sch\u00e4fer"},"image":{"@id":"https:\/\/praxisschaefer.de\/#\/schema\/logo\/image\/"}}]}},"_links":{"self":[{"href":"https:\/\/praxisschaefer.de\/en\/wp-json\/wp\/v2\/pages\/15109","targetHints":{"allow":["GET"]}}],"collection":[{"href":"https:\/\/praxisschaefer.de\/en\/wp-json\/wp\/v2\/pages"}],"about":[{"href":"https:\/\/praxisschaefer.de\/en\/wp-json\/wp\/v2\/types\/page"}],"author":[{"embeddable":true,"href":"https:\/\/praxisschaefer.de\/en\/wp-json\/wp\/v2\/users\/1"}],"replies":[{"embeddable":true,"href":"https:\/\/praxisschaefer.de\/en\/wp-json\/wp\/v2\/comments?post=15109"}],"version-history":[{"count":11,"href":"https:\/\/praxisschaefer.de\/en\/wp-json\/wp\/v2\/pages\/15109\/revisions"}],"predecessor-version":[{"id":15655,"href":"https:\/\/praxisschaefer.de\/en\/wp-json\/wp\/v2\/pages\/15109\/revisions\/15655"}],"up":[{"embeddable":true,"href":"https:\/\/praxisschaefer.de\/en\/wp-json\/wp\/v2\/pages\/15187"}],"wp:attachment":[{"href":"https:\/\/praxisschaefer.de\/en\/wp-json\/wp\/v2\/media?parent=15109"}],"curies":[{"name":"wp","href":"https:\/\/api.w.org\/{rel}","templated":true}]}}